{"id":339,"date":"2014-01-25T17:24:28","date_gmt":"2014-01-25T17:24:28","guid":{"rendered":"http:\/\/waterlat.org\/es\/?page_id=339"},"modified":"2020-10-11T00:00:43","modified_gmt":"2020-10-11T00:00:43","slug":"premio-waterlat-para-estudiantes","status":"publish","type":"page","link":"https:\/\/waterlat.org\/es\/premio-waterlat-para-estudiantes\/","title":{"rendered":"Premio para Estudiantes"},"content":{"rendered":"<p>A partir de 2014 la Red otorga anualmente el Premio WATERLAT-GOBACIT para Estudiantes de Doctorado y Maestr\u00eda. Un equipo espec\u00edfico compuesto por miembros de la <a title=\"Comisi\u00f3n de Publicaciones\" href=\"https:\/\/waterlat.org\/es\/publicaciones\/comision-de-publicaciones\/\">Comisi\u00f3n Editorial<\/a> de la Red WATERLAT-GOBACIT est\u00e1 cargo de la gesti\u00f3n del Premio a Estudiantes:<\/p>\n<p><strong>Dra. Karina Kloster<\/strong>, Universidad Aut\u00f3noma de la Ciudad de M\u00e9xico (UACM), M\u00e9xico, Coordinadora del Premio a Estudiantes<\/p>\n<p><strong>Dr. Antonio Rodr\u00edguez S\u00e1nchez<\/strong>, Universidad Aut\u00f3noma de Zacatecas, Zacatecas, M\u00e9xico, Coordinador de la Serie del Premio WATERLAT-GOBACIT para Estudiantes, <a href=\"https:\/\/waterlat.org\/es\/publicaciones\/cuadernos-de-trabajo\/\">Cuadernos de Trabajo de la Red WATERLAT-GOBACIT<\/a><\/p>\n<p><strong>Dr. Alex Ricardo Caldera Ortega<\/strong>, Universidad de Guanajuato, Campus Le\u00f3n, Le\u00f3n, Guanajuato, M\u00e9xico, Asesor del Premio a Estudiantes<\/p>\n<p><strong>Lic. Ariel Ocantos<\/strong>, Consejo Nacional de Investigaciones Cient\u00edficas y T\u00e9cnicas (CONICET) y Universidad Nacional de General Sarmiento (UNGS), Buenos Aires, Argentina, Secci\u00f3n de Apoyo al Premio de Estudiantes<\/p>\n<hr style=\"background-color: cornflowerblue;\" \/>\n<p>&nbsp;<\/p>\n<h3>Lista de Reproducci\u00f3n de Sesiones del Premio de Estudiantes en nuestro Canal de YouTube<\/h3>\n<p><a href=\"https:\/\/www.youtube.com\/embed\/videoseries?list=PLx6qphzdSP6s1BaZYKo71JUpDr6af_LBF\" target=\"_blank\" rel=\"noopener noreferrer\"> <img decoding=\"async\" class=\"aligncenter\" style=\"width: 400px height:220px;\" src=\"https:\/\/waterlat.org\/wp-content\/uploads\/2020\/10\/X-Meeting-flyer-1.jpg\" \/><\/a><\/p>\n<p>&nbsp;<\/p>\n<h3>El Premio<\/h3>\n<p>El Premio consiste en la publicaci\u00f3n de los trabajos:<\/p>\n<p>a) La mejor tesis de doctorado y la mejor tesis de maestr\u00eda son propuestas a la Comisi\u00f3n Editorial para su posible publicaci\u00f3n como libro en la <a href=\"https:\/\/waterlat.org\/es\/publicaciones\/libros\/\">Serie Premio de Estudiantes WATERLAT-GOBACIT<\/a>,\u00a0por un consorcio de editoras de Am\u00e9rica Latina y Espa\u00f1a (las editoras participantes pueden variar de acuerdo al tema de las tesis). <\/p>\n<p>b) Los dem\u00e1s postulantes son invitados a publicar un art\u00edculo basado en sus tesis en la Serie del Premio de los <a href=\"https:\/\/waterlat.org\/es\/publicaciones\/cuadernos-de-trabajo\/\">Cuadernos de Trabajo de la Red WATERLAT-GOBACIT<\/a>.<\/p>\n<p>&nbsp;<\/p>\n<h3>Normas de Postulaci\u00f3n<\/h3>\n<p>Las tesis deben encuadrarse dentro de los <a href=\"https:\/\/waterlat.org\/es\/comienzo\/objetivos\/\">objetivos<\/a> y <a href=\"https:\/\/waterlat.org\/es\/comienzo\/prioridades-de-investigacion\/\">prioridades de investigaci\u00f3n<\/a> de la Red WATERLAT-GOBACIT. Los postulantes deben indicar tambi\u00e9n si sus tesis se enmarcan en alguna de las 10 <a href=\"https:\/\/waterlat.org\/es\/areas-tematicas\/\">\u00c1reas Tem\u00e1ticas<\/a> de la Red, aunque este no es un requisito para participar en el concurso. Las tesis deben estar en alguno de los tres idiomas oficiales de la Red, espa\u00f1ol, ingl\u00e9s o portugu\u00e9s. Es posible presentar tesis en otras lenguas, pero solamente ser\u00e1n aceptadas en el caso de tener acceso a evaluadores en la lengua relevante.<\/p>\n<p>Los postulantes deben haber pertenecido a la Red por un per\u00edodo m\u00ednimo de 6 meses al momento de la aprobaci\u00f3n oficial de su tesis. Deber\u00e1n presentar junto con su postulaci\u00f3n una copia de la versi\u00f3n final oficial de la tesis (la versi\u00f3n definitiva aprobada tras cambios o correcciones solicitados por los examinadores, si corresponde) y documentaci\u00f3n con la evidencia (en formato electr\u00f3nico) de aprobaci\u00f3n de la tesis por parte de la instituci\u00f3n relevante. Al presentar su postulaci\u00f3n los candidatos autom\u00e1ticamente expresan que la tesis es de su completa autor\u00eda. El proceso de evaluaci\u00f3n no incluye una prueba de autor\u00eda, pero en caso de detectarse alguna anomal\u00eda en este respecto la Red se reserva el derecho de solicitar mayor informaci\u00f3n del postulante y en caso de duda firme se podr\u00e1 suspender provisoria o permanentemente la postulaci\u00f3n en cuesti\u00f3n hasta que la situaci\u00f3n sea adecuadamente clarificada.<\/p>\n<p>&nbsp;<\/p>\n<h3>Proceso de Evaluaci\u00f3n<\/h3>\n<p>La Comisi\u00f3n Evaluadora es designada por la <a title=\"Comisi\u00f3n de Publicaciones\" href=\"https:\/\/waterlat.org\/es\/publicaciones\/comision-de-publicaciones\/\">Comisi\u00f3n Editorial<\/a>\u00a0de la Red WATERLAT-GOBACIT, que supervisa el proceso de evaluaci\u00f3n. La Comisi\u00f3n Evaluadora\u00a0podr\u00e1 incluir acad\u00e9micos externos a la red. Un documento conteniendo las Normas y Criterios para la postulaci\u00f3n y evaluaci\u00f3n del Premio WATERLAT-GOBACIT est\u00e1 disponible por solicitud (solicite una copia a la <a href=\"mailto:redwaterlat@gmail.com\">Secretar\u00eda<\/a> de la Red).<\/p>\n<p>&nbsp;<\/p>\n<h3>Premio WATERLAT-GOBACIT 2020<\/h3>\n<p>La llamada a postulaciones para la edici\u00f3n 2020 del Premio a Estudiantes de la Red WATERLAT-GOBACIT recibi\u00f3 tesis aprobadas entre el 1 de enero y el 31 de diciembre de 2019. La llamada a postulaciones cerr\u00f3 el 29 de febrero de 2020. Se presentaron 8 postulantes al Premio de Doctorado y 1 al Premio de Maestr\u00eda. Vea <a href=\"https:\/\/waterlat.org\/es\/premio-waterlat-para-estudiantes\/premio2020\/\">aqu\u00ed los detalles y resultados de la edici\u00f3n 2020 del Premio a Estudiantes<\/a>.<\/p>\n<p>&nbsp;<\/p>\n<h3>Premio WATERLAT-GOBACIT 2019<\/h3>\n<p>La llamada a postulaciones para la edici\u00f3n 2019 del Premio a Estudiantes de la Red WATERLAT-GOBACIT recibi\u00f3 tesis aprobadas entre el 1 de enero y el 31 de diciembre de 2018. La llamada a postulaciones cerr\u00f3 el 28 de febrero de 2019. Se presentaron 9 postulantes al Premio de Doctorado. Vea <a href=\"https:\/\/waterlat.org\/es\/premio-waterlat-para-estudiantes\/waterlat-gobacit-2019\/\">aqu\u00ed los detalles y resultados de la edici\u00f3n 2019 del Premio a Estudiantes<\/a>.<\/p>\n<p>&nbsp;<\/p>\n<h3>Premio WATERLAT-GOBACIT 2018<\/h3>\n<p>La llamada a postulaciones para la edici\u00f3n 2018 del Premio a Estudiantes de la Red WATERLAT-GOBACIT recibi\u00f3 tesis aprobadas entre el 1 de enero y el 31 de diciembre de 2017. La llamada a postulaciones cerr\u00f3 el 28 de febrero de 2018. Se presentaron 8 postulantes, 5 al Premio de Maestr\u00eda y 3 al Premio de Doctorado. Vea <a href=\"https:\/\/waterlat.org\/es\/premio-waterlat-para-estudiantes\/premio-2018\/\">aqu\u00ed los detalles y resultados de la edici\u00f3n 2018 del Premio a Estudiantes<\/a>.<\/p>\n<p>&nbsp;<\/p>\n<h3>Premio WATERLAT-GOBACIT 2017<\/h3>\n<p>La llamada a postulaciones para la edici\u00f3n 2017 del Premio a Estudiantes de la Red WATERLAT-GOBACIT recibi\u00f3 tesis aprobadas entre el 1 de enero y el 31 de diciembre de 2016. La llamada a postulaciones cerr\u00f3 el 28 de febrero de 2017. Se presentaron 5 postulantes, 2 al Premio de Maestr\u00eda y 3 al Premio de Doctorado. Vea <a href=\"https:\/\/waterlat.org\/es\/premio-waterlat-para-estudiantes\/premio-2017\/\">aqu\u00ed los detalles y resultados de la edici\u00f3n 2017 del Premio a Estudiantes<\/a>.<\/p>\n<p>&nbsp;<\/p>\n<h3>Premio WATERLAT-GOBACIT 2016<\/h3>\n<p>La llamada a postulaciones para la edici\u00f3n 2016 del Premio a Estudiantes de la Red WATERLAT-GOBACIT para tesis aprobadas entre el 1 de enero y el 31 de diciembre de 2015 cerr\u00f3 el 28 de febrero de 2016. Se presentaron 12 postulantes, 4 al Premio de Maestr\u00eda y 8 al Premio de Doctorado. Vea <a href=\"https:\/\/waterlat.org\/es\/docencia\/premio-waterlat-para-estudiantes\/premio-2016\/\">aqu\u00ed los detalles y resultados de la edici\u00f3n 2016 del Premio a Estudiantes<\/a>.<br \/>\n\u200e<\/p>\n<p>&nbsp;<\/p>\n<h3>Premio WATERLAT-GOBACIT 2015<\/h3>\n<p>La llamada a postulaciones para la edici\u00f3n 2015 del Premio a Estudiantes de la Red WATERLAT-GOBACIT para tesis aprobadas entre el 1 de enero y el 31 de diciembre de 2014 cerr\u00f3 el 30 de enero de 2015. Se presentaron 7 postulantes, 3 al Premio de Maestr\u00eda y 4 al Premio de Doctorado. Vea <a href=\"https:\/\/waterlat.org\/es\/premio-waterlat-para-estudiantes\/premio-waterlat-gobacit-2015\/\">aqu\u00ed los detalles y resultados de la edici\u00f3n 2015 del Premio a Estudiantes<\/a>.<\/p>\n<p>&nbsp;<\/p>\n<h3>Premio WATERLAT-GOBACIT 2014<\/h3>\n<p>La primera llamada a postulaciones para el Premio WATERLAT-GOBACIT fue\u00a0para tesis aprobadas entre el 1 de enero de 2012 y el 31 de diciembre de 2013 y cerr\u00f3 el 31 de enero de 2014. Se presentaron 12 postulantes, 5 al Premio de Maestr\u00eda y 7 al Premio de Doctorado. Vea <a href=\"https:\/\/waterlat.org\/es\/publicaciones\/premio-waterlat-para-estudiantes\/premio-waterlat-gobacit-2014\/\">aqu\u00ed los detalles y resultados de la edici\u00f3n 2014 del Premio a Estudiantes<\/a>.<\/p>\n<hr \/>\n<p>Para consultas o comentarios referidos al Premio WATERLAT-GOBACIT para Estudiantes, por favor contactar la <a href=\"mailto:redwaterlat@gmail.com\">Secretar\u00eda<\/a> de la Red.<\/p>\n","protected":false},"excerpt":{"rendered":"<p>A partir de 2014 la Red otorga anualmente el Premio WATERLAT-GOBACIT para Estudiantes de Doctorado y Maestr\u00eda. Un equipo espec\u00edfico compuesto por miembros de la Comisi\u00f3n Editorial de la Red WATERLAT-GOBACIT est\u00e1 cargo de la gesti\u00f3n del Premio a Estudiantes: Dra. Karina Kloster, Universidad Aut\u00f3noma de la Ciudad de M\u00e9xico (UACM), M\u00e9xico, Coordinadora del Premio [&hellip;]<\/p>\n","protected":false},"author":3,"featured_media":0,"parent":0,"menu_order":0,"comment_status":"closed","ping_status":"closed","template":"page-templates\/full-width.php","meta":{"_acf_changed":false,"footnotes":""},"class_list":["post-339","page","type-page","status-publish","hentry","wpautop"],"acf":[],"_links":{"self":[{"href":"https:\/\/waterlat.org\/es\/wp-json\/wp\/v2\/pages\/339","targetHints":{"allow":["GET"]}}],"collection":[{"href":"https:\/\/waterlat.org\/es\/wp-json\/wp\/v2\/pages"}],"about":[{"href":"https:\/\/waterlat.org\/es\/wp-json\/wp\/v2\/types\/page"}],"author":[{"embeddable":true,"href":"https:\/\/waterlat.org\/es\/wp-json\/wp\/v2\/users\/3"}],"replies":[{"embeddable":true,"href":"https:\/\/waterlat.org\/es\/wp-json\/wp\/v2\/comments?post=339"}],"version-history":[{"count":51,"href":"https:\/\/waterlat.org\/es\/wp-json\/wp\/v2\/pages\/339\/revisions"}],"predecessor-version":[{"id":3630,"href":"https:\/\/waterlat.org\/es\/wp-json\/wp\/v2\/pages\/339\/revisions\/3630"}],"wp:attachment":[{"href":"https:\/\/waterlat.org\/es\/wp-json\/wp\/v2\/media?parent=339"}],"curies":[{"name":"wp","href":"https:\/\/api.w.org\/{rel}","templated":true}]}}