{"id":349,"date":"2014-01-26T16:01:50","date_gmt":"2014-01-26T16:01:50","guid":{"rendered":"http:\/\/waterlat.org\/es\/?page_id=349"},"modified":"2014-09-08T08:56:59","modified_gmt":"2014-09-08T08:56:59","slug":"lanace","status":"publish","type":"page","link":"https:\/\/waterlat.org\/es\/proyectos\/lanace\/","title":{"rendered":"LANACE"},"content":{"rendered":"<p>&nbsp;<\/p>\n<p><strong>Red latinoamericana de colaboraci\u00f3n e intercambio acad\u00e9mico para el estudio sobre la gesti\u00f3n del agua<\/strong><\/p>\n<p>El proyecto tiene como prop\u00f3sito consolidar el \u00c1rea Tem\u00e1tica 2 de la Red WATERLAT-GOBACIT, \u201cAgua y megaproyectos\u201d, la cual desarrolla investigaciones vinculadas con el uso del agua en actividades extractivas en diferentes pa\u00edses de Am\u00e9rica Latina, entre ellos: Argentina, Bolivia, Colombia y Ecuador.<\/p>\n<p>Con este proyecto buscamos potenciar un espacio en el que se promueven v\u00ednculos de cooperaci\u00f3n acad\u00e9mica entre las instituciones miembros de la red, entre las universidades de pertenencia de los investigadores que integran la red, as\u00ed como de otras instituciones acad\u00e9micas y organizaciones de nivel internacional.<\/p>\n<p>Esperamos hacer una contribuci\u00f3n desde un abordaje interdisciplinario al campo de estudio vinculado a las cuestiones ambientales, las actividades extractivas y el uso de los recursos naturales, especialmente el agua, en Am\u00e9rica Latina.<\/p>\n<p>El proyecto es financiado por el Ministerio de Educaci\u00f3n de Argentina, Secretar\u00eda de Pol\u00edticas Universitarias (Proyecto No. 27-53\/289)<\/p>\n<p>&nbsp;<\/p>\n<p><b>Instituciones participantes<\/b><\/p>\n<ul>\n<li>Universidad Nacional de General Sarmiento (UNGS), Argentina (Coordinador)<\/li>\n<li>Universidad Mayor de San Sim\u00f3n, Facultad de Agronom\u00eda, Centro Andino para la Gesti\u00f3n y Uso del Agua (Centro AGUA) y Centro de Estudios Superiores Universitarios (CESU), Cochabamba, Bolivia<\/li>\n<li>Universidad de Caldas. Facultad de Ciencias Jur\u00eddicas y Sociales. Centro de Investigaciones Sociojur\u00eddicas \u2013 Observatorio de Conflictos Ambientales, Manizales, Colombia<\/li>\n<li>Universidad de Posgrado del Estado &#8211; Instituto de Altos Estudios Nacionales (IAEN), Quito, Ecuador<\/li>\n<\/ul>\n<p>&nbsp;<\/p>\n<p>Para mayor informaci\u00f3n sobre el Proyecto, consultar al <a href=\"mailto:gkohan@ungs.edu.ar\">Coordinador en UNGS<\/a>.<\/p>\n<p>&nbsp;<\/p>\n","protected":false},"excerpt":{"rendered":"<p>&nbsp; Red latinoamericana de colaboraci\u00f3n e intercambio acad\u00e9mico para el estudio sobre la gesti\u00f3n del agua El proyecto tiene como prop\u00f3sito consolidar el \u00c1rea Tem\u00e1tica 2 de la Red WATERLAT-GOBACIT, \u201cAgua y megaproyectos\u201d, la cual desarrolla investigaciones vinculadas con el uso del agua en actividades extractivas en diferentes pa\u00edses de Am\u00e9rica Latina, entre ellos: Argentina, [&hellip;]<\/p>\n","protected":false},"author":3,"featured_media":0,"parent":6,"menu_order":0,"comment_status":"closed","ping_status":"open","template":"page-templates\/full-width.php","meta":{"_acf_changed":false,"footnotes":""},"class_list":["post-349","page","type-page","status-publish","hentry","wpautop"],"acf":[],"_links":{"self":[{"href":"https:\/\/waterlat.org\/es\/wp-json\/wp\/v2\/pages\/349","targetHints":{"allow":["GET"]}}],"collection":[{"href":"https:\/\/waterlat.org\/es\/wp-json\/wp\/v2\/pages"}],"about":[{"href":"https:\/\/waterlat.org\/es\/wp-json\/wp\/v2\/types\/page"}],"author":[{"embeddable":true,"href":"https:\/\/waterlat.org\/es\/wp-json\/wp\/v2\/users\/3"}],"replies":[{"embeddable":true,"href":"https:\/\/waterlat.org\/es\/wp-json\/wp\/v2\/comments?post=349"}],"version-history":[{"count":3,"href":"https:\/\/waterlat.org\/es\/wp-json\/wp\/v2\/pages\/349\/revisions"}],"predecessor-version":[{"id":1156,"href":"https:\/\/waterlat.org\/es\/wp-json\/wp\/v2\/pages\/349\/revisions\/1156"}],"up":[{"embeddable":true,"href":"https:\/\/waterlat.org\/es\/wp-json\/wp\/v2\/pages\/6"}],"wp:attachment":[{"href":"https:\/\/waterlat.org\/es\/wp-json\/wp\/v2\/media?parent=349"}],"curies":[{"name":"wp","href":"https:\/\/api.w.org\/{rel}","templated":true}]}}