{"id":3596,"date":"2020-10-01T20:43:09","date_gmt":"2020-10-01T20:43:09","guid":{"rendered":"https:\/\/waterlat.org\/es\/?page_id=3596"},"modified":"2020-11-16T12:56:10","modified_gmt":"2020-11-16T12:56:10","slug":"esprisas","status":"publish","type":"page","link":"https:\/\/waterlat.org\/es\/proyectos\/esprisas\/","title":{"rendered":"ESPRISAS"},"content":{"rendered":"<h2>Estado de situaci\u00f3n de la privatizaci\u00f3n de los servicios esenciales de agua y saneamiento en Am\u00e9rica Latina y la Pen\u00ednsula Ib\u00e9rica (2020-2022)<\/h2>\n<p>ESPRISAS es un proyecto del \u00c1rea Tem\u00e1tica 3 de la Red WATERLAT-GOBACIT <a href=\"https:\/\/waterlat.org\/es\/areas-tematicas\/at3\/\">Ciclo Urbano del Agua y Servicios P\u00fablicos Esenciales<\/a>. Forma parte de las actividades previstas en el <a href=\"https:\/\/waterlat.org\/es\/proyectos\/acuerdo-de-cooperacion-con-la-isp\/\">Acuerdo de Cooperaci\u00f3n en asuntos de inter\u00e9s com\u00fan con la Internacional de Servicios P\u00fablicos (ISP)<\/a>.<\/p>\n<h3>Contexto<\/h3>\n<p>El estudio sistem\u00e1tico de los procesos de la \u201cprivatizaci\u00f3n\u201d del agua y de los servicios esenciales de agua y saneamiento ha sido una de las actividades que dieron origen a la Red WATERLAT-GOBACIT y contin\u00faa siendo un componente clave de su <a href=\" https:\/\/waterlat.org\/es\/comienzo\/aims\/\">enfoque<\/a>, <a href=\" https:\/\/waterlat.org\/es\/comienzo\/objetivos\/\">objetivos<\/a> y <a href=\" https:\/\/waterlat.org\/es\/comienzo\/prioridades-de-investigacion\/\">prioridades de investigaci\u00f3n<\/a>. Entre esas actividades, cabe mencionar el <a href=\"https:\/\/waterlat.org\/es\/proyectos\/prinwass\/\">Proyecto PRINWASS<\/a>, que examin\u00f3 casos de \u201cprivatizaci\u00f3n\u201d de empresas de agua y saneamiento en nueve pa\u00edses, incluyendo Argentina, Bolivia, Brasil y M\u00e9xico. Ese y otros proyectos posteriores produjeron una serie importante de <a href=\" https:\/\/waterlat.org\/es\/publicaciones\/libros\/\">publicaciones<\/a>, <a href=\"https:\/\/www.youtube.com\/playlist?list=PLx6qphzdSP6uAuLJj_flQkH0ZWI2WFHAO\">actividades de diseminaci\u00f3n<\/a> y otras contribuciones, particularmente en el contexto de nuestra \u00c1rea Tem\u00e1tica 3 <a href=\"https:\/\/waterlat.org\/es\/areas-tematicas\/at3\/\">, Ciclo Urbano del Agua y Servicios P\u00fablicos Esenciales<\/a>. ESPRISAS es un producto de este compromiso de largo plazo de la Red WATERLAT-GOBACIT con el estudio cr\u00edtico, la docencia y la intervenci\u00f3n pr\u00e1ctica con el prop\u00f3sito de exponer las falacias asociadas con las pol\u00edticas que promueven la privatizaci\u00f3n y mercantilizaci\u00f3n de la gesti\u00f3n del agua y de los servicios esenciales, as\u00ed como sus graves impactos para las poblaciones humanas y el medio ambiente. Es parte de nuestro compromiso con la defensa y avance de los procesos de democratizaci\u00f3n substantiva de la Pol\u00edtica y la gesti\u00f3n del agua.<\/p>\n<h3>Objetivos del Proyecto<\/h3>\n<p><span style=\"text-decoration: underline;\">Objetivo General<\/span><\/p>\n<p>Actualizar la informaci\u00f3n sobre el estado de las pol\u00edticas de privatizaci\u00f3n de los servicios esenciales de agua y saneamiento en Am\u00e9rica Latina y la Pen\u00ednsula Ib\u00e9rica.<\/p>\n<p><span style=\"text-decoration: underline;\">Objetivos espec\u00edficos<\/span><\/p>\n<ul>\n<li>Hacer observables las diversas formas de &#8220;privatizaci\u00f3n&#8221; implementadas en los servicios esenciales de agua y saneamiento.<\/li>\n<li>Identificar las reformas de pol\u00edticas p\u00fablicas, institucionales y legal-administrativas introducidas para apoyar la privatizaci\u00f3n de estos servicios.<\/li>\n<li>Examinar las caracter\u00edsticas econ\u00f3micas y financieras de la privatizaci\u00f3n en casos seleccionados.<\/li>\n<li>Analizar los aspectos socio-pol\u00edticos de la privatizaci\u00f3n de estos servicios.<\/li>\n<\/ul>\n<h3>Equipo de Investigaci\u00f3n<\/h3>\n<p><span style=\"text-decoration: underline;\"><strong>Coordinaci\u00f3n<\/strong><\/span><\/p>\n<p><strong>Jos\u00e9 Esteban Castro<\/strong>, Consejo Nacional de Investigaciones Cient\u00edficas y T\u00e9cnicas (CONICET), Universidad Nacional de General Sarmiento (UNGS), Buenos Aires, Argentina y Newcastle University, Reino Unido, y <strong>Oscar Rodr\u00edguez Le\u00f3n<\/strong>, Sub Secretario Regional, Internacional de Servicios P\u00fablicos (ISP), San Jos\u00e9, Costa Rica.<\/p>\n<p><span style=\"text-decoration: underline;\">Miembros (en orden alfab\u00e9tico)<\/span><\/p>\n<p><strong>Luis Babbo<\/strong>, Agua y Saneamientos Argentinos S.A. (AySA), Buenos Aires, Argentina.<br \/>\n<strong>Carlos Alexandre Le\u00e3o Bordalo<\/strong>, Universidad Federal de Par\u00e1 (UFPA), Par\u00e1, Brasil.<br \/>\n<strong>Julia Borges<\/strong>, Universidad Estatal del Norte Fluminense Darcy Ribeiro (UENF), R\u00edo de Janeiro, Brasil.<br \/>\n<strong>Ulises Joaqu\u00edn De\u00f3n<\/strong>, Universidad Nacional de C\u00f3rdoba (UNC), C\u00f3rdoba, Argentina.<br \/>\n<strong>Jorge Fael<\/strong>, Investigador Independiente, Lisboa, Portugal.<br \/>\n<strong>Jos\u00e9 Armando Flores Alem\u00e1n<\/strong>, Fundaci\u00f3n de Estudios Para la Aplicaci\u00f3n del Derecho (FESPAD), El Salvador.<br \/>\n<strong>Cristi\u00e1n Flores Fern\u00e1ndez<\/strong>, Fundaci\u00f3n Newenko, Santiago, Chile.<br \/>\n<strong>Beatriz Galino Soares<\/strong>, Universidad Federal de R\u00edo de Janeiro (UFRJ), R\u00edo de Janeiro, Brasil.<br \/>\n<strong>Ana Elizabeth Godoy Ara\u00f1a, Universidad Nacional de Asunci\u00f3n, Capiat\u00e1, Provincia Central, Paraguay.<br \/>\n<strong>Ariel Monz\u00f3n<\/strong>, Confederaci\u00f3n de Trabajadoras y Trabajadores de Agua, Saneamiento y Ambiente de las Am\u00e9ricas (CONTAGUAS), Buenos Aires, Argentina.<br \/>\n<strong>Sergio Pablo Medina Pineda<\/strong>, Investigador Independiente, Guadalajara, Jalisco, M\u00e9xico.<br \/>\n<strong>Alberto de Oliveira<\/strong>, Universidad Federal de R\u00edo de Janeiro (UFRJ), R\u00edo de Janeiro, Brasil.<br \/>\n<strong>Hugo Juli\u00e1n P\u00e9rez Barriga<\/strong>, Universidad Mayor de San Sim\u00f3n, Cochabamba, Bolivia.<br \/>\n<strong>Miguel Angel Polino<\/strong>, Consejo Nacional de Derechos Humanos (CNDH), Bah\u00eda, Brasil.<br \/>\n<strong>Mariela Ver\u00f3nica Rocca <\/strong>, Universidad de Buenos Aires (UBA), Buenos Aires, Argentina.<br \/>\n<strong>Hermelinda Rocha<\/strong>, Proyecto DESDEMO, Pernambuco, Brasil.<br \/>\n<strong>Renata Rossi<\/strong>, Universidad Federal de Bah\u00eda (UFBA), Bah\u00eda, Brasil.<br \/>\n<strong>Damiano Tagliavini<\/strong>, Consejo Nacional de Investigaciones Cient\u00edficas y T\u00e9cnicas (CONICET), Universidad Nacional de Buenos (UBA), Buenos Aires, Argentina.<br \/>\n<strong>Mar\u00eda Luisa Torregrosa<\/strong>, Facultad Latinoamericana de Ciencias Sociales (FLACSO), Ciudad de M\u00e9xico, M\u00e9xico.<br \/>\n<strong>Federico Vargas<\/strong>, Universidad Nacional de Asunci\u00f3n, Lambar\u00e9, Provincia Central, Paraguay.<br \/>\n<strong>Elida Villalba Vargas<\/strong>, Universidad de St. Gallen, Zurich, Suiza.<\/p>\n<hr \/>\n<p>Para informaci\u00f3n adicional sobre ESPRISAS, contacte a la <a href=\"mailto:redwaterlat@gmail.com\">Coordinaci\u00f3n del Proyecto<\/a>.<\/p>\n","protected":false},"excerpt":{"rendered":"<p>Estado de situaci\u00f3n de la privatizaci\u00f3n de los servicios esenciales de agua y saneamiento en Am\u00e9rica Latina y la Pen\u00ednsula Ib\u00e9rica (2020-2022) ESPRISAS es un proyecto del \u00c1rea Tem\u00e1tica 3 de la Red WATERLAT-GOBACIT Ciclo Urbano del Agua y Servicios P\u00fablicos Esenciales. Forma parte de las actividades previstas en el Acuerdo de Cooperaci\u00f3n en asuntos [&hellip;]<\/p>\n","protected":false},"author":3,"featured_media":0,"parent":6,"menu_order":0,"comment_status":"closed","ping_status":"closed","template":"page-templates\/full-width.php","meta":{"_acf_changed":false,"footnotes":""},"class_list":["post-3596","page","type-page","status-publish","hentry","wpautop"],"acf":[],"_links":{"self":[{"href":"https:\/\/waterlat.org\/es\/wp-json\/wp\/v2\/pages\/3596","targetHints":{"allow":["GET"]}}],"collection":[{"href":"https:\/\/waterlat.org\/es\/wp-json\/wp\/v2\/pages"}],"about":[{"href":"https:\/\/waterlat.org\/es\/wp-json\/wp\/v2\/types\/page"}],"author":[{"embeddable":true,"href":"https:\/\/waterlat.org\/es\/wp-json\/wp\/v2\/users\/3"}],"replies":[{"embeddable":true,"href":"https:\/\/waterlat.org\/es\/wp-json\/wp\/v2\/comments?post=3596"}],"version-history":[{"count":17,"href":"https:\/\/waterlat.org\/es\/wp-json\/wp\/v2\/pages\/3596\/revisions"}],"predecessor-version":[{"id":3685,"href":"https:\/\/waterlat.org\/es\/wp-json\/wp\/v2\/pages\/3596\/revisions\/3685"}],"up":[{"embeddable":true,"href":"https:\/\/waterlat.org\/es\/wp-json\/wp\/v2\/pages\/6"}],"wp:attachment":[{"href":"https:\/\/waterlat.org\/es\/wp-json\/wp\/v2\/media?parent=3596"}],"curies":[{"name":"wp","href":"https:\/\/api.w.org\/{rel}","templated":true}]}}