{"id":3602,"date":"2020-10-03T22:31:52","date_gmt":"2020-10-03T22:31:52","guid":{"rendered":"https:\/\/waterlat.org\/es\/?page_id=3602"},"modified":"2020-11-12T12:52:23","modified_gmt":"2020-11-12T12:52:23","slug":"escridhas","status":"publish","type":"page","link":"https:\/\/waterlat.org\/es\/proyectos\/escridhas\/","title":{"rendered":"ESCRIDHAS"},"content":{"rendered":"<h2>Estado de situaci\u00f3n y examen cr\u00edtico de la implementaci\u00f3n del Derecho Humano al Agua y al Saneamiento en Am\u00e9rica Latina y la Pen\u00ednsula Ib\u00e9rica (2020-2021)<\/h2>\n<p>ESCRIDHAS es un proyecto del \u00c1rea Tem\u00e1tica 3 de la Red WATERLAT-GOBACIT <a href=\"https:\/\/waterlat.org\/es\/areas-tematicas\/at3\/\"> Ciclo Urbano del Agua y Servicios P\u00fablicos Esenciales<\/a>. Forma parte de las actividades previstas en el <a href=\"https:\/\/waterlat.org\/es\/proyectos\/acuerdo-de-cooperacion-con-la-isp\/\">Acuerdo de Cooperaci\u00f3n en asuntos de inter\u00e9s com\u00fan con la Internacional de Servicios P\u00fablicos (ISP),<\/a>.<\/p>\n<h3>Contexto<\/h3>\n<p>El estudio de los procesos de democratizaci\u00f3n substantiva de la Pol\u00edtica y la gestion del agua y de los servicios de agua esenciales es un componente clave del <a href=\" https:\/\/waterlat.org\/es\/comienzo\/aims\/ \">enfoque<\/a>, los <a href=\" https:\/\/waterlat.org\/es\/comienzo\/objetivos\/ \">objetivos<\/a> y las <a href=\" https:\/\/waterlat.org\/es\/comienzo\/prioridades-de-investigacion\/ \">prioridades de investigaci\u00f3n<\/a> de la Red WATERLAT-GOBACIT. Entre otros temas, esto ha incluido estudios de las interrelaciones entre los procesos de democratizaci\u00f3n y el desarrollo de los derechos de ciudadan\u00eda en relaci\u00f3n con el agua, que desde mediados del Siglo Veinte han experimentado avances significativos en la esfera formal- legal. Estos avances llevaron al reconocimiento del Derecho Humano al Agua y el Saneamiento (DHAS) por parte de la Asamblea General de las Naciones Unidas en julio de 2010. En conexi\u00f3n con lo anterior, el debate sobre el concepto y las implicaciones pr\u00e1cticas del DHAS han sido el objeto de investigaciones, docencia e intervenciones pr\u00e1cticas en nuestra Red, particularmente en el contexto de nuestra \u00c1rea Tem\u00e1tica 3 <a href=\"https:\/\/waterlat.org\/es\/areas-tematicas\/at3\/\">, Ciclo Urbano del Agua y Servicios P\u00fablicos Esenciales<\/a>. Adem\u00e1s de <a href=\" https:\/\/waterlat.org\/es\/publicaciones\/libros\/\">publicaciones<\/a> y <a href=\"https:\/\/www.youtube.com\/playlist?list=PLx6qphzdSP6uAuLJj_flQkH0ZWI2WFHAO\">actividades de diseminaci\u00f3n<\/a>, la Red tambi\u00e9n hace Declaraciones P\u00fablicas regulares, incluyendo la <a href=\"http:\/\/waterlat.org\/GeneralPDFs\/DHAS2020Sp.pdf\">Declaraci\u00f3n por el D\u00e9cimo Aniversario del DHAS\u201d<\/a> en julio de 2020. ESCRIDHAS es un producto de este compromiso de largo plazo de la Red WATERLAT-GOBACIT con los procesos de democratizaci\u00f3n substantiva de la Pol\u00edtica y la gesti\u00f3n del agua.<\/p>\n<h3>Objetivos del Proyecto<\/h3>\n<p><span style=\"text-decoration: underline;\">Objetivo General<\/span><\/p>\n<p>Revisar cr\u00edticamente el concepto de &#8220;Derecho Humano al Agua y el Saneamiento&#8221; y actualizar la informaci\u00f3n sobre su estado de implementaci\u00f3n en Am\u00e9rica Latina y la Pen\u00ednsula Ib\u00e9rica.<\/p>\n<p><span style=\"text-decoration: underline;\">Objetivos Espec\u00edficos<\/span><\/p>\n<ul>\n<li>Examinar las contradicciones y conflictos en torno a la noci\u00f3n de &#8220;Derecho Humano al Agua&#8221;.<\/li>\n<li>Identificar las reformas de pol\u00edticas p\u00fablicas, institucionales y legal-administrativas introducidas para apoyar la implementaci\u00f3n del DHAS.<\/li>\n<li>Explorar y analizar la evidencia emp\u00edrica disponible para evaluar el nivel de cumplimiento con el DHAS por parte de los proveedores de servicios de agua y saneamiento.<\/li>\n<li>Considerar los conflictos y luchas socio-pol\u00edticos que involucran a comunidades, movimientos sociales y otros actores con respecto al fracaso en el cumplimiento con el DHAS por parte de gobiernos, proveedores de servicios y otros actores responsables por su implementaci\u00f3n.<\/li>\n<\/ul>\n<h3>Equipo de Investigaci\u00f3n<\/h3>\n<p><span style=\"text-decoration: underline;\"><strong>Coordinaci\u00f3n<\/strong><\/span><\/p>\n<p><strong>Jos\u00e9 Esteban Castro<\/strong>, Consejo Nacional de Investigaciones Cient\u00edficas y T\u00e9cnicas (CONICET), Universidad Nacional de General Sarmiento (UNGS), Buenos Aires, Argentina y Newcastle University, Reino Unido, y <strong>Jos\u00e9 Armando Flores Alem\u00e1n<\/strong>, Fundaci\u00f3n de Estudios Para la Aplicaci\u00f3n del Derecho (FESPAD), El Salvador.<\/p>\n<p><span style=\"text-decoration: underline;\">Miembros (en orden alfab\u00e9tico)<\/span><\/p>\n<p><strong>Carlos Alexandre Le\u00e3o Bordalo<\/strong>, Universidad Federal de Par\u00e1 (UFPA), Par\u00e1, Brasil.<br \/>\n<strong>J\u00falia Borges<\/strong>, Universidad Estatal del Norte Fluminense Darcy Ribeiro (UENF), R\u00edo de Janeiro, Brasil.<br \/>\n<strong>Thelmo de Carvalho Teixeira Branco Filho<\/strong>, Universidad de San Pablo (USP), Brasil.<br \/>\n<strong>Carlos Crespo Flores<\/strong>, Universidad Mayor de San Sim\u00f3n, Cochabamba, Bolivia.<br \/>\n<strong>Ulises Joaqu\u00edn De\u00f3n<\/strong>, Universidad Nacional de C\u00f3rdoba (UNC), C\u00f3rdoba, Argentina.<br \/>\n<strong>Cristi\u00e1n Flores Fern\u00e1ndez<\/strong>, Fundaci\u00f3n Newenko, Santiago, Chile.<br \/>\n<strong>Daniel D\u00edaz Fuentes<\/strong>, Universidad de Cantabria, Santander, Espa\u00f1a.<br \/>\n<strong>Alejandra Dulcey Garrido<\/strong>, Centro Interdisciplinario sobre Medio Ambiente (CIMA), Bogot\u00e1, Colombia.<br \/>\n<strong>Carolina Escobar<\/strong>, Instituto Mexicano de Tecnolog\u00eda del Agua (IMTA), Jiutepec, Morelos, M\u00e9xico.<br \/>\n<strong>Javier Gonzaga Valencia Hern\u00e1ndez<\/strong>, Universidad de Caldas, Manizales, Caldas, Colombia.<br \/>\n<strong>Ana Elizabeth Godoy Ara\u00f1a, Universidad Nacional de Asunci\u00f3n, Capiat\u00e1, Provincia Central, Paraguay.<br \/>\n<strong>Ariel Octavio Ocantos<\/strong>, Consejo Nacional de Investigaciones Cient\u00edficas y T\u00e9cnicas (CONICET), Universidad Nacional de Buenos Aires (UBA), Buenos Aires, Argentina.<br \/>\n<strong>Cuauht\u00e9moc Osorno Cordova<\/strong>, Oficina M\u00e9xico, Parlamento de la Juventud por el Agua (WYPW), Quer\u00e9taro, M\u00e9xico.<br \/>\n<strong>Alejandra Pe\u00f1a Garcia<\/strong>, Instituto Mexicano de Tecnolog\u00eda del Agua (IMTA), Jiutepec, Morelos, M\u00e9xico.<br \/>\n<strong>Carlos Armando Peralta Varela<\/strong>, ITESO, La Universidad Jesuita de Guadalajara, Jalisco, Mexico.<br \/>\n<strong>Hugo Juli\u00e1n P\u00e9rez Barriga<\/strong>, Universidad Mayor de San Sim\u00f3n, Cochabamba, Bolivia.<br \/>\n<strong>Hermelinda Rocha<\/strong>, Proyecto DESDEMO, Pernambuco, Brasil.<br \/>\n<strong>Denise Soares Moraes<\/strong>, Instituto Mexicano de Tecnolog\u00eda del Agua (IMTA), Jiutepec, Morelos, M\u00e9xico.<br \/>\n<strong>Damiano Tagliavini<\/strong>, Consejo Nacional de Investigaciones Cient\u00edficas y T\u00e9cnicas (CONICET), Universidad Nacional de Buenos Aires (UBA), Buenos Aires, Argentina.<br \/>\n<strong>Federico Vargas<\/strong>, Universidad Nacional de Asunci\u00f3n, Lambar\u00e9, Provincia Central, Paraguay.<br \/>\n<strong>Elida Villalba Vargas<\/strong>, Universidad de St. Gallen, Zurich, Suiza.<br \/>\n<strong>Diego Viola<\/strong>, Confederaci\u00f3n de Trabajadoras y Trabajadores de Agua, Saneamiento y Ambiente de las Am\u00e9ricas (CONTAGUAS), Buenos Aires, Argentina.<\/strong><\/p>\n<hr \/>\n<p>Para informaci\u00f3n adicional sobre ESCRIDHAS, contacte a la <a href=\"mailto:redwaterlat@gmail.com\">Coordinaci\u00f3n del Proyecto<\/a>.<\/p>\n","protected":false},"excerpt":{"rendered":"<p>Estado de situaci\u00f3n y examen cr\u00edtico de la implementaci\u00f3n del Derecho Humano al Agua y al Saneamiento en Am\u00e9rica Latina y la Pen\u00ednsula Ib\u00e9rica (2020-2021) ESCRIDHAS es un proyecto del \u00c1rea Tem\u00e1tica 3 de la Red WATERLAT-GOBACIT Ciclo Urbano del Agua y Servicios P\u00fablicos Esenciales. Forma parte de las actividades previstas en el Acuerdo de [&hellip;]<\/p>\n","protected":false},"author":3,"featured_media":0,"parent":6,"menu_order":0,"comment_status":"closed","ping_status":"closed","template":"page-templates\/full-width.php","meta":{"_acf_changed":false,"footnotes":""},"class_list":["post-3602","page","type-page","status-publish","hentry","wpautop"],"acf":[],"_links":{"self":[{"href":"https:\/\/waterlat.org\/es\/wp-json\/wp\/v2\/pages\/3602","targetHints":{"allow":["GET"]}}],"collection":[{"href":"https:\/\/waterlat.org\/es\/wp-json\/wp\/v2\/pages"}],"about":[{"href":"https:\/\/waterlat.org\/es\/wp-json\/wp\/v2\/types\/page"}],"author":[{"embeddable":true,"href":"https:\/\/waterlat.org\/es\/wp-json\/wp\/v2\/users\/3"}],"replies":[{"embeddable":true,"href":"https:\/\/waterlat.org\/es\/wp-json\/wp\/v2\/comments?post=3602"}],"version-history":[{"count":15,"href":"https:\/\/waterlat.org\/es\/wp-json\/wp\/v2\/pages\/3602\/revisions"}],"predecessor-version":[{"id":3680,"href":"https:\/\/waterlat.org\/es\/wp-json\/wp\/v2\/pages\/3602\/revisions\/3680"}],"up":[{"embeddable":true,"href":"https:\/\/waterlat.org\/es\/wp-json\/wp\/v2\/pages\/6"}],"wp:attachment":[{"href":"https:\/\/waterlat.org\/es\/wp-json\/wp\/v2\/media?parent=3602"}],"curies":[{"name":"wp","href":"https:\/\/api.w.org\/{rel}","templated":true}]}}