{"id":3620,"date":"2020-10-10T23:52:51","date_gmt":"2020-10-10T23:52:51","guid":{"rendered":"https:\/\/waterlat.org\/es\/?page_id=3620"},"modified":"2020-10-10T23:57:43","modified_gmt":"2020-10-10T23:57:43","slug":"premio2020","status":"publish","type":"page","link":"https:\/\/waterlat.org\/es\/premio-waterlat-para-estudiantes\/premio2020\/","title":{"rendered":"Premio para Estudiantes WATERLAT-GOBACIT 2020"},"content":{"rendered":"<p>La s\u00e9ptima llamada a postulaciones para el Premio WATERLAT-GOBACIT fue para tesis aprobadas entre el 1 de enero y el 31 de diciembre de 2019 y cerr\u00f3 el 29 de febrero de 2020. Se presentaron 8 postulantes al Premio de Doctorado y 1 postulante al Premio de Maestr\u00eda. Se convoc\u00f3 a una Comisi\u00f3n Evaluadora compuesta de acad\u00e9micas y acad\u00e9micos miembros de la Red e invitados externos. Al final de esta p\u00e1gina suministramos los detalles de la Comisi\u00f3n Evaluadora. Los resultados fueron anunciados el 6 de octubre de 2020 durante un encuentro virtual preparatorio de la <a href=\"https:\/\/waterlat.org\/es\/encuentros\/public-meetings\/waterlat-gobacit-xi-leon-guanajuato-2020\/\">XI Reuni\u00f3n Internacional de la Red WATERLAT-GOBACIT<\/a>.<\/p>\n<p>&nbsp;<\/p>\n<hr \/>\n<h3>El Premio<\/h3>\n<p><span style=\"text-decoration: underline;\">Premio Doctoral 2020<\/span><\/p>\n<p><strong>Alexander Panez Pinto<\/strong>. T\u00edtulo de la tesis: \u201cLas persistencias de la vida. Despojos y resistencias en los conflictos por agua-tierra-territorio bajo el neoliberalismo en Chile\u201d. Doctorado en Geograf\u00eda, Universidad Federal Fluminense (UFF), Niter\u00f3i, R\u00edo de Janeiro, Brasil, 2019.<br \/>\n&nbsp;<\/p>\n<p><span style=\"text-decoration: underline;\"> Menci\u00f3n<\/span><br \/>\n<strong>Aline Silveira Viana<\/strong>. T\u00edtulo de la tesis: \u201cLos ancianos en los desastres. Un an\u00e1lisis de las condiciones de vida, problemas de salud y de las respuestas sociales dadas por el poder p\u00fablico\u201d (en portugu\u00e9s). Doctorado en Salud P\u00fablica, Escuela de Salud P\u00fablica \u201cSergio Arouca\u201d, Fundaci\u00f3n Oswaldo Cruz (FIOCRUZ), R\u00edo de Janeiro, Brasil, 2019.<br \/>\n&nbsp;<\/p>\n<p><span style=\"text-decoration: underline;\"> Menci\u00f3n<\/span><br \/>\n<strong>Clarissa de Araujo Barreto<\/strong>. T\u00edtulo de la tesis: \u201cEucaliptus, agua y sociedad: la construcci\u00f3n de representaciones en el Valle del Para\u00edba, San Pablo, Brasil\u201d (en portugu\u00e9s). Doctorado en Ciencias, Universidad de San Pablo (USP), Brasil, 2019.<br \/>\n&nbsp;<\/p>\n<p><span style=\"text-decoration: underline;\"> Menci\u00f3n<\/span><\/p>\n<p><strong>Diego Antonio Cabrol<\/strong>. T\u00edtulo de la tesis: \u201cCambios en los patrones de aprovechamiento y apropiaci\u00f3n de los recursos h\u00eddricos en el oeste de la Provincia de C\u00f3rdoba. Hacia pol\u00edticas diferenciadas y focalizadas\u201d. Doctorado en Estudios Sociales Agrarios, Universidad Nacional de C\u00f3rdoba (UNC), Argentina, 2019.<br \/>\n&nbsp;<\/p>\n<p><span style=\"text-decoration: underline;\"> Premio de Maestr\u00eda 2020<\/span><br \/>\n<strong>Juli\u00e1n Reingold<\/strong>. T\u00edtulo de la tesis: \u201cTransformando a Freetown [Sierra Leona]: resiliencia costera y pr\u00e1cticas basadas en la comunidad y en los ecosistemas\u201d. Maestr\u00eda en Medio Ambiente y Desarrollo Sustentable, University College London (UCL), Londres, Reino Unido, 2019.<br \/>\n&nbsp;<br \/>\nDado que tuvimos candidatos excelentes, la the <a href=\"https:\/\/waterlat.org\/es\/comision-editorial\/\">Comisi\u00f3n Editorial<\/a> decidi\u00f3 invitar al resto de los participantes a enviar un art\u00edculo basado en las tesis para su publicaci\u00f3n en la Serie Premio de Estudiantes de los <a href=\" https:\/\/waterlat.org\/es\/working-papers-series\/\"> Cuadernos de Trabajo <\/a> de la Red.<\/p>\n<p>&nbsp;<\/p>\n<hr \/>\n<h3>Lista completa de los candidatos participantes:<\/h3>\n<p><strong><span style=\"text-decoration: underline;\">Premio Doctoral<\/span><\/strong><\/p>\n<p><strong> Erick Alejandro Rafael Aguilar Obreg\u00f3n <\/strong>. T\u00edtulo de la tesis: \u201cEl proceso de participaci\u00f3n ciudadana v\u00eda la cooperaci\u00f3n en entornos hidr\u00e1ulicos en la Ciudad de M\u00e9xico: el caso del Canal Nacional\u201d. Doctorado en Ciencias Sociales (Sociolog\u00eda), Facultad Latinoamericana de Ciencias Sociales  (FLACSO), Ciudad de M\u00e9xico, M\u00e9xico, 2019.<\/p>\n<p><strong>Flavia Darre Barbosa <\/strong>. T\u00edtulo de la tesis: \u201cComit\u00e9 de Cuencas Hidrogr\u00e1ficas, representaci\u00f3n y participaci\u00f3n: desaf\u00edos y posibilidades de la gesti\u00f3n del agua y de los recursos h\u00eddricos en Brasil\u201d (en portugu\u00e9s). Doctorado en Ciencias Ambientales, Universidad Federal de San Carlos (UFSC), San Carlos, San Pablo, Brasil, 2019.<\/p>\n<p><strong>Clarissa de Araujo Barreto<\/strong>. T\u00edtulo de la tesis: \u201cEucaliptus, agua y sociedad: la construcci\u00f3n de representaciones en el Valle del Para\u00edba, San Pablo, Brasil\u201d (en portugu\u00e9s). Doctorado en Ciencias, Universidad de San Pablo (USP), Brasil, 2019.<\/p>\n<p><strong>Diego Antonio Cabrol<\/strong>. T\u00edtulo de la tesis: \u201cCambios en los patrones de aprovechamiento y apropiaci\u00f3n de los recursos h\u00eddricos en el oeste de la Provincia de C\u00f3rdoba. Hacia pol\u00edticas diferenciadas y focalizadas\u201d. Doctorado en Estudios Sociales Agrarios, Universidad Nacional de C\u00f3rdoba (UNC), Argentina, 2019.<\/p>\n<p><strong>Mario Edgar L\u00f3pez Ram\u00edrez<\/strong>. T\u00edtulo de la tesis: \u201cla gesti\u00f3n compleja del agua en el caso del \u00c1rea Metropolitana de Guadalajara: una mirada desde el poder de la naturaleza y la transformaci\u00f3n del mundo\u201d. Doctorado en Ciencia Pol\u00edtica, Universidad de Guadalajara (UdeG), Guadalajara, Jalisco, M\u00e9xico, 2019.<\/p>\n<p><strong>Alexander Panez Pinto<\/strong>. T\u00edtulo de la tesis: \u201cLas persistencias de la vida. Despojos y resistencias en los conflictos por agua-tierra-territorio bajo el neoliberalismo en Chile\u201d. Doctorado em Geograf\u00eda, Universidad Federal Fluminense (UFF), Niter\u00f3i, R\u00edo de Janeiro, Brasil, 2019.<\/p>\n<p><strong>Ana Pohlenz de Tavira<\/strong>. T\u00edtulo de la tesis: \u201cR\u00edos Turbulentos. Conflictos en Guatemala y M\u00e9xico por la producci\u00f3n hidroenerg\u00e9tica en la Cuenca del Usumacinta\u201d. Doctorado en Estudios Latinoamericanos, Universidad Nacional Aut\u00f3noma de M\u00e9xico (UNAM), Ciudad de M\u00e9xico, 2019.<\/p>\n<p><strong>Aline Silveira Viana<\/strong>. T\u00edtulo de la tesis: \u201cLos ancianos en los desastres. Un an\u00e1lisis de las condiciones de vida, problemas de salud y de las respuestas sociales dadas por el poder p\u00fablico\u201d (en portugu\u00e9s). Doctorado en Salud P\u00fablica, Escuela de Salud P\u00fablica \u201cSergio Arouca\u201d, Fundaci\u00f3n Oswaldo Cruz (FIOCRUZ), R\u00edo de Janeiro, Brasil, 2019.<\/p>\n<p><span style=\"text-decoration: underline;\"> Premio de Maestr\u00eda 2020<\/span><\/p>\n<p><strong>Juli\u00e1n Reingold<\/strong>. T\u00edtulo de la tesis: \u201cTransformando a Freetown [Sierra Leona]: resiliencia costera y pr\u00e1cticas basadas en la comunidad y en los ecosistemas\u201d. Maestr\u00eda en Medio Ambiente y Desarrollo Sustentable, University College London (UCL), Londres, Reino Unido, 2019.<\/p>\n<p>&nbsp;<\/p>\n<hr \/>\n<h3>Comisi\u00f3n Evaluadora de la Edici\u00f3n 2020 del Premio WATERLAT-GOBACIT para Estudiantes<\/h3>\n<p>Dr. Almir Arantes, Universidad Estatal de Mato Grosso (UNEMAT), Sinop, Mato Grosso, Brasil<br \/>\nDra. Citlalli Aide\u00e9 Becerril-Tinoco, Centro de Investigaci\u00f3n en Ciencias de Informaci\u00f3n Geoespacial (CentroGeo), Consejo Nacional de Ciencia y Tecnolog\u00eda (CONACYT), Quer\u00e9taro, Quer\u00e9taro, M\u00e9xico.<br \/>\nDra. Paola Bolados, Universidad de Valpara\u00edso, Valpara\u00edso, Chile.<br \/>\nDr. Joan Cortinas Mu\u00f1oz, IGlobe Unit, Centre National de la Recherche Scientifique, University of Arizona, Tucson, Arizona, Estados Unidos.<br \/>\nDr. Luciano F\u00e9lix Florit, Universidad Regional de Blumenau, Blumenau, Santa Catarina, Brasil.<br \/>\nDr. Eliano de Souza Martins Freitas, Universidad Federal de Minas Gerais (UFMG), Belo Horizonte, Minas Gerais, Brasil.<br \/>\nDra. Sandra Hincapi\u00e9 Jim\u00e9nez, Universidad Aut\u00f3noma de Zacatecas (UAZ), Zacatecas, M\u00e9xico.<br \/>\nDr. Pedro Roberto Jacobi, Universdad de San Pablo (USP), San Pablo, Brasil.<br \/>\nDr. Gustavo Kohan, Universidad Nacional de General Sarmiento (UNGS), Buenos Aires, Argentina.<br \/>\nDr. Alex Latta, Wilfrid Laurier University, Waterloo, Ontario, Canad\u00e1.<br \/>\nDr. Ricardo Daniel Lombardo, Universidad Nacional del Nordeste (UNNE), Resistencia, Chaco, Argentina.<br \/>\nDra. Esther Padilla Calder\u00f3n, El Colegio de Sonora, Hermosillo, Sonora, M\u00e9xico.<br \/>\nDr. Jaime Paneque G\u00e1lvez, Universidad Nacional Aut\u00f3noma de M\u00e9xico (UNAM), Morelia, M\u00e9xico.<br \/>\nDra. Suy\u00e1 Quintslr, Universidad Federal de R\u00edo de Janeiro (UFRJ), R\u00edo de Janeiro, Brasil.<br \/>\nDr. Jos\u00e9 Irivaldo Oliveira Silva, Universidad Federal de Campina Grande (UFCG), Sum\u00e9, Para\u00edba, Brasil.<br \/>\nDra. Inmaculada Simon Ruiz, Universidad Aut\u00f3noma de Chile, Santiago, Chile.<br \/>\nDra. Antenora Maria da Mata Siqueira, Universidad Federal Fluminense (UFF), Niter\u00f3i, R\u00edo de Janeiro, Brasil.<br \/>\nDra. Pilar Villar, Universidad Federal de San Pablo (UNIFESP), Campus Baixada Santista, Santos, Brasil.<\/p>\n<p>&nbsp;<\/p>\n<hr \/>\n<p style=\"text-align: center;\">Para consultas o comentarios referidos al Premio WATERLAT-GOBACIT para Estudiantes, por favor contactar la <a href=\"mailto:redwaterlat@gmail.com\">Secretar\u00eda<\/a> de la red.<\/p>\n<p>&nbsp;<\/p>\n","protected":false},"excerpt":{"rendered":"<p>La s\u00e9ptima llamada a postulaciones para el Premio WATERLAT-GOBACIT fue para tesis aprobadas entre el 1 de enero y el 31 de diciembre de 2019 y cerr\u00f3 el 29 de febrero de 2020. Se presentaron 8 postulantes al Premio de Doctorado y 1 postulante al Premio de Maestr\u00eda. Se convoc\u00f3 a una Comisi\u00f3n Evaluadora compuesta [&hellip;]<\/p>\n","protected":false},"author":3,"featured_media":0,"parent":339,"menu_order":0,"comment_status":"closed","ping_status":"closed","template":"page-templates\/full-width.php","meta":{"_acf_changed":false,"footnotes":""},"class_list":["post-3620","page","type-page","status-publish","hentry","wpautop"],"acf":[],"_links":{"self":[{"href":"https:\/\/waterlat.org\/es\/wp-json\/wp\/v2\/pages\/3620","targetHints":{"allow":["GET"]}}],"collection":[{"href":"https:\/\/waterlat.org\/es\/wp-json\/wp\/v2\/pages"}],"about":[{"href":"https:\/\/waterlat.org\/es\/wp-json\/wp\/v2\/types\/page"}],"author":[{"embeddable":true,"href":"https:\/\/waterlat.org\/es\/wp-json\/wp\/v2\/users\/3"}],"replies":[{"embeddable":true,"href":"https:\/\/waterlat.org\/es\/wp-json\/wp\/v2\/comments?post=3620"}],"version-history":[{"count":4,"href":"https:\/\/waterlat.org\/es\/wp-json\/wp\/v2\/pages\/3620\/revisions"}],"predecessor-version":[{"id":3628,"href":"https:\/\/waterlat.org\/es\/wp-json\/wp\/v2\/pages\/3620\/revisions\/3628"}],"up":[{"embeddable":true,"href":"https:\/\/waterlat.org\/es\/wp-json\/wp\/v2\/pages\/339"}],"wp:attachment":[{"href":"https:\/\/waterlat.org\/es\/wp-json\/wp\/v2\/media?parent=3620"}],"curies":[{"name":"wp","href":"https:\/\/api.w.org\/{rel}","templated":true}]}}