{"id":363,"date":"2014-01-26T16:55:08","date_gmt":"2014-01-26T16:55:08","guid":{"rendered":"http:\/\/waterlat.org\/es\/?page_id=363"},"modified":"2017-07-19T17:12:09","modified_gmt":"2017-07-19T17:12:09","slug":"taller-especial","status":"publish","type":"page","link":"https:\/\/waterlat.org\/es\/encuentros\/otras-reuniones-publicas\/taller-especial\/","title":{"rendered":"Taller Internacional sobre Futuros del Agua, 2011"},"content":{"rendered":"<h4>Taller Internacional &#8220;El desaf\u00edo de los Futuros del Agua&#8221;, Universidad de Newcastle, Reino Unido, 14-15 de Julio de 2011<\/h4>\n<ul>\n<li>\u00bfHay agua suficiente para todos los habitantes del planeta?<\/li>\n<li>\u00bfPodemos permitirnos reconocer que el acceso a los servicios de agua esenciales es un bien p\u00fablico o incluso un derecho humano?<\/li>\n<li>\u00bfDeber\u00eda el agua ser fundamentalmente tratada como una mercanc\u00eda?<\/li>\n<li>\u00bfCu\u00e1l es el valor del agua?<\/li>\n<li>\u00bfEs posible universalizar el acceso a los servicios de agua y saneamiento en pa\u00edses pobres?<\/li>\n<li>\u00bfTenemos los medios tecnol\u00f3gicos para revertir la actual crisis mundial del agua?<\/li>\n<li>\u00bfEs posible lograr simult\u00e1neamente las metas de la sustentabilidad y de la justicia social en relaci\u00f3n al agua?<\/li>\n<li>\u00bfEnfrentamos realmente la posibilidad de guerras internacionales por el agua? \u00bfDeber\u00eda esto preocuparnos?<\/li>\n<\/ul>\n<p>Estas y otras preguntas cruciales fueron el objeto de un evento p\u00fablico organizado por la Red WATERLAT-GOBACIT con el apoyo de la Escuela de Geografia, Ciencia Pol\u00edtica y Medio Ambiente y del Instituto de Investigaci\u00f3n sobre la Sustentabilidad (NIRES) de la Universidad de Newcastle, Reino Unido, el 14-15 de julio de 2011. Expertos y cient\u00edficos del Reino Unido, Brasil, Finlandia, Francia,\u00a0M\u00e9xico, Palestina, Espa\u00f1a, entre otros pa\u00edses, se encontraron para discutir los principales desaf\u00edos y oportunidades que confronta la comunidad internacional en relaci\u00f3n a las pol\u00edticas p\u00fablicas y la gesti\u00f3n del agua a nivel mundial.<\/p>\n<p>El Taller Internacional fue parte de una serie de actividades que tuvieron lugar durante 2011 para celebrar el trabajo internacionalmente reconocido de la Universidad de Newcastle sobre el tema de la sustentabilidad. Fue financiado por el programa El Desaf\u00edo Societal de la Sustentabilidad de la Universidad de Newcastle, 2011.<\/p>\n<p>Galer\u00eda Fotogr\u00e1fica del Taller:<br \/>\n<a title=\"WATERLAT-GOBACIT Special Workshop 2011 \/ Taller Especial 2011\" href=\"https:\/\/www.flickr.com\/photos\/125391306@N03\/albums\/72157645460481755\" data-flickr-embed=\"true\"><img loading=\"lazy\" decoding=\"async\" src=\"https:\/\/c1.staticflickr.com\/6\/5492\/14362911729_570e623058_z.jpg\" alt=\"WATERLAT-GOBACIT Special Workshop 2011 \/ Taller Especial 2011\" width=\"640\" height=\"427\" \/><\/a><script async src=\"\/\/embedr.flickr.com\/assets\/client-code.js\" charset=\"utf-8\"><\/script><\/p>\n<p>Vea aqu\u00ed video clips del evento:<br \/>\n<iframe loading=\"lazy\" src=\"https:\/\/www.youtube.com\/embed\/gqT2Ly8a7So\" width=\"560\" height=\"315\" frameborder=\"0\" allowfullscreen=\"allowfullscreen\"><\/iframe><\/p>\n<p>&nbsp;<\/p>\n<p><a href=\"https:\/\/waterlat.org\/es\/encuentros\/otras-reuniones-publicas\/taller-especial\/meeting-programme\/\">Aqu\u00ed puede ver el Programa y acceder a las copias de las presentaciones.<\/a><\/p>\n","protected":false},"excerpt":{"rendered":"<p>Taller Internacional &#8220;El desaf\u00edo de los Futuros del Agua&#8221;, Universidad de Newcastle, Reino Unido, 14-15 de Julio de 2011 \u00bfHay agua suficiente para todos los habitantes del planeta? \u00bfPodemos permitirnos reconocer que el acceso a los servicios de agua esenciales es un bien p\u00fablico o incluso un derecho humano? \u00bfDeber\u00eda el agua ser fundamentalmente tratada [&hellip;]<\/p>\n","protected":false},"author":3,"featured_media":0,"parent":907,"menu_order":0,"comment_status":"closed","ping_status":"open","template":"page-templates\/full-width.php","meta":{"_acf_changed":false,"footnotes":""},"class_list":["post-363","page","type-page","status-publish","hentry","wpautop"],"acf":[],"_links":{"self":[{"href":"https:\/\/waterlat.org\/es\/wp-json\/wp\/v2\/pages\/363","targetHints":{"allow":["GET"]}}],"collection":[{"href":"https:\/\/waterlat.org\/es\/wp-json\/wp\/v2\/pages"}],"about":[{"href":"https:\/\/waterlat.org\/es\/wp-json\/wp\/v2\/types\/page"}],"author":[{"embeddable":true,"href":"https:\/\/waterlat.org\/es\/wp-json\/wp\/v2\/users\/3"}],"replies":[{"embeddable":true,"href":"https:\/\/waterlat.org\/es\/wp-json\/wp\/v2\/comments?post=363"}],"version-history":[{"count":20,"href":"https:\/\/waterlat.org\/es\/wp-json\/wp\/v2\/pages\/363\/revisions"}],"predecessor-version":[{"id":2204,"href":"https:\/\/waterlat.org\/es\/wp-json\/wp\/v2\/pages\/363\/revisions\/2204"}],"up":[{"embeddable":true,"href":"https:\/\/waterlat.org\/es\/wp-json\/wp\/v2\/pages\/907"}],"wp:attachment":[{"href":"https:\/\/waterlat.org\/es\/wp-json\/wp\/v2\/media?parent=363"}],"curies":[{"name":"wp","href":"https:\/\/api.w.org\/{rel}","templated":true}]}}