{"id":370,"date":"2014-01-26T19:17:30","date_gmt":"2014-01-26T19:17:30","guid":{"rendered":"http:\/\/waterlat.org\/es\/?page_id=370"},"modified":"2017-06-12T14:44:25","modified_gmt":"2017-06-12T14:44:25","slug":"otras-publicaciones","status":"publish","type":"page","link":"https:\/\/waterlat.org\/es\/publicaciones\/otras-publicaciones\/","title":{"rendered":"Otras publicaciones"},"content":{"rendered":"<p>&nbsp;<\/p>\n<p>Cabral, Ximena (ed.), Dossier: El Agua: \u00bfbien com\u00fan o mercanc\u00eda?, en\u00a0<a href=\"http:\/\/waterlat.org\/documents\/PDFUmbralesAGUA.pdf\">Umbrales: Cr\u00f3nicas de la Utop\u00eda<\/a>, Vol. 15, No 25, C\u00f3rdoba, Argentina, 2013. El Dossier presenta art\u00edculos de varios miembros de\u00a0WATERLAT-GOBACIT e incluye un breve obituario de nuestro colega\u00a0Gustavo Spedale.<\/p>\n<p>Calder\u00f3n, Esther Padilla, \u201cSequ\u00eda y escasez: c\u00f3mo se construyen mecanismos diferenciales de acceso al agua&#8221; <a href=\"http:\/\/hydria.com.ar\/edicion-impresa\/revista-hydria-nro-50\/\">Revista Hydria<\/a>, No 50, December 2013, pp. 6-12.<\/p>\n<p>Castro, Jos\u00e9 Esteban, \u201cHacia una comprensi\u00f3n integral de los problemas del agua\u201d, <span style=\"text-decoration: underline;\"><a href=\"http:\/\/www.hydriaweb.com.ar\/pdf\/hydria_28.pdf\">Revista Hydria, No 28<\/a><\/span>, abril de 2010, pp. 20-25.<\/p>\n","protected":false},"excerpt":{"rendered":"<p>&nbsp; Cabral, Ximena (ed.), Dossier: El Agua: \u00bfbien com\u00fan o mercanc\u00eda?, en\u00a0Umbrales: Cr\u00f3nicas de la Utop\u00eda, Vol. 15, No 25, C\u00f3rdoba, Argentina, 2013. El Dossier presenta art\u00edculos de varios miembros de\u00a0WATERLAT-GOBACIT e incluye un breve obituario de nuestro colega\u00a0Gustavo Spedale. Calder\u00f3n, Esther Padilla, \u201cSequ\u00eda y escasez: c\u00f3mo se construyen mecanismos diferenciales de acceso al agua&#8221; [&hellip;]<\/p>\n","protected":false},"author":3,"featured_media":0,"parent":7,"menu_order":0,"comment_status":"closed","ping_status":"closed","template":"page-templates\/full-width.php","meta":{"_acf_changed":false,"footnotes":""},"class_list":["post-370","page","type-page","status-publish","hentry","wpautop"],"acf":[],"_links":{"self":[{"href":"https:\/\/waterlat.org\/es\/wp-json\/wp\/v2\/pages\/370","targetHints":{"allow":["GET"]}}],"collection":[{"href":"https:\/\/waterlat.org\/es\/wp-json\/wp\/v2\/pages"}],"about":[{"href":"https:\/\/waterlat.org\/es\/wp-json\/wp\/v2\/types\/page"}],"author":[{"embeddable":true,"href":"https:\/\/waterlat.org\/es\/wp-json\/wp\/v2\/users\/3"}],"replies":[{"embeddable":true,"href":"https:\/\/waterlat.org\/es\/wp-json\/wp\/v2\/comments?post=370"}],"version-history":[{"count":3,"href":"https:\/\/waterlat.org\/es\/wp-json\/wp\/v2\/pages\/370\/revisions"}],"predecessor-version":[{"id":2454,"href":"https:\/\/waterlat.org\/es\/wp-json\/wp\/v2\/pages\/370\/revisions\/2454"}],"up":[{"embeddable":true,"href":"https:\/\/waterlat.org\/es\/wp-json\/wp\/v2\/pages\/7"}],"wp:attachment":[{"href":"https:\/\/waterlat.org\/es\/wp-json\/wp\/v2\/media?parent=370"}],"curies":[{"name":"wp","href":"https:\/\/api.w.org\/{rel}","templated":true}]}}