{"id":3741,"date":"2021-11-28T19:31:32","date_gmt":"2021-11-28T19:31:32","guid":{"rendered":"https:\/\/waterlat.org\/es\/?page_id=3741"},"modified":"2021-12-05T16:45:57","modified_gmt":"2021-12-05T16:45:57","slug":"alma-embarrada","status":"publish","type":"page","link":"https:\/\/waterlat.org\/es\/publicaciones\/libros\/alma-embarrada\/","title":{"rendered":"La Matem\u00e1tica de la Gesti\u00f3n y el   Alma embarrada: cr\u00edtica de la mediaci\u00f3n  en el licenciamiento de proyectos  y en los desastres dela miner\u00eda    (en portugu\u00e9s)"},"content":{"rendered":"<style>\r\n.dw_pdf-full {<br \/>    background-color: rgba(251, 116, 116, 0);<br \/>    padding: 8px 20px;<br \/>    color: #b52335;<br \/>    text-decoration: none;<br \/>    border: 2px #b52335 solid;<br \/>    transition: 0.2s all;<br \/>    border-radius: 4px;<br \/>    font-weight: 600;<br \/>margin:0px 5px;}<br \/>.dw_pdf-full:hover{background-color: #b52335; color:white;}<br \/>.dw_pdf-full i {font-size:25px; vertical-align: bottom; margin-right: 3px;}<br \/><\/style>\r\n\r\n<a href=\" https:\/\/waterlat.org\/wp-content\/uploads\/2021\/11\/capa-Marcos.jpg\"><img loading=\"lazy\" decoding=\"async\" class=\"alignnone size-medium wp-image-2744\" src=\" https:\/\/waterlat.org\/wp-content\/uploads\/2021\/11\/capa-Marcos.jpg\" alt=\"\" width=\"207\" height=\"300\" \/><\/a>\r\n\r\nMarcos Cristiano Zucarelli, <a href=\" <a href=\" https:\/\/waterlat.org\/es\/publicaciones\/libros\/alma-embarrada\/\">La Matem\u00e1tica de la Gesti\u00f3n y el  Alma embarrada: cr\u00edtica de la mediaci\u00f3n  en el licenciamiento de proyectos  y en los desastres dela miner\u00eda   (en portugu\u00e9s). <\/u>. ISBN: 978-65-86221-49-7 (E-book). DOI: 10.5281 \/zenodo.5708641.\r\n\r\n\r\nCo-publicado  en  Newcastle upon Tyne (UK)y Campina Grande, Para\u00edba, Brasil, por la Red WATERLAT-GOBACIT y la <a href=\"http:\/\/eduepb.uepb.edu.br\/\"> Editora de la Universidade Estadual da Para\u00edba (EDUEPB)<\/a>, <\/a>, 2021.\r\n\r\n\r\n<i><a class=\"desar\" style=\"color: #9ad3f9;\" href=\"https:\/\/zenodo.org\/record\/5708641#invenio-csl\">Exportar Cita<\/a><\/i>\r\n\r\n\r\n\r\nThis book is a product of WATERLAT-GOBACIT Network&#8217;s <a href=\" https:\/\/waterlat.org\/es\/premio-waterlat-para-estudiantes\/waterlat-gobacit-2019\/\">2019 Student Prize (Doctorate). <\/a>\r\n\r\n<h3>Descargar<\/h3>\r\n<a class=\"dw_pdf-full\" href=\"https:\/\/zenodo.org\/record\/5708641\/files\/WATERLAT.pdf\" target=\"_blank\" rel=\"noopener noreferrer\"><i class=\"fa fa-file-pdf-o\" aria-hidden=\"true\"><\/i> PDF <\/a>\r\n\r\n<h3>Presentaciones del libro<\/h3>\r\n La Matem\u00e1tica de la Gesti\u00f3n y el  Alma embarrada: cr\u00edtica de la mediaci\u00f3n  en el licenciamiento de proyectos  y en los desastres dela miner\u00eda   (en portugu\u00e9s). Podcast 27, SerieVoces por el Agua , Alex Caldera y Jose Esteban Castro, con el autor del libroo,  Marcos Cristiano Zucarelli, <\/a>\r\n\r\n\r\n<b> Escuchar: <\/b>\r\n<iframe loading=\"lazy\" src=\"https:\/\/archive.org\/embed\/voces-por-el-agua-27\" width=\"500\" height=\"30\" frameborder=\"0\" allowfullscreen=\"allowfullscreen\"><\/iframe>\r\n\r\n<hr style=\"background-color: cornflowerblue;\" \/>","protected":false},"excerpt":{"rendered":"Marcos Cristiano Zucarelli,","protected":false},"author":3,"featured_media":0,"parent":22,"menu_order":0,"comment_status":"closed","ping_status":"closed","template":"page-templates\/full-width.php","meta":{"_acf_changed":false,"footnotes":""},"class_list":["post-3741","page","type-page","status-publish","hentry","no-wpautop"],"acf":[],"_links":{"self":[{"href":"https:\/\/waterlat.org\/es\/wp-json\/wp\/v2\/pages\/3741","targetHints":{"allow":["GET"]}}],"collection":[{"href":"https:\/\/waterlat.org\/es\/wp-json\/wp\/v2\/pages"}],"about":[{"href":"https:\/\/waterlat.org\/es\/wp-json\/wp\/v2\/types\/page"}],"author":[{"embeddable":true,"href":"https:\/\/waterlat.org\/es\/wp-json\/wp\/v2\/users\/3"}],"replies":[{"embeddable":true,"href":"https:\/\/waterlat.org\/es\/wp-json\/wp\/v2\/comments?post=3741"}],"version-history":[{"count":6,"href":"https:\/\/waterlat.org\/es\/wp-json\/wp\/v2\/pages\/3741\/revisions"}],"predecessor-version":[{"id":3766,"href":"https:\/\/waterlat.org\/es\/wp-json\/wp\/v2\/pages\/3741\/revisions\/3766"}],"up":[{"embeddable":true,"href":"https:\/\/waterlat.org\/es\/wp-json\/wp\/v2\/pages\/22"}],"wp:attachment":[{"href":"https:\/\/waterlat.org\/es\/wp-json\/wp\/v2\/media?parent=3741"}],"curies":[{"name":"wp","href":"https:\/\/api.w.org\/{rel}","templated":true}]}}