{"id":4,"date":"2013-11-27T20:59:33","date_gmt":"2013-11-27T20:59:33","guid":{"rendered":"http:\/\/waterlat.org\/es\/?page_id=4"},"modified":"2017-06-13T13:03:30","modified_gmt":"2017-06-13T13:03:30","slug":"equipo-old","status":"publish","type":"page","link":"https:\/\/waterlat.org\/es\/equipo-old\/","title":{"rendered":"Equipo old"},"content":{"rendered":"<p>&nbsp;<\/p>\n<p>La Red WATERLAT-GOBACIT cuenta con cerca de 450 miembros localizados en \u00c1frica, Am\u00e9rica Latina, Asia y Europa.<\/p>\n<p><iframe loading=\"lazy\" src=\"https:\/\/www.google.com\/maps\/d\/embed?mid=13rymqeBIjOZ600WOgM3qGgGc7_s&amp;hl=en\" width=\"640\" height=\"480\"><\/iframe><\/p>\n<p>El equipo de la Red incluye miembros individuales e institucionales y un gran n\u00famero de estudiantes de grado y de posgrado. Adem\u00e1s de acad\u00e9micos y estudiantes, incluye trabajadores del sector p\u00fablico, miembros de Organizaciones no Gubernamentales, movimientos sociales, comunidades ind\u00edgenas y campesinas, sindicatos, entre otros sectores relevantes. Presentamos por separado a nuestros &#8220;miembros&#8221; y &#8220;estudiantes&#8221;\u00a0para enfatizar la importancia de nuestro cuerpo de estudiantes. Anualmente la Red otorga un <a href=\"https:\/\/waterlat.org\/es\/premio-waterlat-para-estudiantes\/\">Premio de Estudiantes<\/a> consistente en la publicaci\u00f3n de las mejores tesis de doctorado y maestr\u00eda.<\/p>\n<p>&nbsp;<\/p>\n<p><a href=\"https:\/\/waterlat.org\/es\/equipo\/miembros\/\">Miembros<\/a><\/p>\n<p><a href=\"https:\/\/waterlat.org\/es\/equipo\/estudiantes\/\">Estudiantes<\/a><\/p>\n<p><a href=\"https:\/\/waterlat.org\/es\/equipo\/miembros-institucionales\/\">Miembros Institucionales<\/a><\/p>\n<p>&nbsp;<\/p>\n","protected":false},"excerpt":{"rendered":"<p>&nbsp; La Red WATERLAT-GOBACIT cuenta con cerca de 450 miembros localizados en \u00c1frica, Am\u00e9rica Latina, Asia y Europa. El equipo de la Red incluye miembros individuales e institucionales y un gran n\u00famero de estudiantes de grado y de posgrado. Adem\u00e1s de acad\u00e9micos y estudiantes, incluye trabajadores del sector p\u00fablico, miembros de Organizaciones no Gubernamentales, movimientos [&hellip;]<\/p>\n","protected":false},"author":1,"featured_media":0,"parent":0,"menu_order":0,"comment_status":"closed","ping_status":"open","template":"page-templates\/full-width.php","meta":{"_acf_changed":false,"footnotes":""},"class_list":["post-4","page","type-page","status-publish","hentry","wpautop"],"acf":[],"_links":{"self":[{"href":"https:\/\/waterlat.org\/es\/wp-json\/wp\/v2\/pages\/4","targetHints":{"allow":["GET"]}}],"collection":[{"href":"https:\/\/waterlat.org\/es\/wp-json\/wp\/v2\/pages"}],"about":[{"href":"https:\/\/waterlat.org\/es\/wp-json\/wp\/v2\/types\/page"}],"author":[{"embeddable":true,"href":"https:\/\/waterlat.org\/es\/wp-json\/wp\/v2\/users\/1"}],"replies":[{"embeddable":true,"href":"https:\/\/waterlat.org\/es\/wp-json\/wp\/v2\/comments?post=4"}],"version-history":[{"count":10,"href":"https:\/\/waterlat.org\/es\/wp-json\/wp\/v2\/pages\/4\/revisions"}],"predecessor-version":[{"id":2463,"href":"https:\/\/waterlat.org\/es\/wp-json\/wp\/v2\/pages\/4\/revisions\/2463"}],"wp:attachment":[{"href":"https:\/\/waterlat.org\/es\/wp-json\/wp\/v2\/media?parent=4"}],"curies":[{"name":"wp","href":"https:\/\/api.w.org\/{rel}","templated":true}]}}