{"id":4023,"date":"2023-05-07T17:57:24","date_gmt":"2023-05-07T17:57:24","guid":{"rendered":"https:\/\/waterlat.org\/es\/?page_id=4023"},"modified":"2023-12-11T20:50:49","modified_gmt":"2023-12-11T20:50:49","slug":"libros-del-at2","status":"publish","type":"page","link":"https:\/\/waterlat.org\/es\/areas-tematicas\/at2\/libros-del-at2\/","title":{"rendered":"Libros del AT2"},"content":{"rendered":"Aqu\u00ed presentamos  libros producidos  por miembros del AT2 como parte de sus actividades como miembros de la Red  (no incluimos publicaciones que no corresponden a actividades de la Red.Estos libros reflejan  los intereses y rango tem\u00e1tico del AT2.\r\n\r\n<h2>Libros que son resultado del <a href=\"https:\/\/waterlat.org\/es\/premio-waterlat-para-estudiantes\/\">Premio para Estudiantes de la Red WATERLAT-GOBACIT<\/a>.<\/h2>\r\n&nbsp;\r\n&nbsp;\r\n\r\n<a href=\"http:\/\/waterlat.org\/wp-content\/uploads\/2017\/09\/capa-from-Poma_Defendiendo-territorioNUEVO.jpg\"><img loading=\"lazy\" decoding=\"async\" class=\"alignnone wp-image-3689\" src=\"http:\/\/waterlat.org\/wp-content\/uploads\/2017\/09\/capa-from-Poma_Defendiendo-territorioNUEVO.jpg\" alt=\"\" width=\"214\" height=\"298\" \/><\/a>\r\n<h2><\/h2>\r\n<strong>Este libro corresponde al <a href=\"https:\/\/waterlat.org\/es\/premio-waterlat-para-estudiantes\/premio-waterlat-gobacit-2014\/\">Premio de Estudiantes WATERLAT-GOBACIT 2014.<\/a><\/strong>\r\n<h2><\/h2>\r\n<a href=\"https:\/\/waterlat.org\/es\/publicaciones\/libros\/defendiendo\/\">Alice Poma, <span style=\"text-decoration: underline;\">Defendiendo Territorio y Dignidad. Emociones y Cambio Cultural en las Luchas contra Represas en Espa\u00f1a y M\u00e9xico<\/span><\/a>, Campina Grande, Para\u00edba, y Rio de Janeiro, Brasil: Editora da Universidade Estadual da Para\u00edba (EDUEPB), Red WATERLAT-GOBACIT, Escuela de Estudios Hispano Americanos (EEHA), Consejo Superior de Investigaciones Cient\u00edficas (CSIC), Espa\u00f1a, e Instituto Tecnol\u00f3gico y de Estudios Superiores de Occidente, Guadalajara, M\u00e9xico, 2017. DOI: 10.5281\/zenodo.3959169.\r\n<h2><\/h2>\r\n<h2><\/h2>\r\n\r\n<a href=\"https:\/\/waterlat.org\/wp-content\/uploads\/2021\/11\/capa-Marcos.jpg\"><img loading=\"lazy\" decoding=\"async\" class=\"alignnone size-medium wp-image-2744\" src=\"https:\/\/waterlat.org\/wp-content\/uploads\/2021\/11\/capa-Marcos.jpg\" alt=\"\" width=\"207\" height=\"300\" \/><\/a>\r\n<h2><\/h2>\r\nEste libro es un producto de la <a href=\"https:\/\/waterlat.org\/es\/premio-waterlat-para-estudiantes\/premio-2019\/\"> Edici\u00f3n 2019 del Premio de Estudiantes (Doctorado)<\/a> de la Red WATERLAT-GOBACIT.\r\n<h2><\/h2>\r\nMarcos Cristiano Zucarelli, <a href=\"https:\/\/waterlat.org\/es\/publicaciones\/libros\/alma-embarrada\/\"> La Matem\u00e1tica de la Gesti\u00f3n y el Alma embarrada: cr\u00edtica de la mediaci\u00f3n en el licenciamiento de proyectos y en los desastres dela miner\u00eda (en portugu\u00e9s)<\/a>. ISBN: 978-65-86221-49-7 (E-book). DOI: 10.5281 \/zenodo.5708641.\r\nCo-publicado en Newcastle upon Tyne, Reino Unido y Campina Grande, Para\u00edba, Brasil, por la Red WATERLAT-GOBACITy la <a href=\"http:\/\/eduepb.uepb.edu.br\/\"> Editora da Universidade Estadual da Para\u00edba (EDUEPB) <\/a> , 2021.\r\n<h2><\/h2>\r\n\r\n<h2>Libros que son resultado de <a href=\"https:\/\/waterlat.org\/es\/proyectos\/\">Proyectos de Investigaci\u00f3n<\/a> colectivos realizados por miembros del AT2.<\/h2>\r\n\r\n&nbsp;\r\n\r\n<a href=\"http:\/\/waterlat.org\/wp-content\/uploads\/2018\/05\/9789876302869-144x200.jpg\"><img loading=\"lazy\" decoding=\"async\" class=\"alignnone size-full wp-image-4797\" src=\"http:\/\/waterlat.org\/wp-content\/uploads\/2018\/05\/9789876302869-144x200.jpg\" alt=\"\" width=\"144\" height=\"200\" \/><\/a>\r\n\r\n<strong>Este libro es un producto del <a href=\" http:\/\/waterlat.org\/projects\/latin-american-network-for-academic-collaboration-and-exchange-for-the-study-of-water-management\/ \">Proyecto LANACE<\/a> de la Red WATERLAT-GOBACIT.<\/strong>\r\n\r\n<span style=\"line-height: 1.714285714; font-size: 1rem;\">Lorena Bottaro y Marian Sol\u00e1 \u00c1ngeles (Eds.)<\/span> <span style=\"text-decoration: underline;\"> Agua y Megaproyectos Mineros en Am\u00e9rica Latina<\/span><span style=\"line-height: 1.714285714; font-size: 1rem;\"> (ISBN 978-987-630-286-9), Los Polvorines, Buenos Aires, Argentina: <\/span><a style=\"line-height: 1.714285714; font-size: 1rem;\" href=\"https:\/\/waterlat.org\/es\/publicaciones\/libros\/agua-y-megaproyectos\/\">Ediciones UNGS, Universidad Nacional de General Sarmiento (UNGS) <\/a><span style=\"line-height: 1.714285714; font-size: 1rem;\"> y Red WATERLAT-GOBACIT, 2018. DOI: 10.5072\/zenodo.217575.<\/span>\r\n\r\n&nbsp;\r\n\r\n<a href=\"https:\/\/waterlat.org\/wp-content\/uploads\/2023\/12\/Cover-Ednilson-e-Simonne-scaled.jpg \"><img loading=\"lazy\" decoding=\"async\" class=\"alignnone size-medium wp-image-2744\" src=\"https:\/\/waterlat.org\/wp-content\/uploads\/2023\/12\/Cover-Ednilson-e-Simonne-scaled.jpg \" alt=\"\" width=\"207\" height=\"300\" \/><\/a>\r\n&nbsp;\r\nEdnilson Gomes y Simonne Texeira (Eds.),\r\n<span style=\"text-decoration: underline;\"><a href=\"https:\/\/waterlat.org\/es\/publicaciones\/libros\/pequenas-central\u2026tricas-en-brasil\/\"> Peque\u00f1as Centrales Hidroel\u00e9ctricas en Brasil. Legislaci\u00f3n, Conflictos e impactos. ISBN: 978-65-87726-39-71,<\/a> Campos dos Goytacazes, R\u00edo de Janeiro, Brasil y Newcastle upon Tyne, Reino Unido: Editora de la Universidade Estadual do Norte Fluminense Darcy Ribeiro (UENF) y Red WATERLAT-GOBACIT.<\/span>\r\n\r\n<a href=\"https:\/\/waterlat.org\/es\/areas-tematicas\/at2\/\">Volver a la Presentaci\u00f3n del AT2<\/a>","protected":false},"excerpt":{"rendered":"Aqu\u00ed presentamos libros producidos por miembros del AT2 como parte de sus actividades como miembros de la Red (no incluimos publicaciones que no corresponden a actividades de la Red.Estos libros reflejan los intereses y rango tem\u00e1tico del AT2. Libros que son resultado del Premio para Estudiantes de la Red WATERLAT-GOBACIT. &nbsp; &nbsp; Este libro corresponde [&hellip;]","protected":false},"author":3,"featured_media":0,"parent":1832,"menu_order":0,"comment_status":"closed","ping_status":"closed","template":"page-templates\/full-width.php","meta":{"_acf_changed":false,"footnotes":""},"class_list":["post-4023","page","type-page","status-publish","hentry","no-wpautop"],"acf":[],"_links":{"self":[{"href":"https:\/\/waterlat.org\/es\/wp-json\/wp\/v2\/pages\/4023","targetHints":{"allow":["GET"]}}],"collection":[{"href":"https:\/\/waterlat.org\/es\/wp-json\/wp\/v2\/pages"}],"about":[{"href":"https:\/\/waterlat.org\/es\/wp-json\/wp\/v2\/types\/page"}],"author":[{"embeddable":true,"href":"https:\/\/waterlat.org\/es\/wp-json\/wp\/v2\/users\/3"}],"replies":[{"embeddable":true,"href":"https:\/\/waterlat.org\/es\/wp-json\/wp\/v2\/comments?post=4023"}],"version-history":[{"count":8,"href":"https:\/\/waterlat.org\/es\/wp-json\/wp\/v2\/pages\/4023\/revisions"}],"predecessor-version":[{"id":4262,"href":"https:\/\/waterlat.org\/es\/wp-json\/wp\/v2\/pages\/4023\/revisions\/4262"}],"up":[{"embeddable":true,"href":"https:\/\/waterlat.org\/es\/wp-json\/wp\/v2\/pages\/1832"}],"wp:attachment":[{"href":"https:\/\/waterlat.org\/es\/wp-json\/wp\/v2\/media?parent=4023"}],"curies":[{"name":"wp","href":"https:\/\/api.w.org\/{rel}","templated":true}]}}