{"id":403,"date":"2014-01-29T07:24:25","date_gmt":"2014-01-29T07:24:25","guid":{"rendered":"http:\/\/waterlat.org\/es\/?page_id=403"},"modified":"2014-09-08T08:56:59","modified_gmt":"2014-09-08T08:56:59","slug":"boletin-informativo-breviarios-publicaciones-etc","status":"publish","type":"page","link":"https:\/\/waterlat.org\/es\/proyectos\/desafio\/boletin-informativo-breviarios-publicaciones-etc\/","title":{"rendered":"Bolet\u00edn informativo, breviarios, publicaciones, etc."},"content":{"rendered":"<p>&nbsp;<\/p>\n<p>El Proyecto\u00a0DESAFIO publica un Bolet\u00edn Informativo trimestral\u00a0y Breviarios de Pol\u00edticas P\u00fablicas para diseminaci\u00f3n.\u00a0Visite tambi\u00e9n las p\u00e1ginas de publicaciones y reuniones del proyecto.<\/p>\n<p>&nbsp;<\/p>\n<p><span style=\"color: #000000; font-family: Calibri; font-size: medium;\">Baje <\/span><a href=\"http:\/\/desafioglobal.org\/es\/boletin\/\"><span style=\"color: #0563c1; font-family: Calibri; font-size: medium;\">aqu\u00ed<\/span><\/a> el Bolet\u00edn Informativo de <span style=\"color: #000000; font-family: Calibri; font-size: medium;\">DESAFIO<\/span><\/p>\n<p><span style=\"color: #000000; font-family: Calibri; font-size: medium;\">Baje <\/span><a href=\"http:\/\/desafioglobal.org\/es\/documentos\/breviarios-de-politica-publica\/\"><span style=\"color: #0563c1; font-family: Calibri; font-size: medium;\">aqu\u00ed<\/span><\/a> <span style=\"color: #000000; font-family: Calibri; font-size: medium;\">los Breviarios de Pol\u00edticas P\u00fablicas de<\/span><span style=\"color: #000000; font-family: Calibri; font-size: medium;\"> DESAFIO<\/span><\/p>\n<p><span style=\"color: #000000; font-family: Calibri; font-size: medium;\">Visite la <a href=\"http:\/\/desafioglobal.org\/es\/reuniones\/\"><span style=\"color: #0563c1;\">p\u00e1gina de reuniones<\/span><\/a>\u00a0de\u00a0DESAFIO<\/span><\/p>\n<p><span style=\"color: #000000; font-family: Calibri; font-size: medium;\">Visite la <a href=\"http:\/\/desafioglobal.org\/es\/publicaciones\/\"><span style=\"color: #0563c1;\">p\u00e1gina de publicaciones<\/span><\/a>\u00a0de\u00a0DESAFIO<\/span><\/p>\n","protected":false},"excerpt":{"rendered":"<p>&nbsp; El Proyecto\u00a0DESAFIO publica un Bolet\u00edn Informativo trimestral\u00a0y Breviarios de Pol\u00edticas P\u00fablicas para diseminaci\u00f3n.\u00a0Visite tambi\u00e9n las p\u00e1ginas de publicaciones y reuniones del proyecto. &nbsp; Baje aqu\u00ed el Bolet\u00edn Informativo de DESAFIO Baje aqu\u00ed los Breviarios de Pol\u00edticas P\u00fablicas de DESAFIO Visite la p\u00e1gina de reuniones\u00a0de\u00a0DESAFIO Visite la p\u00e1gina de publicaciones\u00a0de\u00a0DESAFIO<\/p>\n","protected":false},"author":3,"featured_media":0,"parent":20,"menu_order":0,"comment_status":"closed","ping_status":"open","template":"page-templates\/full-width.php","meta":{"_acf_changed":false,"footnotes":""},"class_list":["post-403","page","type-page","status-publish","hentry","wpautop"],"acf":[],"_links":{"self":[{"href":"https:\/\/waterlat.org\/es\/wp-json\/wp\/v2\/pages\/403","targetHints":{"allow":["GET"]}}],"collection":[{"href":"https:\/\/waterlat.org\/es\/wp-json\/wp\/v2\/pages"}],"about":[{"href":"https:\/\/waterlat.org\/es\/wp-json\/wp\/v2\/types\/page"}],"author":[{"embeddable":true,"href":"https:\/\/waterlat.org\/es\/wp-json\/wp\/v2\/users\/3"}],"replies":[{"embeddable":true,"href":"https:\/\/waterlat.org\/es\/wp-json\/wp\/v2\/comments?post=403"}],"version-history":[{"count":2,"href":"https:\/\/waterlat.org\/es\/wp-json\/wp\/v2\/pages\/403\/revisions"}],"predecessor-version":[{"id":407,"href":"https:\/\/waterlat.org\/es\/wp-json\/wp\/v2\/pages\/403\/revisions\/407"}],"up":[{"embeddable":true,"href":"https:\/\/waterlat.org\/es\/wp-json\/wp\/v2\/pages\/20"}],"wp:attachment":[{"href":"https:\/\/waterlat.org\/es\/wp-json\/wp\/v2\/media?parent=403"}],"curies":[{"name":"wp","href":"https:\/\/api.w.org\/{rel}","templated":true}]}}