{"id":4058,"date":"2023-05-20T17:42:01","date_gmt":"2023-05-20T17:42:01","guid":{"rendered":"https:\/\/waterlat.org\/es\/?page_id=4058"},"modified":"2023-05-20T19:51:25","modified_gmt":"2023-05-20T19:51:25","slug":"cuadernos-de-trabajo-de-la-at3-desde-2017","status":"publish","type":"page","link":"https:\/\/waterlat.org\/es\/areas-tematicas\/at3\/at3-cuardenos-de-trabajo\/cuadernos-de-trabajo-de-la-at3-desde-2017\/","title":{"rendered":"Cuadernos de Trabajo de la Serie General de la AT3 (desde 2017)"},"content":{"rendered":"<a href=\"https:\/\/waterlat.org\/wp-content\/uploads\/2023\/05\/tapa-y-contratapa-V4n2-01.jpg\"><img loading=\"lazy\" decoding=\"async\" class=\"alignnone size-medium wp-image-2717\" src=\"https:\/\/waterlat.org\/wp-content\/uploads\/2023\/05\/tapa-y-contratapa-V4n2-01.jpg\" alt=\"Tapa WPSATAM22\" width=\"212\" height=\"300\" \/><\/a>.\r\n<h2><\/h2>\r\n<b>Pol\u00edtica y gesti\u00f3n del agua: resultados de investigaci\u00f3n de \u00c1frica, Asia, Europa y Am\u00e9rica Latina<\/b> (art\u00edculos en espa\u00f1ol, ingl\u00e9s y portugu\u00e9s). Editado por J.E. Castro, con art\u00edculos de M. Drakeford, R. Beveridge, E. M. Akpabio, E. S. Udofia, K. Takara, M. Tobias, D. Tagliavini, M., B. Casciarri, M. Van Aken, L. Arango, J. Rowlands, L. Dowbor, y A. M. Esteves Rodrigues. \r\nVol. 4 No 2, junio de 2017. <a href=\"https:\/\/waterlat.org\/working-papers-series\/vol4\/vol4no2\/\">Baje el n\u00famero aqu\u00ed<\/a>.\r\n<h2><\/h2>\r\n<a href=\"https:\/\/waterlat.org\/wp-content\/uploads\/2018\/03\/tapa-V5n1.jpg\"><img loading=\"lazy\" decoding=\"async\" class=\"alignnone size-medium wp-image-2717\" src=\"https:\/\/waterlat.org\/wp-content\/uploads\/2018\/03\/tapa-V5n1.jpg\" alt=\"Tapa WPSATAM22\" width=\"212\" height=\"300\" \/><\/a>.\r\n<h2><\/h2>\r\n<b>La lucha por la democracia en Espa\u00f1a: iniciativas desde abajo para defender los servicios de agua esenciales como un bien com\u00fan<\/b>. Editado por J.E. Castro y E. Bagu\u00e9 (Org.), con art\u00edculos de A. Varo Barranco, O. Flores Baquero, V. Cabello Villarejo, A. Lara Garcia, N. Hern\u00e1ndez-Mora, L. del Moral Ituarte, J. M. Mart\u00ednez Fern\u00e1ndez, T. Redondo Arranz, Plataforma contra la Privatizaci\u00f3n del Canal de Isabel II, y M. Cadevall Artigues.\r\nVol. 5 No 1, marzo de 2018. <a href=\"https:\/\/waterlat.org\/working-papers-series\/vol5\/vol5no1\/\">Baje el n\u00famero aqu\u00ed<\/a>.\r\n<h2><\/h2>\r\n<a href=\"https:\/\/waterlat.org\/pt\/wp-content\/uploads\/sites\/3\/2019\/03\/tapavol5no3.jpg\"><img loading=\"lazy\" decoding=\"async\" class=\"alignnone size-medium wp-image-2717\" src=\"https:\/\/waterlat.org\/pt\/wp-content\/uploads\/sites\/3\/2019\/03\/tapavol5no3.jpg\" alt=\"Tapa WPSATAM22\" width=\"212\" height=\"300\" \/><\/a>.\r\n<h2><\/h2>\r\n<b>Pol\u00edticas de desigualdad en el ciclo urbano del agua: experiencias de Argentina y Brasil <\/b>(en espa\u00f1ol y portugu\u00e9s). Editado por J.E. Castro, con art\u00edculos de S. Quintslr, A. Maiello, A. L. Britto, M. Aversa, V. Lucena Empinotti, J. Johannes Klink, A. P. Fracalanza, M. Gutierres Arteiro da Paz, and A.Nunez.\r\nVol. 5 No 3, septiembre de 2018. <a href=\"https:\/\/waterlat.org\/working-papers-series\/vol5\/vol-5-no-3\/\">Baje el n\u00famero aqu\u00ed<\/a>.\r\n<h2><\/h2>\r\n<a href=\"https:\/\/waterlat.org\/wp-content\/uploads\/2019\/11\/Cover54.jpg\"><img loading=\"lazy\" decoding=\"async\" class=\"alignnone size-medium wp-image-2717\" src=\"https:\/\/waterlat.org\/wp-content\/uploads\/2019\/11\/Cover54.jpg\" alt=\"Tapa WPSATAM22\" width=\"212\" height=\"300\" \/><\/a>.\r\n<h2><\/h2>\r\n<b>Desaf\u00edos y oportunidades que enfrentan las cooperativas de agua y saneamiento: experiencias de Argentina y Finlandia<\/b> (en ingl\u00e9s y espa\u00f1ol). Editado por J.E. Castro y T. Katko, con art\u00edculos de  P. E. Pietila, J. Vihanta, P. S. Juuti, R. P. Rajala, M. Orta, M. Portapila, A. Munoz, I. Perez, y J. U. Deon.\r\nVol. 5 No 4, diciembre de 2018. <a href=\"https:\/\/waterlat.org\/working-papers-series\/vol5\/vol-5-no-4\/\">Baje el n\u00famero aqu\u00ed<\/a>.\r\n<h2><\/h2>\r\n<a href=\"https:\/\/waterlat.org\/wp-content\/uploads\/2020\/12\/tapa72.jpg\"><img loading=\"lazy\" decoding=\"async\" class=\"alignnone size-medium wp-image-2717\" src=\"https:\/\/waterlat.org\/wp-content\/uploads\/2020\/12\/tapa72.jpg\" alt=\"Tapa WPSATAM22\" width=\"212\" height=\"300\" \/><\/a>.\r\n<h2><\/h2>\r\n<b>Experiencias comunitarias en la gesti\u00f3n del agua: aportes desde la innovaci\u00f3n social, la ciencia participativa y el di\u00e1logo de saberes II<\/b>. Editado por  M. Morales-Magana, J. Paneque-Galvez, y A. Torres-Abreu, con art\u00edculos de A. Torres-Abreu, R. Mori-Gonz\u00e1lez, A. M. Reyes D\u00edaz, J. C. Rivera Ramos, R. Molina Carrasquillo, S. C. Molina Parrilla, Y. Hillon, C. Puggian, A.Augusto Rossotto Ioris, M. A. Maciel Costa, S.Fernandes Raulino, y C. A. Becerril-Tinoco.\r\nVol. 7 No 2, junio de 2020. <a href=\"https:\/\/waterlat.org\/working-papers-series\/volume-7-2020\/vol-7-no-2\/\">Baje el n\u00famero aqu\u00ed<\/a>.\r\n<h2><\/h2>\r\n<a href=\"https:\/\/waterlat.org\/wp-content\/uploads\/2021\/01\/Tapa73.jpg\"><img loading=\"lazy\" decoding=\"async\" class=\"alignnone size-medium wp-image-2717\" src=\"https:\/\/waterlat.org\/wp-content\/uploads\/2021\/01\/Tapa73.jpg\" alt=\"Tapa WPSATAM22\" width=\"212\" height=\"300\" \/><\/a>.\r\n<h2><\/h2>\r\n<b>Examinando las pol\u00edticas del agua: lecciones de Bolivia, Chile, Francia y Espa\u00f1a<\/b>(en espa\u00f1ol e ingl\u00e9s). Editado por  J.E.Castro, con art\u00edculos de C. Pezon, C. Flores Fernandez, M. Bayer, F.Minelli, y N. Rodriguez Prieto.\r\nVol. 7 No 3, septiembre de 2020. <a href=\"https:\/\/waterlat.org\/working-papers-series\/volume-7-2020\/vol-7-no-3\/\">Baje el n\u00famero aqu\u00ed<\/a>.\r\n<h2><\/h2>\r\n<a href=\"https:\/\/waterlat.org\/wp-content\/uploads\/2022\/07\/7-No4Cover.jpg\"><img loading=\"lazy\" decoding=\"async\" class=\"alignnone size-medium wp-image-2717\" src=\"https:\/\/waterlat.org\/wp-content\/uploads\/2022\/07\/7-No4Cover.jpg\" alt=\"Tapa WPSATAM22\" width=\"212\" height=\"300\" \/><\/a>.\r\n<h2><\/h2>\r\n<b>Recolecci\u00f3n y gesti\u00f3n de agua de lluvia en medios urbanos y rurales: introducci\u00f3n general y experiencias de Argentina, Brasil, Chile, M\u00e9xico y Paraguay <\/b>(en espa\u00f1ol y portugu\u00e9s). Editado por  J.E.Castro, con art\u00edculos de D. Saur\u00ed Pujol, M. Sanzana Calvet, D. Tagle-Zamora, R. de Sousa Miranda,L. T\u00e1ssila Ferreira, A. M. Att\u00edas Sol\u00e9, and R. D. Lombardo L\u00f3pez.\r\nVol. 7 No 4, diciembre de 2020. <a href=\"https:\/\/waterlat.org\/working-papers-series\/volume-7-2020\/vol-7-no-4\/\">Baje el n\u00famero aqu\u00ed<\/a>.\r\n<h2><\/h2>\r\n\r\n\r\n\r\n\r\n\r\n\r\n\r\n<h2><\/h2>\r\n\r\n<a href=\"https:\/\/waterlat.org\/es\/at3\/\">Volver a la Presentaci\u00f3n del AT3<\/a>","protected":false},"excerpt":{"rendered":". Pol\u00edtica y gesti\u00f3n del agua: resultados de investigaci\u00f3n de \u00c1frica, Asia, Europa y Am\u00e9rica Latina (art\u00edculos en espa\u00f1ol, ingl\u00e9s y portugu\u00e9s). Editado por J.E. Castro, con art\u00edculos de M. Drakeford, R. Beveridge, E. M. Akpabio, E. S. Udofia, K. Takara, M. Tobias, D. Tagliavini, M., B. Casciarri, M. Van Aken, L. Arango, J. Rowlands, [&hellip;]","protected":false},"author":3,"featured_media":0,"parent":1614,"menu_order":0,"comment_status":"closed","ping_status":"closed","template":"page-templates\/full-width.php","meta":{"_acf_changed":false,"footnotes":""},"class_list":["post-4058","page","type-page","status-publish","hentry","no-wpautop"],"acf":[],"_links":{"self":[{"href":"https:\/\/waterlat.org\/es\/wp-json\/wp\/v2\/pages\/4058","targetHints":{"allow":["GET"]}}],"collection":[{"href":"https:\/\/waterlat.org\/es\/wp-json\/wp\/v2\/pages"}],"about":[{"href":"https:\/\/waterlat.org\/es\/wp-json\/wp\/v2\/types\/page"}],"author":[{"embeddable":true,"href":"https:\/\/waterlat.org\/es\/wp-json\/wp\/v2\/users\/3"}],"replies":[{"embeddable":true,"href":"https:\/\/waterlat.org\/es\/wp-json\/wp\/v2\/comments?post=4058"}],"version-history":[{"count":13,"href":"https:\/\/waterlat.org\/es\/wp-json\/wp\/v2\/pages\/4058\/revisions"}],"predecessor-version":[{"id":4123,"href":"https:\/\/waterlat.org\/es\/wp-json\/wp\/v2\/pages\/4058\/revisions\/4123"}],"up":[{"embeddable":true,"href":"https:\/\/waterlat.org\/es\/wp-json\/wp\/v2\/pages\/1614"}],"wp:attachment":[{"href":"https:\/\/waterlat.org\/es\/wp-json\/wp\/v2\/media?parent=4058"}],"curies":[{"name":"wp","href":"https:\/\/api.w.org\/{rel}","templated":true}]}}