{"id":4142,"date":"2023-05-21T21:47:24","date_gmt":"2023-05-21T21:47:24","guid":{"rendered":"https:\/\/waterlat.org\/es\/?page_id=4142"},"modified":"2023-05-22T14:11:26","modified_gmt":"2023-05-22T14:11:26","slug":"libros-del-at5","status":"publish","type":"page","link":"https:\/\/waterlat.org\/es\/areas-tematicas\/at5\/libros-del-at5\/","title":{"rendered":"Libros del AT5"},"content":{"rendered":"Aqu\u00ed presentamos  libros producidos  por miembros del AT5 como parte de sus actividades como miembros de la Red  (no incluimos publicaciones que no corresponden a actividades de la Red.Estos libros reflejan  los intereses y rango tem\u00e1tico del AT5.Algunos libros tambi\u00e9n pueden cubrir temas de otras  \u00c1reas Tem\u00e1ticas.\r\n\r\n<h2>Libros que son resultado del <a href=\"https:\/\/waterlat.org\/es\/premio-waterlat-para-estudiantes\/\">Premio para Estudiantes de la Red WATERLAT-GOBACIT<\/a>.<\/h2>\r\n\r\n<h2><\/h2>\r\n\r\n<a href=\" http:\/\/waterlat.org\/wp-content\/uploads\/2019\/09\/tapa.jpg\"><img loading=\"lazy\" decoding=\"async\" class=\"alignnone size-medium wp-image-2744\" src=\" http:\/\/waterlat.org\/wp-content\/uploads\/2019\/09\/tapa.jpg\" alt=\"\" width=\"207\" height=\"300\" \/><\/a>\r\n<h2><\/h2>\r\n\r\nEste libro es un producto de la <a href=\" https:\/\/waterlat.org\/es\/premio-waterlat-para-estudiantes\/premio-2016\/\">Edici\u00f3n 2016 del Premio de Estudiantes (Maestr\u00eda)<\/a> de la Red WATERLAT-GOBACIT.\r\n<h2><\/h2>\r\n\r\nAline Silveira Viana, <a href=\"https:\/\/waterlat.org\/es\/publicaciones\/libros\/el-desastre\/\">El Desastre y el Caos Velado: El enfrentamiento individual, interpersonal y colectivo de ancianos y familiares)<\/a> (en portugu\u00e9s) ( ISBN: 978-987-86-3795-2) [E-book] (DOI: 10.5281\/zenodo.3950539). Co-publicado en Newcastle upon Tyne, Reino Unido, Campina Grande, Para\u00edba, Brasil, Buenos Aires, Argentina y Alcal\u00e1 de Henares, Espa\u00f1a, por Red WATERLAT-GOBACIT, <a href=\"http:\/\/eduepb.uepb.edu.br\/\"> Editora de la Universidad Estatal de Para\u00edba (EDUEPB)&lt; <\/a><a href=\"https:\/\/ielat.com\">Instituto Universitario de Investigaci\u00f3n en Estudios Latinoamericanos (IELAT), Universidad de Alcal\u00e1<\/a><a href=\"http:\/\/eduepb.uepb.edu.br\/\">, [2020.<\/a>\r\n\r\n<h2><\/h2>\r\n\r\n<a href=\"https:\/\/waterlat.org\/es\/areas-tematicas\/at5\/\">Volver a la Presentaci\u00f3n del AT5<\/a>","protected":false},"excerpt":{"rendered":"Aqu\u00ed presentamos libros producidos por miembros del AT5 como parte de sus actividades como miembros de la Red (no incluimos publicaciones que no corresponden a actividades de la Red.Estos libros reflejan los intereses y rango tem\u00e1tico del AT5.Algunos libros tambi\u00e9n pueden cubrir temas de otras \u00c1reas Tem\u00e1ticas. Libros que son resultado del Premio para Estudiantes [&hellip;]","protected":false},"author":3,"featured_media":0,"parent":2004,"menu_order":0,"comment_status":"closed","ping_status":"closed","template":"page-templates\/full-width.php","meta":{"_acf_changed":false,"footnotes":""},"class_list":["post-4142","page","type-page","status-publish","hentry","no-wpautop"],"acf":[],"_links":{"self":[{"href":"https:\/\/waterlat.org\/es\/wp-json\/wp\/v2\/pages\/4142","targetHints":{"allow":["GET"]}}],"collection":[{"href":"https:\/\/waterlat.org\/es\/wp-json\/wp\/v2\/pages"}],"about":[{"href":"https:\/\/waterlat.org\/es\/wp-json\/wp\/v2\/types\/page"}],"author":[{"embeddable":true,"href":"https:\/\/waterlat.org\/es\/wp-json\/wp\/v2\/users\/3"}],"replies":[{"embeddable":true,"href":"https:\/\/waterlat.org\/es\/wp-json\/wp\/v2\/comments?post=4142"}],"version-history":[{"count":4,"href":"https:\/\/waterlat.org\/es\/wp-json\/wp\/v2\/pages\/4142\/revisions"}],"predecessor-version":[{"id":4147,"href":"https:\/\/waterlat.org\/es\/wp-json\/wp\/v2\/pages\/4142\/revisions\/4147"}],"up":[{"embeddable":true,"href":"https:\/\/waterlat.org\/es\/wp-json\/wp\/v2\/pages\/2004"}],"wp:attachment":[{"href":"https:\/\/waterlat.org\/es\/wp-json\/wp\/v2\/media?parent=4142"}],"curies":[{"name":"wp","href":"https:\/\/api.w.org\/{rel}","templated":true}]}}