{"id":4150,"date":"2023-05-22T14:05:38","date_gmt":"2023-05-22T14:05:38","guid":{"rendered":"https:\/\/waterlat.org\/es\/?page_id=4150"},"modified":"2023-05-22T14:22:56","modified_gmt":"2023-05-22T14:22:56","slug":"libros-del-at8","status":"publish","type":"page","link":"https:\/\/waterlat.org\/es\/areas-tematicas\/at8\/libros-del-at8\/","title":{"rendered":"Libros del AT8"},"content":{"rendered":"Aqu\u00ed presentamos  libros producidos  por miembros del AT8 como parte de sus actividades como miembros de la Red  (no incluimos publicaciones que no corresponden a actividades de la Red.Estos libros reflejan  los intereses y rango tem\u00e1tico del AT5.Algunos libros tambi\u00e9n pueden cubrir temas de otras  \u00c1reas Tem\u00e1ticas.\r\n\r\n<h2>Libros que son resultado del <a href=\"https:\/\/waterlat.org\/es\/premio-waterlat-para-estudiantes\/\">Premio para Estudiantes de la Red WATERLAT-GOBACIT<\/a>.<\/h2>\r\n\r\n<h2><\/h2>\r\n\r\n<a href=\" http:\/\/waterlat.org\/wp-content\/uploads\/2019\/09\/tapa.jpg\"><img loading=\"lazy\" decoding=\"async\" class=\"alignnone size-medium wp-image-2744\" src=\" http:\/\/waterlat.org\/wp-content\/uploads\/2019\/09\/tapa.jpg\" alt=\"\" width=\"207\" height=\"300\" \/><\/a>\r\n<h2><\/h2>\r\n\r\nEste libro es un producto de la <a href=\" https:\/\/waterlat.org\/es\/premio-waterlat-para-estudiantes\/premio-2016\/\">Edici\u00f3n 2016 del Premio de Estudiantes (Maestr\u00eda)<\/a> de la Red WATERLAT-GOBACIT.\r\n<h2><\/h2>\r\n\r\nAline Silveira Viana, <a href=\"https:\/\/waterlat.org\/es\/publicaciones\/libros\/el-desastre\/\">El Desastre y el Caos Velado: El enfrentamiento individual, interpersonal y colectivo de ancianos y familiares)<\/a> (en portugu\u00e9s) ( ISBN: 978-987-86-3795-2) [E-book] (DOI: 10.5281\/zenodo.3950539). Co-publicado en Newcastle upon Tyne, Reino Unido, Campina Grande, Para\u00edba, Brasil, Buenos Aires, Argentina y Alcal\u00e1 de Henares, Espa\u00f1a, por Red WATERLAT-GOBACIT, <a href=\"http:\/\/eduepb.uepb.edu.br\/\"> Editora de la Universidad Estatal de Para\u00edba (EDUEPB)&lt; <\/a><a href=\"https:\/\/ielat.com\">Instituto Universitario de Investigaci\u00f3n en Estudios Latinoamericanos (IELAT), Universidad de Alcal\u00e1<\/a><a href=\"http:\/\/eduepb.uepb.edu.br\/\">, [2020.<\/a>\r\n\r\n<h2><\/h2>\r\n\r\n<h2><\/h2>\r\n\r\n<a href=\"https:\/\/waterlat.org\/wp-content\/uploads\/2021\/11\/capa-Marcos.jpg\"><img loading=\"lazy\" decoding=\"async\" class=\"alignnone size-medium wp-image-2744\" src=\"https:\/\/waterlat.org\/wp-content\/uploads\/2021\/11\/capa-Marcos.jpg\" alt=\"\" width=\"207\" height=\"300\" \/><\/a>\r\n<h2><\/h2>\r\nEste libro es un producto de la <a href=\"https:\/\/waterlat.org\/es\/premio-waterlat-para-estudiantes\/premio-2019\/\"> Edici\u00f3n 2019 del Premio de Estudiantes (Doctorado)<\/a> de la Red WATERLAT-GOBACIT.\r\n<h2><\/h2>\r\nMarcos Cristiano Zucarelli, <a href=\"https:\/\/waterlat.org\/es\/publicaciones\/libros\/alma-embarrada\/\"> La Matem\u00e1tica de la Gesti\u00f3n y el Alma embarrada: cr\u00edtica de la mediaci\u00f3n en el licenciamiento de proyectos y en los desastres dela miner\u00eda (en portugu\u00e9s)<\/a>. ISBN: 978-65-86221-49-7 (E-book). DOI: 10.5281 \/zenodo.5708641.\r\nCo-publicado en Newcastle upon Tyne, Reino Unido y Campina Grande, Para\u00edba, Brasil, por la Red WATERLAT-GOBACITy la <a href=\"http:\/\/eduepb.uepb.edu.br\/\"> Editora da Universidade Estadual da Para\u00edba (EDUEPB) <\/a> , 2021.\r\n<h2><\/h2>\r\n\r\n<a href=\"https:\/\/waterlat.org\/es\/areas-tematicas\/at8\/\">Volver a la Presentaci\u00f3n del AT8<\/a>","protected":false},"excerpt":{"rendered":"Aqu\u00ed presentamos libros producidos por miembros del AT8 como parte de sus actividades como miembros de la Red (no incluimos publicaciones que no corresponden a actividades de la Red.Estos libros reflejan los intereses y rango tem\u00e1tico del AT5.Algunos libros tambi\u00e9n pueden cubrir temas de otras \u00c1reas Tem\u00e1ticas. Libros que son resultado del Premio para Estudiantes [&hellip;]","protected":false},"author":3,"featured_media":0,"parent":1791,"menu_order":0,"comment_status":"closed","ping_status":"closed","template":"page-templates\/full-width.php","meta":{"_acf_changed":false,"footnotes":""},"class_list":["post-4150","page","type-page","status-publish","hentry","no-wpautop"],"acf":[],"_links":{"self":[{"href":"https:\/\/waterlat.org\/es\/wp-json\/wp\/v2\/pages\/4150","targetHints":{"allow":["GET"]}}],"collection":[{"href":"https:\/\/waterlat.org\/es\/wp-json\/wp\/v2\/pages"}],"about":[{"href":"https:\/\/waterlat.org\/es\/wp-json\/wp\/v2\/types\/page"}],"author":[{"embeddable":true,"href":"https:\/\/waterlat.org\/es\/wp-json\/wp\/v2\/users\/3"}],"replies":[{"embeddable":true,"href":"https:\/\/waterlat.org\/es\/wp-json\/wp\/v2\/comments?post=4150"}],"version-history":[{"count":4,"href":"https:\/\/waterlat.org\/es\/wp-json\/wp\/v2\/pages\/4150\/revisions"}],"predecessor-version":[{"id":4156,"href":"https:\/\/waterlat.org\/es\/wp-json\/wp\/v2\/pages\/4150\/revisions\/4156"}],"up":[{"embeddable":true,"href":"https:\/\/waterlat.org\/es\/wp-json\/wp\/v2\/pages\/1791"}],"wp:attachment":[{"href":"https:\/\/waterlat.org\/es\/wp-json\/wp\/v2\/media?parent=4150"}],"curies":[{"name":"wp","href":"https:\/\/api.w.org\/{rel}","templated":true}]}}