{"id":4242,"date":"2023-11-19T14:08:38","date_gmt":"2023-11-19T14:08:38","guid":{"rendered":"https:\/\/waterlat.org\/es\/?page_id=4242"},"modified":"2023-12-01T19:37:30","modified_gmt":"2023-12-01T19:37:30","slug":"vol9-no-3","status":"publish","type":"page","link":"https:\/\/waterlat.org\/es\/working-papers-series\/volumen-9-2022\/vol9-no-3\/","title":{"rendered":"Vol9, No 3"},"content":{"rendered":"<style>\r\n.entry-content img, .comment-content img, .widget img, img.header-image, .author-avatar img, img.wp-post-image {\r\nbox-shadow: none;\r\n}\r\n.box {\r\n  width: 40%;\r\n  margin: 0 auto;\r\n  background: rgba(255,255,255,0.2);\r\n  padding: 35px;\r\n  border: 2px solid #fff;\r\n  border-radius: 20px\/50px;\r\n  background-clip: padding-box;\r\n  text-align: center;\r\n}\r\n\r\n.pl_issn{text-align: right;    margin-bottom: 25px !important;font-size: 14px;display: inline;float: right;}\r\n.overlay {\r\n  position: fixed;\r\n  top: 0;\r\n  bottom: 0;\r\n  left: 0;\r\n  right: 0;\r\n  background: rgba(0, 0, 0, 0.7);\r\n  transition: opacity 500ms;\r\n  visibility: hidden;\r\n  opacity: 0;\r\n}\r\n.overlay:target {\r\n  visibility: visible;\r\n  opacity: 1;\r\n}\r\n\r\n.popup {\r\n  margin: 70px auto;\r\n  padding: 20px;\r\n  background: #fff;\r\n  border-radius: 5px;\r\n  width: 30%;\r\n  position: relative;\r\n  transition: all 5s ease-in-out;\r\n}\r\n\r\n.popup h2 {\r\n  margin-top: 0;\r\n  color: #333;\r\n  font-family: Tahoma, Arial, sans-serif;\r\n}\r\n.popup .close {\r\n  position: absolute;\r\n  top: 20px;\r\n  right: 30px;\r\n  transition: all 200ms;\r\n  font-size: 30px;\r\n  font-weight: bold;\r\n  text-decoration: none;\r\n  color: #333;\r\n}\r\n.popup .close:hover {\r\n  color: rgb(0, 66, 126);\r\n}\r\n.popup .content {\r\n  max-height: 30%;\r\n  overflow: auto;\r\n}\r\n\r\n@media screen and (max-width: 700px){\r\n  .box{\r\n    width: 70%;\r\n  }\r\n  .popup{\r\n    width: 70%;\r\n  }\r\n}\r\n.entry-content p {\r\nline-height: normal;\r\nmargin: 0;\r\n}\r\n\r\n.wp_cuaderno {display: inline-block; background-color: #ededed; box-shadow: 0 4px 8px 0 rgba(0, 0, 0, 0.2), 0 6px 20px 0 rgba(0, 0, 0, 0.19); padding: 20px 50px;}\r\n.wp_portada {float:left;}\r\n.wp_info{margin-left: 170px;}\r\np.titulo{font-size:18px;}\r\n.wp_info.desc{width: 90%; margin: 5px 0px;}\r\n.wp_info p {margin-bottom:3px;}\r\n.wp_info.serie{width: 360px;}\r\n.wp_info a {margin-top:8px;}\r\n\r\n.wp_descargas{clear: both; padding-top: 3px;}\r\n\r\n.dw_pdf {\r\n        background-color: rgba(251, 116, 116, 0);\r\n    padding: 8px 9px;\r\n    color: #b52335;\r\n    text-decoration: none;\r\n    border: 2px #b52335 solid;\r\n    transition: 0.2s all;\r\n    border-radius: 4px;\r\n    font-weight: 600;}\r\n.dw_pdf:hover{background-color: #b52335; color:white;}\r\n.dw_pdf i {font-size:25px; vertical-align: bottom; margin-right: 3px;}\r\n\r\n.dw_pdf-full {\r\n        background-color: rgba(251, 116, 116, 0);\r\n    padding: 8px 51px;\r\n    color: #b52335;\r\n    text-decoration: none;\r\n    border: 2px #b52335 solid;\r\n    transition: 0.2s all;\r\n    border-radius: 4px;\r\n    font-weight: 600;}\r\n.dw_pdf-full:hover{background-color: #b52335; color:white;}\r\n.dw_pdf-full i {font-size:25px; vertical-align: bottom; margin-right: 3px;}\r\n\r\n.dw_epub {background-color: rgba(251, 116, 116, 0);\r\n    padding: 8px 6px;\r\n    color: #0964bd;\r\n    text-decoration: none;\r\n    border: 2px #0964bd solid;\r\n    transition: 0.2s all;\r\n    border-radius: 4px;\r\n    margin-left: 5px;\r\n    font-weight: 600;}\r\n.dw_epub:hover{background-color: #0964bd; color:white;}\r\n.dw_epub i {font-size:25px; vertical-align: bottom; margin-right: 3px;}\r\n\r\n\r\n.wp_sec-art{padding-left: 50px; padding-top: 10px;}\r\n.wp_articulo{padding-top:40px;}\r\n.wp_articulo.tituloar{font-size:17px;}\r\na.desar {text-decoration: none; float:left; margin-right: 20px;}\r\n\r\n<\/style>\r\n\r\n<!-- CUADERNO !-->\r\n<p class=\"pl_issn\">ISSN: (Print)<b> 2056-4856<\/b>\r\nISSN: (Online) <b>2056-4864<\/b><\/p>\r\n\r\n<div class=\"wp_cuaderno\">\r\n\r\n<!-- PORTADA !-->\r\n<div class=\"wp_portada\"><img decoding=\"async\" src=\"https:\/\/waterlat.org\/wp-content\/uploads\/2023\/11\/Vol9.3Cover.jpg\" width=\"158px \" \/><\/div>\r\n<!-- INFORMACION DERECHA !-->\r\n<div class=\"wp_info\">\r\n\r\n<!-- TITULO !--> <b><\/b>\r\n<p class=\"titulo\"><b>Vol. 9, No. 3<\/b><\/p>\r\n\r\n<!-- FECHA !-->\r\n\r\nseptiembre de 2022\r\n\r\n<!-- AUTOR !-->\r\n\r\nJos\u00e9 Esteban Castro (Ed.)\r\n\r\n<!-- DOI !--> <i><\/i>\r\n\r\nDOI: 10.5281\/zenodo.10155429\r\n\r\n<!-- DESCR !--> <b><\/b>\r\n<p class=\"desc\"><b>Produciendo conocimiento sobre el agua. Controversias te\u00f3ricas y metodol\u00f3gicas, flujos, meandros, rigideces, y la b\u00fasqueda de la \u201ctransdisciplinaridad plena\u201d.<\/b> (en espa\u00f1ol ingl\u00e9s y portugu\u00e9s)<\/p>\r\n<!-- SERIE   <i>\r\n<p class=\"serie\">??? (serie)<\/p>\r\n<\/i>!-->\r\n<!-- CITA !--> <i><a class=\"desar\" style=\"color: #9ad3f9;\" href=\"https:\/\/zenodo.org\/record\/10155429#invenio-csl\">Exportar Cita<\/a><\/i>\r\n\r\n<\/div>\r\n<!-- DESCARGAS !-->\r\n<div class=\"wp_descargas\"><!-- PDF LINK !--> <a class=\"dw_pdf-full\" href=\"https:\/\/zenodo.org\/record\/10155429\" target=\"_blank\" rel=\"noopener noreferrer\"><i class=\"fa fa-file-pdf-o\" aria-hidden=\"true\"><\/i>PDF<\/a>\r\n<!-- PDF LINK  <a href=\"#\" class=\"dw_pdf\"><i class=\"fa fa-file-pdf-o\" aria-hidden=\"true\" fa-3x><\/i>PDF<\/a>\r\nEPUB LINK  <a href=\"#\" class=\"dw_epub\"><i class=\"fa fa-file-text-o\" aria-hidden=\"true\"><\/i>EPUB<\/a>!--><\/div>\r\n<\/div>\r\n<!-- SECCION ARTICULOS !-->\r\n<div style=\"margin-top: 30px;\">\r\n<h3 style=\"margin-bottom: 5px;\">Art\u00edculos<\/h3>\r\n\r\n<hr style=\"margin: 0;\" \/>\r\n\r\n<!-- ARTICULOS !-->\r\n<div class=\"wp_sec-art\">\r\n <!-- ARTICULO INDIVIDUAL !-->\r\n      <div class=\"wp_articulo\">\r\n        <!-- TITULO !-->  <b><p class=\"tituloar\"> Reflexiones sobre los desaf\u00edos en la articulaci\u00f3n del conocimiento os de las x-disciplinariedades, p\u00e1gs. 7-26<\/p><\/b>\r\n        <!-- AUTOR  !-->  <p> Enrique Luengo Gonz\u00e1lez  <\/p>\r\n        <!-- DOI    !-->  <p style=\"float:left;\">DOI: <\/p><p>10.5281\/zenodo.5550910<\/p>\r\n        <!-- PDF LINK  !-->  <a class=\"desar\"  href=\"https:\/\/zenodo.org\/record\/5550910\"><b><p style=\"color:#ff5e73;\">PDF<\/p><\/b><\/a>\r\n        <!-- EPUB LINK   <a class=\"desar\"  href=\"#\"><b><p style=\"color:#3e99f9;\">EPUB<\/p><\/b><\/a>!-->\r\n        <!-- CITA LINK !-->  <a class=\"desar\"  href=\"https:\/\/zenodo.org\/record\/5550910#invenio-csl\"><p style=\"color:#9ad3f9;\">Exportar Cita<\/p><\/a>\r\n<\/div>\r\n<!-- ARTICULO INDIVIDUAL !-->\r\n      <div class=\"wp_articulo\">\r\n        <!-- TITULO !-->  <b><p class=\"tituloar\"> La transdisciplinariedad en el estudio de los problemas complejos p\u00e1gs. 27-41<\/p><\/b>\r\n        <!-- AUTOR  !-->  <p> Norma Georgina Guti\u00e9rrez Serrano <\/p>\r\n        <!-- DOI    !-->  <p style=\"float:left;\">DOI: <\/p><p>10.5281\/zenodo.10155500<\/p>\r\n        <!-- PDF LINK  !-->  <a class=\"desar\"  href=\"https:\/\/zenodo.org\/record\/10155500\"><b><p style=\"color:#ff5e73;\">PDF<\/p><\/b><\/a>\r\n        <!-- EPUB LINK   <a class=\"desar\"  href=\"#\"><b><p style=\"color:#3e99f9;\">EPUB<\/p><\/b><\/a>!-->\r\n        <!-- CITA LINK !-->  <a class=\"desar\"  href=\"https:\/\/zenodo.org\/record\/10155500#invenio-csl\"><p style=\"color:#9ad3f9;\">Exportar Cita<\/p><\/a>\r\n<\/div>\r\n\r\n<!-- ARTICULO INDIVIDUAL !-->\r\n      <div class=\"wp_articulo\">\r\n        <!-- TITULO !-->  <b><p class=\"tituloar\"> Traspasando fronteras vigiladas: notas sobre el ejercicio de la interdisciplinariedad en cuestiones socioambientales. p\u00e1gs. 42-64<\/p><\/b>(en portugu\u00e9s)\r\n        <!-- AUTOR  !-->  <p> Norma Valencio<\/p>\r\n        <!-- DOI    !-->  <p style=\"float:left;\">DOI: <\/p><p>10.5281\/zenodo.10155505<\/p>\r\n        <!-- PDF LINK  !-->  <a class=\"desar\"  href=\"https:\/\/zenodo.org\/record\/10155505\"><b><p style=\"color:#ff5e73;\">PDF<\/p><\/b><\/a>\r\n        <!-- EPUB LINK   <a class=\"desar\"  href=\"#\"><b><p style=\"color:#3e99f9;\">EPUB<\/p><\/b><\/a>!-->\r\n        <!-- CITA LINK !-->  <a class=\"desar\"  href=\"https:\/\/zenodo.org\/record\/10155505#invenio-csl\"><p style=\"color:#9ad3f9;\">Exportar Cita<\/p><\/a>\r\n<\/div>\r\n\r\n<!-- ARTICULO INDIVIDUAL !-->\r\n      <div class=\"wp_articulo\">\r\n        <!-- TITULO !-->  <b><p class=\"tituloar\"> El principio de com\u00fan en las luchas por el agua del Siglo 21. Apuntes y reflexiones sobre un Di\u00e1logo con Pierre Dardot. p\u00e1gs. 65-88<\/p><\/b>\r\n        <!-- AUTOR  !-->  <p> Gisela Ariana Rausch, Rosa Paola Avi\u00f1a Escot, Lorena Bottaro, Ana N\u00fa\u00f1ez, Franco Salvadores, Marian Sola \u00c1lvarez y Laura Priscila Tercero Cruz\r\n<\/p>\r\n        <!-- DOI    !-->  <p style=\"float:left;\">DOI: <\/p><p>10.5281\/zenodo.10155509<\/p>\r\n        <!-- PDF LINK  !-->  <a class=\"desar\"  href=\"https:\/\/zenodo.org\/record\/10155509\"><b><p style=\"color:#ff5e73;\">PDF<\/p><\/b><\/a>\r\n        <!-- EPUB LINK   <a class=\"desar\"  href=\"#\"><b><p style=\"color:#3e99f9;\">EPUB<\/p><\/b><\/a>!-->\r\n        <!-- CITA LINK !-->  <a class=\"desar\"  href=\"https:\/\/zenodo.org\/record\/10155509#invenio-csl\"><p style=\"color:#9ad3f9;\">Exportar Cita<\/p><\/a>\r\n<\/div>\r\n\r\n<\/div>\r\n<!-- ARTICULO INDIVIDUAL !-->\r\n      <div class=\"wp_articulo\">\r\n        <!-- TITULO !-->  <b><p class=\"tituloar\"> Investigaci\u00f3n  Inter- y transdisciplinar  en la  Gesti\u00f3n  Integrada de Recursos H\u00eddricos:  \r\nManagement: aprendizajes  de un  estudio de caso en Tandil, Buenos Aires,\r\nArgentina. p\u00e1gs. 89-123<\/p><\/b>(en ingl\u00e9s )\r\n        <!-- AUTOR  !-->  <p> Luciano Villalba y Bianca Vienni-Baptista\r\n<\/p>\r\n        <!-- DOI    !-->  <p style=\"float:left;\">DOI: <\/p><p>10.5281\/zenodo.10155513<\/p>\r\n        <!-- PDF LINK  !-->  <a class=\"desar\"  href=\"https:\/\/zenodo.org\/record\/10155513\"><b><p style=\"color:#ff5e73;\">PDF<\/p><\/b><\/a>\r\n        <!-- EPUB LINK   <a class=\"desar\"  href=\"#\"><b><p style=\"color:#3e99f9;\">EPUB<\/p><\/b><\/a>!-->\r\n        <!-- CITA LINK !-->  <a class=\"desar\"  href=\"https:\/\/zenodo.org\/record\/10155513#invenio-csl\"><p style=\"color:#9ad3f9;\">Exportar Cita<\/p><\/a>\r\n<\/div>","protected":false},"excerpt":{"rendered":"ISSN: (Print) 2056-4856 ISSN: (Online) 2056-4864 Vol. 9, No. 3 septiembre de 2022 Jos\u00e9 Esteban Castro (Ed.) DOI: 10.5281\/zenodo.10155429 Produciendo conocimiento sobre el agua. Controversias te\u00f3ricas y metodol\u00f3gicas, flujos, meandros, rigideces, y la b\u00fasqueda de la \u201ctransdisciplinaridad plena\u201d. (en espa\u00f1ol ingl\u00e9s y portugu\u00e9s) Exportar Cita PDF Art\u00edculos Reflexiones sobre los desaf\u00edos en la articulaci\u00f3n del [&hellip;]","protected":false},"author":3,"featured_media":0,"parent":4000,"menu_order":0,"comment_status":"closed","ping_status":"closed","template":"page-templates\/full-width.php","meta":{"_acf_changed":false,"footnotes":""},"class_list":["post-4242","page","type-page","status-publish","hentry","no-wpautop"],"acf":[],"_links":{"self":[{"href":"https:\/\/waterlat.org\/es\/wp-json\/wp\/v2\/pages\/4242","targetHints":{"allow":["GET"]}}],"collection":[{"href":"https:\/\/waterlat.org\/es\/wp-json\/wp\/v2\/pages"}],"about":[{"href":"https:\/\/waterlat.org\/es\/wp-json\/wp\/v2\/types\/page"}],"author":[{"embeddable":true,"href":"https:\/\/waterlat.org\/es\/wp-json\/wp\/v2\/users\/3"}],"replies":[{"embeddable":true,"href":"https:\/\/waterlat.org\/es\/wp-json\/wp\/v2\/comments?post=4242"}],"version-history":[{"count":3,"href":"https:\/\/waterlat.org\/es\/wp-json\/wp\/v2\/pages\/4242\/revisions"}],"predecessor-version":[{"id":4251,"href":"https:\/\/waterlat.org\/es\/wp-json\/wp\/v2\/pages\/4242\/revisions\/4251"}],"up":[{"embeddable":true,"href":"https:\/\/waterlat.org\/es\/wp-json\/wp\/v2\/pages\/4000"}],"wp:attachment":[{"href":"https:\/\/waterlat.org\/es\/wp-json\/wp\/v2\/media?parent=4242"}],"curies":[{"name":"wp","href":"https:\/\/api.w.org\/{rel}","templated":true}]}}