{"id":426,"date":"2017-03-11T21:35:00","date_gmt":"2017-03-11T21:35:00","guid":{"rendered":"http:\/\/waterlat.org\/es\/?page_id=426"},"modified":"2017-03-11T22:39:04","modified_gmt":"2017-03-11T22:39:04","slug":"meeting-programme","status":"publish","type":"page","link":"https:\/\/waterlat.org\/es\/encuentros\/otras-reuniones-publicas\/taller-especial\/meeting-programme\/","title":{"rendered":"Programa del Taller Internacional WATERLAT-GOBACIT 2011"},"content":{"rendered":"<h3>Oradores Principales<\/h3>\n<p><a href=\"http:\/\/waterlat.org\/wp-content\/uploads\/2017\/03\/J-Amezaga.jpg\"><img loading=\"lazy\" decoding=\"async\" src=\"http:\/\/waterlat.org\/wp-content\/uploads\/2017\/03\/J-Amezaga.jpg\" alt=\"\" width=\"80\" height=\"110\" class=\"alignnone size-full wp-image-3458\" \/><\/a><br \/>\nDr. Jaime Amezaga, Docente-Investigador Senior en Pol\u00edticas Ambientales y Sostenibilidad, Escuela de Ingenier\u00eda Civil y Geociencias, Universidad de Newcastle, Reino Unido. El Dr. Amezaga coordina el Grupo del Agua en el Instituto de Investigaciones sobre la Sustentabilidad (NIReS), Universidad de Newcastle. Su principal inter\u00e9s es el an\u00e1lisis de pol\u00edticas p\u00fablicas e institucional de los problemas de uso del agua y del suelo. Durante los \u00faltimos 10 a\u00f1os, \u00e9l ha liderado varios proyectos de investigaci\u00f3n multidisciplinarios y multinacionales en Europa, \u00c1frica, Asia y Am\u00e9rica del Sur, centrados en la interacci\u00f3n entre la gesti\u00f3n del agua y sectores como la silvicultura, la miner\u00eda y la bioenerg\u00eda. \u00c9l tambi\u00e9n trabaja en la planificaci\u00f3n del saneamiento en las ciudades de r\u00e1pido crecimiento en el sur global y realiza an\u00e1lisis institucional de la asignaci\u00f3n del agua en zonas \u00e1ridas y semi\u00e1ridas. Amezaga tambi\u00e9n se dedica al desarrollo de asociaciones colaborativas en ingenier\u00eda ambiental con universidades de Am\u00e9rica del Sur y \u00c1frica.<br \/>\n<a href=\"http:\/\/waterlat.org\/GeneralPDFs\/AmezagaGOB2011.pdf\">Baje aqu\u00ed la presentaci\u00f3n del Dr. Amezaga<\/a>.<\/p>\n<p><a href=\"http:\/\/waterlat.org\/wp-content\/uploads\/2017\/03\/Bernard.jpg\"><img loading=\"lazy\" decoding=\"async\" src=\"http:\/\/waterlat.org\/wp-content\/uploads\/2017\/03\/Bernard-225x300.jpg\" alt=\"\" width=\"225\" height=\"300\" class=\"alignnone size-medium wp-image-3461\" \/><\/a><br \/>\nProf. Bernard O. Barraqu\u00e9, Director de Investigaci\u00f3n en pol\u00edticas ambientales (especialmente el agua), Centro Nacional de Investigaci\u00f3n Cient\u00edfica (CNRS ) de Par\u00eds.<br \/>\nEl Prof. Barraqu\u00e9 es miembro del Centro Internacional de Investigaci\u00f3n sobre el Medio Ambiente y el Desarrollo (CIRED) y Profesor Asociado en el Instituto de la Vida y Ciencias Ambientales e Industrias (AgroParisTech). Fue Presidente de la Comisi\u00f3n Nacional Francesa de Programa Hidrol\u00f3gico Internacional de la UNESCO hasta el 2010. Coordin\u00f3 un proyecto de colaboraci\u00f3n sobre pagos por servicios ambientales por parte de empresas de agua y saneamiento a los agricultores de Francia y otros pa\u00edses desarrollados (EVEC, acr\u00f3nimo de Eau des Villes, Eau des Champs). Actualmente coordina EAU&#038;3E, un proyecto de investigaci\u00f3n sobre la sostenibilidad de los servicios de agua y saneamiento en las grandes ciudades de Francia, particularmente en Par\u00eds y Burdeos: dimensiones ambientales, econ\u00f3micas, sociales y de gobernabilidad. Es miembro de los consejos editoriales de Water Policy, Espaces et Soci\u00e9t\u00e9s y Water Alternatives.<br \/>\n<a href=\"http:\/\/waterlat.org\/GeneralPDFs\/BarraqueGOB2011.pdf\">Baje aqu\u00ed la presentaci\u00f3n del Prof. Barraqu\u00e9<\/a>.<\/p>\n<p><a href=\"http:\/\/waterlat.org\/wp-content\/uploads\/2017\/03\/Mike.png\"><img loading=\"lazy\" decoding=\"async\" src=\"http:\/\/waterlat.org\/wp-content\/uploads\/2017\/03\/Mike-225x300.png\" alt=\"\" width=\"225\" height=\"300\" class=\"alignnone size-medium wp-image-3459\" \/><\/a><br \/>\nProf. Mike Edmunds (hidrogeolog\u00eda), Profesor Visitante en Hidrogeolog\u00eda de OUCE (Centro de la Universidad de Oxford para el Medio Ambiente). El Prof. Edmunds lleva a cabo investigaci\u00f3n en regiones semi\u00e1ridas y \u00e1ridas, y es docente en programas de maestr\u00eda. Anteriormente trabaj\u00f3 con el British Geological Survey. Su experiencia se centra en el campo de la calidad del agua subterr\u00e1nea, los procesos hidro-geoqu\u00edmicos, estudios de elementos trazantes, la hidrolog\u00eda isot\u00f3pica, la paleohidrolog\u00eda, los estudios de zonas \u00e1ridas y semi\u00e1ridas, incluyendo la evaluaci\u00f3n de la recarga de acu\u00edferos, la acidificaci\u00f3n de las aguas subterr\u00e1neas, los problemas de salinidad y las aguas minerales y termales. Tiene alrededor de 230 publicaciones cient\u00edficas, incluyendo 140 en revistas con referato en estos campos. Ha trabajado extensamente y publicado sobre norte de \u00c1frica y la regi\u00f3n del Sahel (Argelia, T\u00fanez, Sud\u00e1n, Senegal, Mal\u00ed, N\u00edger, Libia, Nigeria y Gana). Este trabajo se ha centrado en la caracterizaci\u00f3n regional de acu\u00edferos en gran escala, especialmente la definici\u00f3n de aguas subterr\u00e1neas renovables y no renovables. Normalmente esto ha implicado aplicaciones de multi-trazado (qu\u00edmicas e isot\u00f3picas). La cuantificaci\u00f3n de la recarga de los acu\u00edferos se ha llevado a cabo en varios pa\u00edses utilizando m\u00e9todos geoqu\u00edmicos. As\u00ed, su experiencia espec\u00edfica radica en la aplicaci\u00f3n de herramientas geoqu\u00edmicas para la soluci\u00f3n de problemas de exploraci\u00f3n de acu\u00edferos y su evaluaci\u00f3n (antes, durante y despu\u00e9s de la perforaci\u00f3n), la evoluci\u00f3n y la evaluaci\u00f3n de la calidad del agua, as\u00ed como la protecci\u00f3n de las aguas subterr\u00e1neas. Edmunds ha publicado recientemente sobre cuestiones de la presencia de fluoruro en el agua subterr\u00e1nea.<br \/>\n<a href=\"http:\/\/waterlat.org\/GeneralPDFs\/EdmundsGOB2011.pdf\">Baje aqu\u00ed la presentaci\u00f3n del Prof. Edmunds<\/a>.<\/p>\n<p><a href=\"http:\/\/waterlat.org\/wp-content\/uploads\/2017\/03\/Heller.png\"><img loading=\"lazy\" decoding=\"async\" src=\"http:\/\/waterlat.org\/wp-content\/uploads\/2017\/03\/Heller.png\" alt=\"\" width=\"279\" height=\"209\" class=\"alignnone size-full wp-image-3457\" \/><\/a><br \/>\nProf. Le\u00f3 Heller (ingenier\u00eda sanitaria), Universidad Federal de Minas Gerais, Brasil. Prof. Heller es un acad\u00e9mico brasile\u00f1o prominente en su campo, Asesor Senior de la Organizaci\u00f3n Panamericana de la Salud y del gobierno brasile\u00f1o. Sus principales intereses de investigaci\u00f3n son la pol\u00edtica p\u00fablica y la gesti\u00f3n de los servicios de agua y saneamiento y el impacto en la salud de la falta de acceso adecuado a estos servicios. Recientemente ha co- editado, con el Prof. Jos\u00e9 Esteban Castro, Water and Sanitation Services: Public Policy and Management (Earthscan, 2009). Heller tiene un extenso historial de publicaciones y es miembro de los consejos editoriales de varias revistas cient\u00edficas en el campo. Actualmente coordina la elaboraci\u00f3n del Plan Nacional de Brasil para Saneamiento B\u00e1sico (PLANSAB por sus siglas en portugu\u00e9s).<br \/>\n<a href=\"http:\/\/waterlat.org\/GeneralPDFs\/HellerGOB2011.pdf\">Baje aqu\u00ed la presentaci\u00f3n del Prof. Heller<\/a>.<\/p>\n<p><a href=\"http:\/\/waterlat.org\/wp-content\/uploads\/2017\/03\/Blanca.png\"><img loading=\"lazy\" decoding=\"async\" src=\"http:\/\/waterlat.org\/wp-content\/uploads\/2017\/03\/Blanca-239x300.png\" alt=\"\" width=\"239\" height=\"300\" class=\"alignnone size-medium wp-image-3453\" \/><\/a><br \/>\nProfa. Blanca E. Jim\u00e9nez Cisneros (ingenier\u00eda ambiental), Universidad Nacional Aut\u00f3noma de M\u00e9xico. La Profa. Jim\u00e9nez Cisneros es una experta en el tratamiento y la reutilizaci\u00f3n de aguas residuales y ha escrito m\u00e1s de 230 art\u00edculos cient\u00edficos. Fue presidenta de la Asociaci\u00f3n de Ingenieros Ambientales (1999-2000) y de la Federaci\u00f3n Mexicana de Ingenier\u00eda Sanitaria y de la Asociaci\u00f3n de Ciencias Ambientales (2001-2002). Form\u00f3 parte de la Junta Directiva de la Asociaci\u00f3n Internacional del Agua (IWA) (2004-2008) y fue Presidente del grupo Especializado en Re\u00faso del Agua de la IWA. Jim\u00e9nez Cisneros forma parte de los comit\u00e9s editoriales de varias revistas internacionales, tales como Water Science and Technology, y The Journal of Residuals Science and Technology. En 2009 recibi\u00f3 el Premio Nacional de la Ciencia en M\u00e9xico y tambi\u00e9n recibi\u00f3 el Premio Mundial del Agua de la IWA en 2010.<br \/>\n<a href=\"http:\/\/waterlat.org\/GeneralPDFs\/JimenezCisnerosGOB2011.pdf\">Baje aqu\u00ed la presentaci\u00f3n de la Profa. Jim\u00e9nez Cisneros<\/a>.<\/p>\n<p><a href=\"http:\/\/waterlat.org\/wp-content\/uploads\/2017\/03\/Tapio-Katko.jpg\"><img loading=\"lazy\" decoding=\"async\" src=\"http:\/\/waterlat.org\/wp-content\/uploads\/2017\/03\/Tapio-Katko-225x300.jpg\" alt=\"\" width=\"225\" height=\"300\" class=\"alignnone size-medium wp-image-3460\" \/><\/a><br \/>\nProf. AdjuntoTapio Katko (ingenier\u00eda civil), Universidad Tecnol\u00f3gica de Tampere, Finlandia.<br \/>\nEl Prof. Tapio S. Katko es un ingeniero hidr\u00e1ulico y ambiental. Sus principales intereses de investigaci\u00f3n son el desarrollo a largo plazo de la infraestructura h\u00eddrica y temas relacionados, as\u00ed como cuestiones institucionales, de gesti\u00f3n y de pol\u00edtica p\u00fablica de los servicios de agua y saneamiento. Es autor de varios libros y art\u00edculos. Dirige el Equipo de Investigaci\u00f3n interdisciplinario CADWES (Desarrollo de Capacidades en Agua y Servicios Ambientales) en la Universidad Tecnol\u00f3gica de Tampere. La misi\u00f3n de CADWES es producir conocimiento \u00fatil, basado en la investigaci\u00f3n transdisciplinaria sobre la evoluci\u00f3n y el desarrollo del uso sostenible de los servicios de agua y de los recursos h\u00eddricos en el contexto institucional m\u00e1s amplio: las organizaciones, la gesti\u00f3n, la legislaci\u00f3n y las pol\u00edticas p\u00fablicas, incluidas las instituciones formales e informales.<br \/>\n<a href=\"http:\/\/waterlat.org\/GeneralPDFs\/KatkoGOB2011.pdf\">Baje aqu\u00ed la presentaci\u00f3n del Prof. Katko<\/a>.<\/p>\n<p><a href=\"http:\/\/waterlat.org\/wp-content\/uploads\/2017\/03\/ALS-Eau-de-Paris.jpg\"><img loading=\"lazy\" decoding=\"async\" src=\"http:\/\/waterlat.org\/wp-content\/uploads\/2017\/03\/ALS-Eau-de-Paris-249x300.jpg\" alt=\"\" width=\"249\" height=\"300\" class=\"alignnone size-medium wp-image-3451\" \/><\/a><br \/>\nDra. Anne Le Strat, Teniente de Alcalde de Par\u00eds encargada de agua, saneamiento y gesti\u00f3n de canales. La Dra. Le Strat es Presidente de la autoridad del agua de Par\u00eds, Eau de Paris, desde el a\u00f1o 2008 y de la Asociaci\u00f3n Europea para la Gesti\u00f3n P\u00fablica del Agua, Aqua Publica Europa, desde 2009. Tambi\u00e9n es Vicepresidenta de la Autoridad Sanitaria Interdepartamental del Gran Par\u00eds (SIAAP) y del Instituto Interdepartamental de Presas y Embalses en la Cuenca del R\u00edo Sena (IIBRBS) desde 2008. Le Strat es una ecologista, aliada con el Partido Socialista franc\u00e9s, y ha sido una miembro electa del Consejo Municipal de la Ciudad de Par\u00eds desde 2001, reelegida en 2008. Ella fue Coordinadora del programa del Partido Verde para las elecciones europeas de 1999 y fue Secretaria General Adjunta del Partido Verde Europeo hasta 2003. Tiene un doctorado en Geopol\u00edtica y su tesis fue sobre &#8220;El Agua y el Conflicto Palestino-Israel\u00ed&#8221;. Desde el 1 de enero del 2010, los servicios de agua y saneamiento de Par\u00eds son proporcionados por un \u00fanico operador p\u00fablico, Eau de Paris. La antigua empresa p\u00fablica-privada ha sido transformada en un organismo p\u00fablico cuya misi\u00f3n es producir, transportar, distribuir y facturar el agua. Hoy en d\u00eda, los parisinos solamente se relacionan con una empresa, Eau de Paris, un organismo p\u00fablico perteneciente a la ciudad de Par\u00eds. Esta es una entidad legal independiente con su propio presupuesto y que rinde cuentas a la municipalidad. Esta reforma ha permitido a la ciudad de Par\u00eds y a los parisinos recuperar el control de sus servicios de agua y saneamiento y el poder para dise\u00f1ar nuevos objetivos medioambientales, econ\u00f3micos, democr\u00e1ticos y sociales.<br \/>\n<a href=\"http:\/\/waterlat.org\/GeneralPDFs\/LeStratGOB2011.pdf\">Baje aqu\u00ed la presentaci\u00f3n de la Dra. Le Strat<\/a>.<\/p>\n<p><a href=\"http:\/\/waterlat.org\/wp-content\/uploads\/2017\/03\/E-Lobina.jpg\"><img loading=\"lazy\" decoding=\"async\" class=\"size-medium wp-image-3454\" src=\"http:\/\/waterlat.org\/wp-content\/uploads\/2017\/03\/E-Lobina-201x300.jpg\" alt=\"\" width=\"201\" height=\"300\" \/><\/a><br \/>\nLic. Emanuele Lobina, Docente Senior en la Unidad de Investigaci\u00f3n de la Internacional de Servicios P\u00fablicos (PSIRU), Escuela de Negocios de la Universidad de Greenwich, Reino Unido. La investigaci\u00f3n de Lobina se centra en la reforma y la gobernabilidad de los servicios de agua y saneamiento en los pa\u00edses desarrollados, en transici\u00f3n y en desarrollo. Ha participado en varios proyectos financiados por la Uni\u00f3n Europea Watertime, Switch, GOVAGUA, y es miembro de la red WATERLAT-GOBACIT. Ha sido invitado a dar conferencias sobre la base de su trabajo en reuniones de la ONU-DAES, UNCTAD, UNRISD, el Foro Mundial del Agua (2006, 2009) y el Simposio del Agua de Estocolmo (1999, 2002, 2005). Tambi\u00e9n ha sido invitado a hablar en conferencias acad\u00e9micas en m\u00e1s de 20 universidades y en reuniones de la sociedad civil en las reuniones en m\u00e1s de 25 pa\u00edses.<br \/>\n<a href=\"http:\/\/waterlat.org\/GeneralPDFs\/LobinaGOB2011.pdf\">Baje aqu\u00ed la presentaci\u00f3n del Lic. Lobina<\/a>.<\/p>\n<p><a href=\"http:\/\/waterlat.org\/wp-content\/uploads\/2017\/03\/Ayman-Rabi.jpg\"><img loading=\"lazy\" decoding=\"async\" src=\"http:\/\/waterlat.org\/wp-content\/uploads\/2017\/03\/Ayman-Rabi-226x300.jpg\" alt=\"\" width=\"226\" height=\"300\" class=\"alignnone size-medium wp-image-3452\" \/><\/a><br \/>\nDr. Ayman Rabi (ingenier\u00eda civil), Grupo Hdrol\u00f3gico de Palestina, Ramalla, Palestina. El Dr. Rabi es un especialista en agua y medio ambiente en Palestina y c\u00f3mo estos se relacionan con el contexto hidro-pol\u00edtico general en la cuenca del r\u00edo Jord\u00e1n y en la cuenca del Mediterr\u00e1neo. \u00c9l ha sido desde hace mucho tiempo un propulsor del debate sobre los problemas del agua y el medio ambiente en los Territorios Palestinos Ocupados (TPO). El Dr. Rabi fue nombrado miembro del equipo palestino que integr\u00f3 el Grupo de Trabajo Multilateral sobre Agua Dentro del Proceso de Paz en 1992. Fue miembro del Comit\u00e9 de Abastecimiento Sustentable de Agua para el Medio Oriente en 1996, patrocinado por la Academia Nacional de Ciencias de EE.UU. Tambi\u00e9n fue parte del equipo que prepar\u00f3 el Plan de Emergencia para la Protecci\u00f3n de la Naturaleza en los TPO en 1996. Tambi\u00e9n fue elegido miembro de la Junta Asesora de la Oficina de Informaci\u00f3n del Mediterr\u00e1neo, que es actualmente el mayor foro de ONGs ambientales en la cuenca del Mediterr\u00e1neo. Tambi\u00e9n es miembro del Consejo Asesor del Foro Internacional Rosenberg sobre la Pol\u00edtica del Agua en la Universidad de California, Berkeley. \u00c9l es el representante nacional de Palestina en la Asociaci\u00f3n Internacional de Ciencias Hidrol\u00f3gicas (IAHS).<br \/>\n<a href=\"http:\/\/waterlat.org\/GeneralPDFs\/RabiGOB2011.pdf\">Baje aqu\u00ed la presentaci\u00f3n del Dr. Rabi<\/a>.<\/p>\n<p><a href=\"http:\/\/waterlat.org\/wp-content\/uploads\/2017\/03\/Erik.png\"><img loading=\"lazy\" decoding=\"async\" src=\"http:\/\/waterlat.org\/wp-content\/uploads\/2017\/03\/Erik-258x300.png\" alt=\"\" width=\"258\" height=\"300\" class=\"alignnone size-medium wp-image-3455\" \/><\/a><br \/>\nProf. Erik Swyngedouw (geograf\u00eda econ\u00f3mica), Universidad de Manchester, Reino Unido. El Prof. Swyngedouw es un ecologista pol\u00edtico con experiencia en la pol\u00edtica del agua en Europa y Am\u00e9rica del Norte. Es profesor de Geograf\u00eda en la Escuela de Medio Ambiente y Desarrollo de la Universidad de Manchester. Fue profesor de Geograf\u00eda en la Universidad de Oxford y miembro de St Peter\u2019s College hasta el a\u00f1o 2006. Sus intereses de investigaci\u00f3n incluyen la ecolog\u00eda pol\u00edtica, la gobernabilidad urbana, la democracia y el poder pol\u00edtico, el agua y los recursos h\u00eddricos, la econom\u00eda pol\u00edtica de las sociedades capitalistas, y las pol\u00edticas de la globalizaci\u00f3n. Ha publicado m\u00e1s de 50 art\u00edculos sobre estos temas. Sus libros recientes incluyen Urbanising Globalisation (coeditado, OUP 2003), Social Power and the Urbanization of Water &#8211; Flows of Power (OUP 2004), y In the Nature of Cities (coeditado, Routledge, 2006). Actualmente est\u00e1 trabajando en una monograf\u00eda sobre From manufacturing rivers to desalting the seas: Spain 1898-2010 (MIT Press).<br \/>\n<a href=\"http:\/\/waterlat.org\/GeneralPDFs\/SwyngedouwGOB2011.pdf\">Baje aqu\u00ed la presentaci\u00f3n del Prof. Swyngedouw<\/a>.<\/p>\n<h3>Organizaci\u00f3n y coordinaci\u00f3n del evento:<\/h3>\n<p><a href=\"http:\/\/waterlat.org\/wp-content\/uploads\/2017\/03\/Esteban2.jpg\"><img loading=\"lazy\" decoding=\"async\" src=\"http:\/\/waterlat.org\/wp-content\/uploads\/2017\/03\/Esteban2-300x224.jpg\" alt=\"\" width=\"300\" height=\"224\" class=\"alignnone size-medium wp-image-3456\" \/><\/a><br \/>\nProf. Jos\u00e9 Esteban Castro (sociolog\u00eda), Universidad de Newcastle, Reino Unido. Un soci\u00f3logo de profesi\u00f3n, el Prof. Castro tiene una formaci\u00f3n interdisciplinaria en las Ciencias Sociales. Sus intereses principales son la teor\u00eda social cr\u00edtica y la investigaci\u00f3n sobre temas de desigualdad y cambio social. Ha trabajado sobre las interrelaciones entre el ejercicio de control y poder en relaci\u00f3n al agua, la formaci\u00f3n del Estado, y el desarrollo de los derechos ciudadanos, la interface entre las esferas p\u00fablica y privada en la prestaci\u00f3n de los servicios p\u00fablicos (agua y saneamiento), y cuestiones de gobernabilidad y conflictos ecol\u00f3gicos distributivos en Europa y Am\u00e9rica Latina. Actualmente coordina la Red de investigaci\u00f3n WATERLAT-GOBACIT.<\/p>\n<p>&nbsp;<br \/>\n<a href=\"https:\/\/waterlat.org\/es\/encuentros\/otras-reuniones-publicas\/taller-especial\/\">Regrese aqu\u00ed a la p\u00e1gina principal del evento<\/a>.<\/p>\n<p>&nbsp;<\/p>\n","protected":false},"excerpt":{"rendered":"<p>Oradores Principales Dr. Jaime Amezaga, Docente-Investigador Senior en Pol\u00edticas Ambientales y Sostenibilidad, Escuela de Ingenier\u00eda Civil y Geociencias, Universidad de Newcastle, Reino Unido. El Dr. Amezaga coordina el Grupo del Agua en el Instituto de Investigaciones sobre la Sustentabilidad (NIReS), Universidad de Newcastle. Su principal inter\u00e9s es el an\u00e1lisis de pol\u00edticas p\u00fablicas e institucional de [&hellip;]<\/p>\n","protected":false},"author":3,"featured_media":0,"parent":363,"menu_order":0,"comment_status":"closed","ping_status":"open","template":"page-templates\/full-width.php","meta":{"_acf_changed":false,"footnotes":""},"class_list":["post-426","page","type-page","status-publish","hentry","wpautop"],"acf":[],"_links":{"self":[{"href":"https:\/\/waterlat.org\/es\/wp-json\/wp\/v2\/pages\/426","targetHints":{"allow":["GET"]}}],"collection":[{"href":"https:\/\/waterlat.org\/es\/wp-json\/wp\/v2\/pages"}],"about":[{"href":"https:\/\/waterlat.org\/es\/wp-json\/wp\/v2\/types\/page"}],"author":[{"embeddable":true,"href":"https:\/\/waterlat.org\/es\/wp-json\/wp\/v2\/users\/3"}],"replies":[{"embeddable":true,"href":"https:\/\/waterlat.org\/es\/wp-json\/wp\/v2\/comments?post=426"}],"version-history":[{"count":7,"href":"https:\/\/waterlat.org\/es\/wp-json\/wp\/v2\/pages\/426\/revisions"}],"predecessor-version":[{"id":2201,"href":"https:\/\/waterlat.org\/es\/wp-json\/wp\/v2\/pages\/426\/revisions\/2201"}],"up":[{"embeddable":true,"href":"https:\/\/waterlat.org\/es\/wp-json\/wp\/v2\/pages\/363"}],"wp:attachment":[{"href":"https:\/\/waterlat.org\/es\/wp-json\/wp\/v2\/media?parent=426"}],"curies":[{"name":"wp","href":"https:\/\/api.w.org\/{rel}","templated":true}]}}