{"id":4282,"date":"2024-10-28T19:19:14","date_gmt":"2024-10-28T19:19:14","guid":{"rendered":"https:\/\/waterlat.org\/es\/?page_id=4282"},"modified":"2025-07-07T15:07:10","modified_gmt":"2025-07-07T15:07:10","slug":"concurso-de-cortometrajes-2025","status":"publish","type":"page","link":"https:\/\/waterlat.org\/es\/concurso-de-cortometrajes\/concurso-de-cortometrajes-2025\/","title":{"rendered":"Concurso de Cortometrajes 2025"},"content":{"rendered":"<h1>Resultados<\/h1>\r\nEl Concurso recibi\u00f3 9 videos de 5 passes: Argentina, Brasil, Colombia, Guatemala y M\u00e9xico. Todos los videos est\u00e1n disponibles al publico en la <a href=\"https:\/\/www.youtube.com\/playlist?list=PLx6qphzdSP6sfFrj0PhA0eAcb4-rhP7p3\">Lista de Reproducci\u00f3n del Concurso en nuestro Canal de YouTube (Click para abrir)<\/a>. Abajo presentamos los tres mejores videos y dos videos adicionales que recibieron menciones en reconocimiento a sus contribuciones a intereses y debates de la Red relevantes a los cuatro temas del Concurso.\r\n<h2>Primer Lugar<\/h2>\r\n<h3><a href=\"https:\/\/youtu.be\/u-IZxH1ptAw\">La Performance<\/a> (Click para abrir)<\/h3>\r\n<b>Colectivo Comunidad Tz&#8217;unun Ya&#8217;, San Pedro La Laguna, Solol\u00e1, Guatemala<\/b>.\r\n\r\n&nbsp;\r\n\r\n&nbsp;\r\n<h2>Segundo Lugar<\/h2>\r\n<h3><a href=\"https:\/\/youtu.be\/n3jZ4opCe10\">Juego de territorio y gobernanza com\u00fan del agua en el Valle Inferior del R\u00edo Chubut<\/a> (Click para abrir)<\/h3>\r\n<b>Franco Salvadores, Trelew, Chubut, Argentina<\/b>.\r\n\r\n&nbsp;\r\n<h2>Tercer Lugar<\/h2>\r\n<h3><a href=\"https:\/\/youtu.be\/FBKk6K9ZRqA\">Identidad Anfibia y Lucha Colectiva por el Cuidado de la Laguna de Sonso<\/a> (Click para abrir)<\/h3>\r\n<b>Alex Mauricio Villegas Tabares, Cali, Colombia<\/b>.\r\n\r\n&nbsp;\r\n<h1>Menciones<\/h1>\r\n<h2>Menci\u00f3n<\/h2>\r\n<h3><a href=\"https:\/\/youtu.be\/OeZ6DG34d_o\">La Tierra del Agua <\/a> (Click para abrir)<\/h3>\r\n<b>Natali Ormazabal, el Chalt\u00e9n, Santa Cruz, Argentina<\/b>.\r\n<h2>Menci\u00f3n<\/h2>\r\n<h3><a href=\"https:\/\/youtu.be\/F3Q2MrBbtpA\">Frente a El Zapotillo, los Pueblos permanecen<\/a> (Click para abrir)<\/h3>\r\n<b>David Flores Mag\u00f3n Guzm\u00e1n, Zapopan, M\u00e9xico<\/b>.\r\n\r\n&nbsp;\r\n\r\n<hr \/>\r\n\r\nPara mayores detalles o esclarecer dudas, enviar un mensaje electr\u00f3nico a la <a href=\"mailto:waterlat@newcastle.ac.uk\">Secretar\u00eda de de la Red<\/a>.\r\n\r\n&nbsp;\r\n\r\nVolver a la p\u00e1gina principal del Concurso","protected":false},"excerpt":{"rendered":"Resultados El Concurso recibi\u00f3 9 videos de 5 passes: Argentina, Brasil, Colombia, Guatemala y M\u00e9xico. Todos los videos est\u00e1n disponibles al publico en la Lista de Reproducci\u00f3n del Concurso en nuestro Canal de YouTube (Click para abrir). Abajo presentamos los tres mejores videos y dos videos adicionales que recibieron menciones en reconocimiento a sus contribuciones [&hellip;]","protected":false},"author":3,"featured_media":0,"parent":2311,"menu_order":0,"comment_status":"closed","ping_status":"closed","template":"page-templates\/full-width.php","meta":{"_acf_changed":false,"footnotes":""},"class_list":["post-4282","page","type-page","status-publish","hentry","no-wpautop"],"acf":[],"_links":{"self":[{"href":"https:\/\/waterlat.org\/es\/wp-json\/wp\/v2\/pages\/4282","targetHints":{"allow":["GET"]}}],"collection":[{"href":"https:\/\/waterlat.org\/es\/wp-json\/wp\/v2\/pages"}],"about":[{"href":"https:\/\/waterlat.org\/es\/wp-json\/wp\/v2\/types\/page"}],"author":[{"embeddable":true,"href":"https:\/\/waterlat.org\/es\/wp-json\/wp\/v2\/users\/3"}],"replies":[{"embeddable":true,"href":"https:\/\/waterlat.org\/es\/wp-json\/wp\/v2\/comments?post=4282"}],"version-history":[{"count":24,"href":"https:\/\/waterlat.org\/es\/wp-json\/wp\/v2\/pages\/4282\/revisions"}],"predecessor-version":[{"id":4410,"href":"https:\/\/waterlat.org\/es\/wp-json\/wp\/v2\/pages\/4282\/revisions\/4410"}],"up":[{"embeddable":true,"href":"https:\/\/waterlat.org\/es\/wp-json\/wp\/v2\/pages\/2311"}],"wp:attachment":[{"href":"https:\/\/waterlat.org\/es\/wp-json\/wp\/v2\/media?parent=4282"}],"curies":[{"name":"wp","href":"https:\/\/api.w.org\/{rel}","templated":true}]}}