{"id":4328,"date":"2025-01-25T20:08:04","date_gmt":"2025-01-25T20:08:04","guid":{"rendered":"https:\/\/waterlat.org\/es\/?page_id=4328"},"modified":"2025-01-25T20:33:14","modified_gmt":"2025-01-25T20:33:14","slug":"democracia-agua","status":"publish","type":"page","link":"https:\/\/waterlat.org\/es\/publicaciones\/libros\/democracia-agua\/","title":{"rendered":"Democracia y Pol\u00edticas Globales del Agua en Perspectiva Hist\u00f3rica. Contra la privatizaci\u00f3n del agua (en ingl\u00e9s)"},"content":{"rendered":"<p><a href=\"https:\/\/waterlat.org\/wp-content\/uploads\/2025\/01\/Cover-Castro-Palgrave-2024.jpg\"><img loading=\"lazy\" decoding=\"async\" class=\"alignnone size-medium wp-image-1938\" src=\"https:\/\/waterlat.org\/wp-content\/uploads\/2025\/01\/Cover-Castro-Palgrave-2024.jpg\" width=\"300\" height=\"138\" \/><\/a><\/p>\n<p>Jose Esteban Castro, Democracy and Global Water Politics in Historical Perspective. Against water privatization. Londres: Palgrave-Macmillan, 2024. Hardcover ISBN 978-0-230-21210-7. eBook ISBN 978-1-137-31788-9 DOI:https:\/\/doi.org\/10.1057\/978-1-137-31788-9.<\/p>\n<h2><\/h2>\n<h2>Comentarios de apoyo<\/h2>\n<p>\u201cEste libro disecciona quir\u00fargicamente la perversa relaci\u00f3n entre la privatizaci\u00f3n del agua y la lenta pero persistente decadencia de la democracia. Jos\u00e9 Esteban Castro demuestra concluyentemente que la privatizaci\u00f3n no solo es socialmente devastadora, sino que tambi\u00e9n socava los propios fundamentos de la democracia. Una lectura obligada para quienes est\u00e1n preocupados con el estado actual del mundo y sus ambientes\u201d.<br \/>\n\u2014Erik Swyngedouw, Professor of Geography, University<br \/>\nof Manchester, Reino Unido<\/p>\n<p>\u201cEste libro muy importante discute la mercantilizaci\u00f3n y, m\u00e1s recientemente, la financializaci\u00f3n de los servicios de provisi\u00f3n de agua en contexto hist\u00f3rico y presenta una cr\u00edtica devastadora de sus fracasos a nivel mundial\u201d.<br \/>\n\u2014William Outhwaite, Fellow of the Academy of Social Sciences, Reino Unido<br \/>\nEmeritus Professor of Sociology, Newcastle University, Reino Unido<\/p>\n<p>\u201cLa pol\u00edtica del agua se ha convertido en una cuesti\u00f3n clave en este siglo de sequ\u00edas e inundaciones. El libro de Jos\u00e9 Esteban Castro presenta un peculiarmente bien informado an\u00e1lisis social de la misma.<br \/>\n\u2014G\u00f6ran Therborn, Emeritus Professor of Sociology, University of Cambridge, Reino Unido<\/p>\n<p>Este libro esta disponible en: <a href=\"https:\/\/link.springer.com\/book\/10.1057\/978-1-137-31788-9\">la pagina de Internet de Springer Nature<\/a>.<\/p>\n","protected":false},"excerpt":{"rendered":"<p>Jose Esteban Castro, Democracy and Global Water Politics in Historical Perspective. Against water privatization. Londres: Palgrave-Macmillan, 2024. Hardcover ISBN 978-0-230-21210-7. eBook ISBN 978-1-137-31788-9 DOI:https:\/\/doi.org\/10.1057\/978-1-137-31788-9. Comentarios de apoyo \u201cEste libro disecciona quir\u00fargicamente la perversa relaci\u00f3n entre la privatizaci\u00f3n del agua y la lenta pero persistente decadencia de la democracia. Jos\u00e9 Esteban Castro demuestra concluyentemente que la [&hellip;]<\/p>\n","protected":false},"author":3,"featured_media":0,"parent":22,"menu_order":0,"comment_status":"closed","ping_status":"closed","template":"page-templates\/full-width.php","meta":{"_acf_changed":false,"footnotes":""},"class_list":["post-4328","page","type-page","status-publish","hentry","wpautop"],"acf":[],"_links":{"self":[{"href":"https:\/\/waterlat.org\/es\/wp-json\/wp\/v2\/pages\/4328","targetHints":{"allow":["GET"]}}],"collection":[{"href":"https:\/\/waterlat.org\/es\/wp-json\/wp\/v2\/pages"}],"about":[{"href":"https:\/\/waterlat.org\/es\/wp-json\/wp\/v2\/types\/page"}],"author":[{"embeddable":true,"href":"https:\/\/waterlat.org\/es\/wp-json\/wp\/v2\/users\/3"}],"replies":[{"embeddable":true,"href":"https:\/\/waterlat.org\/es\/wp-json\/wp\/v2\/comments?post=4328"}],"version-history":[{"count":5,"href":"https:\/\/waterlat.org\/es\/wp-json\/wp\/v2\/pages\/4328\/revisions"}],"predecessor-version":[{"id":4333,"href":"https:\/\/waterlat.org\/es\/wp-json\/wp\/v2\/pages\/4328\/revisions\/4333"}],"up":[{"embeddable":true,"href":"https:\/\/waterlat.org\/es\/wp-json\/wp\/v2\/pages\/22"}],"wp:attachment":[{"href":"https:\/\/waterlat.org\/es\/wp-json\/wp\/v2\/media?parent=4328"}],"curies":[{"name":"wp","href":"https:\/\/api.w.org\/{rel}","templated":true}]}}