{"id":4376,"date":"2025-04-26T13:15:12","date_gmt":"2025-04-26T13:15:12","guid":{"rendered":"https:\/\/waterlat.org\/es\/?page_id=4376"},"modified":"2025-06-30T15:28:15","modified_gmt":"2025-06-30T15:28:15","slug":"segunda-sesion-seminario-2025","status":"publish","type":"page","link":"https:\/\/waterlat.org\/es\/docencia\/seminario-2025\/segunda-sesion-seminario-2025\/","title":{"rendered":"Segunda Sesi\u00f3n Semin\u00e1rio 2025"},"content":{"rendered":"<h2>Segunda Sesi\u00f3n 7 de abril de 2025<\/h2>\n<h3>Presentaci\u00f3n del Seminario 2025<\/h3>\n<h3>Presentaciones de Estudiantes<\/h3>\n<p>\u201cExiste un uso comunitario no capitalista del agua? Aportes al debate en base al estudio de su apropiaci\u00f3n en la Provincia de Petorca, Chile\u201d.<\/p>\n<p>Javiera Rojas Cifuentes (Chile)<br \/>\nDoctorado en Ciencias Sociales, Universidad de Buenos Aires (UBA), Buenos Aires, Argentina.<\/p>\n<p>\u201cDesastres socionaturais: contribui\u00e7\u00f5es te\u00f3rico-emp\u00edricas na forma\u00e7\u00e3o do campo de estudos\u201d.<br \/>\nPatr\u00edcia Geittenes Tondelo (Brasil)<\/p>\n<p>Doctorado en Desarrollo Urbano. Universidad Federal de Pernambuco (UFPE), Recife, Brasil.<\/p>\n<p>\u201cProcesos participativos en la habilitaci\u00f3n del lago Tl\u00e1huac Xico en el Valle de M\u00e9xico. Entre la desecaci\u00f3n, la habilitaci\u00f3n y la indiferencia\u201d.<\/p>\n<p>Linda Marlene Y\u00e1\u00f1ez P\u00e9rez (M\u00e9xico)<\/p>\n<p>Doctorado en Estudios del Desarrollo. Problemas y perspectivas latinoamericanas. Instituto de Investigaciones Dr. Jos\u00e9 Mar\u00eda Luis Mora, Ciudad de M\u00e9xico, M\u00e9xico.<\/p>\n<h3><\/h3>\n<h3>Comentarios y discusi\u00f3n<\/h3>\n<h3><\/h3>\n<h3>Cierre de la Sesi\u00f3n<\/h3>\n<h3><\/h3>\n<h3><a href=\"https:\/\/youtu.be\/5BjvTRa5D74\">Enlace al Video del Seminario<\/a>.<\/h3>\n<h3><\/h3>\n<hr \/>\n<p>Para solicitar informaci\u00f3n por favor enviar un e-mail a la <a href=\"mailto:waterlat@newcastle.ac.uk\">Secretar\u00eda de la Red WATERLAT-GOBACIT<\/a>.<\/p>\n<p><a href=\"https:\/\/waterlat.org\/es\/docencia\/seminario-2025\/\">Volver a la p\u00e1gina principal del Seminario Internacional 2025<\/a><\/p>\n","protected":false},"excerpt":{"rendered":"<p>Segunda Sesi\u00f3n 7 de abril de 2025 Presentaci\u00f3n del Seminario 2025 Presentaciones de Estudiantes \u201cExiste un uso comunitario no capitalista del agua? Aportes al debate en base al estudio de su apropiaci\u00f3n en la Provincia de Petorca, Chile\u201d. Javiera Rojas Cifuentes (Chile) Doctorado en Ciencias Sociales, Universidad de Buenos Aires (UBA), Buenos Aires, Argentina. \u201cDesastres [&hellip;]<\/p>\n","protected":false},"author":3,"featured_media":0,"parent":4346,"menu_order":0,"comment_status":"closed","ping_status":"closed","template":"page-templates\/full-width.php","meta":{"_acf_changed":false,"footnotes":""},"class_list":["post-4376","page","type-page","status-publish","hentry","wpautop"],"acf":[],"_links":{"self":[{"href":"https:\/\/waterlat.org\/es\/wp-json\/wp\/v2\/pages\/4376","targetHints":{"allow":["GET"]}}],"collection":[{"href":"https:\/\/waterlat.org\/es\/wp-json\/wp\/v2\/pages"}],"about":[{"href":"https:\/\/waterlat.org\/es\/wp-json\/wp\/v2\/types\/page"}],"author":[{"embeddable":true,"href":"https:\/\/waterlat.org\/es\/wp-json\/wp\/v2\/users\/3"}],"replies":[{"embeddable":true,"href":"https:\/\/waterlat.org\/es\/wp-json\/wp\/v2\/comments?post=4376"}],"version-history":[{"count":4,"href":"https:\/\/waterlat.org\/es\/wp-json\/wp\/v2\/pages\/4376\/revisions"}],"predecessor-version":[{"id":4383,"href":"https:\/\/waterlat.org\/es\/wp-json\/wp\/v2\/pages\/4376\/revisions\/4383"}],"up":[{"embeddable":true,"href":"https:\/\/waterlat.org\/es\/wp-json\/wp\/v2\/pages\/4346"}],"wp:attachment":[{"href":"https:\/\/waterlat.org\/es\/wp-json\/wp\/v2\/media?parent=4376"}],"curies":[{"name":"wp","href":"https:\/\/api.w.org\/{rel}","templated":true}]}}