{"id":4392,"date":"2025-06-29T19:29:34","date_gmt":"2025-06-29T19:29:34","guid":{"rendered":"https:\/\/waterlat.org\/es\/?page_id=4392"},"modified":"2025-06-30T15:17:01","modified_gmt":"2025-06-30T15:17:01","slug":"cuarta-sesion-seminario-2025","status":"publish","type":"page","link":"https:\/\/waterlat.org\/es\/docencia\/seminario-2025\/cuarta-sesion-seminario-2025\/","title":{"rendered":"Cuarta Sesi\u00f3n Seminario 2025"},"content":{"rendered":"<h2>Cuarta Sesi\u00f3n 5 de junio de 2025 (en espa\u00f1ol)<\/h2>\n<h3>Presentaci\u00f3n del Seminario 2025<\/h3>\n<h3>Presentaciones de Estudiantes<\/h3>\n<p>\u201cAn\u00e1lisis de la viabilidad de los Sistemas Urbanos de Drenaje Sostenible (SUDS) en la Microcuenca del R\u00edo Eslava, Ciudad de M\u00e9xico\u201d.<\/p>\n<p>Adri\u00e1n Giovani Trejo Gonz\u00e1lez (M\u00e9xico)<br \/>\nDoctorado en Ciencias de la Sustentabilidad de la Universidad Rosario Castellanos, Ciudad de M\u00e9xico, M\u00e9xico.<\/p>\n<p>\u201cUso de energ\u00eda para bombeo y deformaci\u00f3n del suelo: un nexo para la medici\u00f3n de la seguridad h\u00eddrica\u201d.<\/p>\n<p>Jes\u00fas Mart\u00edn Mara\u00f1\u00f3n Eguivar (Bolivia)  <\/p>\n<p>Doctorado en Geograf\u00eda F\u00edsica, Universidad de Estocolmo, Estocolmo, Suecia y Centro Andino para la Gesti\u00f3n y Uso del Agua, Universidad Mayor de San Sim\u00f3n, Cochabamba, Bolivia.<\/p>\n<p>\u201cLa metodolog\u00eda en la formulaci\u00f3n de pol\u00edticas p\u00fablicas del agua en M\u00e9xico (2012-2024): m\u00e9todos, enfoques, alcances y limitaciones\u201d.<\/p>\n<p>Gustavo Amaro Zahuantitla (M\u00e9xico)<\/p>\n<p>Doctorado en Ciencias Sociales (Pol\u00edticas P\u00fablicas), Facultad Latinoamericana de Ciencias Sociales (FLACSO), Ciudad de M\u00e9xico, M\u00e9xico.<\/p>\n<h3><\/h3>\n<h3>Comentarios y discusi\u00f3n<\/h3>\n<h3><\/h3>\n<h3>Cierre de la Sesi\u00f3n<\/h3>\n<h3><\/h3>\n<h3><a href=\"https:\/\/youtu.be\/1Wb3oh65Ykc\">Enlace al Video del Seminario<\/a>.<\/h3>\n<h3><\/h3>\n<hr \/>\n<p>Para solicitar informaci\u00f3n por favor enviar un e-mail a la <a href=\"mailto:waterlat@newcastle.ac.uk\">Secretar\u00eda de la Red WATERLAT-GOBACIT<\/a>.<\/p>\n<p><a href=\"https:\/\/waterlat.org\/es\/docencia\/seminario-2025\/\">Volver a la p\u00e1gina principal del Seminario Internacional 2025<\/a><\/p>\n","protected":false},"excerpt":{"rendered":"<p>Cuarta Sesi\u00f3n 5 de junio de 2025 (en espa\u00f1ol) Presentaci\u00f3n del Seminario 2025 Presentaciones de Estudiantes \u201cAn\u00e1lisis de la viabilidad de los Sistemas Urbanos de Drenaje Sostenible (SUDS) en la Microcuenca del R\u00edo Eslava, Ciudad de M\u00e9xico\u201d. Adri\u00e1n Giovani Trejo Gonz\u00e1lez (M\u00e9xico) Doctorado en Ciencias de la Sustentabilidad de la Universidad Rosario Castellanos, Ciudad de [&hellip;]<\/p>\n","protected":false},"author":3,"featured_media":0,"parent":4346,"menu_order":0,"comment_status":"closed","ping_status":"closed","template":"page-templates\/full-width.php","meta":{"_acf_changed":false,"footnotes":""},"class_list":["post-4392","page","type-page","status-publish","hentry","wpautop"],"acf":[],"_links":{"self":[{"href":"https:\/\/waterlat.org\/es\/wp-json\/wp\/v2\/pages\/4392","targetHints":{"allow":["GET"]}}],"collection":[{"href":"https:\/\/waterlat.org\/es\/wp-json\/wp\/v2\/pages"}],"about":[{"href":"https:\/\/waterlat.org\/es\/wp-json\/wp\/v2\/types\/page"}],"author":[{"embeddable":true,"href":"https:\/\/waterlat.org\/es\/wp-json\/wp\/v2\/users\/3"}],"replies":[{"embeddable":true,"href":"https:\/\/waterlat.org\/es\/wp-json\/wp\/v2\/comments?post=4392"}],"version-history":[{"count":2,"href":"https:\/\/waterlat.org\/es\/wp-json\/wp\/v2\/pages\/4392\/revisions"}],"predecessor-version":[{"id":4394,"href":"https:\/\/waterlat.org\/es\/wp-json\/wp\/v2\/pages\/4392\/revisions\/4394"}],"up":[{"embeddable":true,"href":"https:\/\/waterlat.org\/es\/wp-json\/wp\/v2\/pages\/4346"}],"wp:attachment":[{"href":"https:\/\/waterlat.org\/es\/wp-json\/wp\/v2\/media?parent=4392"}],"curies":[{"name":"wp","href":"https:\/\/api.w.org\/{rel}","templated":true}]}}