{"id":4417,"date":"2026-01-16T15:34:52","date_gmt":"2026-01-16T15:34:52","guid":{"rendered":"https:\/\/waterlat.org\/es\/?page_id=4417"},"modified":"2026-01-16T16:02:48","modified_gmt":"2026-01-16T16:02:48","slug":"quinta-sesion-del-seminario","status":"publish","type":"page","link":"https:\/\/waterlat.org\/es\/docencia\/seminario-2025\/quinta-sesion-del-seminario\/","title":{"rendered":"Quinta Sesi\u00f3n del Seminario"},"content":{"rendered":"<h2>Quinta  Sesi\u00f3n 12 de noviembre de 2025 (en espa\u00f1ol)<\/h2>\n<h3>Presentaci\u00f3n del Seminario 2025<\/h3>\n<h3>Presentaciones de Estudiantes<\/h3>\n<p>\u201cJusticia h\u00eddrica restaurativa: Propuesta anal\u00edtica para una aproximaci\u00f3n radical a la contaminaci\u00f3n de los r\u00edos urbanos\u201d. <\/p>\n<p>Jessica Estefan\u00eda Jim\u00e9nez (M\u00e9xico)<\/p>\n<p>Doctorado en Estudios Latinoamericanos Universidad Nacional Autonoma de Mexico (UNAM ), Ciudad de M\u00e9xico, M\u00e9xico. <\/p>\n<p>\u201cGobernanza com\u00fan del agua en el Valle Inferior del R\u00edo Chubut: aproximaci\u00f3n te\u00f3rico-metodol\u00f3gica para la participaci\u00f3n y transformaci\u00f3n\u201d.<\/p>\n<p>Franco Salvadores (Argentina) <\/p>\n<p>Doctorado en Geograf\u00eda, Universidad Nacional de La Plata, La Plata, Buenos Aires, Argentina<\/p>\n<p>\u201cDesaf\u00edos h\u00eddricos en el territorio de Wirikuta, San Luis Potos\u00ed\u201d,M\u00e9xico.<\/p>\n<p>Mar\u00eda Trinidad Z\u00fa\u00f1iga Raudales (M\u00e9xico)<\/p>\n<p>Doctorado en Estudios del Desarrollo. Universidad Aut\u00f3noma de Zacatecas (UAZ). Zacatecas, M\u00e9xico.<\/p>\n<h3><\/h3>\n<h3>Comentarios y discusi\u00f3n<\/h3>\n<h3><\/h3>\n<h3>Cierre de la Sesi\u00f3n<\/h3>\n<h3><\/h3>\n<h3><a href=\"https:\/\/youtu.be\/csj2A7J34g0\">Enlace al Video del Seminario<\/a>.<\/h3>\n<h3><\/h3>\n<hr \/>\n<p>Para solicitar informaci\u00f3n por favor enviar un e-mail a la <a href=\"mailto:waterlat@newcastle.ac.uk\">Secretar\u00eda de la Red WATERLAT-GOBACIT<\/a>.<\/p>\n<p><a href=\"https:\/\/waterlat.org\/es\/docencia\/seminario-2025\/\">Volver a la p\u00e1gina principal del Seminario Internacional 2025<\/a><\/p>\n","protected":false},"excerpt":{"rendered":"<p>Quinta Sesi\u00f3n 12 de noviembre de 2025 (en espa\u00f1ol) Presentaci\u00f3n del Seminario 2025 Presentaciones de Estudiantes \u201cJusticia h\u00eddrica restaurativa: Propuesta anal\u00edtica para una aproximaci\u00f3n radical a la contaminaci\u00f3n de los r\u00edos urbanos\u201d. Jessica Estefan\u00eda Jim\u00e9nez (M\u00e9xico) Doctorado en Estudios Latinoamericanos Universidad Nacional Autonoma de Mexico (UNAM ), Ciudad de M\u00e9xico, M\u00e9xico. \u201cGobernanza com\u00fan del agua [&hellip;]<\/p>\n","protected":false},"author":3,"featured_media":0,"parent":4346,"menu_order":0,"comment_status":"closed","ping_status":"closed","template":"page-templates\/full-width.php","meta":{"_acf_changed":false,"footnotes":""},"class_list":["post-4417","page","type-page","status-publish","hentry","wpautop"],"acf":[],"_links":{"self":[{"href":"https:\/\/waterlat.org\/es\/wp-json\/wp\/v2\/pages\/4417","targetHints":{"allow":["GET"]}}],"collection":[{"href":"https:\/\/waterlat.org\/es\/wp-json\/wp\/v2\/pages"}],"about":[{"href":"https:\/\/waterlat.org\/es\/wp-json\/wp\/v2\/types\/page"}],"author":[{"embeddable":true,"href":"https:\/\/waterlat.org\/es\/wp-json\/wp\/v2\/users\/3"}],"replies":[{"embeddable":true,"href":"https:\/\/waterlat.org\/es\/wp-json\/wp\/v2\/comments?post=4417"}],"version-history":[{"count":5,"href":"https:\/\/waterlat.org\/es\/wp-json\/wp\/v2\/pages\/4417\/revisions"}],"predecessor-version":[{"id":4422,"href":"https:\/\/waterlat.org\/es\/wp-json\/wp\/v2\/pages\/4417\/revisions\/4422"}],"up":[{"embeddable":true,"href":"https:\/\/waterlat.org\/es\/wp-json\/wp\/v2\/pages\/4346"}],"wp:attachment":[{"href":"https:\/\/waterlat.org\/es\/wp-json\/wp\/v2\/media?parent=4417"}],"curies":[{"name":"wp","href":"https:\/\/api.w.org\/{rel}","templated":true}]}}