{"id":4427,"date":"2026-02-19T14:38:37","date_gmt":"2026-02-19T14:38:37","guid":{"rendered":"https:\/\/waterlat.org\/es\/?page_id=4427"},"modified":"2026-03-14T17:49:33","modified_gmt":"2026-03-14T17:49:33","slug":"aldas-6-2025-27","status":"publish","type":"page","link":"https:\/\/waterlat.org\/es\/proyectos\/aldas-6-2025-27\/","title":{"rendered":"ALDAS-6 2025-27"},"content":{"rendered":"<h2>Pol\u00edticas p\u00fablicas y la dimensi\u00f3n socioecol\u00f3gica del desarrollo democr\u00e1tico: desaf\u00edos y oportunidades de la democratizaci\u00f3n en Am\u00e9rica Latina con relaci\u00f3n al previsto incumplimiento del ODS 6 (ALDAS-6) 2025-27<\/h2>\n<p>ALDAS-6 es un proyecto del \u00c1rea Tem\u00e1tica 3 de la Red WATERLAT-GOBACIT <a href=\"https:\/\/waterlat.org\/es\/areas-tematicas\/at3\/\">Ciclo Urbano del Agua y Servicios P\u00fablicos Esenciales<\/a>.<\/p>\n<h3>Contexto<\/h3>\n<p>La investigaci\u00f3n se centra en uno de los <a href=\"https:\/\/www.un.org\/sustainabledevelopment\/es\/sustainable-development-goals\/\"> Objetivos de Desarrollo Sostenible (ODS)<\/a> de las Naciones Unidas que deben cumplirse para el a\u00f1o 2030. <a href=\"https:\/\/www.un.org\/sustainabledevelopment\/es\/water-and-sanitation\/\">El amplio alcance de ODS6 se propone &#8220;Garantizar la disponibilidad de agua y su gesti\u00f3n sostenible y el saneamiento para todos&#8221;<\/a>.<\/p>\n<p>El proyecto parte del reconocimiento de que ODS 6 se refiere a un derecho fundamental de la democracia sustantiva que contin\u00faa siendo negado a importantes sectores de la poblaci\u00f3n en Am\u00e9rica Latina. Aunque existen avances puntuales, informes oficiales de la ONU publicados desde el a\u00f1o 2023 alertan que metas claves para lograr la universalizaci\u00f3n del acceso a servicios b\u00e1sicos de agua y saneamiento de calidad y asequibles dif\u00edcilmente ser\u00e1n alcanzadas para 2030, lo que evidencia desigualdades e injusticias estructurales persistentes, agravadas por procesos de \u201cdesdemocratizaci\u00f3n funcional\u201d en marcha. El problema central de la investigaci\u00f3n pone el foco en los condicionantes sist\u00e9micos y las fuerzas inerciales que impiden la efectivizaci\u00f3n de los ODS y, en consecuencia, inviabilizan el logro de avances materiales indispensables para el desarrollo democr\u00e1tico en la regi\u00f3n.<\/p>\n<h3>Objetivo y alcance geogr\u00e1fico y temporal<\/h3>\n<p>El objetivo es analizar comparativamente avances y retrocesos en la dimensi\u00f3n socioecol\u00f3gica de los procesos de democratizaci\u00f3n en Am\u00e9rica Latina, tomando como referencia emp\u00edrica la implementaci\u00f3n de ODS 6 en los pa\u00edses con membres\u00eda plena en el Mercado Com\u00fan del Sur (MERCOSUR), Argentina, Bolivia, Brasil, Paraguay y Uruguay, con la adici\u00f3n de Chile y M\u00e9xico con el objetivo de ampliar el panorama a efectos del enfoque comparativo.<br \/>\nLa investigaci\u00f3n prioriza el periodo desde 2018, pero tambi\u00e9n considera experiencias de 2000-2015 para incorporar lecciones de aquel periodo que tienen alta relevancia para los objetivos del proyecto.<\/p>\n<h3>Equipo de Investigaci\u00f3n<\/h3>\n<p><span style=\"text-decoration: underline;\"><strong>Coordinaci\u00f3n<\/strong><\/span><\/p>\n<p>Jos\u00e9 Esteban Castro<\/p>\n<p>Emeritus Professor in Sociology, <a href=\"https:\/\/www.ncl.ac.uk\/gps\/staff\/profile\/estebancastro.html\">Newcastle University, Reino Unido<\/a>, Profesor Extranjero Visitante, <a href=\"https:\/\/www.ufpe.br\">Universidad Federal Pernambuco (UFPE), Brasil<\/a>.<\/p>\n<p>Roberto Miranda, Profesor de Sociologia, <a href=\"https:\/\/ufape.edu.brl\">Universidad Federal do Agreste de Pernambuco (UFAPE), Brasil<\/a>.<\/p>\n<p><span style=\"text-decoration: underline;\">Miembros (en orden alfab\u00e9tico)<\/span><\/p>\n<p>Aharonian, Anahit, <a href=\"https:\/\/www.facebook.com\/comisionnacionalendefensadelaguaylavida\/\">Comisi\u00f3n nacional en defensa del agua y la vida (CNDAV)<\/a>, Montevideo, Uruguay.<\/p>\n<p>Amaro Zahuantitla, Gustavo, <a href=\"https:\/\/www.flacso.edu.mx\/\">Facultad Latinoamericana de Ciencias Sociales (FLACSO)<\/a>, Ciudad de M\u00e9xico, M\u00e9xico.<\/p>\n<p>Bustamante Zenteno, Rocio Renee, <a href=\"https:\/\/www.umss.edu.bo\/\">Universidad Mayor de San Simon (UMSS)<\/a>, Cochabamba, Bolivia.<\/p>\n<p>Celume Byrne, Tatiana, <a href=\"https:\/\/www.uss.cl\/\"> University of San Sebastian (USS)<\/a>, Santiago, Chile.<\/p>\n<p>Ceretta, Juan <a href=\"https:\/\/udelar.edu.uy\/\">University of the Republic (UDELAR)<\/a>, Montevideo, Uruguay.<\/p>\n<p>Cunha, Luis Henrique, <a href=\"https:\/\/portal.ufcg.edu.br\/\">Universidad Federal de Campina Grande (UFCG)<\/a>, Campina Grande, Paraiba, Brasil.<\/p>\n<p>Ferreira, Hermelinda Maria Rocha, <a href=\"http:\/\/www.desdemo.org\">ProyectoDESDEMO<\/a>, Pernambuco, Brasil.<\/p>\n<p>Lo Blanco, Miguel, <a href=\"https:\/\/www.baseis.org.py\">BASE Investigaciones Sociales (BASE IS)<\/a>, Asuncion, Paraguay.<\/p>\n<p>Mello, Matthews Rocha, <a href=\"https:\/\/www.ufpe.br\">Universidad Federal de Pernambuco (UFPE)<\/a>, Recife, Pernambuco Brasil.<\/p>\n<p>Morais Maria da Piedade, <a href=\"https:\/\/www.ipea.gov.br\/portal\/\">Instituto de Pesquisa Economica Aplicada(IPEA)<\/a>, Brasilia, Brasil.<\/p>\n<p>Ocantos, Ariel, Octavio, <a href=\"https:\/\/www.conicet.gov.ar\">Consejo Nacional de Investigaciones Cientificas y Tecnicas (CONICET)<\/a>, basado en la <a href=\"https:\/\/www.uba.ar\">Universidad de Buenos Aires (UBA)<\/a>, Buenos Aires, y Universidad Nacional de Rosario (UNR), Rosario, Argentina.<\/p>\n<p>Ortega, Guillermo, <a href=\"https:\/\/www.baseis.org.py\">BASE Investigaciones Sociales (BASE IS)<\/a>, Asuncion, Paraguay.<\/p>\n<p>Piccini, Ferrin, Claudia <a href=\"https:\/\/udelar.edu.uy\/\">University de la Republica (UDELAR)<\/a>, Montevideo, Uruguay.<\/p>\n<p>Rabelo, Raquel, <a href=\"https:\/\/www.gov.br\/ana\/pt-br\"> Agencia Nacional de Agua y Saneamiento Basico(ANA)<\/a>, Brasilia, Brasil.<\/p>\n<p>Reis, Paulo, <a href=\"https:\/\/www.unb.br\">Universidad de Brasilia (UNB)<\/a>, Brasilia, Brasil.<\/p>\n<p>Rojas Cifuentes, Javiera, <a href=\"https:\/\/www.conicet.gov.ar\">Consejo Nacional de Investigaciones Cientificas y Tecnicas (CONICET)<\/a>, basada en la <a href=\"https:\/\/www.ungs.edu.ar\/ms_ungs\/\">Universidad Nacional de General Sarmiento (UNGS)<\/a>, Buenos Aires, Argentina.<\/p>\n<p>Rossi, Renata, <a href=\"https:\/\/ufba.br\">Universidad Federal de Bahia)<\/a>, Salvador, Brasil.<\/p>\n<p>Santos, Carlos <a href=\"https:\/\/udelar.edu.uy\/\">University of the Republic (UDELAR)<\/a>, Montevideo, Uruguay.<\/p>\n<p>Sosa, Carmen,<a href=\"https:\/\/www.facebook.com\/comisionnacionalendefensadelaguaylavida\/\">Comisi\u00f3n nacional en defensa del agua y la vida (CNDAV)<\/a>, Montevideo, Uruguay.<\/p>\n<p>Tagliavini, Damiano, <a href=\"https:\/\/www.uba.ar\"> Universidad de Buenos Aires (UBA)<\/a>, Buenos Aires, Argentina.<\/p>\n<p>Tondelo, Patricia Geittenes, <a href=\"https:\/\/www.ufpe.br\">Universidad Federal de Pernambuco (UFPE)<\/a>, Recife, Pernambuco Brasil.<\/p>\n<p>Torregrosa Armentia, Maria Luisa, <a href=\"https:\/\/www.flacso.edu.mx\/\">Facultad Latinoamericana de Ciencias Sociales (FLACSO)<\/a>, Ciudad de M\u00e9xico, M\u00e9xico.<\/p>\n<p>Villalba Vargas, Elida, <a href=\"https:\/\/cones.gov.py\/universidad-nacional-de-concepcion\/\">Universidad Nacional de Concepcion (UNC)<\/a>, Concepcion, Paraguay<\/p>\n<p>Villarroel Mur, Isabel, <a href=\"https:\/\/trabajosocial.umsa.bo\/\">Universidad Mayor de San Andres<\/a>, La Paz, Bolivia.<\/p>\n<h3>Financiamiento<\/h3>\n<p><a href=\"https:\/\/www.facepe.br\"> Funda\u00e7\u00e3o de Amparo \u00e0 Ci\u00eancia e Tecnologia de Pernambuco(FACEPE)<\/a><\/p>\n<hr \/>\n<p>Para mayores detalles, por favor env\u00ede e-mail a <a href=\"mailto:waterlat@newcastle.ac.uk\">Secretaria de la Red WATERLAT-GOBACIT<\/a>.<\/p>\n","protected":false},"excerpt":{"rendered":"<p>Pol\u00edticas p\u00fablicas y la dimensi\u00f3n socioecol\u00f3gica del desarrollo democr\u00e1tico: desaf\u00edos y oportunidades de la democratizaci\u00f3n en Am\u00e9rica Latina con relaci\u00f3n al previsto incumplimiento del ODS 6 (ALDAS-6) 2025-27 ALDAS-6 es un proyecto del \u00c1rea Tem\u00e1tica 3 de la Red WATERLAT-GOBACIT Ciclo Urbano del Agua y Servicios P\u00fablicos Esenciales. Contexto La investigaci\u00f3n se centra en uno [&hellip;]<\/p>\n","protected":false},"author":3,"featured_media":0,"parent":6,"menu_order":0,"comment_status":"closed","ping_status":"closed","template":"page-templates\/full-width.php","meta":{"_acf_changed":false,"footnotes":""},"class_list":["post-4427","page","type-page","status-publish","hentry","wpautop"],"acf":[],"_links":{"self":[{"href":"https:\/\/waterlat.org\/es\/wp-json\/wp\/v2\/pages\/4427","targetHints":{"allow":["GET"]}}],"collection":[{"href":"https:\/\/waterlat.org\/es\/wp-json\/wp\/v2\/pages"}],"about":[{"href":"https:\/\/waterlat.org\/es\/wp-json\/wp\/v2\/types\/page"}],"author":[{"embeddable":true,"href":"https:\/\/waterlat.org\/es\/wp-json\/wp\/v2\/users\/3"}],"replies":[{"embeddable":true,"href":"https:\/\/waterlat.org\/es\/wp-json\/wp\/v2\/comments?post=4427"}],"version-history":[{"count":20,"href":"https:\/\/waterlat.org\/es\/wp-json\/wp\/v2\/pages\/4427\/revisions"}],"predecessor-version":[{"id":4449,"href":"https:\/\/waterlat.org\/es\/wp-json\/wp\/v2\/pages\/4427\/revisions\/4449"}],"up":[{"embeddable":true,"href":"https:\/\/waterlat.org\/es\/wp-json\/wp\/v2\/pages\/6"}],"wp:attachment":[{"href":"https:\/\/waterlat.org\/es\/wp-json\/wp\/v2\/media?parent=4427"}],"curies":[{"name":"wp","href":"https:\/\/api.w.org\/{rel}","templated":true}]}}