{"id":5,"date":"2013-11-27T20:56:50","date_gmt":"2013-11-27T20:56:50","guid":{"rendered":"http:\/\/waterlat.org\/es\/?page_id=5"},"modified":"2017-03-12T15:01:06","modified_gmt":"2017-03-12T15:01:06","slug":"encuentros","status":"publish","type":"page","link":"https:\/\/waterlat.org\/es\/encuentros\/","title":{"rendered":"Encuentros"},"content":{"rendered":"<p>La Red organiza regularmente una reuni\u00f3n internacional, que incluye una reuni\u00f3n interna para asuntos organizativos. Adicionalmente, tambi\u00e9n organizamos encuentros p\u00fablicos como conferencias internacionales, talleres, seminarios y eventos similares. Desde 2012, la organizaci\u00f3n de estos encuentros se financia con el apoyo de un rango de instituciones y mediante el esfuerzo colectivo de los miembros. Vea <a href=\"https:\/\/waterlat.org\/es\/comienzo\/apoyos\/\">la lista de instituciones que han apoyado las actividades de la Red<\/a>.<\/p>\n<h3>Objetivo y estructura de las reuniones internacionales<\/h3>\n<p>El objetivo general de las reuniones internacionales consiste en proveer un punto de encuentro regular para los miembros de WATERLAT-GOBACIT en el cual se discuten proyectos de investigaci\u00f3n, docencia, intervenci\u00f3n, y otras cuestiones relevantes al tema de la Red: el estudio de los procesos pol\u00edticos, sociales, culturales, econ\u00f3micos, tecno-infraestructurales, administrativos, de pol\u00edticas p\u00fablicas, de salud, entre otros, que caracterizan el gobierno y la gesti\u00f3n del agua y de los servicios basados en el uso del agua.<\/p>\n<p>Nuestras reuniones, como el resto de las actividades, est\u00e1n orientadas por los <a href=\"https:\/\/waterlat.org\/es\/objetivos\/\">objetivos<\/a> y las <a href=\"https:\/\/waterlat.org\/es\/prioridades-de-investigacion\/\">prioridades de investigaci\u00f3n<\/a> de la Red, los cuales definimos colectivamente en la <a href=\"https:\/\/waterlat.org\/es\/encuentros\/public-meetings\/waterlat-2009\/\">Primera Reuni\u00f3n Internacional<\/a>, que tuvo lugar en Barcelona en 2009. Estos objetivos y prioridades son suficientemente amplios y flexibles como para permitir un di\u00e1logo entre distintos enfoques, marcos te\u00f3ricos, problemas de Investigaci\u00f3n\/acci\u00f3n y realidades emp\u00edricas diversas. Pero al mismo tiempo, los objetivos y las prioridades demarcan claramente un campo de problemas y una orientaci\u00f3n cr\u00edtica del status quo. Nuestra Red enfoca estas cuestiones desde la perspectiva de la ecolog\u00eda pol\u00edtica, en un sentido amplio, inter- y transdisciplinario.<\/p>\n<p>Con motivo de la reuni\u00f3n regular de miembros de la Red, que supone el traslado de personas desde distintas regiones y pa\u00edses, tratamos de combinar las actividades internas de WATERLAT-GOBACIT con actividades abiertas al p\u00fablico, con el objeto de compartir experiencias y conocimientos con una diversidad de actores locales. Por esa raz\u00f3n parte de nuestras reuniones internacionales toma la forma de un evento abierto, con participaci\u00f3n de acad\u00e9micos, representantes del sector p\u00fablico y de la sociedad civil, as\u00ed como tambi\u00e9n del p\u00fablico interesado en general. Detalles e informaci\u00f3n de reuniones previas pueden consultarse en la p\u00e1gina de indicada al pie. A partir de los trabajos presentados en nuestras reuniones y otras actividades de la Red, desarrollamos una serie de publicaciones, que incluyen libros, n\u00fameros especiales en revistas acad\u00e9micas, cuadernos de trabajo, etc. Visite nuestra p\u00e1gina de <a href=\"https:\/\/waterlat.org\/es\/publicaciones\/\">Publicaciones<\/a>.<\/p>\n<p>Aunque WATERLAT-GOBACIT es una Red con un fuerte peso acad\u00e9mico-cient\u00edfico, sus miembros incluyen actores de diversas actividades, en organismos p\u00fablicos, organizaciones civiles, movimientos sociales, entre otros. Por esa raz\u00f3n nuestras reuniones no suelen seguir el formato convencional de las reuniones acad\u00e9mico-cient\u00edficas, como congresos o conferencias, sino que m\u00e1s bien buscamos integrar diversas formas de participaci\u00f3n, que pueden incluir conferencias y sesiones de ponencias convencionales, pero que dan mayor \u00e9nfasis a formatos participativos, como mesas redondas compuestas por actores provenientes de diversos sectores, sesiones plenarias con amplia participaci\u00f3n de la audiencia, conversatorios p\u00fablicos, o talleres de trabajo dedicados a producir resultados tangibles, como proyectos de investigaci\u00f3n o intervenci\u00f3n pr\u00e1ctica, estrategias educativas, veh\u00edculos de difusi\u00f3n de informaci\u00f3n, etc. Tambi\u00e9n realizamos breves entrevistas en video con algunos participantes que representan puntos de vista, sectores, e intereses diversos, y luego los difundimos a trav\u00e9s de nuestra p\u00e1gina de <a href=\"https:\/\/waterlat.org\/es\/comunicacion-publica\/\">Diseminaci\u00f3n<\/a>.<\/p>\n<p>&nbsp;<\/p>\n<p>&nbsp;<\/p>\n<h3><a title=\"Reuniones P\u00fablicas\" href=\"https:\/\/waterlat.org\/es\/encuentros\/public-meetings\/\">Reuniones P\u00fablicas Regulares y Especiales<\/a><\/h3>\n<h3><a title=\"Reuniones Internas\" href=\"https:\/\/waterlat.org\/es\/encuentros\/internos\/\">Reuniones Internas<\/a><\/h3>\n","protected":false},"excerpt":{"rendered":"<p>La Red organiza regularmente una reuni\u00f3n internacional, que incluye una reuni\u00f3n interna para asuntos organizativos. Adicionalmente, tambi\u00e9n organizamos encuentros p\u00fablicos como conferencias internacionales, talleres, seminarios y eventos similares. Desde 2012, la organizaci\u00f3n de estos encuentros se financia con el apoyo de un rango de instituciones y mediante el esfuerzo colectivo de los miembros. Vea la [&hellip;]<\/p>\n","protected":false},"author":1,"featured_media":0,"parent":0,"menu_order":0,"comment_status":"closed","ping_status":"open","template":"page-templates\/full-width.php","meta":{"_acf_changed":false,"footnotes":""},"class_list":["post-5","page","type-page","status-publish","hentry","wpautop"],"acf":[],"_links":{"self":[{"href":"https:\/\/waterlat.org\/es\/wp-json\/wp\/v2\/pages\/5","targetHints":{"allow":["GET"]}}],"collection":[{"href":"https:\/\/waterlat.org\/es\/wp-json\/wp\/v2\/pages"}],"about":[{"href":"https:\/\/waterlat.org\/es\/wp-json\/wp\/v2\/types\/page"}],"author":[{"embeddable":true,"href":"https:\/\/waterlat.org\/es\/wp-json\/wp\/v2\/users\/1"}],"replies":[{"embeddable":true,"href":"https:\/\/waterlat.org\/es\/wp-json\/wp\/v2\/comments?post=5"}],"version-history":[{"count":10,"href":"https:\/\/waterlat.org\/es\/wp-json\/wp\/v2\/pages\/5\/revisions"}],"predecessor-version":[{"id":2209,"href":"https:\/\/waterlat.org\/es\/wp-json\/wp\/v2\/pages\/5\/revisions\/2209"}],"wp:attachment":[{"href":"https:\/\/waterlat.org\/es\/wp-json\/wp\/v2\/media?parent=5"}],"curies":[{"name":"wp","href":"https:\/\/api.w.org\/{rel}","templated":true}]}}