{"id":6,"date":"2013-11-27T20:56:50","date_gmt":"2013-11-27T20:56:50","guid":{"rendered":"http:\/\/waterlat.org\/es\/?page_id=6"},"modified":"2020-06-06T23:03:04","modified_gmt":"2020-06-06T23:03:04","slug":"proyectos","status":"publish","type":"page","link":"https:\/\/waterlat.org\/es\/proyectos\/","title":{"rendered":"Proyectos"},"content":{"rendered":"<h2>En esta secci\u00f3n presentamos nuestros proyectos conectados con actividades de investigaci\u00f3n, redes y otras actividades<\/h2>\n<p>&nbsp;<\/p>\n<h3><a title=\"ISP\" href=\"https:\/\/waterlat.org\/es\/proyectos\/acuerdo-de-cooperacion-con-la-isp\/\">Acuerdo de Cooperaci\u00f3n en asuntos de inter\u00e9s com\u00fan con la Internacional de Servicios P\u00fablicos (ISP)<\/a><br \/>\n&nbsp;<\/p>\n<hr>\n<p>&nbsp;<\/h3>\n<h3><a title=\"DESAFIO\" href=\"https:\/\/waterlat.org\/es\/proyectos\/desafio\/\">Proyecto DESAFIO: &#8220;Democratizaci\u00f3n de la Gobernabilidad de los Servicios de Agua y Saneamiento mediante Innovaciones Socio-T\u00e9cnicas (DESAFIO)&#8221;<\/a><br \/>\n&nbsp;<\/p>\n<hr>\n<p>&nbsp;<\/h3>\n<h3><a title=\"PRINWASS\" href=\"https:\/\/waterlat.org\/es\/proyectos\/prinwass\/\">Barreras y condiciones para la participaci\u00f3n de la empresa y el capital privados en los servicios de agua y saneamiento en Latinoam\u00e9rica y \u00c1frica: A la b\u00fasqueda de la sustentabilidad econ\u00f3mica, social, y ambiental (PRINWASS)<\/a><\/h3>\n<p>&nbsp;<\/p>\n<hr>\n<p>&nbsp;<\/p>\n<h3><a title=\"LANACE\" href=\"https:\/\/waterlat.org\/es\/proyectos\/lanace\/\">Red Latinoamericana de Colaboraci\u00f3n e Intercambio Acad\u00e9mico para el Estudio sobre la Gesti\u00f3n del Agua (LANACE)<\/a><\/h3>\n<p>&nbsp;<\/p>\n<hr>\n<p>&nbsp;<\/p>\n<h3><a title=\"UrbanRain\" href=\"https:\/\/waterlat.org\/es\/proyectos\/urbanrain\/\">Captaci\u00f3n Urbana de Agua de Lluvia, de Experimentos Focalizados a Implementaci\u00f3n Extendida: Desaf\u00edos y Oportunidades para la Planificaci\u00f3n (UrbanRain)<\/a><\/h3>\n<p>&nbsp;<\/p>\n<hr>\n<p>&nbsp;<\/p>\n<h3><a title=\"ZICATECSOC\" href=\"https:\/\/waterlat.org\/es\/proyectos\/zikatecsoc\/\">Tecnolog\u00edas Sociales y Educaci\u00f3n Ambiental para el Control Vectorial de Arbovirosis: Promoviendo la Salud y la Calidad de Vida en el Semi\u00e1rido Paraibano, Brasil (2016-2019) (ZICATECSOC)<\/a><\/h3>\n<p>&nbsp;<\/p>\n","protected":false},"excerpt":{"rendered":"<p>En esta secci\u00f3n presentamos nuestros proyectos conectados con actividades de investigaci\u00f3n, redes y otras actividades &nbsp; Acuerdo de Cooperaci\u00f3n en asuntos de inter\u00e9s com\u00fan con la Internacional de Servicios P\u00fablicos (ISP) &nbsp; &nbsp; Proyecto DESAFIO: &#8220;Democratizaci\u00f3n de la Gobernabilidad de los Servicios de Agua y Saneamiento mediante Innovaciones Socio-T\u00e9cnicas (DESAFIO)&#8221; &nbsp; &nbsp; Barreras y condiciones [&hellip;]<\/p>\n","protected":false},"author":1,"featured_media":0,"parent":0,"menu_order":0,"comment_status":"closed","ping_status":"open","template":"page-templates\/full-width.php","meta":{"_acf_changed":false,"footnotes":""},"class_list":["post-6","page","type-page","status-publish","hentry","wpautop"],"acf":[],"_links":{"self":[{"href":"https:\/\/waterlat.org\/es\/wp-json\/wp\/v2\/pages\/6","targetHints":{"allow":["GET"]}}],"collection":[{"href":"https:\/\/waterlat.org\/es\/wp-json\/wp\/v2\/pages"}],"about":[{"href":"https:\/\/waterlat.org\/es\/wp-json\/wp\/v2\/types\/page"}],"author":[{"embeddable":true,"href":"https:\/\/waterlat.org\/es\/wp-json\/wp\/v2\/users\/1"}],"replies":[{"embeddable":true,"href":"https:\/\/waterlat.org\/es\/wp-json\/wp\/v2\/comments?post=6"}],"version-history":[{"count":12,"href":"https:\/\/waterlat.org\/es\/wp-json\/wp\/v2\/pages\/6\/revisions"}],"predecessor-version":[{"id":3407,"href":"https:\/\/waterlat.org\/es\/wp-json\/wp\/v2\/pages\/6\/revisions\/3407"}],"wp:attachment":[{"href":"https:\/\/waterlat.org\/es\/wp-json\/wp\/v2\/media?parent=6"}],"curies":[{"name":"wp","href":"https:\/\/api.w.org\/{rel}","templated":true}]}}