{"id":7,"date":"2013-11-27T20:56:50","date_gmt":"2013-11-27T20:56:50","guid":{"rendered":"http:\/\/waterlat.org\/es\/?page_id=7"},"modified":"2017-06-23T18:25:52","modified_gmt":"2017-06-23T18:25:52","slug":"publicaciones","status":"publish","type":"page","link":"https:\/\/waterlat.org\/es\/publicaciones\/","title":{"rendered":"Publicaciones"},"content":{"rendered":"<p>&nbsp;<\/p>\n<p>En esta secci\u00f3n incluimos publicaciones oficiales, de car\u00e1cter acad\u00e9mico, de la Red WATERLAT-GOBACIT. La <a href=\"https:\/\/waterlat.org\/es\/publicaciones\/comision-de-publicaciones\/\">Comisi\u00f3n Editorial<\/a> de la Red est\u00e1 a cargo de supervisar la producci\u00f3n de estas publicaciones.<\/p>\n<p>Nuestras publicaciones est\u00e1n disponibles en la <a href=\"https:\/\/sandbox.zenodo.org\/communities\/waterlat-gobacit\/\">Comunidad Zenodo de la Red WATERLAT-GOBACIT<\/a>.<\/p>\n<p>&nbsp;<\/p>\n<p><strong>Publicaciones oficiales de la Red WATERLAT-GOBACIT<\/strong><\/p>\n<p><a href=\"https:\/\/waterlat.org\/es\/publicaciones\/cuadernos-de-trabajo\/\"><span style=\"color: #0563c1;\">Cuadernos de Trabajo WATERLAT-GOBACIT<\/span><\/a><\/p>\n<p><a href=\"https:\/\/waterlat.org\/es\/publicaciones\/libros\/\"><span style=\"color: #0563c1;\">Libros<\/span><\/a><\/p>\n<p><a href=\"https:\/\/waterlat.org\/es\/publicaciones\/capitulos-en-libros\/\"><span style=\"color: #0563c1;\">Cap\u00edtulos en libros<\/span><\/a><\/p>\n<p><a href=\"https:\/\/waterlat.org\/es\/publicaciones\/ediciones-especiales\/\"><span style=\"color: #0563c1;\">Ediciones especiales en otras revistas<\/span><\/a><\/p>\n<p><a href=\"https:\/\/waterlat.org\/es\/publicaciones\/colecciones-de-ponencias-de-reuniones\/\"><span style=\"color: #0563c1;\">Colecciones de Ponencias de Reuniones<\/span><\/a><\/p>\n<p><a title=\"Premio WATERLAT para Estudiantes\" href=\"https:\/\/waterlat.org\/es\/equipo\/premio-waterlat-para-estudiantes\/\">Premio WATERLAT-GOBACIT para Estudiantes<\/a><\/p>\n<p><a href=\"https:\/\/waterlat.org\/es\/breviarios-de-politica-publica\/\">Breviarios de Pol\u00edticas P\u00fablicas<\/a><\/p>\n<p><a href=\"http:\/\/waterlat.org\/publications\/articles\/\">Serie de mini-art\u00edculos publicados por IPEA, Brasil<\/a><\/p>\n<p><a href=\"https:\/\/waterlat.org\/es\/publicaciones\/articolos\/\">Otras publicaciones<\/a><\/p>\n<p>&nbsp;<\/p>\n<p>Ver tambi\u00e9n <a href=\"https:\/\/waterlat.org\/es\/comunicacion-publica\/ \">Diseminaci\u00f3n<\/a>.<br \/>\n&nbsp;<\/p>\n","protected":false},"excerpt":{"rendered":"<p>&nbsp; En esta secci\u00f3n incluimos publicaciones oficiales, de car\u00e1cter acad\u00e9mico, de la Red WATERLAT-GOBACIT. La Comisi\u00f3n Editorial de la Red est\u00e1 a cargo de supervisar la producci\u00f3n de estas publicaciones. Nuestras publicaciones est\u00e1n disponibles en la Comunidad Zenodo de la Red WATERLAT-GOBACIT. &nbsp; Publicaciones oficiales de la Red WATERLAT-GOBACIT Cuadernos de Trabajo WATERLAT-GOBACIT Libros Cap\u00edtulos [&hellip;]<\/p>\n","protected":false},"author":1,"featured_media":0,"parent":0,"menu_order":0,"comment_status":"closed","ping_status":"open","template":"page-templates\/full-width.php","meta":{"_acf_changed":false,"footnotes":""},"class_list":["post-7","page","type-page","status-publish","hentry","wpautop"],"acf":[],"_links":{"self":[{"href":"https:\/\/waterlat.org\/es\/wp-json\/wp\/v2\/pages\/7","targetHints":{"allow":["GET"]}}],"collection":[{"href":"https:\/\/waterlat.org\/es\/wp-json\/wp\/v2\/pages"}],"about":[{"href":"https:\/\/waterlat.org\/es\/wp-json\/wp\/v2\/types\/page"}],"author":[{"embeddable":true,"href":"https:\/\/waterlat.org\/es\/wp-json\/wp\/v2\/users\/1"}],"replies":[{"embeddable":true,"href":"https:\/\/waterlat.org\/es\/wp-json\/wp\/v2\/comments?post=7"}],"version-history":[{"count":22,"href":"https:\/\/waterlat.org\/es\/wp-json\/wp\/v2\/pages\/7\/revisions"}],"predecessor-version":[{"id":2509,"href":"https:\/\/waterlat.org\/es\/wp-json\/wp\/v2\/pages\/7\/revisions\/2509"}],"wp:attachment":[{"href":"https:\/\/waterlat.org\/es\/wp-json\/wp\/v2\/media?parent=7"}],"curies":[{"name":"wp","href":"https:\/\/api.w.org\/{rel}","templated":true}]}}