{"id":8,"date":"2013-11-27T20:56:50","date_gmt":"2013-11-27T20:56:50","guid":{"rendered":"http:\/\/waterlat.org\/es\/?page_id=8"},"modified":"2017-05-08T18:56:34","modified_gmt":"2017-05-08T18:56:34","slug":"comunicacion-publica-old","status":"publish","type":"page","link":"https:\/\/waterlat.org\/es\/comunicacion-publica-old\/","title":{"rendered":"Diseminaci\u00f3n Old"},"content":{"rendered":"<p><span style=\"line-height: 1.714285714; font-size: 1rem;\">Esta secci\u00f3n la dedicamos a diferentes formas de diseminaci\u00f3n y comunicaci\u00f3n con el p\u00fablico, en varios idiomas. Incluye publicaciones para el p\u00fablico general, entrevistas\u00a0con miembros de la red WATERLAT-GOBACIT, videos de las conferencias y otros encuentros de la red y entrevistas con participantes, entre otros temas.<\/span><\/p>\n<p>&nbsp;<\/p>\n<h2>Una muestra de nuestros video clips<\/h2>\n<div>\n<p>Entre <a title=\"Interviews\" href=\"https:\/\/waterlat.org\/es\/comunicacion-publica\/interviews\/\">aqu\u00ed para ver la p\u00e1gina de muestra<\/a>.<\/p>\n<p>Visite\u00a0nuestro\u00a0<a href=\"http:\/\/www.youtube.com\/user\/Waterlat\">canal WATERLAT-GOBACIT en YouTube<\/a>.<\/p>\n<p>&nbsp;<\/p>\n<h2>Visite nuestras galer\u00edas fotogr\u00e1ficas en Flickr<\/h2>\n<p><object style=\"width: 624px; height: 384px;\" width=\"400\" height=\"300\" classid=\"clsid:d27cdb6e-ae6d-11cf-96b8-444553540000\" codebase=\"http:\/\/download.macromedia.com\/pub\/shockwave\/cabs\/flash\/swflash.cab#version=6,0,40,0\"><param name=\"flashvars\" value=\"offsite=true&amp;lang=en-us&amp;page_show_url=%2Fphotos%2F125391306%40N03%2Fshow%2F&amp;page_show_back_url=%2Fphotos%2F125391306%40N03%2F&amp;user_id=125391306@N03&amp;jump_to=\" \/><param name=\"allowFullScreen\" value=\"true\" \/><param name=\"src\" value=\"https:\/\/www.flickr.com\/apps\/slideshow\/show.swf?v=143270\" \/><param name=\"allowfullscreen\" value=\"true\" \/><embed style=\"width: 624px; height: 384px;\" width=\"400\" height=\"300\" type=\"application\/x-shockwave-flash\" src=\"https:\/\/www.flickr.com\/apps\/slideshow\/show.swf?v=143270\" flashvars=\"offsite=true&amp;lang=en-us&amp;page_show_url=%2Fphotos%2F125391306%40N03%2Fshow%2F&amp;page_show_back_url=%2Fphotos%2F125391306%40N03%2F&amp;user_id=125391306@N03&amp;jump_to=\" allowFullScreen=\"true\" allowfullscreen=\"true\" \/><\/object>\n<\/div>\n<h2>Publicaciones para divulgaci\u00f3n<\/h2>\n<p><a title=\"Mini art\u00edculos (IPEA, Brasil)\" href=\"https:\/\/waterlat.org\/es\/comunicacion-publica\/articolos\/\">Serie de mini-art\u00edculos WATERLAT-GOBACIT en Desafios do Desenvolvimento (IPEA), Brasil<\/a><\/p>\n<p><a title=\"Short articles (Hydria, Argentina)\" href=\"https:\/\/waterlat.org\/es\/comunicacion-publica\/short-articles-hydria-argentina\/\">Serie de mini-art\u00edculos en Hydria, Argentina<\/a><\/p>\n<p><a title=\"Otras publicaciones\" href=\"https:\/\/waterlat.org\/es\/comunicacion-publica\/otras-publicaciones\/\">Otras publicaciones<\/a><\/p>\n<p>&nbsp;<\/p>\n<div>\n<p>&nbsp;<\/p>\n<\/div>\n","protected":false},"excerpt":{"rendered":"<p>Esta secci\u00f3n la dedicamos a diferentes formas de diseminaci\u00f3n y comunicaci\u00f3n con el p\u00fablico, en varios idiomas. Incluye publicaciones para el p\u00fablico general, entrevistas\u00a0con miembros de la red WATERLAT-GOBACIT, videos de las conferencias y otros encuentros de la red y entrevistas con participantes, entre otros temas. &nbsp; Una muestra de nuestros video clips Entre aqu\u00ed [&hellip;]<\/p>\n","protected":false},"author":1,"featured_media":0,"parent":0,"menu_order":0,"comment_status":"closed","ping_status":"open","template":"page-templates\/full-width.php","meta":{"_acf_changed":false,"footnotes":""},"class_list":["post-8","page","type-page","status-publish","hentry","wpautop"],"acf":[],"_links":{"self":[{"href":"https:\/\/waterlat.org\/es\/wp-json\/wp\/v2\/pages\/8","targetHints":{"allow":["GET"]}}],"collection":[{"href":"https:\/\/waterlat.org\/es\/wp-json\/wp\/v2\/pages"}],"about":[{"href":"https:\/\/waterlat.org\/es\/wp-json\/wp\/v2\/types\/page"}],"author":[{"embeddable":true,"href":"https:\/\/waterlat.org\/es\/wp-json\/wp\/v2\/users\/1"}],"replies":[{"embeddable":true,"href":"https:\/\/waterlat.org\/es\/wp-json\/wp\/v2\/comments?post=8"}],"version-history":[{"count":11,"href":"https:\/\/waterlat.org\/es\/wp-json\/wp\/v2\/pages\/8\/revisions"}],"predecessor-version":[{"id":2395,"href":"https:\/\/waterlat.org\/es\/wp-json\/wp\/v2\/pages\/8\/revisions\/2395"}],"wp:attachment":[{"href":"https:\/\/waterlat.org\/es\/wp-json\/wp\/v2\/media?parent=8"}],"curies":[{"name":"wp","href":"https:\/\/api.w.org\/{rel}","templated":true}]}}