{"id":863,"date":"2014-03-18T20:02:29","date_gmt":"2014-03-18T20:02:29","guid":{"rendered":"http:\/\/waterlat.org\/es\/?page_id=863"},"modified":"2023-05-06T19:53:16","modified_gmt":"2023-05-06T19:53:16","slug":"waterlat-2009","status":"publish","type":"page","link":"https:\/\/waterlat.org\/es\/encuentros\/public-meetings\/waterlat-2009\/","title":{"rendered":"WATERLAT I, Barcelona, 2009"},"content":{"rendered":"<h2>Primer Encuentro Internacional: \u201cLa Ecolog\u00eda Pol\u00edtica del Agua en Am\u00e9rica Latina: definiendo una estrategia de investigaci\u00f3n\u201d<\/h2>\n<p>Agencia Catalana del Agua, Barcelona, 14-16 de octubre de 2009<\/p>\n<p>Ver programa m\u00e1s abajo.<\/p>\n<p>Galer\u00eda fotogr\u00e1fica de la I Reuni\u00f3n:<br \/>\n<a data-flickr-embed=\"true\" href=\"https:\/\/www.flickr.com\/photos\/125391306@N03\/albums\/72157645457950284\" title=\"2009 Reuni\u00f3n Anual \/ Annual Meeting\"><img loading=\"lazy\" decoding=\"async\" src=\"https:\/\/live.staticflickr.com\/3841\/14547729904_f9109c393e_z.jpg\" width=\"640\" height=\"480\" alt=\"2009 Reuni\u00f3n Anual \/ Annual Meeting\"\/><\/a><script async src=\"\/\/embedr.flickr.com\/assets\/client-code.js\" charset=\"utf-8\"><\/script><\/p>\n<h3><\/h3>\n<h3>Primer D\u00eda \u2013 14 de octubre de 2009<\/h3>\n<p>8:00 \u2013 9:00 Recepci\u00f3n y registro de participantes<\/p>\n<p>9:00 \u2013 9:15 Apertura<br \/>\nLic. Muntsa Niso Holgado, Directora de Participaci\u00f3n y Concertaci\u00f3n Social,<br \/>\nAgencia Catalana del Agua<\/p>\n<p>9:15 \u2013 9:30 Bienvenida<br \/>\nProf. David Saur\u00ed, Instituto de Ciencia y Tecnolog\u00eda Ambiental (ICTA),<br \/>\nUniversidad Aut\u00f3noma de Barcelona<\/p>\n<h4>La Red WATERLAT como Proyecto Intelectual<\/h4>\n<p>Coordinaci\u00f3n: Gustavo Ant\u00f3n, Instituto de Investigaci\u00f3n en Ciencias Sociales &#8220;Gino Germani&#8221;,<br \/>\nUniversidad de Buenos Aires, Argentina<\/p>\n<p>10:30 \u2013 10:50 &#8220;La ecolog\u00eda pol\u00edtica del agua que inspira nuestra red de investigaci\u00f3n&#8221;<br \/>\nProf. Jos\u00e9 Esteban Castro, Escuela de Geograf\u00eda, Ciencia Pol\u00edtica y Sociolog\u00eda,<br \/>\nUniversidad de Newcastle, Reino Unido<\/p>\n<p>10:50 \u2013 11:20 &#8220;El ambiente y la pos-pol\u00edtica&#8221;<br \/>\nProf. Erik Swyngedouw, Escuela del Ambiente y el Desarrollo (SED),<br \/>\nUniversidad de Manchester, Reino Unido<\/p>\n<p>11:40 \u2013 12:15 <strong>Mesa redonda con comentarios complementarios a las presentaciones<\/strong><\/p>\n<p>Prof. Bernard Barraqu\u00e9, AgroParisTech, Par\u00eds, Francia<\/p>\n<p>Dr. Carlos Crespo, Centro de Estudios Superiores Universitarios (CESU),<br \/>\nUniversidad Mayor de San Sim\u00f3n, Cochabamba, Bolivia<\/p>\n<p>Dr. Antonio Ioris, Centro de Aberdeen para la Sustentabilidad Ambiental,<br \/>\nUniversidad de Aberdeen e Instituto Macaulay, Aberdeen, Reino Unido<\/p>\n<p>Dr. Niurka P\u00e9rez, Departmento de Sociolog\u00eda, Universidad de la Habana, Cuba<\/p>\n<p>Dr. Wagner Costa Ribeiro, Instituto de Estudios Avanzados, Universidad de San Pablo, Brasil<\/p>\n<p>12:15 \u2013 12:45 Discusi\u00f3n plenaria<\/p>\n<p>&nbsp;<\/p>\n<h4>La Red WATERLAT como Proyecto Intelectual (contin\u00faa)<\/h4>\n<p>Coordinaci\u00f3n: Prof. L\u00e9o Heller, Escuela de Ingenier\u00eda, Universidad Federal de Minas Gerais, Brasil<\/p>\n<p>14:45 \u2013 15:15 &#8220;La relaci\u00f3n entre el agua y la salud ambiental&#8221;<br \/>\nProf. Dami\u00e0 Barcel\u00f3, Centro de Investigaci\u00f3n y Desarrollo, Barcelona<\/p>\n<p>15:15 \u2013 15:45 <strong>Mesa redonda con comentarios complementarios a la presentaci\u00f3n<\/strong><\/p>\n<p>Prof. L\u00e9o Heller, Escuela de Ingenier\u00eda, Universidad Federal de Minas Gerais, Brasil<\/p>\n<p>Prof. Luiz Roberto Morais, Escuela de Ingenier\u00eda, Universidad Federal de Bah\u00eda, Brasil<\/p>\n<p>Dr. Mar\u00eda Luisa V\u00e1zquez, Consorcio de Hospitales de Catalu\u00f1a, Barcelona<\/p>\n<p>15:45 \u2013 16:00 Discusi\u00f3n plenaria<\/p>\n<p>&nbsp;<\/p>\n<p>&nbsp;<\/p>\n<h3>Segundo D\u00eda \u2013 15 de octubre de 2009<\/h3>\n<h4>La Ecolog\u00eda Pol\u00edtica del Agua en Pespectiva X-Disciplinaria<\/h4>\n<p>Aunque los or\u00edgenes de la red tienen sus ra\u00edces en las ciencias sociales, los problemas de investigaci\u00f3n e intervenci\u00f3n pr\u00e1ctica que tratamos requieren necesariamente la incoporaci\u00f3n de las ciencias naturales y t\u00e9cnicas. En esta sesi\u00f3n discutimos las oportunidades y obst\u00e1culos que enfrentamos para poder producer una ruptura de los encierros disciplinarios y desarrollar culturas acad\u00e9micas X-disciplinarias. Utilizamos el t\u00e9rmino &#8220;X-disciplinaridad&#8221; para se\u00f1alar la necesidad de transcender los debates sobre la cros, inter-, multi- (o pluri), trans-, y pos-disciplinaridad.<\/p>\n<p>Coordinaci\u00f3n: Leandro del Moral, Departamento de Geograf\u00eda, Universidad de Sevilla, Espa\u00f1a<\/p>\n<p>14:50 \u2013 15:00 Introducci\u00f3n<\/p>\n<p>15:00 \u2013 15:20 &#8220;De la mono- a la pos-disciplinaridad? Explorando el concepto de X-disciplinaridad&#8221;<\/p>\n<p>Prof. Jos\u00e9 Esteban Castro, Escuela de Geograf\u00eda, Ciencia Pol\u00edtica y Sociolog\u00eda,<br \/>\nUniversidad de Newcastle, Reino Unido<\/p>\n<p>15:20 \u2013 16:45 <strong>Mesa redonda sobre la X-disciplinaridad en la Red WATERLAT<\/strong><\/p>\n<p>Dr Ana L\u00facia Britto, Universidad Federal de R\u00edo de Janeiro, Brasil<\/p>\n<p>Prof. Jos\u00e9 Esteban Castro, Escuela de Geograf\u00eda, Ciencia Pol\u00edtica y Sociolog\u00eda,<br \/>\nUniversidad de Newcastle, Reino Unido<\/p>\n<p>Prof. Juan Carlos Mar\u00edn, Instituto de Investigaci\u00f3n en Ciencias Sociales &#8220;Gino Germani&#8221;,<br \/>\nUniversidad de Buenos Aires, Argentina<\/p>\n<p>Prof. Joan Mart\u00ednez Alier, Instituto de Ciencia y Tecnolog\u00eda Ambiental (ICTA),<br \/>\nUniversidad Aut\u00f3noma de Barcelona<\/p>\n<p>Prof. Erik Swyngedouw, Escuela del Ambiente y el Desarrollo (SED),<br \/>\nUniversidad de Manchester, Reino Unido<\/p>\n<p>17:15 \u2013 18:00 Discusi\u00f3n Plenaria<\/p>\n<p>18:00 \u2013 18:15 Cierre<\/p>\n","protected":false},"excerpt":{"rendered":"<p>Primer Encuentro Internacional: \u201cLa Ecolog\u00eda Pol\u00edtica del Agua en Am\u00e9rica Latina: definiendo una estrategia de investigaci\u00f3n\u201d Agencia Catalana del Agua, Barcelona, 14-16 de octubre de 2009 Ver programa m\u00e1s abajo. Galer\u00eda fotogr\u00e1fica de la I Reuni\u00f3n: Primer D\u00eda \u2013 14 de octubre de 2009 8:00 \u2013 9:00 Recepci\u00f3n y registro de participantes 9:00 \u2013 9:15 [&hellip;]<\/p>\n","protected":false},"author":3,"featured_media":0,"parent":19,"menu_order":0,"comment_status":"closed","ping_status":"closed","template":"page-templates\/full-width.php","meta":{"_acf_changed":false,"footnotes":""},"class_list":["post-863","page","type-page","status-publish","hentry","wpautop"],"acf":[],"_links":{"self":[{"href":"https:\/\/waterlat.org\/es\/wp-json\/wp\/v2\/pages\/863","targetHints":{"allow":["GET"]}}],"collection":[{"href":"https:\/\/waterlat.org\/es\/wp-json\/wp\/v2\/pages"}],"about":[{"href":"https:\/\/waterlat.org\/es\/wp-json\/wp\/v2\/types\/page"}],"author":[{"embeddable":true,"href":"https:\/\/waterlat.org\/es\/wp-json\/wp\/v2\/users\/3"}],"replies":[{"embeddable":true,"href":"https:\/\/waterlat.org\/es\/wp-json\/wp\/v2\/comments?post=863"}],"version-history":[{"count":9,"href":"https:\/\/waterlat.org\/es\/wp-json\/wp\/v2\/pages\/863\/revisions"}],"predecessor-version":[{"id":4019,"href":"https:\/\/waterlat.org\/es\/wp-json\/wp\/v2\/pages\/863\/revisions\/4019"}],"up":[{"embeddable":true,"href":"https:\/\/waterlat.org\/es\/wp-json\/wp\/v2\/pages\/19"}],"wp:attachment":[{"href":"https:\/\/waterlat.org\/es\/wp-json\/wp\/v2\/media?parent=863"}],"curies":[{"name":"wp","href":"https:\/\/api.w.org\/{rel}","templated":true}]}}