{"id":9,"date":"2013-11-27T20:56:49","date_gmt":"2013-11-27T20:56:49","guid":{"rendered":"http:\/\/waterlat.org\/es\/?page_id=9"},"modified":"2016-12-02T16:35:53","modified_gmt":"2016-12-02T16:35:53","slug":"contacto","status":"publish","type":"page","link":"https:\/\/waterlat.org\/es\/comienzo\/contacto\/","title":{"rendered":"Contacto"},"content":{"rendered":"<h3>Coordinador de la Red WATERLAT-GOBACIT:<\/h3>\n<p>Dr Jos\u00e9 Esteban Castro, Profesor Em\u00e9rito<\/p>\n<p>Escuela de Geograf\u00eda, Ciencia Pol\u00edtica y Sociolog\u00eda<br \/>\nUniversidad de Newcastle<br \/>\nNewcastle upon Tyne<br \/>\nNE1 7RU<br \/>\nUnited Kingdom.<br \/>\n<a href=\"mailto:redwaterlat@gmail.com\">Env\u00ede un mensaje electr\u00f3nico<\/a><\/p>\n<p><a title=\"Add contact to Outlook\" href=\"http:\/\/www.waterlat.org\/profile.vcf\"><img loading=\"lazy\" decoding=\"async\" alt=\"\" src=\"http:\/\/www.waterlat.org\/images\/vcard.gif\" width=\"16\" height=\"16\" \/>\u00a0add contact<\/a><\/p>\n","protected":false},"excerpt":{"rendered":"<p>Coordinador de la Red WATERLAT-GOBACIT: Dr Jos\u00e9 Esteban Castro, Profesor Em\u00e9rito Escuela de Geograf\u00eda, Ciencia Pol\u00edtica y Sociolog\u00eda Universidad de Newcastle Newcastle upon Tyne NE1 7RU United Kingdom. Env\u00ede un mensaje electr\u00f3nico \u00a0add contact<\/p>\n","protected":false},"author":1,"featured_media":0,"parent":3,"menu_order":0,"comment_status":"closed","ping_status":"closed","template":"page-templates\/full-width.php","meta":{"_acf_changed":false,"footnotes":""},"class_list":["post-9","page","type-page","status-publish","hentry","wpautop"],"acf":[],"_links":{"self":[{"href":"https:\/\/waterlat.org\/es\/wp-json\/wp\/v2\/pages\/9","targetHints":{"allow":["GET"]}}],"collection":[{"href":"https:\/\/waterlat.org\/es\/wp-json\/wp\/v2\/pages"}],"about":[{"href":"https:\/\/waterlat.org\/es\/wp-json\/wp\/v2\/types\/page"}],"author":[{"embeddable":true,"href":"https:\/\/waterlat.org\/es\/wp-json\/wp\/v2\/users\/1"}],"replies":[{"embeddable":true,"href":"https:\/\/waterlat.org\/es\/wp-json\/wp\/v2\/comments?post=9"}],"version-history":[{"count":6,"href":"https:\/\/waterlat.org\/es\/wp-json\/wp\/v2\/pages\/9\/revisions"}],"predecessor-version":[{"id":2021,"href":"https:\/\/waterlat.org\/es\/wp-json\/wp\/v2\/pages\/9\/revisions\/2021"}],"up":[{"embeddable":true,"href":"https:\/\/waterlat.org\/es\/wp-json\/wp\/v2\/pages\/3"}],"wp:attachment":[{"href":"https:\/\/waterlat.org\/es\/wp-json\/wp\/v2\/media?parent=9"}],"curies":[{"name":"wp","href":"https:\/\/api.w.org\/{rel}","templated":true}]}}