{"id":940,"date":"2014-04-07T12:23:22","date_gmt":"2014-04-07T12:23:22","guid":{"rendered":"http:\/\/waterlat.org\/es\/?page_id=940"},"modified":"2014-09-08T08:56:59","modified_gmt":"2014-09-08T08:56:59","slug":"prinwass","status":"publish","type":"page","link":"https:\/\/waterlat.org\/es\/proyectos\/prinwass\/","title":{"rendered":"PRINWASS"},"content":{"rendered":"<h2>Barreras y condiciones para la participaci\u00f3n de la empresa y el capital privados en los servicios de agua y saneamiento en Latinoam\u00e9rica y \u00c1frica: A la b\u00fasqueda de la sustentabilidad econ\u00f3mica, social, y ambiental (PRINWASS)<\/h2>\n<p>PRINWASS fue un proyecto internacional que examin\u00f3 cr\u00edticamente casos de privatizaci\u00f3n de servicios de agua y saneamiento en Argentina, Bolivia, Brasil, Kenia, M\u00e9xico y Tanzania. Tambi\u00e9n incluy\u00f3 casos de Finlandia, Grecia y el Reino Unido como comparaci\u00f3n.<\/p>\n<p>Galer\u00eda de fotos de las reuniones del proyecto:<br \/>\n<object style=\"width: 636px; height: 384px;\" width=\"400\" height=\"300\" classid=\"clsid:d27cdb6e-ae6d-11cf-96b8-444553540000\" codebase=\"http:\/\/download.macromedia.com\/pub\/shockwave\/cabs\/flash\/swflash.cab#version=6,0,40,0\"><param name=\"flashvars\" value=\"offsite=true&amp;lang=en-us&amp;page_show_url=%2Fphotos%2F125391306%40N03%2Fsets%2F72157645046774607%2Fshow%2F&amp;page_show_back_url=%2Fphotos%2F125391306%40N03%2Fsets%2F72157645046774607%2F&amp;set_id=72157645046774607&amp;jump_to=\" \/><param name=\"allowFullScreen\" value=\"true\" \/><param name=\"src\" value=\"https:\/\/www.flickr.com\/apps\/slideshow\/show.swf?v=143270\" \/><param name=\"allowfullscreen\" value=\"true\" \/><embed style=\"width: 636px; height: 384px;\" width=\"400\" height=\"300\" type=\"application\/x-shockwave-flash\" src=\"https:\/\/www.flickr.com\/apps\/slideshow\/show.swf?v=143270\" flashvars=\"offsite=true&amp;lang=en-us&amp;page_show_url=%2Fphotos%2F125391306%40N03%2Fsets%2F72157645046774607%2Fshow%2F&amp;page_show_back_url=%2Fphotos%2F125391306%40N03%2Fsets%2F72157645046774607%2F&amp;set_id=72157645046774607&amp;jump_to=\" allowFullScreen=\"true\" allowfullscreen=\"true\" \/><\/object><\/p>\n<p>Tras finalizado el proyecto, un grupo de <a href=\"http:\/\/www.prinwass.org\/es\/partners.shtml\"> Miembros<\/a> y <a href=\"http:\/\/www.prinwass.org\/es\/institutions.shtml\">Asociados<\/a> de PRINWASS crearon la red de investigaci\u00f3n <a href=\"http:\/\/www.gobacit.org\">GOBACIT<\/a> y poco despu\u00e9s su rama latinoamericana, WATERLAT.<\/p>\n<p>Entre aqu\u00ed para ver los <a href=\"http:\/\/www.prinwass.org\/es\/documents.shtml\">Informes de Investigaci\u00f3n<\/a> y algunas <a href=\"http:\/\/www.prinwass.org\/publications.shtml\">Publicaciones<\/a> derivadas del proyecto (sale del sitio de Internet de WATERLAT-GOBACIT).<\/p>\n<p>&nbsp;<\/p>\n<h2>Sobre el Proyecto<\/h2>\n<p>PRINWASS tuvo una duraci\u00f3n de 3 a\u00f1os (2001-2004) y fue financiado por la Comisi\u00f3n Europea dentro del Quinto Programa Marco 1998-2002, en contribuci\u00f3n a la implementaci\u00f3n del Programa Horizontal Confirmando el Rol Internacional de la Investigaci\u00f3n Comunitaria INCO2 Investigaci\u00f3n para el Desarrollo, Contrato: ICA4-CT-2001-10041.<\/p>\n<p>Visite <a href=\"http:\/\/www.prinwass.org\">el sitio de Internet de PRINWASS<\/a>\u00a0para mayor informaci\u00f3n (sale del sitio de Internet de WATERLAT-GOBACIT).<\/p>\n<p>&nbsp;<\/p>\n","protected":false},"excerpt":{"rendered":"<p>Barreras y condiciones para la participaci\u00f3n de la empresa y el capital privados en los servicios de agua y saneamiento en Latinoam\u00e9rica y \u00c1frica: A la b\u00fasqueda de la sustentabilidad econ\u00f3mica, social, y ambiental (PRINWASS) PRINWASS fue un proyecto internacional que examin\u00f3 cr\u00edticamente casos de privatizaci\u00f3n de servicios de agua y saneamiento en Argentina, Bolivia, [&hellip;]<\/p>\n","protected":false},"author":3,"featured_media":0,"parent":6,"menu_order":0,"comment_status":"closed","ping_status":"open","template":"page-templates\/full-width.php","meta":{"_acf_changed":false,"footnotes":""},"class_list":["post-940","page","type-page","status-publish","hentry","wpautop"],"acf":[],"_links":{"self":[{"href":"https:\/\/waterlat.org\/es\/wp-json\/wp\/v2\/pages\/940","targetHints":{"allow":["GET"]}}],"collection":[{"href":"https:\/\/waterlat.org\/es\/wp-json\/wp\/v2\/pages"}],"about":[{"href":"https:\/\/waterlat.org\/es\/wp-json\/wp\/v2\/types\/page"}],"author":[{"embeddable":true,"href":"https:\/\/waterlat.org\/es\/wp-json\/wp\/v2\/users\/3"}],"replies":[{"embeddable":true,"href":"https:\/\/waterlat.org\/es\/wp-json\/wp\/v2\/comments?post=940"}],"version-history":[{"count":6,"href":"https:\/\/waterlat.org\/es\/wp-json\/wp\/v2\/pages\/940\/revisions"}],"predecessor-version":[{"id":1173,"href":"https:\/\/waterlat.org\/es\/wp-json\/wp\/v2\/pages\/940\/revisions\/1173"}],"up":[{"embeddable":true,"href":"https:\/\/waterlat.org\/es\/wp-json\/wp\/v2\/pages\/6"}],"wp:attachment":[{"href":"https:\/\/waterlat.org\/es\/wp-json\/wp\/v2\/media?parent=940"}],"curies":[{"name":"wp","href":"https:\/\/api.w.org\/{rel}","templated":true}]}}