{"id":1039,"date":"2014-07-01T13:54:26","date_gmt":"2014-07-01T13:54:26","guid":{"rendered":"http:\/\/waterlat.org\/pt\/?page_id=1039"},"modified":"2015-12-11T17:42:02","modified_gmt":"2015-12-11T17:42:02","slug":"waterlat-gobacit-2015","status":"publish","type":"page","link":"https:\/\/waterlat.org\/pt\/encontros\/encontros-abertos\/waterlat-gobacit-2015\/","title":{"rendered":"WATERLAT-GOBACIT VII, Guadalajara, 2015"},"content":{"rendered":"<p><a href=\"https:\/\/waterlat.org\/pt\/wp-content\/uploads\/sites\/3\/2015\/06\/logo_Waterlat-Pt2.jpg\"><img loading=\"lazy\" decoding=\"async\" class=\"aligncenter size-medium wp-image-1267\" src=\"https:\/\/waterlat.org\/pt\/wp-content\/uploads\/sites\/3\/2015\/06\/logo_Waterlat-Pt2-300x298.jpg\" alt=\"logo_Waterlat\" width=\"300\" height=\"298\" srcset=\"https:\/\/waterlat.org\/pt\/wp-content\/uploads\/sites\/3\/2015\/06\/logo_Waterlat-Pt2-300x298.jpg 300w, https:\/\/waterlat.org\/pt\/wp-content\/uploads\/sites\/3\/2015\/06\/logo_Waterlat-Pt2-150x150.jpg 150w, https:\/\/waterlat.org\/pt\/wp-content\/uploads\/sites\/3\/2015\/06\/logo_Waterlat-Pt2-1024x1017.jpg 1024w, https:\/\/waterlat.org\/pt\/wp-content\/uploads\/sites\/3\/2015\/06\/logo_Waterlat-Pt2-624x620.jpg 624w, https:\/\/waterlat.org\/pt\/wp-content\/uploads\/sites\/3\/2015\/06\/logo_Waterlat-Pt2.jpg 1118w\" sizes=\"auto, (max-width: 300px) 100vw, 300px\" \/><\/a><\/p>\n<p style=\"text-align: center;\">Logo inspirado no poema <a href=\"https:\/\/youtu.be\/Al0FbmDxaoM?list=PLx6qphzdSP6tVkSKgdDG_Pp8B3g2QRYnl\">&#8220;Por qu\u00e9 cantamos&#8221;, de Mario Benedetti<\/a><\/p>\n<p>&nbsp;<\/p>\n<h2 style=\"text-align: center;\">VII Encontro Internacional da Rede WATERLAT-GOBACIT<\/h2>\n<h3 style=\"text-align: center;\">Pol\u00edtica da \u00e1gua e mudan\u00e7a social.<br \/>\nQuais s\u00e3o as li\u00e7\u00f5es das novas derrotas do \u2018desenvolvimento\u2019?<\/h3>\n<p style=\"text-align: center;\">Campus do <a href=\"http:\/\/www.iteso.mx\">ITESO, Universidade Jesuita de Guadalajara<\/a>, Guadalajara, M\u00e9xico,<br \/>\n19-23 de outubro de 2015.<\/p>\n<p>&nbsp;<\/p>\n<h2><a href=\"http:\/\/waterlat.org\/GeneralPDFs\/Programa VII Reunion.pdf\">Programa<\/a><\/h2>\n<p>&nbsp;<\/p>\n<h4>Breve avalia\u00e7\u00e3o do encontro pelos coordenadores (em espanhol)<\/h4>\n<p><iframe loading=\"lazy\" src=\"https:\/\/www.youtube.com\/embed\/38OWGnNU1d4?list=PLx6qphzdSP6s65qIxmfZLFz9wGRE5lcRz\" width=\"560\" height=\"315\" frameborder=\"0\" allowfullscreen=\"allowfullscreen\"><\/iframe><\/p>\n<h4>Benvinda do Dr Jos\u00e9 Morales Orozco, Rector do ITESO, aos participantes do VII Encontro Internacional da Rede WATERLAT-GOBACIT<\/h4>\n<p><iframe loading=\"lazy\" src=\"https:\/\/www.youtube.com\/embed\/TY407tDvNn4?list=PLx6qphzdSP6tVkSKgdDG_Pp8B3g2QRYnl\" width=\"560\" height=\"315\" frameborder=\"0\" allowfullscreen=\"allowfullscreen\"><\/iframe><\/p>\n<p>&nbsp;<\/p>\n<h4>Atividades preparatorias<\/h4>\n<p><iframe loading=\"lazy\" src=\"https:\/\/www.youtube.com\/embed\/YReM8R4ka5M?list=PLx6qphzdSP6tVkSKgdDG_Pp8B3g2QRYnl\" width=\"560\" height=\"315\" frameborder=\"0\" allowfullscreen=\"allowfullscreen\"><\/iframe><\/p>\n<p>&nbsp;<\/p>\n<p>O tema escolhido \u00e9 um convite para se debater as inter-rela\u00e7\u00f5es entre a pol\u00edtica da \u00e1gua, <strong>em suas diversas formas e dimens\u00f5es<\/strong>, e os processos de mudan\u00e7a social a longo prazo, com \u00eanfase nos processos de mudan\u00e7a social progressiva, orientados ao avan\u00e7o do processo de democratiza\u00e7\u00e3o substantiva das sociedades. 2015 \u00e9 um ano apropriado para este debate, porque, entre outras quest\u00f5es, \u00e9 o ano em que se realiza o balan\u00e7o das Metas de Desenvolvimento do Mil\u00eanio (MDM) &#8211; (http:\/\/www.un.org\/es\/millenniumgoals\/) que foram decididas em 2000 e tinham de ser cumpridas at\u00e9 este ano. \u00c9 tamb\u00e9m o ano em que se aprovar\u00e3o novas metas e indicadores para as pr\u00f3ximas d\u00e9cadas. H\u00e1 uma rela\u00e7\u00e3o estreita entre v\u00e1rias das MDM e os temas da \u00e1gua, especialmente no caso da Meta 7, dedicada a &#8220;sustentabilidade ambiental&#8221; e incluiu v\u00e1rios objectivos, como a redu\u00e7\u00e3o da degrada\u00e7\u00e3o ambiental e a perda de biodiversidade, reduzir \u00e0 metade a popula\u00e7\u00e3o sem acesso a servi\u00e7os b\u00e1sicos de \u00e1gua e saneamento e melhorar as condi\u00e7\u00f5es de vida de 100 milh\u00f5es de pessoas em favelas. V\u00e1rios outros MDM tamb\u00e9m s\u00e3o muito relevantes para o nosso tema, especialmente a 1 (erradicar a pobreza extrema e a fome), a 4 (reduzir a mortalidade infantil com menos de 5 anos) e 6 (combater doen\u00e7as evit\u00e1veis, entre as quais se encontram v\u00e1rias enfermidades relacionadas com a \u00e1gua). Sem d\u00favida, muitos outros problemas urgentes foram deixados de lado quando as metas foram aprovadas, o que, por si s\u00f3 abre oportunidades para o debate e a cr\u00edtica construtiva de busca de alternativas. Nesse sentido, tal como anteciparam in\u00fameros relatos das equipes que monitoram o cumprimento das MDM, estamos longe de cumprir a maioria deles, certamente aquelAs diretamente relacionadAs com a quest\u00e3o da \u00e1gua. V\u00e1rios membros da rede t\u00eam escrito bastante sobre este tema, e um de nossos projetos atuais \u00e9 dedicado precisamente a este tema (www.desafioglobal.org). O n\u00e3o cumprimento das MDM, que em muitos aspectos eram modestas ou mesmo insignificantes em compara\u00e7\u00e3o com o passado (por exemplo, enquanto a D\u00e9cada Mundial da \u00c1gua das Na\u00e7\u00f5es Unidas iniciada em 1980, havia tido como meta levar 40 litros de \u00e1gua limpa a cada ser humano do planeta at\u00e9 1990, o que n\u00e3o foi conseguido, desde 1990, existem 1.100 milh\u00f5es de pessoas sem \u00e1gua pot\u00e1vel para consumir, a meta assumida em 2000 para reduzir pela metade a propor\u00e7\u00e3o de pessoas sem acesso \u00e0 \u00e1gua pot\u00e1vel para 2015) pode ser visto como uma nova &#8220;derrota do desenvolvimento.&#8221; \u00c9 claro quem foram os derrotados. Esta nova derrota novamente levanta uma s\u00e9rie de perguntas inc\u00f4modas, n\u00e3o somente sobre o significado do &#8220;desenvolvimento&#8221; e do \u201cprogresso\u201d, temas muito debatidos nas \u00faltimas d\u00e9cadas, mas tamb\u00e9m a possibilidade da democracia, entendida como um projeto universal igualit\u00e1rio, em termos da esp\u00e9cie humana. Neste sentido, podemos dizer responsavelmente que o fracasso das MDM \u00e9 outra derrota a mais do &#8220;desenvolvimento&#8221;, talvez a mais recente, que foi infligida a uma parte substancial da popula\u00e7\u00e3o humana. Propomo-nos a discutir em nossa reuni\u00e3o quais s\u00e3o as li\u00e7\u00f5es que podemos e devemos extrair da derrota sofrida, <strong>com o objetivo de desenvolver alternativas, estrat\u00e9gia e interven\u00e7\u00f5es pr\u00e1ticas orientadas a impulsionar e consolidar novas transforma\u00e7\u00f5es sociais que permitam combater com mais sucesso o car\u00e1ter desumano do sistema social dominante<\/strong>.<\/p>\n<hr \/>\n<p>&nbsp;<\/p>\n<p>O encontro foi organizado pela Rede WATERLAT-GOBACIT e o ITESO.<\/p>\n<p><a href=\"http:\/\/waterlat.org\/wp-content\/uploads\/2014\/10\/WATERLAT-VERTICAL.jpg\"><img loading=\"lazy\" decoding=\"async\" class=\"wp-image-1637 alignleft\" src=\"http:\/\/waterlat.org\/wp-content\/uploads\/2014\/10\/WATERLAT-VERTICAL-300x163.jpg\" alt=\"WATERLAT VERTICAL\" width=\"133\" height=\"72\" \/><\/a><a href=\"http:\/\/waterlat.org\/wp-content\/uploads\/2014\/07\/azul-horizontal-2010.jpg\"><img loading=\"lazy\" decoding=\"async\" class=\"wp-image-1790 alignleft\" src=\"http:\/\/waterlat.org\/wp-content\/uploads\/2014\/07\/azul-horizontal-2010-300x123.jpg\" alt=\"azul-horizontal-2010\" width=\"175\" height=\"72\" \/><\/a><\/p>\n<p>&nbsp;<\/p>\n<p>&nbsp;<\/p>\n<p>&nbsp;<\/p>\n<p><a href=\"https:\/\/waterlat.org\/pt\/wp-content\/uploads\/sites\/3\/2014\/07\/logo-USAI.jpeg\"><img loading=\"lazy\" decoding=\"async\" class=\"alignnone  wp-image-1342\" src=\"https:\/\/waterlat.org\/pt\/wp-content\/uploads\/sites\/3\/2014\/07\/logo-USAI-300x300.jpeg\" alt=\"logo USAI\" width=\"67\" height=\"67\" srcset=\"https:\/\/waterlat.org\/pt\/wp-content\/uploads\/sites\/3\/2014\/07\/logo-USAI-300x300.jpeg 300w, https:\/\/waterlat.org\/pt\/wp-content\/uploads\/sites\/3\/2014\/07\/logo-USAI-150x150.jpeg 150w, https:\/\/waterlat.org\/pt\/wp-content\/uploads\/sites\/3\/2014\/07\/logo-USAI.jpeg 500w\" sizes=\"auto, (max-width: 67px) 100vw, 67px\" \/><\/a>\u00a0 \u00a0<a href=\"https:\/\/waterlat.org\/pt\/wp-content\/uploads\/sites\/3\/2014\/07\/\u00a1VA.jpg\"><img loading=\"lazy\" decoding=\"async\" class=\"alignnone  wp-image-1352\" src=\"https:\/\/waterlat.org\/pt\/wp-content\/uploads\/sites\/3\/2014\/07\/\u00a1VA.jpg\" alt=\"\u00a1VA!\" width=\"66\" height=\"66\" srcset=\"https:\/\/waterlat.org\/pt\/wp-content\/uploads\/sites\/3\/2014\/07\/\u00a1VA.jpg 190w, https:\/\/waterlat.org\/pt\/wp-content\/uploads\/sites\/3\/2014\/07\/\u00a1VA-150x150.jpg 150w\" sizes=\"auto, (max-width: 66px) 100vw, 66px\" \/><\/a> <a href=\"https:\/\/waterlat.org\/pt\/wp-content\/uploads\/sites\/3\/2014\/07\/Huerto-Agroecol\u00f3gico-Universitario-del-ITESO.jpg\"><img loading=\"lazy\" decoding=\"async\" class=\"alignnone  wp-image-1353\" src=\"https:\/\/waterlat.org\/pt\/wp-content\/uploads\/sites\/3\/2014\/07\/Huerto-Agroecol\u00f3gico-Universitario-del-ITESO.jpg\" alt=\"Huerto Agroecol\u00f3gico Universitario del ITESO\" width=\"82\" height=\"66\" \/><\/a> <a href=\"https:\/\/waterlat.org\/pt\/wp-content\/uploads\/sites\/3\/2014\/07\/logo-RedUC.jpg\"><img loading=\"lazy\" decoding=\"async\" class=\"alignnone  wp-image-1354\" src=\"https:\/\/waterlat.org\/pt\/wp-content\/uploads\/sites\/3\/2014\/07\/logo-RedUC.jpg\" alt=\"logo RedUC\" width=\"85\" height=\"62\" \/><\/a> <a href=\"https:\/\/waterlat.org\/pt\/wp-content\/uploads\/sites\/3\/2014\/07\/Logo-RUTAS.pdf.png\"><img loading=\"lazy\" decoding=\"async\" class=\"alignnone  wp-image-1355\" src=\"https:\/\/waterlat.org\/pt\/wp-content\/uploads\/sites\/3\/2014\/07\/Logo-RUTAS.pdf.png\" alt=\"Logo RUTAS.pdf\" width=\"66\" height=\"61\" \/><\/a> <a href=\"https:\/\/waterlat.org\/pt\/wp-content\/uploads\/sites\/3\/2014\/07\/Voluntariado-Justicia-Ambiental.jpg\"><img loading=\"lazy\" decoding=\"async\" class=\"alignnone  wp-image-1356\" src=\"https:\/\/waterlat.org\/pt\/wp-content\/uploads\/sites\/3\/2014\/07\/Voluntariado-Justicia-Ambiental.jpg\" alt=\"Voluntariado Justicia Ambiental\" width=\"75\" height=\"60\" \/><\/a><\/p>\n<p>&nbsp;<\/p>\n<p>&nbsp;<\/p>\n<p><span style=\"text-decoration: underline;\">Vistas de Guadalajara e Jalisco<\/span>:<\/p>\n<p><object width=\"709\" height=\"532\"><param name=\"flashvars\" value=\"offsite=true&amp;lang=en-us&amp;page_show_url=%2Fphotos%2F125391306%40N03%2Fsets%2F72157650732108778%2Fshow%2F&amp;page_show_back_url=%2Fphotos%2F125391306%40N03%2Fsets%2F72157650732108778%2F&amp;set_id=72157650732108778&amp;jump_to=\" \/><param name=\"movie\" value=\"https:\/\/www.flickr.com\/apps\/slideshow\/show.swf?v=1811922554\" \/><param name=\"allowFullScreen\" value=\"true\" \/><embed type=\"application\/x-shockwave-flash\" src=\"https:\/\/www.flickr.com\/apps\/slideshow\/show.swf?v=1811922554\" allowfullscreen=\"allowfullscreen\" flashvars=\"offsite=true&amp;lang=en-us&amp;page_show_url=%2Fphotos%2F125391306%40N03%2Fsets%2F72157650732108778%2Fshow%2F&amp;page_show_back_url=%2Fphotos%2F125391306%40N03%2Fsets%2F72157650732108778%2F&amp;set_id=72157650732108778&amp;jump_to=\" width=\"709\" height=\"532\" \/><\/object><\/p>\n<p><span style=\"text-decoration: underline;\">O encontro \u00e9 organizado com o apoio de (em ordem alfab\u00e9tica):<\/span><\/p>\n<p>&nbsp;<\/p>\n<p><a href=\"&quot;http:\/\/www.amc.mx\/\">Academia Mexicana de Ciencias (AMC)<\/a>, Red del Agua, M\u00e9xico DF, M\u00e9xico.<br \/>\n<a href=\"https:\/\/waterlat.org\/pt\/wp-content\/uploads\/sites\/3\/2014\/12\/logo-AMC-150x1502.png\"><img loading=\"lazy\" decoding=\"async\" class=\"alignnone  wp-image-1167\" src=\"https:\/\/waterlat.org\/pt\/wp-content\/uploads\/sites\/3\/2014\/12\/logo-AMC-150x1502.png\" alt=\"logo-AMC-150x1502\" width=\"75\" height=\"75\" \/><\/a><\/p>\n<p><a href=\"http:\/\/casacem.org\/\">Casa CEM &#8211; Cultura, Educaci\u00f3n, Medio Ambiente<\/a>, Guadalajara, Jalisco, M\u00e9xico.<\/p>\n<p><a href=\"https:\/\/waterlat.org\/pt\/wp-content\/uploads\/sites\/3\/2014\/07\/logo-CASA-CEM.jpg\"><img loading=\"lazy\" decoding=\"async\" class=\"alignnone  wp-image-1359\" src=\"https:\/\/waterlat.org\/pt\/wp-content\/uploads\/sites\/3\/2014\/07\/logo-CASA-CEM-300x199.jpg\" alt=\"logo CASA CEM\" width=\"85\" height=\"56\" srcset=\"https:\/\/waterlat.org\/pt\/wp-content\/uploads\/sites\/3\/2014\/07\/logo-CASA-CEM-300x199.jpg 300w, https:\/\/waterlat.org\/pt\/wp-content\/uploads\/sites\/3\/2014\/07\/logo-CASA-CEM-1024x682.jpg 1024w, https:\/\/waterlat.org\/pt\/wp-content\/uploads\/sites\/3\/2014\/07\/logo-CASA-CEM-624x415.jpg 624w, https:\/\/waterlat.org\/pt\/wp-content\/uploads\/sites\/3\/2014\/07\/logo-CASA-CEM.jpg 1978w\" sizes=\"auto, (max-width: 85px) 100vw, 85px\" \/><\/a><\/p>\n<p><a href=\"http:\/\/ciesasoccidente.edu.mx\/\">Centro de Investigaciones y Estudios Superiores en Antropolog\u00eda Social (CIESAS- Occidente)<\/a>, Guadalajara, Jalisco, M\u00e9xico.<\/p>\n<p><a href=\"https:\/\/waterlat.org\/pt\/wp-content\/uploads\/sites\/3\/2014\/11\/CIESAS.jpg\"><img loading=\"lazy\" decoding=\"async\" class=\"alignnone  wp-image-1139\" src=\"https:\/\/waterlat.org\/pt\/wp-content\/uploads\/sites\/3\/2014\/11\/CIESAS.jpg\" alt=\"CIESAS\" width=\"51\" height=\"59\" \/><\/a><\/p>\n<p><a href=\"http:\/\/coljal.edu.mx\/\">El Colegio de Jalisco<\/a>, Guadalajara, Jalisco, M\u00e9xico.<\/p>\n<p><a href=\"https:\/\/waterlat.org\/pt\/wp-content\/uploads\/sites\/3\/2014\/12\/Logo_Coljal-JPG-150x150b.jpg\"><img loading=\"lazy\" decoding=\"async\" class=\"alignnone  wp-image-1169\" src=\"https:\/\/waterlat.org\/pt\/wp-content\/uploads\/sites\/3\/2014\/12\/Logo_Coljal-JPG-150x150b.jpg\" alt=\"Logo_Coljal-JPG-150x150b\" width=\"64\" height=\"64\" \/><\/a><\/p>\n<p><a href=\"http:\/\/www.colmich.edu.mx\">El Colegio de Michoac\u00e1n<\/a>, Zamora, Michoac\u00e1n, M\u00e9xico.<br \/>\n<a href=\"https:\/\/waterlat.org\/pt\/wp-content\/uploads\/sites\/3\/2014\/11\/Colmich.jpg\"><img loading=\"lazy\" decoding=\"async\" class=\"alignnone  wp-image-1133\" src=\"https:\/\/waterlat.org\/pt\/wp-content\/uploads\/sites\/3\/2014\/11\/Colmich.jpg\" alt=\"Colmich\" width=\"122\" height=\"35\" \/><\/a><\/p>\n<p><a href=\"http:\/\/ww.colsan.edu.mx\/\">El Colegio de San Luis (COLSAN)<\/a>, San Luis Potos\u00ed, M\u00e9xico.<br \/>\n<a href=\"https:\/\/waterlat.org\/pt\/wp-content\/uploads\/sites\/3\/2014\/11\/03_COLSANcolorOK.png\"><img loading=\"lazy\" decoding=\"async\" class=\"alignnone  wp-image-1131\" src=\"https:\/\/waterlat.org\/pt\/wp-content\/uploads\/sites\/3\/2014\/11\/03_COLSANcolorOK-300x116.png\" alt=\"03_COLSANcolorOK\" width=\"129\" height=\"50\" srcset=\"https:\/\/waterlat.org\/pt\/wp-content\/uploads\/sites\/3\/2014\/11\/03_COLSANcolorOK-300x116.png 300w, https:\/\/waterlat.org\/pt\/wp-content\/uploads\/sites\/3\/2014\/11\/03_COLSANcolorOK-1024x396.png 1024w, https:\/\/waterlat.org\/pt\/wp-content\/uploads\/sites\/3\/2014\/11\/03_COLSANcolorOK-624x241.png 624w\" sizes=\"auto, (max-width: 129px) 100vw, 129px\" \/><\/a><\/p>\n<p><a href=\"http:\/\/www.flacso.edu.mx\/\">Facultad Latinoamericana de Ciencias Sociales (FLACSO)<\/a>, M\u00e9xico DF, M\u00e9xico.<br \/>\n<a href=\"https:\/\/waterlat.org\/pt\/wp-content\/uploads\/sites\/3\/2014\/12\/Logo_FlacsoVer-129x1503.png\"><img loading=\"lazy\" decoding=\"async\" class=\"alignnone  wp-image-1166\" src=\"https:\/\/waterlat.org\/pt\/wp-content\/uploads\/sites\/3\/2014\/12\/Logo_FlacsoVer-129x1503.png\" alt=\"Logo_FlacsoVer-129x1503\" width=\"71\" height=\"83\" \/><\/a><\/p>\n<p><a href=\"http:\/\/www.imdec.net\/\">Instituto Mexicano para o Desenvolvimento Comunit\u00e1rio (IMDEC)<\/a>, Jalisco, M\u00e9xico.<br \/>\n<a href=\"https:\/\/waterlat.org\/pt\/wp-content\/uploads\/sites\/3\/2015\/09\/logo-imdec-300-alta-resoluci\u00f3n.jpg\"><img loading=\"lazy\" decoding=\"async\" class=\"alignnone  wp-image-1340\" src=\"https:\/\/waterlat.org\/pt\/wp-content\/uploads\/sites\/3\/2015\/09\/logo-imdec-300-alta-resoluci\u00f3n-300x109.jpg\" alt=\"logo imdec 300 alta resoluci\u00f3n\" width=\"96\" height=\"35\" srcset=\"https:\/\/waterlat.org\/pt\/wp-content\/uploads\/sites\/3\/2015\/09\/logo-imdec-300-alta-resoluci\u00f3n-300x109.jpg 300w, https:\/\/waterlat.org\/pt\/wp-content\/uploads\/sites\/3\/2015\/09\/logo-imdec-300-alta-resoluci\u00f3n-1024x374.jpg 1024w, https:\/\/waterlat.org\/pt\/wp-content\/uploads\/sites\/3\/2015\/09\/logo-imdec-300-alta-resoluci\u00f3n-624x228.jpg 624w\" sizes=\"auto, (max-width: 96px) 100vw, 96px\" \/><\/a><\/p>\n<p><a href=\"http:\/\/www.world-psi.org\">Internacional de Servi\u00e7os P\u00fablicos (PSI)<\/a>, Coordena\u00e7\u00e3o Interamericana para a \u00c1gua, Esgotamento Sanit\u00e1rio e Meio Ambiente, San Jos\u00e9, Costa Rica.<br \/>\n<a href=\"https:\/\/waterlat.org\/pt\/wp-content\/uploads\/sites\/3\/2015\/09\/ISP-Logo.gif\"><img loading=\"lazy\" decoding=\"async\" class=\"alignnone  wp-image-1291\" src=\"https:\/\/waterlat.org\/pt\/wp-content\/uploads\/sites\/3\/2015\/09\/ISP-Logo.gif\" alt=\"ISP Logo\" width=\"106\" height=\"57\" \/><\/a><\/p>\n<p><a href=\"http:\/\/mediaforchange.org\/\">Media for Change<\/a>, Palmetto Bay, Florida, United States.<br \/>\n<a href=\"https:\/\/waterlat.org\/pt\/wp-content\/uploads\/sites\/3\/2015\/09\/MediaforChange.png\"><img loading=\"lazy\" decoding=\"async\" class=\"alignnone  wp-image-1299\" src=\"https:\/\/waterlat.org\/pt\/wp-content\/uploads\/sites\/3\/2015\/09\/MediaforChange-300x36.png\" alt=\"MediaforChange\" width=\"192\" height=\"23\" srcset=\"https:\/\/waterlat.org\/pt\/wp-content\/uploads\/sites\/3\/2015\/09\/MediaforChange-300x36.png 300w, https:\/\/waterlat.org\/pt\/wp-content\/uploads\/sites\/3\/2015\/09\/MediaforChange-1024x123.png 1024w, https:\/\/waterlat.org\/pt\/wp-content\/uploads\/sites\/3\/2015\/09\/MediaforChange-624x75.png 624w\" sizes=\"auto, (max-width: 192px) 100vw, 192px\" \/><\/a><\/p>\n<p><a href=\"http:\/\/semadet.jalisco.gob.mx\/\"> Secretar\u00eda de Meio Ambiente e Desenvolvimento Territorial (SEMADET)<\/a>, Governo do Estado de Jalisco, Guadalajara, M\u00e9xico.<br \/>\n<a href=\"https:\/\/waterlat.org\/pt\/wp-content\/uploads\/sites\/3\/2014\/07\/GOBJAL_vert.jpg\"><img loading=\"lazy\" decoding=\"async\" class=\"alignnone  wp-image-1337\" src=\"https:\/\/waterlat.org\/pt\/wp-content\/uploads\/sites\/3\/2014\/07\/GOBJAL_vert-300x279.jpg\" alt=\"GOBJAL_vert\" width=\"84\" height=\"78\" srcset=\"https:\/\/waterlat.org\/pt\/wp-content\/uploads\/sites\/3\/2014\/07\/GOBJAL_vert-300x279.jpg 300w, https:\/\/waterlat.org\/pt\/wp-content\/uploads\/sites\/3\/2014\/07\/GOBJAL_vert-1024x953.jpg 1024w, https:\/\/waterlat.org\/pt\/wp-content\/uploads\/sites\/3\/2014\/07\/GOBJAL_vert-624x581.jpg 624w\" sizes=\"auto, (max-width: 84px) 100vw, 84px\" \/><\/a><a href=\"https:\/\/waterlat.org\/pt\/wp-content\/uploads\/sites\/3\/2015\/09\/SEMADET_vert.jpg\"><img loading=\"lazy\" decoding=\"async\" class=\"alignnone  wp-image-1292\" src=\"https:\/\/waterlat.org\/pt\/wp-content\/uploads\/sites\/3\/2015\/09\/SEMADET_vert-300x252.jpg\" alt=\"SEMADET_vert\" width=\"92\" height=\"77\" srcset=\"https:\/\/waterlat.org\/pt\/wp-content\/uploads\/sites\/3\/2015\/09\/SEMADET_vert-300x252.jpg 300w, https:\/\/waterlat.org\/pt\/wp-content\/uploads\/sites\/3\/2015\/09\/SEMADET_vert-1024x861.jpg 1024w, https:\/\/waterlat.org\/pt\/wp-content\/uploads\/sites\/3\/2015\/09\/SEMADET_vert-624x524.jpg 624w\" sizes=\"auto, (max-width: 92px) 100vw, 92px\" \/><\/a><\/p>\n<p><a href=\"http:\/\/www.cucsh.udg.mx\/\">Universidad de Guadalajara, Centro Universitario de Ciencias Sociales y Humanidades (CUCSH)<\/a>, Guadalajara, Jalisco, M\u00e9xico.<br \/>\n<a href=\"https:\/\/waterlat.org\/pt\/wp-content\/uploads\/sites\/3\/2015\/09\/UdG.jpg\"><img loading=\"lazy\" decoding=\"async\" class=\"alignnone  wp-image-1293\" src=\"https:\/\/waterlat.org\/pt\/wp-content\/uploads\/sites\/3\/2015\/09\/UdG.jpg\" alt=\"UdG\" width=\"66\" height=\"90\" \/><\/a><\/p>\n<p><a href=\"http:\/\/cuci.udg.mx\/\">Universidad de Guadalajara, Centro Universitario de la Ci\u00e9naga<\/a>, Ocotl\u00e1n, Jalisco, M\u00e9xico.<br \/>\n<a href=\"https:\/\/waterlat.org\/pt\/wp-content\/uploads\/sites\/3\/2014\/11\/UDG-Cienaga.jpg\"><img loading=\"lazy\" decoding=\"async\" class=\"alignnone  wp-image-1137\" src=\"https:\/\/waterlat.org\/pt\/wp-content\/uploads\/sites\/3\/2014\/11\/UDG-Cienaga.jpg\" alt=\"UDG Cienaga\" width=\"124\" height=\"62\" \/><\/a><\/p>\n<p><a href=\"http:\/\/www.campusleon.ugto.mx\">Universidad de Guanajuato, Campus Le\u00f3n<\/a>, Le\u00f3n, Guanajuato, M\u00e9xico.<\/p>\n<p><a href=\"https:\/\/waterlat.org\/pt\/wp-content\/uploads\/sites\/3\/2014\/11\/CLsocialesyhumanidadesBN.jpg\"><img loading=\"lazy\" decoding=\"async\" class=\"alignnone  wp-image-1132\" src=\"https:\/\/waterlat.org\/pt\/wp-content\/uploads\/sites\/3\/2014\/11\/CLsocialesyhumanidadesBN-300x78.jpg\" alt=\"CLsocialesyhumanidadesBN\" width=\"181\" height=\"47\" srcset=\"https:\/\/waterlat.org\/pt\/wp-content\/uploads\/sites\/3\/2014\/11\/CLsocialesyhumanidadesBN-300x78.jpg 300w, https:\/\/waterlat.org\/pt\/wp-content\/uploads\/sites\/3\/2014\/11\/CLsocialesyhumanidadesBN-1024x269.jpg 1024w, https:\/\/waterlat.org\/pt\/wp-content\/uploads\/sites\/3\/2014\/11\/CLsocialesyhumanidadesBN-624x164.jpg 624w\" sizes=\"auto, (max-width: 181px) 100vw, 181px\" \/><\/a><\/p>\n<p><a href=\"http:\/\/uaer.humanidades.unam.mx\/\">Universidad Nacional Aut\u00f3noma de M\u00e9xico, Unidad Acad\u00e9mica de Estudios Regionales<\/a>, Jiquilpan, Michoac\u00e1n, M\u00e9xico.<br \/>\n<a href=\"https:\/\/waterlat.org\/pt\/wp-content\/uploads\/sites\/3\/2014\/12\/Escudo-UNAM-150x150b.gif\"><img loading=\"lazy\" decoding=\"async\" class=\"alignnone  wp-image-1168\" src=\"https:\/\/waterlat.org\/pt\/wp-content\/uploads\/sites\/3\/2014\/12\/Escudo-UNAM-150x150b.gif\" alt=\"Escudo-UNAM-150x150b\" width=\"76\" height=\"76\" \/><\/a><a href=\"https:\/\/waterlat.org\/pt\/wp-content\/uploads\/sites\/3\/2014\/12\/LOGO-NUEVO-UAER-150x150b.jpg\"><img loading=\"lazy\" decoding=\"async\" class=\"alignnone  wp-image-1170\" src=\"https:\/\/waterlat.org\/pt\/wp-content\/uploads\/sites\/3\/2014\/12\/LOGO-NUEVO-UAER-150x150b.jpg\" alt=\"LOGO-NUEVO-UAER-150x150b\" width=\"73\" height=\"73\" \/><\/a><\/p>\n<p><a href=\"http:\/\/www.ncl.ac.uk\/\">Universidade de Newcastle<\/a>, Newcastle upon Tyne, Reino Unido.<br \/>\n<a href=\"https:\/\/waterlat.org\/pt\/wp-content\/uploads\/sites\/3\/2014\/01\/newcastle_master_col.jpg\"><img loading=\"lazy\" decoding=\"async\" class=\"alignnone  wp-image-1076\" src=\"https:\/\/waterlat.org\/pt\/wp-content\/uploads\/sites\/3\/2014\/01\/newcastle_master_col-300x105.jpg\" alt=\"newcastle_master_col\" width=\"163\" height=\"57\" srcset=\"https:\/\/waterlat.org\/pt\/wp-content\/uploads\/sites\/3\/2014\/01\/newcastle_master_col-300x105.jpg 300w, https:\/\/waterlat.org\/pt\/wp-content\/uploads\/sites\/3\/2014\/01\/newcastle_master_col-1024x359.jpg 1024w, https:\/\/waterlat.org\/pt\/wp-content\/uploads\/sites\/3\/2014\/01\/newcastle_master_col-624x219.jpg 624w\" sizes=\"auto, (max-width: 163px) 100vw, 163px\" \/><\/a><\/p>\n<p>&nbsp;<\/p>\n<p><span style=\"text-decoration: underline;\">Patroc\u00ednio especial<\/span>:<\/p>\n<p><a href=\"https:\/\/waterlat.org\/pt\/wp-content\/uploads\/sites\/3\/2014\/07\/logo-clase-azul.jpg\"><img loading=\"lazy\" decoding=\"async\" class=\"alignnone  wp-image-1338\" src=\"https:\/\/waterlat.org\/pt\/wp-content\/uploads\/sites\/3\/2014\/07\/logo-clase-azul-300x231.jpg\" alt=\"logo clase azul\" width=\"156\" height=\"120\" srcset=\"https:\/\/waterlat.org\/pt\/wp-content\/uploads\/sites\/3\/2014\/07\/logo-clase-azul-300x231.jpg 300w, https:\/\/waterlat.org\/pt\/wp-content\/uploads\/sites\/3\/2014\/07\/logo-clase-azul-1024x791.jpg 1024w, https:\/\/waterlat.org\/pt\/wp-content\/uploads\/sites\/3\/2014\/07\/logo-clase-azul-624x482.jpg 624w\" sizes=\"auto, (max-width: 156px) 100vw, 156px\" \/><\/a>\u00a0 \u00a0<a href=\"https:\/\/waterlat.org\/pt\/wp-content\/uploads\/sites\/3\/2014\/07\/MezcalUnion.jpeg\"><img loading=\"lazy\" decoding=\"async\" class=\"alignnone  wp-image-1346\" src=\"https:\/\/waterlat.org\/pt\/wp-content\/uploads\/sites\/3\/2014\/07\/MezcalUnion-300x172.jpeg\" alt=\"MezcalUnion\" width=\"114\" height=\"66\" srcset=\"https:\/\/waterlat.org\/pt\/wp-content\/uploads\/sites\/3\/2014\/07\/MezcalUnion-300x172.jpeg 300w, https:\/\/waterlat.org\/pt\/wp-content\/uploads\/sites\/3\/2014\/07\/MezcalUnion.jpeg 334w\" sizes=\"auto, (max-width: 114px) 100vw, 114px\" \/><\/a><\/p>\n<p>&nbsp;<\/p>\n<p>&nbsp;<\/p>\n<hr \/>\n<p>&nbsp;<\/p>\n<p>Confira este espa\u00e7o para informa\u00e7\u00f5es sobre a reuni\u00e3o. Voc\u00ea pode contatar nossa <a href=\"mailto:redwaterlat@gmail.com\">Secretar\u00eda<\/a> para solicitar informa\u00e7\u00f5es.<\/p>\n","protected":false},"excerpt":{"rendered":"<p>Logo inspirado no poema &#8220;Por qu\u00e9 cantamos&#8221;, de Mario Benedetti &nbsp; VII Encontro Internacional da Rede WATERLAT-GOBACIT Pol\u00edtica da \u00e1gua e mudan\u00e7a social. Quais s\u00e3o as li\u00e7\u00f5es das novas derrotas do \u2018desenvolvimento\u2019? Campus do ITESO, Universidade Jesuita de Guadalajara, Guadalajara, M\u00e9xico, 19-23 de outubro de 2015. &nbsp; Programa &nbsp; Breve avalia\u00e7\u00e3o do encontro pelos coordenadores [&hellip;]<\/p>\n","protected":false},"author":3,"featured_media":0,"parent":19,"menu_order":0,"comment_status":"closed","ping_status":"closed","template":"page-templates\/full-width.php","meta":{"_acf_changed":false,"footnotes":""},"class_list":["post-1039","page","type-page","status-publish","hentry","wpautop"],"acf":[],"_links":{"self":[{"href":"https:\/\/waterlat.org\/pt\/wp-json\/wp\/v2\/pages\/1039","targetHints":{"allow":["GET"]}}],"collection":[{"href":"https:\/\/waterlat.org\/pt\/wp-json\/wp\/v2\/pages"}],"about":[{"href":"https:\/\/waterlat.org\/pt\/wp-json\/wp\/v2\/types\/page"}],"author":[{"embeddable":true,"href":"https:\/\/waterlat.org\/pt\/wp-json\/wp\/v2\/users\/3"}],"replies":[{"embeddable":true,"href":"https:\/\/waterlat.org\/pt\/wp-json\/wp\/v2\/comments?post=1039"}],"version-history":[{"count":51,"href":"https:\/\/waterlat.org\/pt\/wp-json\/wp\/v2\/pages\/1039\/revisions"}],"predecessor-version":[{"id":1419,"href":"https:\/\/waterlat.org\/pt\/wp-json\/wp\/v2\/pages\/1039\/revisions\/1419"}],"up":[{"embeddable":true,"href":"https:\/\/waterlat.org\/pt\/wp-json\/wp\/v2\/pages\/19"}],"wp:attachment":[{"href":"https:\/\/waterlat.org\/pt\/wp-json\/wp\/v2\/media?parent=1039"}],"curies":[{"name":"wp","href":"https:\/\/api.w.org\/{rel}","templated":true}]}}