{"id":11,"date":"2013-11-27T20:58:46","date_gmt":"2013-11-27T20:58:46","guid":{"rendered":"http:\/\/waterlat.org\/pt\/?page_id=11"},"modified":"2018-07-22T15:55:25","modified_gmt":"2018-07-22T15:55:25","slug":"declaracao","status":"publish","type":"page","link":"https:\/\/waterlat.org\/pt\/sobre-a-rede\/declaracao\/","title":{"rendered":"Declara\u00e7\u00e3o"},"content":{"rendered":"<p><span style=\"line-height: 1.714285714; font-size: 1rem;\">Este site de Internet cont\u00e9m informa\u00e7\u00e3o de relev\u00e2ncia e documentos relacionados com a atividade da Rede WATERLAT-GOBACIT.<\/span><\/p>\n<div>\n<p>As opini\u00f5es, dados e demais informa\u00e7\u00e3o contidos neste site s\u00e3o da responsabilidade do cons\u00f3rcio de pesquisa encarregado do projeto da Rede.<\/p>\n<p>Nosso objetivo \u00e9 manter as mencionadas informa\u00e7\u00f5es de maneira precisa e atualizada. Os erros que sejam identificados ser\u00e3o devidamente corrigidos. Contudo, a Rede WATERLAT-GOBACIT n\u00e3o assume qualquer responsabilidade ou obriga\u00e7\u00e3o com respeito ao conte\u00fado deste site.<\/p>\n<p>Este conte\u00fado inclui:<\/p>\n<ul>\n<li>Informa\u00e7\u00f5es gerais que n\u00e3o pretendem referir-se a qualquer circunst\u00e2ncia espec\u00edfica de nenhuma pessoa ou entidade.<\/li>\n<li>O conte\u00fado pode n\u00e3o ser completo, abrangente ou estar atualizado.<\/li>\n<li>Em alguns casos, refere-se a outros sites de Internet sobre os quais n\u00e3o temos controle e pelos quais n\u00e3o assumimos nenhuma responsabilidade.<\/li>\n<\/ul>\n<p>\u00c9 nossa inten\u00e7\u00e3o minimizar as poss\u00edveis desaven\u00e7as causadas por erros t\u00e9cnicos. N\u00e3o obstante, os dados e informa\u00e7\u00f5es contidos no site podem ter sido originados ou estruturados em arquivos ou formatos que n\u00e3o estejam livres de erros; portanto, n\u00e3o podemos garantir que nosso servi\u00e7o n\u00e3o seja interrompido ou afetado de outra maneira pelos mencionados problemas. N\u00e3o aceitamos responsabilidade alguma com rela\u00e7\u00e3o aos mencionados erros, ou por suas consequ\u00eancias, causadas pela utiliza\u00e7\u00e3o deste site e\/ou de algum de seus lugares de refer\u00eancia.<\/p>\n<p>Esta declara\u00e7\u00e3o n\u00e3o pretende contrariar nenhuma exig\u00eancia especificada em leis de aplica\u00e7\u00e3o nacional, nem descartar obriga\u00e7\u00f5es por causa de quest\u00f5es que possam n\u00e3o estar exclu\u00eddas nas mencionadas leis.<\/p>\n<\/div>\n","protected":false},"excerpt":{"rendered":"<p>Este site de Internet cont\u00e9m informa\u00e7\u00e3o de relev\u00e2ncia e documentos relacionados com a atividade da Rede WATERLAT-GOBACIT. As opini\u00f5es, dados e demais informa\u00e7\u00e3o contidos neste site s\u00e3o da responsabilidade do cons\u00f3rcio de pesquisa encarregado do projeto da Rede. Nosso objetivo \u00e9 manter as mencionadas informa\u00e7\u00f5es de maneira precisa e atualizada. Os erros que sejam identificados [&hellip;]<\/p>\n","protected":false},"author":1,"featured_media":0,"parent":1872,"menu_order":0,"comment_status":"closed","ping_status":"open","template":"page-templates\/full-width.php","meta":{"_acf_changed":false,"footnotes":""},"class_list":["post-11","page","type-page","status-publish","hentry","wpautop"],"acf":[],"_links":{"self":[{"href":"https:\/\/waterlat.org\/pt\/wp-json\/wp\/v2\/pages\/11","targetHints":{"allow":["GET"]}}],"collection":[{"href":"https:\/\/waterlat.org\/pt\/wp-json\/wp\/v2\/pages"}],"about":[{"href":"https:\/\/waterlat.org\/pt\/wp-json\/wp\/v2\/types\/page"}],"author":[{"embeddable":true,"href":"https:\/\/waterlat.org\/pt\/wp-json\/wp\/v2\/users\/1"}],"replies":[{"embeddable":true,"href":"https:\/\/waterlat.org\/pt\/wp-json\/wp\/v2\/comments?post=11"}],"version-history":[{"count":4,"href":"https:\/\/waterlat.org\/pt\/wp-json\/wp\/v2\/pages\/11\/revisions"}],"predecessor-version":[{"id":2569,"href":"https:\/\/waterlat.org\/pt\/wp-json\/wp\/v2\/pages\/11\/revisions\/2569"}],"up":[{"embeddable":true,"href":"https:\/\/waterlat.org\/pt\/wp-json\/wp\/v2\/pages\/1872"}],"wp:attachment":[{"href":"https:\/\/waterlat.org\/pt\/wp-json\/wp\/v2\/media?parent=11"}],"curies":[{"name":"wp","href":"https:\/\/api.w.org\/{rel}","templated":true}]}}