{"id":113,"date":"2013-12-11T16:47:19","date_gmt":"2013-12-11T16:47:19","guid":{"rendered":"http:\/\/waterlat.org\/pt\/?page_id=113"},"modified":"2017-03-24T17:06:02","modified_gmt":"2017-03-24T17:06:02","slug":"waterlat-2013","status":"publish","type":"page","link":"https:\/\/waterlat.org\/pt\/encontros\/encontros-abertos\/waterlat-2013\/","title":{"rendered":"WATERLAT V, Quito, 2013"},"content":{"rendered":"<h2>WATERLAT Network 2013 International Meeting<\/h2>\n<p><a href=\"https:\/\/waterlat.org\/pt\/wp-content\/uploads\/sites\/3\/2014\/06\/waterlat-V-banner.jpg\"><img loading=\"lazy\" decoding=\"async\" class=\"alignleft wp-image-973\" style=\"width: 395px;\" src=\"https:\/\/waterlat.org\/pt\/wp-content\/uploads\/sites\/3\/2014\/06\/waterlat-V-banner-300x124.jpg\" alt=\"waterlat V banner\" width=\"300\" height=\"135\" \/><\/a><\/p>\n<h2>Se dirige Am\u00e9rica Latina para uma pol\u00edtica &#8220;p\u00f3s-neoliberal&#8221; da \u00e1gua?<\/h2>\n<p><span style=\"text-decoration: underline;\"><strong>Venues<\/strong><\/span>: <a href=\"http:\/\/www.ciespal.net\/\">International Centre for Higher Studies in Communication for Latin America (CIESPAL)<\/a> and <a href=\"http:\/\/www.yakumuseoagua.gob.ec\/\">Yaku Water Museum<\/a><\/p>\n<p>Com base nas discuss\u00f5es do Encontro elaboramos uma <a href=\"http:\/\/waterlat.org\/GeneralPDFs\/DeclaracionVReunionweb.pdf\">Declara\u00e7\u00e3o P\u00fablica do Plen\u00e1rio do Quinto Encontro da Rede WATERLAT (em espanhol)<\/a>.<\/p>\n<p>Tamb\u00e9m publicamos duas <a href=\"http:\/\/www.waterlat.org\/GeneralPDFs\/Declaraciones%20de%20solidaridad%20con%20mobilizaciones%20en%20Ecuador%20y%20Uruguay.pdf\">declara\u00e7\u00f5es de solidariedade (em espanhol) com mobiliza\u00e7\u00f5es no Equador e no Uruguai<\/a> que ocorreram simultaneamente com nosso Encontro.<\/p>\n<p>&nbsp;<\/p>\n<p><span style=\"text-decoration: underline;\">Galer\u00eda de fotos do Encontro Anual de 2013<\/span>:<br \/>\n<object style=\"width: 650px; height: 561px;\" width=\"400\" height=\"300\" classid=\"clsid:d27cdb6e-ae6d-11cf-96b8-444553540000\" codebase=\"http:\/\/download.macromedia.com\/pub\/shockwave\/cabs\/flash\/swflash.cab#version=6,0,40,0\"><param name=\"flashvars\" value=\"offsite=true&amp;lang=en-us&amp;page_show_url=%2Fphotos%2F125391306%40N03%2Fsets%2F72157645245935674%2Fshow%2F&amp;page_show_back_url=%2Fphotos%2F125391306%40N03%2Fsets%2F72157645245935674%2F&amp;set_id=72157645245935674&amp;jump_to=\" \/><param name=\"allowFullScreen\" value=\"true\" \/><param name=\"src\" value=\"https:\/\/www.flickr.com\/apps\/slideshow\/show.swf?v=143270\" \/><param name=\"allowfullscreen\" value=\"true\" \/><embed style=\"width: 650px; height: 561px;\" width=\"400\" height=\"300\" type=\"application\/x-shockwave-flash\" src=\"https:\/\/www.flickr.com\/apps\/slideshow\/show.swf?v=143270\" flashvars=\"offsite=true&amp;lang=en-us&amp;page_show_url=%2Fphotos%2F125391306%40N03%2Fsets%2F72157645245935674%2Fshow%2F&amp;page_show_back_url=%2Fphotos%2F125391306%40N03%2Fsets%2F72157645245935674%2F&amp;set_id=72157645245935674&amp;jump_to=\" allowfullscreen=\"allowfullscreen\" allowfullscreen=\"allowfullscreen\" \/><\/object><\/p>\n<p>Ecuador is right now a key place for the study of some of the most recent initiatives taken to reconsider the role of the State in the government and management of water. The process leading to the new Constitution in 2008 recognized the right to water, limited the participation of private enterprise in the provision of water services, re-established public companies, created a single national water authority, and recognized community water management arrangements and the rights of nature. Ecuador has also headed the rejection of international arbitration for disputes between private companies and national states and some of the proposals for regional integration within the framework of the\u00a0<a href=\"http:\/\/www.unasursg.org\/\">Union of South American Nations (UNASUR)<\/a>, which has its headquarters in Quito. What kind of balance can we make in 2013 concerning these initiatives, which have been termed \u2018post-neoliberal\u2019? What challenges and advances can we identify? How do these initiatives compare with others in the region? What kind of theoretical and methodological challenges we face for the study of these processes?<\/p>\n<p>Topics addressed in our meeting<\/p>\n<p>With the objective of strengthening the debate about the challenges that these transformations are posing for the development of post-neoliberal water politics we decided to focus our meeting on the following issues:<\/p>\n<p><strong>1. Are we moving towards a post-neoliberal hydrosocial metabolism in Latin America?<\/strong><\/p>\n<blockquote><p><strong>a.<\/strong>\u00a0Revisiting the notion of water \u201cneoliberalism\u201d (forms, indicators, levels; liberalisms and neoliberalisms; continuities and ruptures, etc.).<br \/>\n<strong>b.<\/strong>\u00a0Capitalist autonomies and heteronomies in Latin America; degrees of \u201cde-neoliberalization\u201d; neoliberal persistence and resistance (neoliberal islands in a post-neoliberal landscape?).<br \/>\n<strong>c.<\/strong>\u00a0Obstacles and opportunities for strengthening a post-neoliberal hydrosocial metabolism in Latin America.<br \/>\n<strong>d.\u00a0<\/strong>Post-neoliberal water government and management; the \u201cbuen vivir\u201d and the rights of nature (contradictions, struggles, and challenges to the establishment of these rights and principles, etc.).<br \/>\n<strong>e.<\/strong>\u00a0The reproduction and construction of democratic post- and non-neoliberal hydrosocial territories (basins, transboundary waters; class, gender, and ethnic inequalities, etc.).<br \/>\n<strong>f.<\/strong>\u00a0Preserving and constructing democratic post- and non-neoliberal hydrosocial cultures.<\/p><\/blockquote>\n<p><strong>2. Tensions and contradictions of the post-neoliberal capitalist state<\/strong><\/p>\n<blockquote><p><strong>a.<\/strong>\u00a0Revisiting the tension between social and environmental justice in the context of post-neoliberal capitalisms.<br \/>\n<strong>b.<\/strong>\u00a0Mega projects of hydraulic infrastructures with impact on the hydrosocial metabolism.<br \/>\n<strong>c.<\/strong>\u00a0Mega mining projects.<br \/>\n<strong>d.\u00a0<\/strong>Industrial and exports agriculture.<br \/>\n<strong>e.<\/strong>\u00a0The expression of tensions and contradictions in the health dimension (public health, environmental health, etc.).<br \/>\n<strong>f.<\/strong>\u00a0\u201cNatural disasters\u201d: injustice, inequality and defencelessness in post-neoliberal contexts.<br \/>\n<strong>g.<\/strong>\u00a0Confronting water injustice, inequality and defencelessness (struggles, contradictions, alliances, direction of the processes, etc.).<\/p><\/blockquote>\n<p><strong>3. Recovering and defending the public role in the provision of essential water services (drinking water, sanitation, drainage, etc.).<\/strong><\/p>\n<blockquote><p><strong>a.\u00a0<\/strong>The challenge of guaranteeing the exercise of the human right to water.<br \/>\n<strong>b.<\/strong>\u00a0Challenges facing the interaction between community and public water management.<br \/>\n<strong>c.\u00a0<\/strong>Inequality and injustice in the post-neoliberal government and management of essential water services.<br \/>\n<strong>d.\u00a0<\/strong>Commodification and privatization of water and water services in the post-neoliberal stage (including the mercantilization of public companies, the consolidation and emergence of regional multinational companies [\u201cmulti-latinas\u201d], etc.).<\/p><\/blockquote>\n<p><strong>4. X-disciplinarity in research and action to democratize water government and management<\/strong><\/p>\n<blockquote><p><strong>a.<\/strong>\u00a0Deepening interdisciplinarity in research: obstacles, opportunities, examples.<br \/>\n<strong>b.<\/strong>\u00a0Practicing trans-disciplinarity: research and action to democratize water government and management.<br \/>\n<strong>c.<\/strong>\u00a0The interrelation between academics, \u201cnon-academics\u201d, and other actors of X-disciplinarity.<\/p><\/blockquote>\n<p><strong>___________________________________________________________________________<\/strong><\/p>\n<p>The meeting supported the\u00a0<a href=\"http:\/\/www.blueplanetproject.net\/BlueOctober\/wordpress\/?page_id=24\">Blue October Campaign<\/a>\u00a0against the commodification control of water by private corporations.<\/p>\n<p><a href=\"https:\/\/waterlat.org\/pt\/wp-content\/uploads\/sites\/3\/2014\/06\/Octubre-Azul.jpg\"><img loading=\"lazy\" decoding=\"async\" class=\"alignleft wp-image-972\" style=\"width: 189px;\" src=\"https:\/\/waterlat.org\/pt\/wp-content\/uploads\/sites\/3\/2014\/06\/Octubre-Azul-300x151.jpg\" alt=\"Octubre Azul\" width=\"300\" height=\"136\" \/><\/a><\/p>\n<p>&nbsp;<\/p>\n<p>&nbsp;<\/p>\n<p>&nbsp;<\/p>\n<p>The Meeting was an activity of the WATERLAT Network. It wa co-organized by the\u00a0<a href=\"http:\/\/www.ncl.ac.uk\/gps\/\">School of Geography, Politics and Sociology<\/a>,\u00a0Newcastle University, UK, and the\u00a0<a href=\"http:\/\/www.iaen.edu.ec\/\">Institute of Higher National Studies (IAEN<\/a>), Ecuador.<\/p>\n<p>The organization of the event was supported by the\u00a0<a href=\"http:\/\/www.yakumuseoagua.gob.ec\/\">Yaku Water Museum<\/a>, Ecuador.<\/p>\n","protected":false},"excerpt":{"rendered":"<p>WATERLAT Network 2013 International Meeting Se dirige Am\u00e9rica Latina para uma pol\u00edtica &#8220;p\u00f3s-neoliberal&#8221; da \u00e1gua? Venues: International Centre for Higher Studies in Communication for Latin America (CIESPAL) and Yaku Water Museum Com base nas discuss\u00f5es do Encontro elaboramos uma Declara\u00e7\u00e3o P\u00fablica do Plen\u00e1rio do Quinto Encontro da Rede WATERLAT (em espanhol). Tamb\u00e9m publicamos duas declara\u00e7\u00f5es [&hellip;]<\/p>\n","protected":false},"author":1,"featured_media":0,"parent":19,"menu_order":0,"comment_status":"closed","ping_status":"closed","template":"page-templates\/full-width.php","meta":{"_acf_changed":false,"footnotes":""},"class_list":["post-113","page","type-page","status-publish","hentry","wpautop"],"acf":[],"_links":{"self":[{"href":"https:\/\/waterlat.org\/pt\/wp-json\/wp\/v2\/pages\/113","targetHints":{"allow":["GET"]}}],"collection":[{"href":"https:\/\/waterlat.org\/pt\/wp-json\/wp\/v2\/pages"}],"about":[{"href":"https:\/\/waterlat.org\/pt\/wp-json\/wp\/v2\/types\/page"}],"author":[{"embeddable":true,"href":"https:\/\/waterlat.org\/pt\/wp-json\/wp\/v2\/users\/1"}],"replies":[{"embeddable":true,"href":"https:\/\/waterlat.org\/pt\/wp-json\/wp\/v2\/comments?post=113"}],"version-history":[{"count":11,"href":"https:\/\/waterlat.org\/pt\/wp-json\/wp\/v2\/pages\/113\/revisions"}],"predecessor-version":[{"id":1962,"href":"https:\/\/waterlat.org\/pt\/wp-json\/wp\/v2\/pages\/113\/revisions\/1962"}],"up":[{"embeddable":true,"href":"https:\/\/waterlat.org\/pt\/wp-json\/wp\/v2\/pages\/19"}],"wp:attachment":[{"href":"https:\/\/waterlat.org\/pt\/wp-json\/wp\/v2\/media?parent=113"}],"curies":[{"name":"wp","href":"https:\/\/api.w.org\/{rel}","templated":true}]}}