{"id":1242,"date":"2015-04-30T11:13:21","date_gmt":"2015-04-30T11:13:21","guid":{"rendered":"http:\/\/waterlat.org\/pt\/?page_id=1242"},"modified":"2024-10-30T14:21:07","modified_gmt":"2024-10-30T14:21:07","slug":"competicao-de-curta-metragems-2015","status":"publish","type":"page","link":"https:\/\/waterlat.org\/pt\/competicao-de-curta-metragens\/competicao-de-curta-metragems-2015\/","title":{"rendered":"Competi\u00e7\u00e3o de Curta-metragens 2015"},"content":{"rendered":"<h3>Primeiro Pr\u00eamio<\/h3>\r\n<iframe loading=\"lazy\" src=\"https:\/\/www.youtube.com\/embed\/5U3_fg3feew?list=PLx6qphzdSP6u_RzjcUyQOWXZ9v3Y-H2kc\" width=\"684\" height=\"544\" frameborder=\"0\" allowfullscreen=\"allowfullscreen\"><\/iframe>\r\n<strong>Atuel, la memoria del agua<\/strong> (adaptado), por Valeria Tochi e Fernando Carrillo, Argentina, 2014. Document\u00e1rio.\r\n\r\n&nbsp;\r\n\r\n<strong>Entrevista<\/strong> com Valeria Tochi no VII Encontro Anual da Rede em Guadalajara, M\u00e9xico, 21 de outubro de 2015.\r\n<iframe loading=\"lazy\" src=\"https:\/\/www.youtube.com\/embed\/LmaN6knAoiw\" width=\"622\" height=\"350\" frameborder=\"0\" allowfullscreen=\"allowfullscreen\"><\/iframe>\r\n\r\n<hr \/>\r\n\r\n<h3><\/h3>\r\n<h3>Lista completa dos candidatos participantes<\/h3>\r\n<strong><a href=\"https:\/\/www.youtube.com\/playlist?list=PLx6qphzdSP6v9cqqLMKGe-yAS6aQ0S7B-\">All participating videos can be accessed in the 2015 Short-video Competition Playlist<\/a><\/strong>\r\n\r\n&nbsp;\r\n\r\n<strong> Atuel, la memoria del agua <\/strong> (em espanhol), por Valeria Tochi e Fernando Carrillo, Argentina, 2014.\r\n\r\n<strong>Entre realidades<\/strong>, por Bianca Mariano da Silva, Brasil, 2015.\r\n\r\n<strong>Os desastres s\u00e3o naturais?<\/strong>, por Norma Valencio, Raquel Duarte Venturato, Juliana Sartori, Samira Younes Ibrahim, Layla Stassun Antonio, Tiago Eugenio dos Santos, Glauco Fernandes, Brasil, 2015.\r\n\r\n<strong>Os direitos da <span lang=\"PT-BR\">\u00e0<\/span>gua<\/strong>, por Jos\u00e9 Leonardo Homem de Mello G\u00e2mbera, Brasil, 2015.\r\n\r\n<strong>Arte en Cauce 2012-2014<\/strong> (em espa\u00f1ol), por Fundaci\u00f3n HBG, Colombia, 2015.\r\n\r\n<strong> O santo das <span lang=\"PT-BR\">\u00e0<\/span>guas que queimam <\/strong>, por Riccardo Migliore, Santo da Terra, e Herbert Andrade, Brasil, 2014.\r\n\r\n<strong>Agua y granos de oro<\/strong> (em espanhol), por Ursula Balderson, Reino Unido-Per\u00fa, 2015.\r\n\r\n<hr \/>\r\n\r\n&nbsp;\r\n\r\n<strong><a href=\"http:\/\/waterlat.org\/2015-short-video-competition-evaluation-commission-and-competition-rules\/\">Visite aqui a p\u00e1gina da Comissao Avaliadora e as Regras da Competi\u00e7\u00e3o de Curta-metragems 2015<\/a><\/strong>\r\n\r\n&nbsp;\r\n\r\n<hr \/>\r\n\r\nPara maiores informa\u00e7\u00f5es ou para esclarecer as d\u00favidas, envie uma mensagem eletr\u00f4nica para a <a href=\"mailto:redwaterlat@gmail.com\">Secretar\u00eda da Rede WATERLAT-GOBACIT<\/a>.","protected":false},"excerpt":{"rendered":"Primeiro Pr\u00eamio Atuel, la memoria del agua (adaptado), por Valeria Tochi e Fernando Carrillo, Argentina, 2014. Document\u00e1rio. &nbsp; Entrevista com Valeria Tochi no VII Encontro Anual da Rede em Guadalajara, M\u00e9xico, 21 de outubro de 2015. Lista completa dos candidatos participantes All participating videos can be accessed in the 2015 Short-video Competition Playlist &nbsp; Atuel, [&hellip;]","protected":false},"author":3,"featured_media":0,"parent":2019,"menu_order":0,"comment_status":"closed","ping_status":"closed","template":"page-templates\/full-width.php","meta":{"_acf_changed":false,"footnotes":""},"class_list":["post-1242","page","type-page","status-publish","hentry","no-wpautop"],"acf":[],"_links":{"self":[{"href":"https:\/\/waterlat.org\/pt\/wp-json\/wp\/v2\/pages\/1242","targetHints":{"allow":["GET"]}}],"collection":[{"href":"https:\/\/waterlat.org\/pt\/wp-json\/wp\/v2\/pages"}],"about":[{"href":"https:\/\/waterlat.org\/pt\/wp-json\/wp\/v2\/types\/page"}],"author":[{"embeddable":true,"href":"https:\/\/waterlat.org\/pt\/wp-json\/wp\/v2\/users\/3"}],"replies":[{"embeddable":true,"href":"https:\/\/waterlat.org\/pt\/wp-json\/wp\/v2\/comments?post=1242"}],"version-history":[{"count":10,"href":"https:\/\/waterlat.org\/pt\/wp-json\/wp\/v2\/pages\/1242\/revisions"}],"predecessor-version":[{"id":1724,"href":"https:\/\/waterlat.org\/pt\/wp-json\/wp\/v2\/pages\/1242\/revisions\/1724"}],"up":[{"embeddable":true,"href":"https:\/\/waterlat.org\/pt\/wp-json\/wp\/v2\/pages\/2019"}],"wp:attachment":[{"href":"https:\/\/waterlat.org\/pt\/wp-json\/wp\/v2\/media?parent=1242"}],"curies":[{"name":"wp","href":"https:\/\/api.w.org\/{rel}","templated":true}]}}