{"id":13,"date":"2013-11-27T20:58:46","date_gmt":"2013-11-27T20:58:46","guid":{"rendered":"http:\/\/waterlat.org\/pt\/?page_id=13"},"modified":"2017-05-21T18:12:33","modified_gmt":"2017-05-21T18:12:33","slug":"objetivos","status":"publish","type":"page","link":"https:\/\/waterlat.org\/pt\/about\/objetivos\/","title":{"rendered":"Objetivos"},"content":{"rendered":"<p>O plen\u00e1rio do <a href=\" https:\/\/waterlat.org\/pt\/encontros\/encontros-abertos\/waterlat-2009\/\/\">I Encontro Internacional: \u201cA Ecologia Pol\u00edtica da \u00c1gua na Am\u00e9rica Latina: Definindo uma Estrat\u00e9gia de Investiga\u00e7\u00e3o\u201d<\/a>, discutiu e aprovou os Objetivos Estrat\u00e9gicos e Espec\u00edficos. O Encontro teve lugar em Barcelona no 14- 16 de outubro de 2009. Os Objetivos t\u00eam sido discutidos e confirmados durante os <a href=\" https:\/\/waterlat.org\/pt\/encontros\/internal\/\">Encontros Internos da Rede<\/a> que acontecem regularmente.<\/p>\n<h2><span style=\"font-size: 1.142857143rem; line-height: 1.846153846;\">Objetivos Estrat\u00e9gicos<\/span><\/h2>\n<div>\n<ol>\n<li>Contribuir com o debate te\u00f3rico e metodol\u00f3gico relacionados com a pesquisa de temas sobre a \u00e1gua nos campos da sociologia ambiental e do desenvolvimento da geografia urbana, das pol\u00edticas p\u00fablicas, da economia ecol\u00f3gica e da economia dos servi\u00e7os p\u00fablicos. Isto inclui a abordagem dos desafios metodol\u00f3gicos envolvidos com o estudo internacional comparativo de fen\u00f4menos multidimensionais e multiescalares em diferentes condi\u00e7\u00f5es ecol\u00f3gicas, s\u00f3cio-econ\u00f4micas, pol\u00edticas, etnoculturais e pol\u00edtico-institucionais.<\/li>\n<li>Consolidar uma rede internacional de pesquisas dedicada ao estudo das condi\u00e7\u00f5es e requisitos para o desenvolvimento de uma gest\u00e3o sustent\u00e1vel e democr\u00e1tica da \u00e1gua\u00a0 Isto inclui particularmente o refor\u00e7o de a) capacidades locais nas institui\u00e7\u00f5es participantes; e b) v\u00ednculos de coopera\u00e7\u00e3o entre os membros (especialmente interc\u00e2mbios acad\u00eamicos e iniciativas conjuntas de projetos de pesquisas e publica\u00e7\u00f5es). Esta rede compreende especialistas em diversos campos do conhecimento.<\/li>\n<li>Contribuir ao processo de democratiza\u00e7\u00e3o substantiva da pol\u00edtica e da gest\u00e3o da \u00e1gua, com \u00eanfase no desenvolvimento das comunidades humanas.<\/li>\n<\/ol>\n<h3>Objetivos Espec\u00edficos<\/h3>\n<p>Desenvolver um marco te\u00f3rico e metodol\u00f3gico baseado nas ci\u00eancias sociais, por\u00e9m considerando-se tamb\u00e9m os aspectos t\u00e9cnicos para o estudo das intera\u00e7\u00f5es entre a gest\u00e3o da \u00e1gua, a sustentabilidade dos ecossistemas, a organiza\u00e7\u00e3o de servi\u00e7os p\u00fablicos de \u00e1gua e o impacto destes aspectos sobre os processos de sa\u00fade e enfermidade humanas.<\/p>\n<p>Dar-se-\u00e1 especial \u00eanfase aos v\u00ednculos existentes entre os aspectos:<\/p>\n<ul>\n<li>s\u00f3cio-pol\u00edticos e culturais (por ex: \u00e1gua e poder social; conflito e coopera\u00e7\u00e3o relacionados com a \u00e1gua; \u00e9tica da gest\u00e3o da \u00e1gua; desigualdade e injusti\u00e7a relacionadas com o controle e com o acesso \u00e0 \u00e1gua, etc.);<\/li>\n<li>econ\u00f4micos e financeiros (por ex: a economia da gest\u00e3o da \u00e1gua, incluindo-se os servi\u00e7os de \u00e1gua; o custo social da insustentabilidade e da desigualdade e injusti\u00e7a em rela\u00e7\u00e3o \u00e0 \u00e1gua, etc.);<\/li>\n<li>pol\u00edtico-institucionais (por ex: planifica\u00e7\u00e3o, implementa\u00e7\u00e3o e gest\u00e3o de pol\u00edticas de \u00e1gua; marcos legais; pol\u00edticas de gest\u00e3o integral da \u00e1gua, etc.);<\/li>\n<li>s\u00f3cio-espaciais (por ex: padr\u00f5es demogeogr\u00e1ficos de uso da \u00e1gua; dimens\u00f5es espaciais da desigualdade e injusti\u00e7a em rela\u00e7\u00e3o \u00e0 \u00e1gua; \u00e1gua, territ\u00f3rios e identidades sociais, etc.).<\/li>\n<\/ul>\n<p>E como estes aspectos se acham interrelacionados com as dimens\u00f5es de sa\u00fade (por ex: sa\u00fade p\u00fablica, sa\u00fade ambiental, sa\u00fade e enfermidade relacionadas com a \u00e1gua) e ecol\u00f3gicas (por ex: gest\u00e3o sustent\u00e1vel de bacias fluviais).<\/p>\n<ol>\n<li>Desenvolver projetos de pesquisas; apresentar relat\u00f3rios em confer\u00eancias internacionais e outros eventos acad\u00eamicos e n\u00e3o acad\u00eamicos; publicar resultados de pesquisas em revistas, publica\u00e7\u00f5es peri\u00f3dicas e livros acad\u00eamicos e especializados relevantes ao tema; divulgar os resultados de pesquisas entre o p\u00fablico n\u00e3o especializado por interm\u00e9dio da internet e de outros meios adequados a esse fim.<\/li>\n<\/ol>\n<\/div>\n","protected":false},"excerpt":{"rendered":"<p>O plen\u00e1rio do I Encontro Internacional: \u201cA Ecologia Pol\u00edtica da \u00c1gua na Am\u00e9rica Latina: Definindo uma Estrat\u00e9gia de Investiga\u00e7\u00e3o\u201d, discutiu e aprovou os Objetivos Estrat\u00e9gicos e Espec\u00edficos. O Encontro teve lugar em Barcelona no 14- 16 de outubro de 2009. Os Objetivos t\u00eam sido discutidos e confirmados durante os Encontros Internos da Rede que acontecem [&hellip;]<\/p>\n","protected":false},"author":1,"featured_media":0,"parent":3,"menu_order":0,"comment_status":"closed","ping_status":"closed","template":"page-templates\/full-width.php","meta":{"_acf_changed":false,"footnotes":""},"class_list":["post-13","page","type-page","status-publish","hentry","wpautop"],"acf":[],"_links":{"self":[{"href":"https:\/\/waterlat.org\/pt\/wp-json\/wp\/v2\/pages\/13","targetHints":{"allow":["GET"]}}],"collection":[{"href":"https:\/\/waterlat.org\/pt\/wp-json\/wp\/v2\/pages"}],"about":[{"href":"https:\/\/waterlat.org\/pt\/wp-json\/wp\/v2\/types\/page"}],"author":[{"embeddable":true,"href":"https:\/\/waterlat.org\/pt\/wp-json\/wp\/v2\/users\/1"}],"replies":[{"embeddable":true,"href":"https:\/\/waterlat.org\/pt\/wp-json\/wp\/v2\/comments?post=13"}],"version-history":[{"count":5,"href":"https:\/\/waterlat.org\/pt\/wp-json\/wp\/v2\/pages\/13\/revisions"}],"predecessor-version":[{"id":2082,"href":"https:\/\/waterlat.org\/pt\/wp-json\/wp\/v2\/pages\/13\/revisions\/2082"}],"up":[{"embeddable":true,"href":"https:\/\/waterlat.org\/pt\/wp-json\/wp\/v2\/pages\/3"}],"wp:attachment":[{"href":"https:\/\/waterlat.org\/pt\/wp-json\/wp\/v2\/media?parent=13"}],"curies":[{"name":"wp","href":"https:\/\/api.w.org\/{rel}","templated":true}]}}