{"id":1309,"date":"2015-09-16T13:48:32","date_gmt":"2015-09-16T13:48:32","guid":{"rendered":"http:\/\/waterlat.org\/pt\/?page_id=1309"},"modified":"2017-01-28T01:14:40","modified_gmt":"2017-01-28T01:14:40","slug":"livro-politicas-publicas-e-gestao-de-servicos-de-saneamento","status":"publish","type":"page","link":"https:\/\/waterlat.org\/pt\/publicacoes\/livros\/livro-politicas-publicas-e-gestao-de-servicos-de-saneamento\/","title":{"rendered":"Livro Pol\u00edticas P\u00fablicas e Gest\u00e3o de Servi\u00e7os de Saneamento"},"content":{"rendered":"<p><img loading=\"lazy\" decoding=\"async\" class=\"alignnone size-medium wp-image-149\" src=\"https:\/\/waterlat.org\/pt\/wp-content\/uploads\/sites\/3\/2013\/11\/CAPA_PoliticasPublicasSaneamento_2013-300x201.jpg\" alt=\"CAPA_PoliticasPublicasSaneamento_2013\" width=\"300\" height=\"201\" srcset=\"https:\/\/waterlat.org\/pt\/wp-content\/uploads\/sites\/3\/2013\/11\/CAPA_PoliticasPublicasSaneamento_2013-300x201.jpg 300w, https:\/\/waterlat.org\/pt\/wp-content\/uploads\/sites\/3\/2013\/11\/CAPA_PoliticasPublicasSaneamento_2013.jpg 497w\" sizes=\"auto, (max-width: 300px) 100vw, 300px\" \/><br \/>\n<span style=\"line-height: 1.714285714; font-size: 1rem;\">L\u00e9o Heller y Jos\u00e9 Esteban Castro (Eds.),\u00a0<\/span><span style=\"text-decoration: underline;\">Pol\u00edticas P\u00fablicas e Gest\u00e3o de Servi\u00e7os de Saneamento<\/span><span style=\"line-height: 1.714285714; font-size: 1rem;\">, Belo Horizonte e Rio de Janeiro:\u00a0<\/span><a style=\"line-height: 1.714285714; font-size: 1rem;\" href=\"http:\/\/www.editoraufmg.com.br\/\">Editora da Universidade Federal de Minas Gerais (UFMG)<\/a><span style=\"line-height: 1.714285714; font-size: 1rem;\">\u00a0e\u00a0<\/span><a style=\"line-height: 1.714285714; font-size: 1rem;\" href=\"http:\/\/www.fiocruz.br\/editora\">Editora Fiocruz<\/a><span style=\"line-height: 1.714285714; font-size: 1rem;\">, 2013. DOI: 10.5281\/zenodo.55855.<\/p>\n<p>Este livro \u00e9 uma vers\u00e3o atualizada e ampliada de Jos\u00e9 Esteban Castro e L\u00e9o Heller (Eds.),\u00a0<\/span><a style=\"line-height: 1.714285714; font-size: 1rem;\" href=\"http:\/\/www.earthscan.co.uk\/?tabid=42724\">Water and Sanitation Services: Public Policy and Management<\/a><span style=\"line-height: 1.714285714; font-size: 1rem;\">\u00a0(Earthscan, 2009; Routledge, 2012) e cont\u00e9m cinco novos cap\u00edtulos sobre o Brasil e um da Venezuela.<\/span><\/p>\n<p><a href=\"http:\/\/portal.fiocruz.br\/pt-br\/content\/pol%C3%ADtica-p%C3%BAblica-e-gest%C3%A3o-de-servi%C3%A7os-de-saneamento-0\">O livro na Editora Fiocruz<\/a>.<\/p>\n<p><a href=\"http:\/\/www.editoraufmg.com.br\/pages\/obra\/55\/politica-publica-e-gestao-de-servicos-de-saneamento\">O livro na Editora UFMG<\/a>.<\/p>\n<p><strong>Recomenda\u00e7\u00f5es do livro na vers\u00e3o original<\/strong><\/p>\n<p>\u201cEstou muito impressionado pelo rango e perfil dos temas e dos autores dos cap\u00edtulos. Existe uma crescente consci\u00eancia de que resolver os problemas de saneamento envolve m\u00e1s que tubula\u00e7\u00f5es e v\u00e1lvulas \u2013a conduta humana e as institui\u00e7\u00f5es s\u00e3o componentes importantes do conjunto de medidas requeridas.\u201d<br \/>\nSandy Cairncross, London School of Hygiene and Tropical Medicine, UK<\/p>\n<p>\u201cEste livro \u00e9 muito oportuno\u2026 A \u00eanfase do livro \u00e9 absolutamente correta, vinculando as tecnologias com os aspectos socioculturais, pol\u00edticos e econ\u00f3micos dos servi\u00e7os de saneamento.\u201d<br \/>\nDuncan Mara, University of Leeds, UK<\/p>\n<p>\u201cO livro ser\u00e1 de grande interesse a estudantes avan\u00e7ados, pesquisadores, professionais e ONGs em muitas disciplinas, incluindo pol\u00edticas p\u00fablicas e planejamento, ci\u00eancia ambiental, sociologia ambiental, historia da tecnologia, engenharia civil e ambiental, sa\u00fade p\u00fablica, e estudos do desenvolvimento.\u201d<br \/>\nRichard H. McCuen, Professor of Civil Engineering, University of Maryland, USA<\/p>\n<p>\u201cEntrando mais profundamente neste libro, o leitor tem acesso a uma fonte de informa\u00e7\u00e3o rica e profunda, an\u00e1lise, e assessoramento para todas as pessoas comprometidas com o melhoramento do acesso e da qualidade dos servi\u00e7os de saneamento.\u201d<br \/>\nDavid Sutherland, ATKINS, Waterlines<\/p>\n<p>&nbsp;<\/p>\n<h3>Resenhas do livro<\/h3>\n<p>Resenha por Luiz Roberto Santos Moraes, <span style=\"text-decoration: underline;\">Engenharia Sanitaria e Ambiental<\/span>, Vol. 14, No 2, 2009. <a href=\"http:\/\/www.scielo.br\/pdf\/esa\/v14n2\/a01v14n2.pdf\">Acesse aqui<\/a>.<\/p>\n<p>Resenha por Ilana Cohen (em ingl\u00eas), <span style=\"text-decoration: underline;\">International Journal of Water Resources Development<\/span>, Vol. 29, No 3, 2013, pp. 497-500. DOI: 10.1080\/07900627.2013.768942. <a href=\"http:\/\/www.tandfonline.com\/doi\/pdf\/10.1080\/07900627.2013.768942?redirect=1\">Acesse aqui<\/a>.<\/p>\n<p>Resenha por Eduardo Marques, <span style=\"text-decoration: underline;\">Brazilian Political Science Review<\/span>, Vol. 8, No 2, 2014. DOI: 10.1590\/1981-38212014000100015. <a href=\"http:\/\/www.fflch.usp.br\/centrodametropole\/upload\/aaa\/875-resenha_ECM_%20213-783-1-PB.pdf\">Acesse aqui<\/a>.<\/p>\n<p>Resenha por Mariana Gutierres Arteiro da Paz, <span style=\"text-decoration: underline;\">Ambiente e Sociedade<\/span>, Vol. 18, No 1, 2015. DOI: 10.1590\/1809-4422ASOC1252V1812015. <a href=\"http:\/\/www.scielo.br\/scielo.php?script=sci_arttext&amp;pid=S1414-753X2015000100014\">Acesse aqui<\/a>.<\/p>\n","protected":false},"excerpt":{"rendered":"<p>L\u00e9o Heller y Jos\u00e9 Esteban Castro (Eds.),\u00a0Pol\u00edticas P\u00fablicas e Gest\u00e3o de Servi\u00e7os de Saneamento, Belo Horizonte e Rio de Janeiro:\u00a0Editora da Universidade Federal de Minas Gerais (UFMG)\u00a0e\u00a0Editora Fiocruz, 2013. DOI: 10.5281\/zenodo.55855. Este livro \u00e9 uma vers\u00e3o atualizada e ampliada de Jos\u00e9 Esteban Castro e L\u00e9o Heller (Eds.),\u00a0Water and Sanitation Services: Public Policy and Management\u00a0(Earthscan, 2009; [&hellip;]<\/p>\n","protected":false},"author":3,"featured_media":0,"parent":22,"menu_order":0,"comment_status":"closed","ping_status":"closed","template":"page-templates\/full-width.php","meta":{"_acf_changed":false,"footnotes":""},"class_list":["post-1309","page","type-page","status-publish","hentry","wpautop"],"acf":[],"_links":{"self":[{"href":"https:\/\/waterlat.org\/pt\/wp-json\/wp\/v2\/pages\/1309","targetHints":{"allow":["GET"]}}],"collection":[{"href":"https:\/\/waterlat.org\/pt\/wp-json\/wp\/v2\/pages"}],"about":[{"href":"https:\/\/waterlat.org\/pt\/wp-json\/wp\/v2\/types\/page"}],"author":[{"embeddable":true,"href":"https:\/\/waterlat.org\/pt\/wp-json\/wp\/v2\/users\/3"}],"replies":[{"embeddable":true,"href":"https:\/\/waterlat.org\/pt\/wp-json\/wp\/v2\/comments?post=1309"}],"version-history":[{"count":7,"href":"https:\/\/waterlat.org\/pt\/wp-json\/wp\/v2\/pages\/1309\/revisions"}],"predecessor-version":[{"id":1842,"href":"https:\/\/waterlat.org\/pt\/wp-json\/wp\/v2\/pages\/1309\/revisions\/1842"}],"up":[{"embeddable":true,"href":"https:\/\/waterlat.org\/pt\/wp-json\/wp\/v2\/pages\/22"}],"wp:attachment":[{"href":"https:\/\/waterlat.org\/pt\/wp-json\/wp\/v2\/media?parent=1309"}],"curies":[{"name":"wp","href":"https:\/\/api.w.org\/{rel}","templated":true}]}}