{"id":1438,"date":"2016-02-19T17:53:03","date_gmt":"2016-02-19T17:53:03","guid":{"rendered":"http:\/\/waterlat.org\/pt\/?page_id=1438"},"modified":"2020-06-16T15:42:37","modified_gmt":"2020-06-16T15:42:37","slug":"temas","status":"publish","type":"page","link":"https:\/\/waterlat.org\/pt\/areas-tematicas\/at3\/temas\/","title":{"rendered":"Temas da AT3"},"content":{"rendered":"A AT3 cobre dois grandes campos de pesquisa, ensino e interven\u00e7\u00e3o pr\u00e1tica aos que se dedicam membros da Rede. O primeiro \u00e9 o \u201cciclo urbano da \u00e1gua\u201d, que inclui os processos de extra\u00e7\u00e3o, produ\u00e7\u00e3o, circula\u00e7\u00e3o, uso e retorno \u00e0s fontes da \u00e1gua em suas m\u00faltiplas dimens\u00f5es e formas, em perspectiva inter e transdisciplinar. O segundo campo se intersecta com o primeiro mais inclui tamb\u00e9m processos que acontecem fora do espa\u00e7o urbano, j\u00e1 que se ocupa dos servi\u00e7os p\u00fablicos essenciais baseados de uma u outra forma no uso da \u00e1gua, incluindo a distribui\u00e7\u00e3o de \u00e1gua para consumo humano, a gest\u00e3o de \u00e1guas residuais, a gest\u00e3o de \u00e1guas pluviais, etc. Este campo tem interse\u00e7\u00f5es com v\u00e1rias outras \u00c1reas Tem\u00e1ticas, incluindo a AT5 \u00c1gua e Sa\u00fade, a AT6 Bacias e Territ\u00f3rios Hidrosociais, e a AT8 \u00c1gua e Desastres.\r\n\r\n&nbsp;\r\n\r\n<span style=\"text-decoration: underline;\">Temas destacados que trabalham os membros da AT3<\/span>:\r\n<ul>\r\n\t<li>A pol\u00edtica da \u00e1gua: gest\u00e3o da \u00e1gua e configura\u00e7\u00f5es de poder social e pol\u00edtico.<\/li>\r\n\t<li>Mercantiliza\u00e7\u00e3o \/ privatiza\u00e7\u00e3o \/ internacionaliza\u00e7\u00e3o de empresas p\u00fablicas de saneamento &#8211; Experi\u00eancias de privatiza\u00e7\u00e3o e desprivatiza\u00e7\u00e3o de servi\u00e7os de saneamento<\/li>\r\n\t<li>Emerg\u00eancia de empresas &#8220;progressistas&#8221; de saneamento (conceptualiza\u00e7\u00e3o e formas de opera\u00e7\u00e3o).<\/li>\r\n\t<li>Parcerias p\u00fablico-p\u00fablicas, p\u00fablico-comunit\u00e1rias, e comunit\u00e1rio-comunit\u00e1rias para a gest\u00e3o dos servi\u00e7os essenciais de saneamento urbanos e rurais.<\/li>\r\n\t<li>Os processos multidimensionais de valora\u00e7\u00e3o da \u00e1gua (valor econ\u00f4mico, valor cultural, valor &#8220;intr\u00ednseco&#8221;, etc.)<\/li>\r\n\t<li>Lutas pela democratiza\u00e7\u00e3o da pol\u00edtica e a gest\u00e3o da \u00e1gua urbana e dos servi\u00e7os de saneamento.<\/li>\r\n\t<li>Pol\u00edticas sobre o ciclo urbano da \u00e1gua e os servi\u00e7os de \u00e1gua essenciais baseadas sob o princ\u00edpio da igualdade.<\/li>\r\n\t<li>Pol\u00edtica da \u00e1gua e constru\u00e7\u00e3o da cidadania; o acesso a \u00e1gua como direito e bem social, comum, p\u00fablico. V\u00ednculos entre os cidad\u00e3os e o Estado atrav\u00e9s dos sistemas de distribui\u00e7\u00e3o da \u00e1gua.<\/li>\r\n\t<li>Inova\u00e7\u00f5es sociot\u00e9cnicas para democratizar a pol\u00edtica e a gest\u00e3o dos servi\u00e7os de \u00e1gua e saneamento.<\/li>\r\n\t<li>O significado, as contradi\u00e7\u00f5es e os desafios que apresenta a no\u00e7\u00e3o do &#8220;direito humano a agua&#8221;. Legisla\u00e7\u00e3o e pr\u00e1ticas em mat\u00e9ria do direito humano a \u00e1gua.<\/li>\r\n\t<li>Gest\u00e3o integrada da \u00e1gua.<\/li>\r\n\t<li>Resili\u00eancia socio-h\u00eddrica urbana. Gest\u00e3o da incerteza h\u00eddrica, amea\u00e7a de secas e enchentes, etc. Gest\u00e3o do metabolismo urbano, balan\u00e7o entre qualidade de vida urbana e impacto ambiental do ciclo urbano da \u00e1gua. Gest\u00e3o do crescimento urbano e seu impacto sobre o ciclo h\u00eddrico.<\/li>\r\n\t<li>Gest\u00e3o da \u00e1gua de chuva em cidades (recolec\u00e7\u00e3o, tratamento, armazenamento, distribui\u00e7\u00e3o, usos, legisla\u00e7\u00e3o, etc.).<\/li>\r\n\t<li>Pr\u00e1ticas individuais e coletivas de acesso e distribui\u00e7\u00e3o da \u00e1gua.<\/li>\r\n\t<li>Redes sociais (de parentesco; hist\u00f3ricas, pol\u00edticas, comerciais) vinculadas aos interc\u00e2mbios cotidianos de \u00e1gua.<\/li>\r\n\t<li>Rela\u00e7\u00f5es de poder associadas ao saber e a implementa\u00e7\u00e3o de diversas t\u00e9cnicas para a capta\u00e7\u00e3o, tratamento e transporte da \u00e1gua de consumo.<\/li>\r\n\t<li>Representa\u00e7\u00f5es da natureza, o ser humano e a sociedade vinculadas as formas de acesso e usos da \u00e1gua.<\/li>\r\n<\/ul>\r\n&nbsp;\r\n\r\n<strong>Rela\u00e7\u00e3o destes temas com os <a href=\"https:\/\/waterlat.org\/pt\/about\/objetivos\/\">objetivos<\/a> e <a href=\"https:\/\/waterlat.org\/pt\/about\/prioridades\/\">prioridades de pesquisa<\/a> da Rede<\/strong>\r\nOs temas principais da AT3, \u201cO ciclo urbano da \u00e1gua e os servi\u00e7os p\u00fablicos essenciais\u201d, est\u00e3o relacionados com os objetivos estrat\u00e9gicos e espec\u00edficos da Rede em diferentes n\u00edveis. Por uma parte respondem ao debate te\u00f3rico, principalmente nos campos da sociologia ambiental, os estudos urbanos, as teorias do desenvolvimento e suas cr\u00edticas, a economia ecol\u00f3gica e a ecologia pol\u00edtica, as teorias da complexidade, entre outras. Por outra parte, os temas da AT3 contribuem \u00e0 discuss\u00e3o metodol\u00f3gica promovendo pesquisas em diferentes \u00e1reas do conhecimento: a antropologia e a geografia urbana, as ci\u00eancias ambientais, a ci\u00eancia pol\u00edtica, as ci\u00eancias da sa\u00fade, o direito, a economia, a hist\u00f3ria, a engenharia, o planejamento urbano, as pol\u00edticas p\u00fablicas, e a sociologia, entre outras, propondo o desenvolvimento de coordena\u00e7\u00f5es interdisciplinares para abordar os processos e din\u00e2micas complexas pr\u00f3prias do ciclo urbano da \u00e1gua e dos servi\u00e7os p\u00fablicos essenciais baseados na \u00e1gua. O enfoque inter e transdisciplinar permite tamb\u00e9m considerar diferentes aspectos do ciclo urbano da \u00e1gua: sua dimens\u00e3o social e pol\u00edtica, seus aspectos simb\u00f3licos, sua dimens\u00e3o material e t\u00e9cnica e sua rela\u00e7\u00e3o com os campos da ecologia e da sa\u00fade. A participa\u00e7\u00e3o de pesquisadores de diferentes pa\u00edses e regi\u00f5es contribui a consolidar e desenvolver novos v\u00ednculos de coopera\u00e7\u00e3o entre os pesquisadores e suas institui\u00e7\u00f5es, assim como com outros colegas e organiza\u00e7\u00f5es. Por outra parte, a incorpora\u00e7\u00e3o de atores n\u00e3o acad\u00e9micos, desde especialistas do setor p\u00fablico em todos seus n\u00edveis, representantes sindicais, de ONGs, e de movimentos comunit\u00e1rios e sociais, entre outros, permite promover a coprodu\u00e7\u00e3o de conhecimentos em perspectiva transdisciplinar e fortalece os v\u00ednculos entre a academia e os setores sociais, particularmente aqueles que lutam pela democratiza\u00e7\u00e3o substantiva da pol\u00edtica e da gest\u00e3o da \u00e1gua.\r\n\r\n&nbsp;\r\n\r\nA tem\u00e1ticas e as atividades realizadas pelos membros da \u00e1rea est\u00e3o orientados pelos Objetivos e as Prioridades de pesquisa da Rede WATERLAT-GOBACIT, j\u00e1 que a AT3\r\n<ul>\r\n\t<li>Analisa de maneira cr\u00edtica os discursos dominantes relacionados com a pol\u00edtica e a gest\u00e3o da \u00e1gua e dos processos de produ\u00e7\u00e3o de conhecimento sobre a \u00e1gua e os servi\u00e7os baseados na \u00e1gua.<\/li>\r\n\t<li>Estuda os conflitos que emergem em rela\u00e7\u00e3o ao acesso e a distribui\u00e7\u00e3o da \u00e1gua nas cidades.<\/li>\r\n\t<li>Considera as infraestruturas e tecnologias h\u00eddricas como produtos de sistemas socioecon\u00f4micos, culturais e pol\u00edticos particulares.<\/li>\r\n\t<li>Reflete sobre a \u201cpolitiza\u00e7\u00e3o\u201d e a \u201cdespolitiza\u00e7\u00e3o\u201d das quest\u00f5es h\u00eddricas em contextos urbanos e em rela\u00e7\u00e3o aos servi\u00e7os b\u00e1sicos de saneamento em geral.<\/li>\r\n\t<li>Aborda diferentes formas de gest\u00e3o da \u00e1gua e as articula\u00e7\u00f5es entre modelos e reg\u00edmenes de gest\u00e3o.<\/li>\r\n\t<li>Avalia as pol\u00edticas p\u00fablicas da \u00e1gua desde uma perspectiva cr\u00edtica, que assume a necessidade de priorizar pol\u00edticas fundadas no princ\u00edpio da igualdade e o rejeito de pol\u00edticas excludentes.<\/li>\r\n\t<li>Contribui a visibilizar as lutas populares (lideradas pelos movimentos sociais, organiza\u00e7\u00f5es civis, sindicatos, e outros atores relevantes) pelo acesso \u00e0 \u00e1gua e pela democratiza\u00e7\u00e3o da pol\u00edtica e da gest\u00e3o da \u00e1gua.<\/li>\r\n\t<li>Promove enfoques interdisciplinares, integrando as disciplinas sociais e tecno-cient\u00edficas, e as humanidades, incluindo a hist\u00f3ria, nos processos de produ\u00e7\u00e3o de conhecimento, ensino, e formula\u00e7\u00e3o de propostas de interven\u00e7\u00e3o pr\u00e1tica. Adopta a transdiciplinaridade como princ\u00edpio orientador e como pr\u00e1tica, envolvendo atores n\u00e3o acad\u00e9micos, movimentos sociais, representantes do sector p\u00fablico, dos sindicatos, das organiza\u00e7\u00f5es comunit\u00e1rias, etc. em esses processos.<\/li>\r\n<\/ul>\r\n<a href=\"https:\/\/waterlat.org\/pt\/about\/areas-tematicas\/at3\/\">Voltar \u00e0 Apresenta\u00e7\u00e3o da AT3<\/a>","protected":false},"excerpt":{"rendered":"A AT3 cobre dois grandes campos de pesquisa, ensino e interven\u00e7\u00e3o pr\u00e1tica aos que se dedicam membros da Rede. O primeiro \u00e9 o \u201cciclo urbano da \u00e1gua\u201d, que inclui os processos de extra\u00e7\u00e3o, produ\u00e7\u00e3o, circula\u00e7\u00e3o, uso e retorno \u00e0s fontes da \u00e1gua em suas m\u00faltiplas dimens\u00f5es e formas, em perspectiva inter e transdisciplinar. O segundo [&hellip;]","protected":false},"author":3,"featured_media":0,"parent":1437,"menu_order":0,"comment_status":"closed","ping_status":"closed","template":"page-templates\/full-width.php","meta":{"_acf_changed":false,"footnotes":""},"class_list":["post-1438","page","type-page","status-publish","hentry","no-wpautop"],"acf":[],"_links":{"self":[{"href":"https:\/\/waterlat.org\/pt\/wp-json\/wp\/v2\/pages\/1438","targetHints":{"allow":["GET"]}}],"collection":[{"href":"https:\/\/waterlat.org\/pt\/wp-json\/wp\/v2\/pages"}],"about":[{"href":"https:\/\/waterlat.org\/pt\/wp-json\/wp\/v2\/types\/page"}],"author":[{"embeddable":true,"href":"https:\/\/waterlat.org\/pt\/wp-json\/wp\/v2\/users\/3"}],"replies":[{"embeddable":true,"href":"https:\/\/waterlat.org\/pt\/wp-json\/wp\/v2\/comments?post=1438"}],"version-history":[{"count":4,"href":"https:\/\/waterlat.org\/pt\/wp-json\/wp\/v2\/pages\/1438\/revisions"}],"predecessor-version":[{"id":1452,"href":"https:\/\/waterlat.org\/pt\/wp-json\/wp\/v2\/pages\/1438\/revisions\/1452"}],"up":[{"embeddable":true,"href":"https:\/\/waterlat.org\/pt\/wp-json\/wp\/v2\/pages\/1437"}],"wp:attachment":[{"href":"https:\/\/waterlat.org\/pt\/wp-json\/wp\/v2\/media?parent=1438"}],"curies":[{"name":"wp","href":"https:\/\/api.w.org\/{rel}","templated":true}]}}