{"id":1461,"date":"2016-02-20T11:50:55","date_gmt":"2016-02-20T11:50:55","guid":{"rendered":"http:\/\/waterlat.org\/pt\/?page_id=1461"},"modified":"2020-06-16T15:42:21","modified_gmt":"2020-06-16T15:42:21","slug":"galeria-multimedia-da-at3","status":"publish","type":"page","link":"https:\/\/waterlat.org\/pt\/areas-tematicas\/at3\/galeria-multimedia-da-at3\/","title":{"rendered":"Galeria Multim\u00eddia da AT3"},"content":{"rendered":"<h2>Lista de Reprodu\u00e7\u00e3o no Youtube<\/h2>\r\nA AT3 tem sua Lista de Reprodu\u00e7\u00e3o no Canal de Youtube da Rede. O Canal tem entrevistas com membros da AT3, v\u00eddeos de sess\u00f5es organizadas pela AT3 nas reuni\u00f5es regulares da Rede, v\u00eddeos de atividades de pesquisa da AT3 incluindo entrevistas, visitas de campo, e outros materiais.\r\n\r\n<span style=\"text-decoration: underline;\">Lista de Reprodu\u00e7\u00e3o da AT3 no Canal de Youtube da Rede<\/span>\r\n\r\n<iframe loading=\"lazy\" src=\"https:\/\/www.youtube.com\/embed\/videoseries?list=PLx6qphzdSP6uAuLJj_flQkH0ZWI2WFHAO\" width=\"560\" height=\"315\" frameborder=\"0\" allowfullscreen=\"allowfullscreen\"><\/iframe>\r\n\r\n&nbsp;\r\n\r\n&nbsp;\r\n<h2>Albumes na galeria fotogr\u00e1fica em Flickr<\/h2>\r\nA AT3 tem v\u00e1rios albumes na galeria fotogr\u00e1fica da Rede em Flickr, alguns espec\u00edficos da AT3 e outros compartilhados com outras ATs. Os albumes incluem \u201cInfraestrutura de \u00e1gua urbana\u201d, \u201cServi\u00e7os essenciais de saneamento\u201d, \u201cInfraestrutura de \u00e1gua e saneamento rural\/em pequenas comunidades\u201d, \u201cVenta de \u00e1gua\u201d, \u201cRecolec\u00e7\u00e3o de \u00e1gua de chuva\u201d, albumes dos projetos de pesquisa da AT3, PRINWASS, DESAFIO, e UrbanRain, al\u00e9m de outros albumes compartilhados.\r\n\r\n<span style=\"text-decoration: underline;\">P\u00e1gina dos albumes em Flickr<\/span>\r\n<a title=\"Infraestructura de agua urbana \/ Urban water infrastructure\" href=\"https:\/\/www.flickr.com\/photos\/125391306@N03\/albums\/72157647111908116\" data-flickr-embed=\"true\"><img loading=\"lazy\" decoding=\"async\" src=\"https:\/\/farm6.staticflickr.com\/5563\/15122816622_dde70bab6b_z.jpg\" alt=\"Infraestructura de agua urbana \/ Urban water infrastructure\" width=\"640\" height=\"427\" \/><\/a><script src=\"\/\/embedr.flickr.com\/assets\/client-code.js\" async=\"\" charset=\"utf-8\"><\/script>\r\n\r\n&nbsp;\r\n\r\n<a href=\"https:\/\/waterlat.org\/pt\/areas-tematicas\/at3\/\">Voltar \u00e0 Apresenta\u00e7\u00e3o da AT3<\/a>","protected":false},"excerpt":{"rendered":"Lista de Reprodu\u00e7\u00e3o no Youtube A AT3 tem sua Lista de Reprodu\u00e7\u00e3o no Canal de Youtube da Rede. O Canal tem entrevistas com membros da AT3, v\u00eddeos de sess\u00f5es organizadas pela AT3 nas reuni\u00f5es regulares da Rede, v\u00eddeos de atividades de pesquisa da AT3 incluindo entrevistas, visitas de campo, e outros materiais. Lista de Reprodu\u00e7\u00e3o [&hellip;]","protected":false},"author":3,"featured_media":0,"parent":1437,"menu_order":0,"comment_status":"closed","ping_status":"closed","template":"page-templates\/full-width.php","meta":{"_acf_changed":false,"footnotes":""},"class_list":["post-1461","page","type-page","status-publish","hentry","no-wpautop"],"acf":[],"_links":{"self":[{"href":"https:\/\/waterlat.org\/pt\/wp-json\/wp\/v2\/pages\/1461","targetHints":{"allow":["GET"]}}],"collection":[{"href":"https:\/\/waterlat.org\/pt\/wp-json\/wp\/v2\/pages"}],"about":[{"href":"https:\/\/waterlat.org\/pt\/wp-json\/wp\/v2\/types\/page"}],"author":[{"embeddable":true,"href":"https:\/\/waterlat.org\/pt\/wp-json\/wp\/v2\/users\/3"}],"replies":[{"embeddable":true,"href":"https:\/\/waterlat.org\/pt\/wp-json\/wp\/v2\/comments?post=1461"}],"version-history":[{"count":2,"href":"https:\/\/waterlat.org\/pt\/wp-json\/wp\/v2\/pages\/1461\/revisions"}],"predecessor-version":[{"id":1464,"href":"https:\/\/waterlat.org\/pt\/wp-json\/wp\/v2\/pages\/1461\/revisions\/1464"}],"up":[{"embeddable":true,"href":"https:\/\/waterlat.org\/pt\/wp-json\/wp\/v2\/pages\/1437"}],"wp:attachment":[{"href":"https:\/\/waterlat.org\/pt\/wp-json\/wp\/v2\/media?parent=1461"}],"curies":[{"name":"wp","href":"https:\/\/api.w.org\/{rel}","templated":true}]}}