{"id":1480,"date":"2016-04-25T15:14:22","date_gmt":"2016-04-25T15:14:22","guid":{"rendered":"http:\/\/waterlat.org\/pt\/?page_id=1480"},"modified":"2016-11-19T14:14:58","modified_gmt":"2016-11-19T14:14:58","slug":"ta6-multimedia-gallery","status":"publish","type":"page","link":"https:\/\/waterlat.org\/pt\/areas-tematicas\/at6\/ta6-multimedia-gallery\/","title":{"rendered":"Galer\u00eda Multim\u00eddia da AT6"},"content":{"rendered":"<h2>Lista de Reprodu\u00e7\u00e3o no Youtube<\/h2>\n<p>A AT6 tem sua Lista de Reprodu\u00e7\u00e3o no Canal de Youtube da Rede. O Canal tem entrevistas, v\u00eddeos de sess\u00f5es organizadas pela AT6 nas reuni\u00f5es regulares da Rede, v\u00eddeos de atividades de pesquisa da AT6 incluindo entrevistas, visitas de campo, e outros materiais.<\/p>\n<p><span style=\"text-decoration: underline;\">Lista de Reprodu\u00e7\u00e3o da AT6 no Canal de Youtube da Rede<\/span><\/p>\n<p><iframe loading=\"lazy\" width=\"560\" height=\"315\" src=\"https:\/\/www.youtube.com\/embed\/videoseries?list=PLx6qphzdSP6s9n6Sbaqxn51HrG8GXCcSP\" frameborder=\"0\" allowfullscreen><\/iframe><\/p>\n<p>&nbsp;<\/p>\n<h2>Albumes na galeria fotogr\u00e1fica em Flickr<\/h2>\n<p>A AT6 tem v\u00e1rios albumes na galeria fotogr\u00e1fica da Rede em Flickr, alguns espec\u00edficos da AT6 e outros compartilhados com outras ATs. Estes albumes incluem &#8220;\u00c1gua, lagos&#8221;, &#8220;\u00c1gua, aqu\u00edferos&#8221;, &#8220;\u00c1gua, rios&#8221;, &#8220;Pesca artesanal&#8221;, etc.<\/p>\n<p>&nbsp;<\/p>\n<p><span style=\"text-decoration: underline;\">P\u00e1gina dos albumes em Flickr<\/span><\/p>\n<p><a data-flickr-embed=\"true\"  href=\"https:\/\/www.flickr.com\/photos\/125391306@N03\/albums\/72157647927683301\" title=\"Pesca artesanal \/ artisanal fishing\"><img loading=\"lazy\" decoding=\"async\" src=\"https:\/\/farm6.staticflickr.com\/5562\/15327897561_44a83808eb_z.jpg\" width=\"640\" height=\"427\" alt=\"Pesca artesanal \/ artisanal fishing\"><\/a><script async src=\"\/\/embedr.flickr.com\/assets\/client-code.js\" charset=\"utf-8\"><\/script><\/p>\n<p>&nbsp;<\/p>\n<p><a href=\"https:\/\/waterlat.org\/pt\/areas-tematicas\/at6\/\">Voltar \u00e0 Apresenta\u00e7\u00e3o da AT6<\/a><\/p>\n","protected":false},"excerpt":{"rendered":"<p>Lista de Reprodu\u00e7\u00e3o no Youtube A AT6 tem sua Lista de Reprodu\u00e7\u00e3o no Canal de Youtube da Rede. O Canal tem entrevistas, v\u00eddeos de sess\u00f5es organizadas pela AT6 nas reuni\u00f5es regulares da Rede, v\u00eddeos de atividades de pesquisa da AT6 incluindo entrevistas, visitas de campo, e outros materiais. Lista de Reprodu\u00e7\u00e3o da AT6 no Canal [&hellip;]<\/p>\n","protected":false},"author":3,"featured_media":0,"parent":1478,"menu_order":0,"comment_status":"closed","ping_status":"closed","template":"page-templates\/full-width.php","meta":{"_acf_changed":false,"footnotes":""},"class_list":["post-1480","page","type-page","status-publish","hentry","wpautop"],"acf":[],"_links":{"self":[{"href":"https:\/\/waterlat.org\/pt\/wp-json\/wp\/v2\/pages\/1480","targetHints":{"allow":["GET"]}}],"collection":[{"href":"https:\/\/waterlat.org\/pt\/wp-json\/wp\/v2\/pages"}],"about":[{"href":"https:\/\/waterlat.org\/pt\/wp-json\/wp\/v2\/types\/page"}],"author":[{"embeddable":true,"href":"https:\/\/waterlat.org\/pt\/wp-json\/wp\/v2\/users\/3"}],"replies":[{"embeddable":true,"href":"https:\/\/waterlat.org\/pt\/wp-json\/wp\/v2\/comments?post=1480"}],"version-history":[{"count":6,"href":"https:\/\/waterlat.org\/pt\/wp-json\/wp\/v2\/pages\/1480\/revisions"}],"predecessor-version":[{"id":1740,"href":"https:\/\/waterlat.org\/pt\/wp-json\/wp\/v2\/pages\/1480\/revisions\/1740"}],"up":[{"embeddable":true,"href":"https:\/\/waterlat.org\/pt\/wp-json\/wp\/v2\/pages\/1478"}],"wp:attachment":[{"href":"https:\/\/waterlat.org\/pt\/wp-json\/wp\/v2\/media?parent=1480"}],"curies":[{"name":"wp","href":"https:\/\/api.w.org\/{rel}","templated":true}]}}