{"id":1483,"date":"2016-04-22T16:35:55","date_gmt":"2016-04-22T16:35:55","guid":{"rendered":"http:\/\/waterlat.org\/pt\/?page_id=1483"},"modified":"2026-02-20T13:28:40","modified_gmt":"2026-02-20T13:28:40","slug":"membros-institucionais","status":"publish","type":"page","link":"https:\/\/waterlat.org\/pt\/equipe\/membros-institucionais\/","title":{"rendered":"Membros Institucionais"},"content":{"rendered":"<p>Nossos membros institucionais incluem entidades acad\u00eamicas, sindicatos de trabalhadores, organiza\u00e7\u00f5es comunit\u00e1rias, entre outros. A lista segue a ordem alfab\u00e9tica.<\/p>\n<p>&nbsp;<\/p>\n<p><a href=\"https:\/\/almaazul.org\/sobre-alma-azul\/\">Alma Azul (SC)<\/a>. Concepci\u00f3n, Paraguai. Contato: Elida Villalba Vargas, Presidenta. <a href=\"velida@hotmail.com\">Envie um e-mail aqui<\/a>.<\/p>\n<p><a href=\"https:\/\/anep.cr\">Associa\u00e7\u00e3o Nacional de Funcion\u00e1rios P\u00fablicos e Privados de Costa Rica (ANEP)<\/a>. San Jos\u00e9, Costa Rica. Contato: Albino Vargas Barrantes, Secret\u00e1rio Geral. <a href=\"mailto:info@anep.or.cr\">Envie um e-mail aqui<\/a>.<\/p>\n<p><a href=\"http:\/\/www.cadwes.com\/\">Capacity Development of Water and Environmental Services (CADWES)<\/a>. Tampere University of Technology (TUT), Tampere, Finl\u00e2ndia. Contato: Tapio S. Katko. <a href=\"mailto:tapio.katko@tut.fi\">Env\u00ede um e-mail aqui<\/a>.<\/p>\n<p><a href=\"https:\/\/www.facebook.com\/catedralibreingenieriacomunitariaCLIC\/\">C\u00e1tedra Livre de Engenharia Comunit\u00e1ria (CLIC), Faculdade de Engenharia, Universidade de Buenos Aires (UBA)<\/a>. Buenos Aires, Argentina. Contato: Mar\u00eda Eva Koutsovitis. <a href=\"mailto:mevakoutsovitis@yahoo.com.ar\">Env\u00ede um e-mail aqui<\/a>.<\/p>\n<p><a href=\"http:\/\/www.ciep.ucr.ac.cr\">Centro de Pesquisas e Estudos Pol\u00edticos (CIEP)<\/a>, Universidade de Costa Rica. San Jos\u00e9, Costa Rica. Contato: Felipe Alp\u00edzar Rodr\u00edguez, Diretor. <a href=\"mailto:felipe.alpizar@ucr.ac.cr\">Env\u00ede um e-mail aqui<\/a>.<\/p>\n<p><a href=\"https:\/\/www.conare.ac.cr\/\">Conselho Nacional de Reitores de Costa Rica (CONARE), Comiss\u00e3o de \u00c1gua e Esgotamento Sanit\u00e1rio (CAS)<\/a>, Pavas, Costa Rica.<\/p>\n<p><a href=\"https:\/\/www.facebook.com\/Herederos-del-Lago-907249449458326\/\">Conselhos Comunit\u00e1rios de Desenvolvimento<\/a>, San Pedro La Laguna, Solol\u00e1, Guatemala. Contacto: Nancy Graciela Gonz\u00e1lez Cortez, Representante. <a href=\"mailto:chelitagc11@gmail.com\">Env\u00ede um e-mail aqui<\/a>.<\/p>\n<p><a href=\"http:\/\/www.fundaj.gov.br\">Funda\u00e7\u00e3o Joaquim Nabuco, Recife, Pernambuco, Brasil. Contato: Ivete Jurema Esteves Lacerda, Presidente Interina. <\/a><a href=\"mailto:ivete.lacerda@fundaj.gov.br\">Env\u00ede um e-mail aqui<\/a><a href=\"http:\/\/www.fundaj.gov.br\">.<\/a><\/p>\n<p><a href=\"https:\/\/gedappgd.wordpress.com\/\">Grupo de Estudos em Direito de \u00c1guas (GEDA),Programa de Posgradua\u00e7\u00e3o em Direito Ambiental (PPGDA), Universidade Federal do Amazonas (UFAM)<\/a>. Manaus, Amazonas, Brasil. Contato: Erivaldo Cavalcanti e Silva Filho. <a href=\"mailto:erivaldofilho@hotmail.com\">Env\u00ede um e-mail aqui<\/a>.<\/p>\n<p><a href=\"http:\/\/www.world-psi.org\">Internacional de Servi\u00e7os P\u00fablicos (ISP)<\/a>, Sub-regi\u00e3o M\u00e9xico, Am\u00e9rica Central, Panam\u00e1, Rep\u00fablica Dominicana e Cuba. Heredia, Costa Rica. Contato: Oscar Rodr\u00edguez Le\u00f3n, Secretario Sub-regional da ISP. <a href=\"mailto:oscar.rodriguez@world-psi.org\">Env\u00ede um e-mail aqui<\/a>.<\/p>\n<p><a href=\"https:\/\/www.movimentotapajosvivo.com.br\">MovimentoTapaj\u00f3s Vivo(MTV)<\/a>. Santar\u00e9m, Par\u00e1, Brasil. Contato: Lindon Johnson Pontes Portela. <a href=\"mailto:tapajosvivo.stm@gmail.com\">Env\u00ede um e-mail aqui<\/a>.<\/p>\n<p><a href=\"https:\/\/geografia.ufes.br\">Programa de Posgradua\u00e7\u00e3o em Geografia, Universidade Federal de Espirito Santo (UFES)<\/a>. Vit\u00f3ria, Espirito Santo, Brasil. Contato : Antonio Celso de Oliveira Goulart. <a href=\"mailto:celsoliveiragoulart@gmail.com\">Env\u00ede um e-mail aqui<\/a>.<\/p>\n<p>Rede sobre Bens Naturais e Direitos Humanos (RED). Kaminal Juy\u00fa, Cidade de Guatemala, Guatemala.Contato: Camilo Salvado, Coordenador de Projeto . <a href=\"mailto:asoseprodi.coordinador@gmail.com\">Env\u00ede um e-mail aqui<\/a>.<\/p>\n<p><a href=\"https:\/\/www.facebook.com\/usemcali\/about\">Uni\u00f3n Sindical de EMCALI (USE), Empresas Municipales de Cali, <\/a>. Cali, Colombia. Contactos: Carlos Mario Sandoval Cardona, Secretario de USE <a href=\"mailto:camasaca19@outlook.com\">Env\u00ede um e-mail aqui<\/a>, e Belisario Betancur Herrera, Delegado de USE <a href=\"mailto:usemcali@gmail.com\">Env\u00ede um e-mail aqui<\/a>.<\/p>\n<p><a href=\"http:\/\/nuestragua.blogspot.com\/\">Uni\u00f3n Vecinal Agua de Oro<\/a>. Agua de Oro, Sierras Chicas C\u00f3rdoba, Argentina. Contacto: Carlos Guillot, Apoderado. <a href=\"mailto:nuestragua@gmail.com\">Env\u00ede um e-mail aqui<\/a>.<\/p>\n<p><a href=\"http:\/\/www.priga.una.ac.cr\/\">Universidade Nacional de Costa Rica (UNA), Programa Interdisciplinar de Pesquisa e Gest\u00e3o da \u00c1gua (PRIGA)<\/a>. Heredia, Costa Rica.<\/p>\n<p><a href=\"http:\/\/cinara.univalle.edu.co\/\">Universidade do Vale (UNIVALLE), Instituto de Pesquisa e Desenvolvimento em Abastecimento de \u00c1gua, Saneamento Ambiental, e Conserva\u00e7\u00e3o do Recurso H\u00eddrico (CINARA)<\/a>. Cali, Col\u00f4mbia. Contato: Miguel Pe\u00f1a Var\u00f3n. <a href=\"mailto:miguel.pena@correounivalle.edu.co\">Env\u00ede um e-mail aqui<\/a>.<\/p>\n","protected":false},"excerpt":{"rendered":"<p>Nossos membros institucionais incluem entidades acad\u00eamicas, sindicatos de trabalhadores, organiza\u00e7\u00f5es comunit\u00e1rias, entre outros. A lista segue a ordem alfab\u00e9tica. &nbsp; Alma Azul (SC). Concepci\u00f3n, Paraguai. Contato: Elida Villalba Vargas, Presidenta. Envie um e-mail aqui. Associa\u00e7\u00e3o Nacional de Funcion\u00e1rios P\u00fablicos e Privados de Costa Rica (ANEP). San Jos\u00e9, Costa Rica. Contato: Albino Vargas Barrantes, Secret\u00e1rio Geral. [&hellip;]<\/p>\n","protected":false},"author":3,"featured_media":0,"parent":2116,"menu_order":0,"comment_status":"closed","ping_status":"closed","template":"page-templates\/full-width.php","meta":{"_acf_changed":false,"footnotes":""},"class_list":["post-1483","page","type-page","status-publish","hentry","wpautop"],"acf":[],"_links":{"self":[{"href":"https:\/\/waterlat.org\/pt\/wp-json\/wp\/v2\/pages\/1483","targetHints":{"allow":["GET"]}}],"collection":[{"href":"https:\/\/waterlat.org\/pt\/wp-json\/wp\/v2\/pages"}],"about":[{"href":"https:\/\/waterlat.org\/pt\/wp-json\/wp\/v2\/types\/page"}],"author":[{"embeddable":true,"href":"https:\/\/waterlat.org\/pt\/wp-json\/wp\/v2\/users\/3"}],"replies":[{"embeddable":true,"href":"https:\/\/waterlat.org\/pt\/wp-json\/wp\/v2\/comments?post=1483"}],"version-history":[{"count":16,"href":"https:\/\/waterlat.org\/pt\/wp-json\/wp\/v2\/pages\/1483\/revisions"}],"predecessor-version":[{"id":3924,"href":"https:\/\/waterlat.org\/pt\/wp-json\/wp\/v2\/pages\/1483\/revisions\/3924"}],"up":[{"embeddable":true,"href":"https:\/\/waterlat.org\/pt\/wp-json\/wp\/v2\/pages\/2116"}],"wp:attachment":[{"href":"https:\/\/waterlat.org\/pt\/wp-json\/wp\/v2\/media?parent=1483"}],"curies":[{"name":"wp","href":"https:\/\/api.w.org\/{rel}","templated":true}]}}