{"id":15,"date":"2013-11-27T20:59:05","date_gmt":"2013-11-27T20:59:05","guid":{"rendered":"http:\/\/waterlat.org\/pt\/?page_id=15"},"modified":"2023-05-10T22:02:21","modified_gmt":"2023-05-10T22:02:21","slug":"areas-tematicas","status":"publish","type":"page","link":"https:\/\/waterlat.org\/pt\/areas-tematicas\/","title":{"rendered":"\u00c1reas Tem\u00e1ticas"},"content":{"rendered":"<p>Atualmente, a Rede tem 10 \u00c1reas Tem\u00e1ticas (AT) em diferentes etapas de desenvolvimento. Algumas ATs t\u00eam suas pr\u00f3prias p\u00e1ginas de Internet com informa\u00e7\u00e3o sobre suas atividades, membros e produ\u00e7\u00e3o. Algumas ATs tamb\u00e9m t\u00eam sua pr\u00f3pria S\u00e9rie nos <a href=\"https:\/\/waterlat.org\/pt\/publicacoes\/working-papers-series\/\">Cadernos de Trabalho da Rede WATERLAT-GOBACIT<\/a>, na qual seus membros e autores convidados publicam seus trabalhos em progresso. As ATs tamb\u00e9m t\u00eam uma Lista de Reprodu\u00e7\u00e3o no <a href=\"https:\/\/www.youtube.com\/user\/Waterlat\">Canal de Youtube<\/a> da Rede, a qual contem entrevistas com seus membros, v\u00eddeos de sess\u00f5es organizadas nos eventos regulares da Rede, v\u00eddeos de atividades de pesquisa incluindo entrevistas, visitas de campo, e outros materiais. A <a href=\"https:\/\/www.flickr.com\/photos\/125391306@N03\/albums\">cole\u00e7\u00e3o de fotografias da Rede em Flickr<\/a> tamb\u00e9m cont\u00e9m v\u00e1rios albumes relacionados com atividades das ATs, tanto espec\u00edficas de cada AT ou compartilhadas com outras ATs.<\/p>\n<p>&nbsp;<\/p>\n<hr \/>\n<p>&nbsp;<\/p>\n<p><strong><a href=\"https:\/\/waterlat.org\/pt\/areas-tematicas\/at1\/\">\u00c1rea Tem\u00e1tica (AT) 1 \u2013 A X-disciplinaridade na Pesquisa e na A\u00e7\u00e3o<\/a><\/strong><\/p>\n<p><strong><a href=\"https:\/\/waterlat.org\/pt\/areas-tematicas\/at2\/\">\u00c1rea Tem\u00e1tica (AT) 2 \u2013 \u00c1gua e Megaprojetos<\/a><\/strong><\/p>\n<p><strong><a href=\"https:\/\/waterlat.org\/pt\/about\/areas-tematicas\/at3\/\">\u00c1rea Tem\u00e1tica (AT) 3 \u2013 O Ciclo Urbano da \u00c1gua e os Servi\u00e7os P\u00fablicos Essenciais<\/a><\/strong><\/p>\n<p><strong><a href=\"https:\/\/waterlat.org\/pt\/about\/areas-tematicas\/at4\/\">\u00c1rea Tem\u00e1tica (AT) 4 \u2013 \u00c1guas Transfronteiri\u00e7as<\/a><\/strong><\/p>\n<p><strong><span style=\"color: #000000; font-family: Calibri; font-size: medium;\"><a href=\"https:\/\/waterlat.org\/pt\/areas-tematicas\/at5\/\">\u00c1rea Tem\u00e1tica (AT) 5 \u2013 \u00c1gua e Sa\u00fade<\/a><\/span><\/strong><\/p>\n<p><strong><a href=\"https:\/\/waterlat.org\/pt\/areas-tematicas\/at6\/\">\u00c1rea Tem\u00e1tica (AT) 6 \u2013 Bacias, Territ\u00f3rios, e Espa\u00e7os Hidrosociais<\/a><\/strong><\/p>\n<p><strong><a href=\"https:\/\/waterlat.org\/pt\/areas-tematicas\/at7\/\">\u00c1rea Tem\u00e1tica (AT) 7 \u2013 Arte, Comunica\u00e7\u00e3o, Cultura e Educa\u00e7\u00e3o<\/a><\/strong><\/p>\n<p><strong><a href=\"https:\/\/waterlat.org\/pt\/about\/areas-tematicas\/at8\/\">\u00c1rea Tem\u00e1tica (AT) 8 \u2013 Desastres Relacionados com a \u00c1gua<\/a><\/strong><\/p>\n<p><strong><a href=\"https:\/\/waterlat.org\/pt\/about\/areas-tematicas\/at9\/\">\u00c1rea Tem\u00e1tica (AT) 9 \u2013 \u00c1gua e Produ\u00e7\u00e3o<\/span><\/p>\n<p><strong><a href=\"https:\/\/waterlat.org\/pt\/about\/areas-tematicas\/at10\/\">\u00c1rea Tem\u00e1tica (AT) 10 \u2013 \u00c1gua e Viol\u00eancia<\/a><\/strong><\/p>\n","protected":false},"excerpt":{"rendered":"<p>Atualmente, a Rede tem 10 \u00c1reas Tem\u00e1ticas (AT) em diferentes etapas de desenvolvimento. Algumas ATs t\u00eam suas pr\u00f3prias p\u00e1ginas de Internet com informa\u00e7\u00e3o sobre suas atividades, membros e produ\u00e7\u00e3o. Algumas ATs tamb\u00e9m t\u00eam sua pr\u00f3pria S\u00e9rie nos Cadernos de Trabalho da Rede WATERLAT-GOBACIT, na qual seus membros e autores convidados publicam seus trabalhos em progresso. [&hellip;]<\/p>\n","protected":false},"author":1,"featured_media":0,"parent":0,"menu_order":0,"comment_status":"closed","ping_status":"open","template":"page-templates\/full-width.php","meta":{"_acf_changed":false,"footnotes":""},"class_list":["post-15","page","type-page","status-publish","hentry","wpautop"],"acf":[],"_links":{"self":[{"href":"https:\/\/waterlat.org\/pt\/wp-json\/wp\/v2\/pages\/15","targetHints":{"allow":["GET"]}}],"collection":[{"href":"https:\/\/waterlat.org\/pt\/wp-json\/wp\/v2\/pages"}],"about":[{"href":"https:\/\/waterlat.org\/pt\/wp-json\/wp\/v2\/types\/page"}],"author":[{"embeddable":true,"href":"https:\/\/waterlat.org\/pt\/wp-json\/wp\/v2\/users\/1"}],"replies":[{"embeddable":true,"href":"https:\/\/waterlat.org\/pt\/wp-json\/wp\/v2\/comments?post=15"}],"version-history":[{"count":23,"href":"https:\/\/waterlat.org\/pt\/wp-json\/wp\/v2\/pages\/15\/revisions"}],"predecessor-version":[{"id":3705,"href":"https:\/\/waterlat.org\/pt\/wp-json\/wp\/v2\/pages\/15\/revisions\/3705"}],"wp:attachment":[{"href":"https:\/\/waterlat.org\/pt\/wp-json\/wp\/v2\/media?parent=15"}],"curies":[{"name":"wp","href":"https:\/\/api.w.org\/{rel}","templated":true}]}}