{"id":1527,"date":"2016-05-09T20:59:48","date_gmt":"2016-05-09T20:59:48","guid":{"rendered":"http:\/\/waterlat.org\/pt\/?page_id=1527"},"modified":"2016-05-09T21:03:10","modified_gmt":"2016-05-09T21:03:10","slug":"galeria-at1","status":"publish","type":"page","link":"https:\/\/waterlat.org\/pt\/areas-tematicas\/at1\/galeria-at1\/","title":{"rendered":"Galer\u00eda Multim\u00eddia da AT1"},"content":{"rendered":"<h2>Lista de Reprodu\u00e7\u00e3o no Youtube<\/h2>\n<p>A AT1 tem sua Lista de Reprodu\u00e7\u00e3o no Canal de Youtube da Rede. O Canal tem entrevistas com membros da AT1, v\u00eddeos de sess\u00f5es organizadas pela AT1 nas reuni\u00f5es regulares da Rede, v\u00eddeos de atividades de pesquisa da AT1 incluindo entrevistas, visitas de campo, e outros materiais.<\/p>\n<p><span style=\"text-decoration: underline;\">Lista de Reprodu\u00e7\u00e3o da AT1 no Canal de Youtube da Rede<\/span><\/p>\n<p><iframe loading=\"lazy\" width=\"560\" height=\"315\" src=\"https:\/\/www.youtube.com\/embed\/videoseries?list=PLx6qphzdSP6uMVcfZxoXRQ1gFWUZc28ld\" frameborder=\"0\" allowfullscreen><\/iframe><\/p>\n<p>&nbsp;<\/p>\n<p><a href=\"https:\/\/waterlat.org\/pt\/areas-tematicas\/at1\/\">Voltar \u00e0 Apresenta\u00e7\u00e3o da AT1<\/a><\/p>\n","protected":false},"excerpt":{"rendered":"<p>Lista de Reprodu\u00e7\u00e3o no Youtube A AT1 tem sua Lista de Reprodu\u00e7\u00e3o no Canal de Youtube da Rede. O Canal tem entrevistas com membros da AT1, v\u00eddeos de sess\u00f5es organizadas pela AT1 nas reuni\u00f5es regulares da Rede, v\u00eddeos de atividades de pesquisa da AT1 incluindo entrevistas, visitas de campo, e outros materiais. Lista de Reprodu\u00e7\u00e3o [&hellip;]<\/p>\n","protected":false},"author":3,"featured_media":0,"parent":1524,"menu_order":0,"comment_status":"closed","ping_status":"closed","template":"page-templates\/full-width.php","meta":{"_acf_changed":false,"footnotes":""},"class_list":["post-1527","page","type-page","status-publish","hentry","wpautop"],"acf":[],"_links":{"self":[{"href":"https:\/\/waterlat.org\/pt\/wp-json\/wp\/v2\/pages\/1527","targetHints":{"allow":["GET"]}}],"collection":[{"href":"https:\/\/waterlat.org\/pt\/wp-json\/wp\/v2\/pages"}],"about":[{"href":"https:\/\/waterlat.org\/pt\/wp-json\/wp\/v2\/types\/page"}],"author":[{"embeddable":true,"href":"https:\/\/waterlat.org\/pt\/wp-json\/wp\/v2\/users\/3"}],"replies":[{"embeddable":true,"href":"https:\/\/waterlat.org\/pt\/wp-json\/wp\/v2\/comments?post=1527"}],"version-history":[{"count":3,"href":"https:\/\/waterlat.org\/pt\/wp-json\/wp\/v2\/pages\/1527\/revisions"}],"predecessor-version":[{"id":1532,"href":"https:\/\/waterlat.org\/pt\/wp-json\/wp\/v2\/pages\/1527\/revisions\/1532"}],"up":[{"embeddable":true,"href":"https:\/\/waterlat.org\/pt\/wp-json\/wp\/v2\/pages\/1524"}],"wp:attachment":[{"href":"https:\/\/waterlat.org\/pt\/wp-json\/wp\/v2\/media?parent=1527"}],"curies":[{"name":"wp","href":"https:\/\/api.w.org\/{rel}","templated":true}]}}