{"id":1582,"date":"2016-11-19T13:37:39","date_gmt":"2016-11-19T13:37:39","guid":{"rendered":"http:\/\/waterlat.org\/pt\/?page_id=1582"},"modified":"2023-05-22T14:44:51","modified_gmt":"2023-05-22T14:44:51","slug":"at8","status":"publish","type":"page","link":"https:\/\/waterlat.org\/pt\/areas-tematicas\/at8\/","title":{"rendered":"AT8 &#8211; Desastres Relacionados com a \u00c1gua"},"content":{"rendered":"<h2>Apresenta\u00e7\u00e3o<\/h2>\r\nO AT8 \u00e9 um espa\u00e7o de encontro de pesquisadores, autoridades comunit\u00e1rias, ativistas, e lutadores e lutadoras sociais interessados em conhecer, analisar e discutir a rela\u00e7\u00e3o entre \u00e1gua e desastres. Isto, dentro do marco dos <a href=\"https:\/\/waterlat.org\/pt\/about\/objetivos\/\">objetivos estrat\u00e9gicos<\/a> da REDE WATERLAT-GOBACIT, particularmente: contribuir para o debate te\u00f3rico e metodol\u00f3gico relacionados com a pesquisa em temas sobre a \u00e1gua; consolidar uma rede internacional de pesquisa dedicada ao estudo das condi\u00e7\u00f5es para o desenvolvimento de uma gest\u00e3o sustent\u00e1vel e democr\u00e1tica da \u00e1gua; assim como contribuir para\u00a0o\u00a0\u00eaxito ao n\u00edvel local no tocante\u00a0\u00e0 realiza\u00e7\u00e3o de progressos concretos, em rela\u00e7\u00e3o ao bem-estar e bom-viver das comunidades humanas.\r\n\r\nComo espa\u00e7o de dialogo e a\u00e7\u00e3o, partimos da ideia de que os desastres relacionados com a \u00e1gua s\u00e3o processos sociais multidimensionais,\u00a0<strong>jamais exclusivamente naturais<\/strong>.\u00a0 Os mesmos se encontram intimamente vinculados aos contextos sociopol\u00edtico, cultural e econ\u00f4mico onde se registram e desenvolvem. Neste sentido a chuva, a \u00e1gua que corre pelo leito do rio e transborda, a barragem que abre as comportas para que corra \u00e1gua pelo rio com represamento &#8211; isto para\u00a0citar\u00a0esses casos\u00a0&#8211;\u00a0se encontram amalgamados com uma produ\u00e7\u00e3o hist\u00f3rica, material, simb\u00f3lica, econ\u00f4mica e politica do espa\u00e7o e tempo urbano-rural onde se constroem os desastres.\r\n\r\nEm rela\u00e7\u00e3o ao anterior, na AT8 identificamos uma serie de pontos chaves de observa\u00e7\u00e3o para nossa reflex\u00e3o intelectual e pol\u00edtica sobre como se produzem socialmente os desastres relacionados a\u00a0\u00e1gua. Entre outros temas, observamos a constru\u00e7\u00e3o de grandes obras hidr\u00e1ulicas, as formas de propriedade e os elementos normativos e regulat\u00f3rios em rela\u00e7\u00e3o a\u00a0\u00e1gua e seus usos, as pol\u00edticas p\u00fablicas dirigidas \u00e0 prote\u00e7\u00e3o frente a fen\u00f4menos clim\u00e1ticos extremos,\u00a0as mobiliza\u00e7\u00f5es sociais de grupos afetados por desastres relacionados com a \u00e1gua, etc. Tamb\u00e9m propomos registrar e analisar como se controla, se\u00a0acumula, se\u00a0distribui e trasvasa a \u00e1gua, e as consequ\u00eancias destas atividades sobre as popula\u00e7\u00f5es humanas. Nossa investiga\u00e7\u00e3o busca examinar e aprofundar na discuss\u00e3o sobre a constru\u00e7\u00e3o social dos desastres e sua inter-rela\u00e7\u00e3o com complexas escalas de poder social, num contexto de ampla desigualdade e injusti\u00e7a social e jur\u00eddica.\r\n\r\nOs temas e interesses de pesquisa da AT8 intersectam-se com os de varias \u00c1reas Tem\u00e1ticas: <a href=\"https:\/\/waterlat.org\/pt\/areas-tematicas\/at1\/\">AT1 A x-disciplinaridade na pesquisa e na a\u00e7\u00e3o<\/a>,\u00a0<a href=\"https:\/\/waterlat.org\/pt\/about\/areas-tematicas\/at3\/\">AT3 O ciclo urbano da \u00e1gua e os servi\u00e7os p\u00fablicos essenciais<\/a>; AT5 Agua e Sa\u00fade; e\u00a0<a href=\"https:\/\/waterlat.org\/pt\/areas-tematicas\/at6\/\">AT6 Bacias, territ\u00f3rios, e espa\u00e7os hidrosociais<\/a>. A AT8 igualmente fica perto de temas relacionados a AT7, Arte, Comunica\u00e7\u00e3o, Cultura e Educa\u00e7\u00e3o. Em rela\u00e7\u00e3o com a AT7, a fragilidade ante as amea\u00e7as constru\u00eddas pela ambi\u00e7\u00e3o de grupos de poder, a vulnerabilidade dos setores sociais exclu\u00eddos e a solidariedade humana frente \u00e0 adversidade derivada dos impactos dos desastres ligados com a \u00e1gua, s\u00e3o s\u00f3 alguns dos temas registrados na pintura, o cine, a fotografia, a narrativa e a poesia de todos os tempos. Por todas estas razoes, a AT8 se propor trabalhar perto com outras ATs, aproveitando os pontos de intersec\u00e7\u00e3o tem\u00e1ticos.\r\n\r\nBaixo estas considera\u00e7\u00f5es, a AT8 busca contribuir ao debate te\u00f3rico e metodol\u00f3gico sobre o tema de Desastres Relacionados com a \u00c1gua entre os integrantes da REDE WATERLAT-GOBACIT. Da mesma forma interessa-nos fazer uma contribui\u00e7\u00e3o no campo das politicas publicas, com o objeto de apoiar a renova\u00e7\u00e3o do pensamento nas esferas da administra\u00e7\u00e3o governamental e a a\u00e7\u00e3o civil para prevenir e responder aos desastres desde uma perspectiva democr\u00e1tica e de equidade social.\r\n\r\n<h2><\/h2>\r\n<h2><a href=\" https:\/\/waterlat.org\/pt\/areas-tematicas\/at8\/livros-da-at8\/\">Livros da AT8<\/a><\/h2>\r\n<h2><a href=\"https:\/\/waterlat.org\/pt\/areas-tematicas\/at8\/cadernos-de-trabalho-da-at8\/\">Cadernos de Trabalho da AT8<\/a><\/h2>\r\n<h2><a href=\"https:\/\/waterlat.org\/pt\/areas-tematicas\/at8\/galeria-multimidia-da-at8\/\">Galer\u00eda Multim\u00eddia da AT8<\/a><\/h2>\r\n<h2><\/h2>\r\n\r\n<hr \/>","protected":false},"excerpt":{"rendered":"Apresenta\u00e7\u00e3o O AT8 \u00e9 um espa\u00e7o de encontro de pesquisadores, autoridades comunit\u00e1rias, ativistas, e lutadores e lutadoras sociais interessados em conhecer, analisar e discutir a rela\u00e7\u00e3o entre \u00e1gua e desastres. Isto, dentro do marco dos objetivos estrat\u00e9gicos da REDE WATERLAT-GOBACIT, particularmente: contribuir para o debate te\u00f3rico e metodol\u00f3gico relacionados com a pesquisa em temas sobre [&hellip;]","protected":false},"author":3,"featured_media":0,"parent":15,"menu_order":0,"comment_status":"closed","ping_status":"closed","template":"page-templates\/full-width.php","meta":{"_acf_changed":false,"footnotes":""},"class_list":["post-1582","page","type-page","status-publish","hentry","no-wpautop"],"acf":[],"_links":{"self":[{"href":"https:\/\/waterlat.org\/pt\/wp-json\/wp\/v2\/pages\/1582","targetHints":{"allow":["GET"]}}],"collection":[{"href":"https:\/\/waterlat.org\/pt\/wp-json\/wp\/v2\/pages"}],"about":[{"href":"https:\/\/waterlat.org\/pt\/wp-json\/wp\/v2\/types\/page"}],"author":[{"embeddable":true,"href":"https:\/\/waterlat.org\/pt\/wp-json\/wp\/v2\/users\/3"}],"replies":[{"embeddable":true,"href":"https:\/\/waterlat.org\/pt\/wp-json\/wp\/v2\/comments?post=1582"}],"version-history":[{"count":8,"href":"https:\/\/waterlat.org\/pt\/wp-json\/wp\/v2\/pages\/1582\/revisions"}],"predecessor-version":[{"id":3808,"href":"https:\/\/waterlat.org\/pt\/wp-json\/wp\/v2\/pages\/1582\/revisions\/3808"}],"up":[{"embeddable":true,"href":"https:\/\/waterlat.org\/pt\/wp-json\/wp\/v2\/pages\/15"}],"wp:attachment":[{"href":"https:\/\/waterlat.org\/pt\/wp-json\/wp\/v2\/media?parent=1582"}],"curies":[{"name":"wp","href":"https:\/\/api.w.org\/{rel}","templated":true}]}}