{"id":1584,"date":"2016-11-19T14:13:50","date_gmt":"2016-11-19T14:13:50","guid":{"rendered":"http:\/\/waterlat.org\/pt\/?page_id=1584"},"modified":"2016-11-19T14:16:31","modified_gmt":"2016-11-19T14:16:31","slug":"galeria-multimidia-da-at8","status":"publish","type":"page","link":"https:\/\/waterlat.org\/pt\/areas-tematicas\/at8\/galeria-multimidia-da-at8\/","title":{"rendered":"Galer\u00eda Multim\u00eddia da AT8"},"content":{"rendered":"<h2>Lista de Reprodu\u00e7\u00e3o no Youtube<\/h2>\n<p>A AT8 tem sua Lista de Reprodu\u00e7\u00e3o no Canal de Youtube da Rede. O Canal tem entrevistas, v\u00eddeos de sess\u00f5es organizadas pela AT8 nas reuni\u00f5es regulares da Rede, v\u00eddeos de atividades de pesquisa da AT8 incluindo entrevistas, visitas de campo, e outros materiais.<\/p>\n<p><span style=\"text-decoration: underline;\">Lista de Reprodu\u00e7\u00e3o da AT8 no Canal de Youtube da Rede<\/span><\/p>\n<p><iframe loading=\"lazy\" width=\"560\" height=\"315\" src=\"https:\/\/www.youtube.com\/embed\/videoseries?list=PLx6qphzdSP6tI6X_yq4sxaH_m6JXH4jdB\" frameborder=\"0\" allowfullscreen><\/iframe><\/p>\n<p>&nbsp;<\/p>\n<h2>Albumes na galeria fotogr\u00e1fica em Flickr<\/h2>\n<p>A AT8 tem um album na galeria fotogr\u00e1fica da Rede em Flickr:<\/p>\n<p><a data-flickr-embed=\"true\"  href=\"https:\/\/www.flickr.com\/photos\/125391306@N03\/albums\/72157645002086420\" title=\"Water-related disasters \/ Desastres relacionados con el agua\"><img loading=\"lazy\" decoding=\"async\" src=\"https:\/\/c5.staticflickr.com\/3\/2912\/14341806420_1a8eebbdf7_z.jpg\" width=\"640\" height=\"480\" alt=\"Water-related disasters \/ Desastres relacionados con el agua\"><\/a><script async src=\"\/\/embedr.flickr.com\/assets\/client-code.js\" charset=\"utf-8\"><\/script><\/p>\n<p>&nbsp;<\/p>\n<p><a href=\"https:\/\/waterlat.org\/pt\/areas-tematicas\/at8\/\">Voltar \u00e0 Apresenta\u00e7\u00e3o da AT8<\/a><\/p>\n","protected":false},"excerpt":{"rendered":"<p>Lista de Reprodu\u00e7\u00e3o no Youtube A AT8 tem sua Lista de Reprodu\u00e7\u00e3o no Canal de Youtube da Rede. O Canal tem entrevistas, v\u00eddeos de sess\u00f5es organizadas pela AT8 nas reuni\u00f5es regulares da Rede, v\u00eddeos de atividades de pesquisa da AT8 incluindo entrevistas, visitas de campo, e outros materiais. Lista de Reprodu\u00e7\u00e3o da AT8 no Canal [&hellip;]<\/p>\n","protected":false},"author":3,"featured_media":0,"parent":1582,"menu_order":0,"comment_status":"closed","ping_status":"closed","template":"page-templates\/full-width.php","meta":{"_acf_changed":false,"footnotes":""},"class_list":["post-1584","page","type-page","status-publish","hentry","wpautop"],"acf":[],"_links":{"self":[{"href":"https:\/\/waterlat.org\/pt\/wp-json\/wp\/v2\/pages\/1584","targetHints":{"allow":["GET"]}}],"collection":[{"href":"https:\/\/waterlat.org\/pt\/wp-json\/wp\/v2\/pages"}],"about":[{"href":"https:\/\/waterlat.org\/pt\/wp-json\/wp\/v2\/types\/page"}],"author":[{"embeddable":true,"href":"https:\/\/waterlat.org\/pt\/wp-json\/wp\/v2\/users\/3"}],"replies":[{"embeddable":true,"href":"https:\/\/waterlat.org\/pt\/wp-json\/wp\/v2\/comments?post=1584"}],"version-history":[{"count":2,"href":"https:\/\/waterlat.org\/pt\/wp-json\/wp\/v2\/pages\/1584\/revisions"}],"predecessor-version":[{"id":1738,"href":"https:\/\/waterlat.org\/pt\/wp-json\/wp\/v2\/pages\/1584\/revisions\/1738"}],"up":[{"embeddable":true,"href":"https:\/\/waterlat.org\/pt\/wp-json\/wp\/v2\/pages\/1582"}],"wp:attachment":[{"href":"https:\/\/waterlat.org\/pt\/wp-json\/wp\/v2\/media?parent=1584"}],"curies":[{"name":"wp","href":"https:\/\/api.w.org\/{rel}","templated":true}]}}