{"id":1588,"date":"2016-06-30T20:30:27","date_gmt":"2016-06-30T20:30:27","guid":{"rendered":"http:\/\/waterlat.org\/pt\/?page_id=1588"},"modified":"2020-06-16T15:47:54","modified_gmt":"2020-06-16T15:47:54","slug":"galeria-multimidia-da-at7","status":"publish","type":"page","link":"https:\/\/waterlat.org\/pt\/areas-tematicas\/at7\/galeria-multimidia-da-at7\/","title":{"rendered":"Galeria Multim\u00eddia da AT7"},"content":{"rendered":"<h2>Lista de Reprodu\u00e7\u00e3o no Youtube<\/h2>\r\nMembros da AT7 criaram e mantem o Canal de Youtube da Rede. O canal tem entrevistas, v\u00eddeos de sess\u00f5es nas reuni\u00f5es regulares da Rede, v\u00eddeos de atividades de pesquisa incluindo entrevistas, visitas de campo, e outros materiais. Tamb\u00e9m, a AT7 tem sua pr\u00f3pria Lista de Reprodu\u00e7\u00e3o no Canal de Youtube da Rede.\r\n\r\n\r\n<span style=\"text-decoration: underline;\">Lista de Reprodu\u00e7\u00e3o da AT7 no Canal de Youtube da Rede<\/span>\r\n\r\n<iframe loading=\"lazy\" width=\"560\" height=\"315\" src=\"https:\/\/www.youtube.com\/embed\/videoseries?list=PLx6qphzdSP6u_RzjcUyQOWXZ9v3Y-H2kc\" frameborder=\"0\" allowfullscreen><\/iframe>\r\n\r\n&nbsp;\r\n\r\n<h2>Albumes na galeria fotogr\u00e1fica no Flickr<\/h2>\r\nMembros da AT7 criaram e mantem a galeria fotogr\u00e1fica da Rede no Flickr, a qual contem uma s\u00e9rie de albumes tem\u00e1ticos.\r\n\r\n<span style=\"text-decoration: underline;\">Visite a galeria fotogr\u00e1fica da Rede no Flickr<\/span>\r\n\r\n<a title=\"Projeto Integra\u00e7\u00e3o do Rio S\u00e3o Francisco \/ S\u00e3o Francisco River Integration Project, Para\u00edba, Brasil\" href=\"https:\/\/www.flickr.com\/photos\/125391306@N03\/29111393435\/in\/dateposted-public\/\" data-flickr-embed=\"true\"><img loading=\"lazy\" decoding=\"async\" src=\"https:\/\/c4.staticflickr.com\/9\/8304\/29111393435_a60c950d84_z.jpg\" alt=\"Projeto Integra\u00e7\u00e3o do Rio S\u00e3o Francisco \/ S\u00e3o Francisco River Integration Project, Para\u00edba, Brasil\" width=\"640\" height=\"427\" \/><\/a><script async src=\"\/\/embedr.flickr.com\/assets\/client-code.js\" charset=\"utf-8\"><\/script>\r\n\r\n&nbsp;\r\n\r\n<a href=\"https:\/\/waterlat.org\/pt\/areas-tematicas\/at7\/\">Voltar \u00e0 Apresenta\u00e7\u00e3o da AT7<\/a>","protected":false},"excerpt":{"rendered":"Lista de Reprodu\u00e7\u00e3o no Youtube Membros da AT7 criaram e mantem o Canal de Youtube da Rede. O canal tem entrevistas, v\u00eddeos de sess\u00f5es nas reuni\u00f5es regulares da Rede, v\u00eddeos de atividades de pesquisa incluindo entrevistas, visitas de campo, e outros materiais. Tamb\u00e9m, a AT7 tem sua pr\u00f3pria Lista de Reprodu\u00e7\u00e3o no Canal de Youtube [&hellip;]","protected":false},"author":3,"featured_media":0,"parent":1586,"menu_order":0,"comment_status":"closed","ping_status":"closed","template":"page-templates\/full-width.php","meta":{"_acf_changed":false,"footnotes":""},"class_list":["post-1588","page","type-page","status-publish","hentry","no-wpautop"],"acf":[],"_links":{"self":[{"href":"https:\/\/waterlat.org\/pt\/wp-json\/wp\/v2\/pages\/1588","targetHints":{"allow":["GET"]}}],"collection":[{"href":"https:\/\/waterlat.org\/pt\/wp-json\/wp\/v2\/pages"}],"about":[{"href":"https:\/\/waterlat.org\/pt\/wp-json\/wp\/v2\/types\/page"}],"author":[{"embeddable":true,"href":"https:\/\/waterlat.org\/pt\/wp-json\/wp\/v2\/users\/3"}],"replies":[{"embeddable":true,"href":"https:\/\/waterlat.org\/pt\/wp-json\/wp\/v2\/comments?post=1588"}],"version-history":[{"count":5,"href":"https:\/\/waterlat.org\/pt\/wp-json\/wp\/v2\/pages\/1588\/revisions"}],"predecessor-version":[{"id":1748,"href":"https:\/\/waterlat.org\/pt\/wp-json\/wp\/v2\/pages\/1588\/revisions\/1748"}],"up":[{"embeddable":true,"href":"https:\/\/waterlat.org\/pt\/wp-json\/wp\/v2\/pages\/1586"}],"wp:attachment":[{"href":"https:\/\/waterlat.org\/pt\/wp-json\/wp\/v2\/media?parent=1588"}],"curies":[{"name":"wp","href":"https:\/\/api.w.org\/{rel}","templated":true}]}}