{"id":1607,"date":"2016-07-07T13:17:02","date_gmt":"2016-07-07T13:17:02","guid":{"rendered":"http:\/\/waterlat.org\/pt\/?page_id=1607"},"modified":"2019-11-05T16:00:05","modified_gmt":"2019-11-05T16:00:05","slug":"ensino","status":"publish","type":"page","link":"https:\/\/waterlat.org\/pt\/ensino\/","title":{"rendered":"Ensino"},"content":{"rendered":"<p>As tarefas de ensino e treinamento ocupam um espa\u00e7o muito importante nas atividades da Rede WATERLAT-GOBACIT. Boa parte de nossos membros s\u00e3o <a href=\" http:\/\/waterlat.org\/es\/equipo\/students\/\">estudantes de gradua\u00e7\u00e3o e p\u00f3s-gradua\u00e7\u00e3o<\/a> que trabalham sobre temas da politica e a gest\u00e3o da \u00e1gua e quest\u00f5es relacionadas. A Rede tamb\u00e9m tem parcerias com outras organiza\u00e7\u00f5es para desenvolver atividades conjuntas de ensino e treinamento em \u00e1reas relevantes.<\/p>\n<h3>Pr\u00eamio para Estudantes<\/h3>\n<p>A partir de 2014 a Rede outorga anualmente o Pr\u00eamio WATERLAT-GOBACIT para Estudantes de doutorado e mestrado. Visite a p\u00e1gina do <a href=\"https:\/\/waterlat.org\/pt\/waterlat-student-prize\/\">Pr\u00eamio para Estudantes <\/a> para informa\u00e7\u00e3o adicional.<\/p>\n<h3>Cursos de Especializa\u00e7\u00e3o<\/h3>\n<p>Em novembro de 2019 a Rede iniciou um Curso de Especializa\u00e7\u00e3o em Pol\u00edtica e Gest\u00e3o da \u00c1gua e dos Servi\u00e7os de Saneamento B\u00e1sico. Visite a <a href=\" https:\/\/waterlat.org\/pt\/ensino\/curso-waterlat-gobacit-isp\/\">p\u00e1gina do curso<\/a>. <\/p>\n","protected":false},"excerpt":{"rendered":"<p>As tarefas de ensino e treinamento ocupam um espa\u00e7o muito importante nas atividades da Rede WATERLAT-GOBACIT. Boa parte de nossos membros s\u00e3o estudantes de gradua\u00e7\u00e3o e p\u00f3s-gradua\u00e7\u00e3o que trabalham sobre temas da politica e a gest\u00e3o da \u00e1gua e quest\u00f5es relacionadas. A Rede tamb\u00e9m tem parcerias com outras organiza\u00e7\u00f5es para desenvolver atividades conjuntas de ensino [&hellip;]<\/p>\n","protected":false},"author":3,"featured_media":0,"parent":0,"menu_order":0,"comment_status":"closed","ping_status":"closed","template":"page-templates\/full-width.php","meta":{"_acf_changed":false,"footnotes":""},"class_list":["post-1607","page","type-page","status-publish","hentry","wpautop"],"acf":[],"_links":{"self":[{"href":"https:\/\/waterlat.org\/pt\/wp-json\/wp\/v2\/pages\/1607","targetHints":{"allow":["GET"]}}],"collection":[{"href":"https:\/\/waterlat.org\/pt\/wp-json\/wp\/v2\/pages"}],"about":[{"href":"https:\/\/waterlat.org\/pt\/wp-json\/wp\/v2\/types\/page"}],"author":[{"embeddable":true,"href":"https:\/\/waterlat.org\/pt\/wp-json\/wp\/v2\/users\/3"}],"replies":[{"embeddable":true,"href":"https:\/\/waterlat.org\/pt\/wp-json\/wp\/v2\/comments?post=1607"}],"version-history":[{"count":4,"href":"https:\/\/waterlat.org\/pt\/wp-json\/wp\/v2\/pages\/1607\/revisions"}],"predecessor-version":[{"id":2794,"href":"https:\/\/waterlat.org\/pt\/wp-json\/wp\/v2\/pages\/1607\/revisions\/2794"}],"wp:attachment":[{"href":"https:\/\/waterlat.org\/pt\/wp-json\/wp\/v2\/media?parent=1607"}],"curies":[{"name":"wp","href":"https:\/\/api.w.org\/{rel}","templated":true}]}}