{"id":1613,"date":"2016-08-26T08:57:05","date_gmt":"2016-08-26T08:57:05","guid":{"rendered":"http:\/\/waterlat.org\/pt\/?page_id=1613"},"modified":"2023-05-22T14:31:36","modified_gmt":"2023-05-22T14:31:36","slug":"at2","status":"publish","type":"page","link":"https:\/\/waterlat.org\/pt\/areas-tematicas\/at2\/","title":{"rendered":"\u00c1rea Tem\u00e1tica AT2 \u2013 \u00c1gua e Megaprojetos"},"content":{"rendered":"<h2>Apresenta\u00e7\u00e3o<\/h2>\n<p>A \u00c1rea Tem\u00e1tica 2 emergiu de conversas no <a href=\"https:\/\/waterlat.org\/pt\/encontros\/encontros-abertos\/waterlat-2010\/\">Segundo Encontro Internacional da Rede WATERLAT<\/a>, realizado em S\u00e3o Paulo em 2010. O nome da \u00c1rea Tem\u00e1tica, &#8220;\u00c1gua e Megaprojetos&#8221; sinaliza a nossa preocupa\u00e7\u00e3o com as mudan\u00e7as de n\u00edvel territorial nas rela\u00e7\u00f5es entre as popula\u00e7\u00f5es humanas e \u00e1gua. Consideramos tais mudan\u00e7as a serem provocadas por uma ampla gama de atividades, incluindo barragens, minas, explora\u00e7\u00e3o de combust\u00edveis f\u00f3sseis, a monocultura agr\u00edcola, planta\u00e7\u00f5es agr\u00edcolas de \u00e1rvore, bem como a expans\u00e3o dos ambientes constru\u00eddos relacionados ao transporte, a expans\u00e3o urbana e turismo. A partir de v\u00e1rias perspectivas disciplinares, e atrav\u00e9s da colabora\u00e7\u00e3o transdisciplinar, o trabalho realizado pelos pesquisadores em AT2 examina as maneiras que diferentes tipos de &#8220;megaprojetos&#8221; transformar o acesso e uso de \u00e1gua por diferentes agentes econ\u00f3micos e comunidades. Nosso trabalho tamb\u00e9m procura compreender as condi\u00e7\u00f5es para a mobiliza\u00e7\u00e3o social contra megaprojetos e em defesa da \u00e1gua e comunidades. H\u00e1 claras intersec\u00e7\u00f5es entre o trabalho de AT2 e v\u00e1rias das outras \u00e1reas tem\u00e1ticas, especialmente AT8 \u00c1gua e Desastres, AT9, \u00e1gua e produ\u00e7\u00e3o, e AT10, \u00c1gua e Viol\u00eancia.<\/p>\n<p>&nbsp;<\/p>\n<p><strong>T\u00f3picos em destaque que t\u00eam sido pesquisados \u200b\u200bpelos membros da AT2<\/strong><\/p>\n<ul>\n<li>Teorias de mudan\u00e7a s\u00f3cio-ecol\u00f3gica, relacionada com a identifica\u00e7\u00e3o das rela\u00e7\u00f5es entre poder e megaprojetos pol\u00edtico-econ\u00f4mico no contexto da globaliza\u00e7\u00e3o econ\u00f4mica e integra\u00e7\u00e3o regional.<\/li>\n<li>Os impactos s\u00f3cio-ecol\u00f3gicos de megaprojetos como minera\u00e7\u00e3o a c\u00e9u aberto e grandes barragens, especialmente em termos de seus efeitos sobre as comunidades rurais ind\u00edgenas e outros.<\/li>\n<li>O alcance e implica\u00e7\u00f5es mais amplas da expans\u00e3o e intensifica\u00e7\u00e3o das ind\u00fastrias extractivas em toda a Am\u00e9rica Latina.<\/li>\n<li>O papel das pol\u00edticas p\u00fablicas em rela\u00e7\u00e3o \u00e0 intensifica\u00e7\u00e3o do extrativismo, moderniza\u00e7\u00e3o ecol\u00f3gica, e regula\u00e7\u00e3o s\u00f3cio-ambiental dos processos e projetos de desenvolvimento.<\/li>\n<li>As condi\u00e7\u00f5es para a mobiliza\u00e7\u00e3o da sociedade civil e da comunidade em resposta a amea\u00e7as de n\u00edvel territorial de recursos h\u00eddricos, bem como estrat\u00e9gias de estado para conter, domesticar ou penalizar essas mobiliza\u00e7\u00f5es.<\/li>\n<li>Os processos psicossociais de forma\u00e7\u00e3o do sujeito associado com experi\u00eancias individuais e coletivas de megaprojetos e de mobiliza\u00e7\u00e3o contra eles.<\/li>\n<li>As estrat\u00e9gias desenvolvidas por movimentos sociais em defesa da \u00e1gua, incluindo a colabora\u00e7\u00e3o transnacional no \u00e2mbito de redes anti-barragem e anti-minera\u00e7\u00e3o.<\/li>\n<li>As dimens\u00f5es discursivas de poder pol\u00edtico nas lutas pelos recursos h\u00eddricos, incluindo o papel da viol\u00eancia epist\u00eamica em marginalizar as perspectivas dos povos ind\u00edgenas e outras vozes n\u00e3o-especialistass.<\/li>\n<\/ul>\n<p>&nbsp;<\/p>\n<p><strong>Rela\u00e7\u00e3o entre estes temas e os\u00a0<a href=\"https:\/\/waterlat.org\/pt\/about\/objetivos\/\">Objetivos<\/a>\u00a0e\u00a0<a href=\"https:\/\/waterlat.org\/pt\/about\/prioridades\/\">Prioridades de pesquisa<\/a> da Rede<\/strong><\/p>\n<p>A AT2 est\u00e1 comprometida com o objetivo estrat\u00e9gico da Rede WATERLAT-GOBACIT de constru\u00e7\u00e3o de uma rede internacional de pesquisadores que promovem uma abordagem mais sustent\u00e1vel e democr\u00e1tica para governar as rela\u00e7\u00f5es humanas com os recursos h\u00eddricos. As publica\u00e7\u00f5es de pesquisa da \u00e1rea tem\u00e1tica apresentaram uma an\u00e1lise cr\u00edtica dos megaprojetos em v\u00e1rios pa\u00edses, chamando a aten\u00e7\u00e3o para os abusos de poder econ\u00f4mico e pol\u00edtico, bem como destacando os esfor\u00e7os dos movimentos sociais e as comunidades para exigir uma maior transpar\u00eancia, democracia e justi\u00e7a. Nossa pesquisa tem tocado dimens\u00f5es sociais, culturais, econ\u00f4micas e pol\u00edticas. Tamb\u00e9m \u00e9 importante notar que temos prosseguido activamente o objetivo da Rede de estimular a colabora\u00e7\u00e3o transdisciplinar, e o nosso trabalho inclui colabora\u00e7\u00f5es entre antrop\u00f3logos, ge\u00f3grafos, cientistas pol\u00edticos, soci\u00f3logos e outros. Finalmente, trabalhamos em um formato que n\u00e3o s\u00f3 \u00e9 transdisciplinar, mas tamb\u00e9m transsectorial, criando um espa\u00e7o para que as vozes da sociedade civil e das comunidades estejam presentes em nossas atividades.<\/p>\n<p>Muitas das prioridades espec\u00edficas de investiga\u00e7\u00e3o da rede s\u00e3o claramente evidentes nos t\u00f3picos apresentados acima. Vale a pena destacar algumas das prioridades de investiga\u00e7\u00e3o que s\u00e3o particularmente relevantes para a \u00e1rea tem\u00e1tica:<\/p>\n<p>&nbsp;<\/p>\n<ul>\n<li>A necessidade de desafiar e re-politizar os discursos dominantes relacionados ao governo e a gest\u00e3o da \u00e1gua.<\/li>\n<li>A rela\u00e7\u00e3o entre conflito e governan\u00e7a participativa em rela\u00e7\u00e3o \u00e0 \u00e1gua (por exemplo, a contradi\u00e7\u00e3o entre o empoderamento e a desmobiliza\u00e7\u00e3o resultante de processos participativos).<\/li>\n<li>Estudar conflitos pela \u00e1gua. Temas da justi\u00e7a ambiental (linguagens de valoriza\u00e7\u00e3o), rela\u00e7\u00f5es de poder, causas dos conflitos.<\/li>\n<li>As consequ\u00eancias sociais e ambientais dos instrumentos de \u201cgovernan\u00e7a&#8221; da \u00e1gua (leis, mecanismos administrativos , etc.)<\/li>\n<li>O papel da ci\u00eancia, especialmente as ci\u00eancias de gest\u00e3o da \u00e1gua. Como esse conhecimento \u00e9 desenvolvido e aplicado (a cr\u00edtica da pretens\u00e3o de neutralidade)<\/li>\n<li>O desenvolvimento de uma ecologia pol\u00edtica da \u00e1gua que possa transcender as divis\u00f5es disciplinares entre natureza e sociedade.<\/li>\n<\/ul>\n<p>&nbsp;<\/p>\n<h2><a href=\" https:\/\/waterlat.org\/pt\/areas-tematicas\/at2\/livros-da-at2\/\">Livros da AT2<\/a><\/h2>\n<h2><a href=\"https:\/\/waterlat.org\/pt\/areas-tematicas\/at2\/ta2-working-papers\/\">Cadernos de Trabalho da AT2<\/a><\/h2>\n<h2><a href=\"https:\/\/waterlat.org\/pt\/areas-tematicas\/at2\/ta2-multimedia-gallery\/\">Galeria Multimedia da AT2<\/a><\/h2>\n<p>&nbsp;<\/p>\n<hr \/>\n","protected":false},"excerpt":{"rendered":"<p>Apresenta\u00e7\u00e3o A \u00c1rea Tem\u00e1tica 2 emergiu de conversas no Segundo Encontro Internacional da Rede WATERLAT, realizado em S\u00e3o Paulo em 2010. O nome da \u00c1rea Tem\u00e1tica, &#8220;\u00c1gua e Megaprojetos&#8221; sinaliza a nossa preocupa\u00e7\u00e3o com as mudan\u00e7as de n\u00edvel territorial nas rela\u00e7\u00f5es entre as popula\u00e7\u00f5es humanas e \u00e1gua. Consideramos tais mudan\u00e7as a serem provocadas por uma [&hellip;]<\/p>\n","protected":false},"author":3,"featured_media":0,"parent":15,"menu_order":0,"comment_status":"closed","ping_status":"closed","template":"page-templates\/full-width.php","meta":{"_acf_changed":false,"footnotes":""},"class_list":["post-1613","page","type-page","status-publish","hentry","wpautop"],"acf":[],"_links":{"self":[{"href":"https:\/\/waterlat.org\/pt\/wp-json\/wp\/v2\/pages\/1613","targetHints":{"allow":["GET"]}}],"collection":[{"href":"https:\/\/waterlat.org\/pt\/wp-json\/wp\/v2\/pages"}],"about":[{"href":"https:\/\/waterlat.org\/pt\/wp-json\/wp\/v2\/types\/page"}],"author":[{"embeddable":true,"href":"https:\/\/waterlat.org\/pt\/wp-json\/wp\/v2\/users\/3"}],"replies":[{"embeddable":true,"href":"https:\/\/waterlat.org\/pt\/wp-json\/wp\/v2\/comments?post=1613"}],"version-history":[{"count":6,"href":"https:\/\/waterlat.org\/pt\/wp-json\/wp\/v2\/pages\/1613\/revisions"}],"predecessor-version":[{"id":3677,"href":"https:\/\/waterlat.org\/pt\/wp-json\/wp\/v2\/pages\/1613\/revisions\/3677"}],"up":[{"embeddable":true,"href":"https:\/\/waterlat.org\/pt\/wp-json\/wp\/v2\/pages\/15"}],"wp:attachment":[{"href":"https:\/\/waterlat.org\/pt\/wp-json\/wp\/v2\/media?parent=1613"}],"curies":[{"name":"wp","href":"https:\/\/api.w.org\/{rel}","templated":true}]}}