{"id":1615,"date":"2016-08-26T09:57:12","date_gmt":"2016-08-26T09:57:12","guid":{"rendered":"http:\/\/waterlat.org\/pt\/?page_id=1615"},"modified":"2016-08-26T09:57:12","modified_gmt":"2016-08-26T09:57:12","slug":"ta2-multimedia-gallery","status":"publish","type":"page","link":"https:\/\/waterlat.org\/pt\/areas-tematicas\/at2\/ta2-multimedia-gallery\/","title":{"rendered":"Galer\u00eda Multim\u00e9dia da AT2"},"content":{"rendered":"<h2>Lista de Reprodu\u00e7\u00e3o no Youtube<\/h2>\n<p>A AT2 tem sua Lista de Reprodu\u00e7\u00e3o no Canal de Youtube da Rede. O Canal tem entrevistas com membros da AT2, v\u00eddeos de sess\u00f5es organizadas pela AT2 nas reuni\u00f5es regulares da Rede, v\u00eddeos de atividades de pesquisa da AT2 incluindo entrevistas, visitas de campo, e outros materiais.<\/p>\n<p><span style=\"text-decoration: underline;\">Lista de Reprodu\u00e7\u00e3o da AT2 no Canal de Youtube da Rede<\/span><\/p>\n<p><iframe loading=\"lazy\" src=\"https:\/\/www.youtube.com\/embed\/videoseries?list=PLx6qphzdSP6uSXOapopuNmL8dFh5f_LK0\" width=\"560\" height=\"315\" frameborder=\"0\" allowfullscreen=\"allowfullscreen\"><\/iframe><\/p>\n<p>&nbsp;<\/p>\n<h2>Albumes na galeria fotogr\u00e1fica em Flickr<\/h2>\n<p>A AT2 tem v\u00e1rios albumes na galeria fotogr\u00e1fica da Rede em Flickr, alguns espec\u00edficos da AT2 e outros compartilhados com outras ATs. Os albumes incluem \u201c\u00c1gua &#8211; grandes infraestruturas\u201d, \u201cPolui\u00e7\u00e3o da \u00e1gua pela minera\u00e7\u00e3o\u201d, \u201cInfraestrutura de hidroenergia\u201d, \u201cLutas pela \u00e1gua\u201d, al\u00e9m de outros albumes compartilhados.<\/p>\n<p>&nbsp;<\/p>\n<p><strong><a href=\"https:\/\/www.flickr.com\/photos\/125391306@N03\/albums\">Visite a p\u00e1gina dos albumes<\/a><\/strong><\/p>\n<p>&nbsp;<\/p>\n<p><a href=\"https:\/\/waterlat.org\/pt\/areas-tematicas\/at2\/\">Voltar \u00e0 Apresenta\u00e7\u00e3o da AT2<\/a><\/p>\n","protected":false},"excerpt":{"rendered":"<p>Lista de Reprodu\u00e7\u00e3o no Youtube A AT2 tem sua Lista de Reprodu\u00e7\u00e3o no Canal de Youtube da Rede. O Canal tem entrevistas com membros da AT2, v\u00eddeos de sess\u00f5es organizadas pela AT2 nas reuni\u00f5es regulares da Rede, v\u00eddeos de atividades de pesquisa da AT2 incluindo entrevistas, visitas de campo, e outros materiais. Lista de Reprodu\u00e7\u00e3o [&hellip;]<\/p>\n","protected":false},"author":3,"featured_media":0,"parent":1613,"menu_order":0,"comment_status":"closed","ping_status":"closed","template":"page-templates\/full-width.php","meta":{"_acf_changed":false,"footnotes":""},"class_list":["post-1615","page","type-page","status-publish","hentry","wpautop"],"acf":[],"_links":{"self":[{"href":"https:\/\/waterlat.org\/pt\/wp-json\/wp\/v2\/pages\/1615","targetHints":{"allow":["GET"]}}],"collection":[{"href":"https:\/\/waterlat.org\/pt\/wp-json\/wp\/v2\/pages"}],"about":[{"href":"https:\/\/waterlat.org\/pt\/wp-json\/wp\/v2\/types\/page"}],"author":[{"embeddable":true,"href":"https:\/\/waterlat.org\/pt\/wp-json\/wp\/v2\/users\/3"}],"replies":[{"embeddable":true,"href":"https:\/\/waterlat.org\/pt\/wp-json\/wp\/v2\/comments?post=1615"}],"version-history":[{"count":2,"href":"https:\/\/waterlat.org\/pt\/wp-json\/wp\/v2\/pages\/1615\/revisions"}],"predecessor-version":[{"id":1667,"href":"https:\/\/waterlat.org\/pt\/wp-json\/wp\/v2\/pages\/1615\/revisions\/1667"}],"up":[{"embeddable":true,"href":"https:\/\/waterlat.org\/pt\/wp-json\/wp\/v2\/pages\/1613"}],"wp:attachment":[{"href":"https:\/\/waterlat.org\/pt\/wp-json\/wp\/v2\/media?parent=1615"}],"curies":[{"name":"wp","href":"https:\/\/api.w.org\/{rel}","templated":true}]}}