{"id":1698,"date":"2016-09-25T16:35:21","date_gmt":"2016-09-25T16:35:21","guid":{"rendered":"http:\/\/waterlat.org\/pt\/?page_id=1698"},"modified":"2024-10-30T14:23:19","modified_gmt":"2024-10-30T14:23:19","slug":"competicao-curtas-2016-17","status":"publish","type":"page","link":"https:\/\/waterlat.org\/pt\/competicao-de-curta-metragens\/competicao-curtas-2016-17\/","title":{"rendered":"Competi\u00e7\u00e3o de Curta-metragens 2016-17"},"content":{"rendered":"<h3>Primeiro Pr\u00eamio<\/h3>\r\n<iframe loading=\"lazy\" src=\"https:\/\/www.youtube.com\/embed\/Wb5rmdPj_B4?list=PLx6qphzdSP6tWe7bXKU_v4vP8eg0ct7Pz\" width=\"560\" height=\"315\" frameborder=\"0\" allowfullscreen=\"allowfullscreen\"><\/iframe>\r\n<strong>Zacualpan. Nuestra vida, nuestra tierra, por David Flores Mag\u00f3n Guzm\u00e1n, Itzmalin Ben\u00edtez, Carlos Mireles, e Alejandro Navarro, M\u00e9xico, 2016.<\/strong>\r\n&nbsp;\r\n<h3>Comenda Especial<\/h3>\r\n<iframe loading=\"lazy\" src=\"https:\/\/www.youtube.com\/embed\/_UYdRypvtOg?list=PLx6qphzdSP6tWe7bXKU_v4vP8eg0ct7Pz\" width=\"560\" height=\"315\" frameborder=\"0\" allowfullscreen=\"allowfullscreen\"><\/iframe>\r\n<strong>Metamorfosis, por Javier Adri\u00e1n Arce Fern\u00e1ndez, M\u00e9xico, 2016.<\/strong>\r\n&nbsp;\r\n<hr \/>\r\n\r\n<h3>Lista completa dos candidatos participantes<\/h3>\r\n<strong><a href=\"https:\/\/www.youtube.com\/playlist?list=PLx6qphzdSP6v9cqqLMKGe-yAS6aQ0S7B-\">Todos os v\u00eddeos participantes podem ser vistos na Lista de Reprodu\u00e7\u00e3o da Competi\u00e7\u00e3o de Curta-metragens 2016-17<\/a><\/strong>\r\n\r\n&nbsp;\r\n\r\n<strong>Zacualpan. Nuestra vida, nuestra tierra, por David Flores Mag\u00f3n Guzm\u00e1n, Itzmalin Ben\u00edtez, Carlos Mireles, e Alejandro Navarro, M\u00e9xico, 2016.<\/strong>\r\n\r\n<strong>Metamorfosis, por Javier Adri\u00e1n Arce Fern\u00e1ndez, M\u00e9xico, 2016.<\/strong>\r\n\r\n<strong>Sardinal: Agua y Lucha<\/strong>, por Jose Arturo Silva Luca, Laura Mora Rodriguez, Jose Moreira Leon, e Natalia Zeledon Fontana, Costa Rica, 2016.\r\n\r\n<strong>CHAPALA, las voces de un lago violentado<\/strong>, por Fernando Melgoza Sep\u00falveda, Adriana Hern\u00e1ndez Garc\u00eda e Sergio Castellanos Sahag\u00fan, M\u00e9xico, 2016.\r\n&nbsp;\r\n<hr \/>\r\n\r\n&nbsp;\r\n\r\n<strong><a href=\"https:\/\/waterlat.org\/pt\/competicao-de-curta-metragens-2016-17\/competicao-curtas-2016-17\/competicao-curtas-2016-17-regras\/ \">Visite aqui a p\u00e1gina de internet da Comiss\u00e3o Avaliadora e das Regras da Competi\u00e7\u00e3o de Curta-metragens 2016-17<\/a><\/strong>\r\n\r\n&nbsp;\r\n\r\n<hr \/>\r\n\r\nPara maiores informa\u00e7\u00f5es ou para esclarecer as d\u00favidas, envie uma mensagem eletr\u00f4nica para a <a href=\"mailto:redwaterlat@gmail.com\">Secretar\u00eda da Rede WATERLAT-GOBACIT<\/a>.","protected":false},"excerpt":{"rendered":"Primeiro Pr\u00eamio Zacualpan. Nuestra vida, nuestra tierra, por David Flores Mag\u00f3n Guzm\u00e1n, Itzmalin Ben\u00edtez, Carlos Mireles, e Alejandro Navarro, M\u00e9xico, 2016. &nbsp; Comenda Especial Metamorfosis, por Javier Adri\u00e1n Arce Fern\u00e1ndez, M\u00e9xico, 2016. &nbsp; Lista completa dos candidatos participantes Todos os v\u00eddeos participantes podem ser vistos na Lista de Reprodu\u00e7\u00e3o da Competi\u00e7\u00e3o de Curta-metragens 2016-17 &nbsp; [&hellip;]","protected":false},"author":3,"featured_media":0,"parent":2019,"menu_order":0,"comment_status":"closed","ping_status":"closed","template":"page-templates\/full-width.php","meta":{"_acf_changed":false,"footnotes":""},"class_list":["post-1698","page","type-page","status-publish","hentry","no-wpautop"],"acf":[],"_links":{"self":[{"href":"https:\/\/waterlat.org\/pt\/wp-json\/wp\/v2\/pages\/1698","targetHints":{"allow":["GET"]}}],"collection":[{"href":"https:\/\/waterlat.org\/pt\/wp-json\/wp\/v2\/pages"}],"about":[{"href":"https:\/\/waterlat.org\/pt\/wp-json\/wp\/v2\/types\/page"}],"author":[{"embeddable":true,"href":"https:\/\/waterlat.org\/pt\/wp-json\/wp\/v2\/users\/3"}],"replies":[{"embeddable":true,"href":"https:\/\/waterlat.org\/pt\/wp-json\/wp\/v2\/comments?post=1698"}],"version-history":[{"count":10,"href":"https:\/\/waterlat.org\/pt\/wp-json\/wp\/v2\/pages\/1698\/revisions"}],"predecessor-version":[{"id":1998,"href":"https:\/\/waterlat.org\/pt\/wp-json\/wp\/v2\/pages\/1698\/revisions\/1998"}],"up":[{"embeddable":true,"href":"https:\/\/waterlat.org\/pt\/wp-json\/wp\/v2\/pages\/2019"}],"wp:attachment":[{"href":"https:\/\/waterlat.org\/pt\/wp-json\/wp\/v2\/media?parent=1698"}],"curies":[{"name":"wp","href":"https:\/\/api.w.org\/{rel}","templated":true}]}}