{"id":1761,"date":"2016-11-20T16:19:23","date_gmt":"2016-11-20T16:19:23","guid":{"rendered":"http:\/\/waterlat.org\/pt\/?page_id=1761"},"modified":"2019-04-11T15:45:10","modified_gmt":"2019-04-11T15:45:10","slug":"agua-e-democracia","status":"publish","type":"page","link":"https:\/\/waterlat.org\/pt\/publicacoes\/livros\/agua-e-democracia\/","title":{"rendered":"\u00c1gua e Democracia na Am\u00e9rica Latina (em portugu\u00eas e espanhol)"},"content":{"rendered":"<p><a href=\"http:\/\/waterlat.org\/wp-content\/uploads\/2013\/10\/Pages-from-\u00c1gua-e-Democracia-na-Am\u00e9rica-Latina.jpg\"><img loading=\"lazy\" decoding=\"async\" class=\"alignnone size-medium wp-image-2939\" src=\"http:\/\/waterlat.org\/wp-content\/uploads\/2013\/10\/Pages-from-\u00c1gua-e-Democracia-na-Am\u00e9rica-Latina-225x300.jpg\" alt=\"pages-from-agua-e-democracia-na-america-latina\" width=\"225\" height=\"300\" \/><\/a><\/p>\n<p><span style=\"line-height: 1.714285714; font-size: 1rem;\">Jos\u00e9 Esteban Castro, <\/span><span style=\"text-decoration: underline;\">\u00c1gua e Democracia na Am\u00e9rica Latina<\/span><span style=\"line-height: 1.714285714; font-size: 1rem;\">\u00a0(em portugu\u00eas e espanhol) (ISBN 978.85.7879.227-5, Print) (ISBN 978.85.7879.228-2, E-book), Campina Grande, Para\u00edba, Brasil:\u00a0<\/span><a style=\"line-height: 1.714285714; font-size: 1rem;\" href=\"http:\/\/eduepb.uepb.edu.br\">Editora da Universidade Estadual da Para\u00edba (EDUEPB)<\/a><span style=\"line-height: 1.714285714; font-size: 1rem;\">\u00a0e Rede WATERLAT-GOBACIT, 2016. <a href=\"https:\/\/doi.org\/10.5281\/zenodo.162107\">DOI: 10.5281\/zenodo.162107<\/a>.<\/span><\/p>\n<p><a href=\"http:\/\/books.scielo.org\/id\/tn4y9\">O livro est\u00e1 indexado em Scielo Books &#8211; Scientific Electronic Library Online e dispon\u00edvel gratuitamente aqui<\/a>.<\/p>\n","protected":false},"excerpt":{"rendered":"<p>Jos\u00e9 Esteban Castro, \u00c1gua e Democracia na Am\u00e9rica Latina\u00a0(em portugu\u00eas e espanhol) (ISBN 978.85.7879.227-5, Print) (ISBN 978.85.7879.228-2, E-book), Campina Grande, Para\u00edba, Brasil:\u00a0Editora da Universidade Estadual da Para\u00edba (EDUEPB)\u00a0e Rede WATERLAT-GOBACIT, 2016. DOI: 10.5281\/zenodo.162107. O livro est\u00e1 indexado em Scielo Books &#8211; Scientific Electronic Library Online e dispon\u00edvel gratuitamente aqui.<\/p>\n","protected":false},"author":3,"featured_media":0,"parent":22,"menu_order":0,"comment_status":"closed","ping_status":"closed","template":"page-templates\/full-width.php","meta":{"_acf_changed":false,"footnotes":""},"class_list":["post-1761","page","type-page","status-publish","hentry","wpautop"],"acf":[],"_links":{"self":[{"href":"https:\/\/waterlat.org\/pt\/wp-json\/wp\/v2\/pages\/1761","targetHints":{"allow":["GET"]}}],"collection":[{"href":"https:\/\/waterlat.org\/pt\/wp-json\/wp\/v2\/pages"}],"about":[{"href":"https:\/\/waterlat.org\/pt\/wp-json\/wp\/v2\/types\/page"}],"author":[{"embeddable":true,"href":"https:\/\/waterlat.org\/pt\/wp-json\/wp\/v2\/users\/3"}],"replies":[{"embeddable":true,"href":"https:\/\/waterlat.org\/pt\/wp-json\/wp\/v2\/comments?post=1761"}],"version-history":[{"count":4,"href":"https:\/\/waterlat.org\/pt\/wp-json\/wp\/v2\/pages\/1761\/revisions"}],"predecessor-version":[{"id":2718,"href":"https:\/\/waterlat.org\/pt\/wp-json\/wp\/v2\/pages\/1761\/revisions\/2718"}],"up":[{"embeddable":true,"href":"https:\/\/waterlat.org\/pt\/wp-json\/wp\/v2\/pages\/22"}],"wp:attachment":[{"href":"https:\/\/waterlat.org\/pt\/wp-json\/wp\/v2\/media?parent=1761"}],"curies":[{"name":"wp","href":"https:\/\/api.w.org\/{rel}","templated":true}]}}