{"id":1770,"date":"2017-01-22T16:43:40","date_gmt":"2017-01-22T16:43:40","guid":{"rendered":"http:\/\/waterlat.org\/pt\/?page_id=1770"},"modified":"2017-01-22T18:56:54","modified_gmt":"2017-01-22T18:56:54","slug":"galeria-multi-midia-da-at5","status":"publish","type":"page","link":"https:\/\/waterlat.org\/pt\/areas-tematicas\/at5\/galeria-multi-midia-da-at5\/","title":{"rendered":"Galer\u00eda Multi-m\u00eddia da AT5"},"content":{"rendered":"<h2>Lista de Reprodu\u00e7\u00e3o no Youtube<\/h2>\n<p>A AT5 tem sua Lista de Reprodu\u00e7\u00e3o no Canal de Youtube da Rede. O Canal tem entrevistas com membros da AT5, v\u00eddeos de sess\u00f5es organizadas pela AT5 nas reuni\u00f5es regulares da Rede, v\u00eddeos de atividades de pesquisa da AT5 incluindo entrevistas, visitas de campo, e outros materiais.<\/p>\n<p><span style=\"text-decoration: underline;\">Lista de Reprodu\u00e7\u00e3o da AT5 no Canal de Youtube da Rede<\/span><\/p>\n<p><iframe loading=\"lazy\" width=\"560\" height=\"315\" src=\"https:\/\/www.youtube.com\/embed\/videoseries?list=PLx6qphzdSP6sKOUEB3k_hIPxP-yOvkyyd\" frameborder=\"0\" allowfullscreen><\/iframe><\/p>\n<p>&nbsp;<\/p>\n<h2>Albumes na galeria fotogr\u00e1fica em Flickr<\/h2>\n<p>A AT5 tem v\u00e1rios albumes na galeria fotogr\u00e1fica da Rede em Flickr, alguns espec\u00edficos da AT5 e outros compartilhados com outras ATs. Os albumes incluem \u201c\u00c1gua e sa\u00fade\u201d, \u201cPolui\u00e7\u00e3o da \u00e1gua pela minera\u00e7\u00e3o\u201d, \u201c\u00c1gua &#8211; polui\u00e7\u00e3o industrial\u201d, \u201c\u00c1gua &#8211; polui\u00e7\u00e3o por agroqu\u00edmicos\u201d, al\u00e9m de outros albumes compartilhados.<\/p>\n<p>&nbsp;<\/p>\n<p><strong><a href=\"https:\/\/www.flickr.com\/photos\/125391306@N03\/albums\">Visite a p\u00e1gina dos albumes<\/a><\/strong><\/p>\n<p>&nbsp;<\/p>\n<p><a href=\"\u00a0https:\/\/waterlat.org\/pt\/areas-tematicas\/at5\"> Voltar \u00e0 Apresenta\u00e7\u00e3o da AT5<\/a><\/p>\n","protected":false},"excerpt":{"rendered":"<p>Lista de Reprodu\u00e7\u00e3o no Youtube A AT5 tem sua Lista de Reprodu\u00e7\u00e3o no Canal de Youtube da Rede. O Canal tem entrevistas com membros da AT5, v\u00eddeos de sess\u00f5es organizadas pela AT5 nas reuni\u00f5es regulares da Rede, v\u00eddeos de atividades de pesquisa da AT5 incluindo entrevistas, visitas de campo, e outros materiais. Lista de Reprodu\u00e7\u00e3o [&hellip;]<\/p>\n","protected":false},"author":3,"featured_media":0,"parent":1766,"menu_order":0,"comment_status":"closed","ping_status":"closed","template":"page-templates\/full-width.php","meta":{"_acf_changed":false,"footnotes":""},"class_list":["post-1770","page","type-page","status-publish","hentry","wpautop"],"acf":[],"_links":{"self":[{"href":"https:\/\/waterlat.org\/pt\/wp-json\/wp\/v2\/pages\/1770","targetHints":{"allow":["GET"]}}],"collection":[{"href":"https:\/\/waterlat.org\/pt\/wp-json\/wp\/v2\/pages"}],"about":[{"href":"https:\/\/waterlat.org\/pt\/wp-json\/wp\/v2\/types\/page"}],"author":[{"embeddable":true,"href":"https:\/\/waterlat.org\/pt\/wp-json\/wp\/v2\/users\/3"}],"replies":[{"embeddable":true,"href":"https:\/\/waterlat.org\/pt\/wp-json\/wp\/v2\/comments?post=1770"}],"version-history":[{"count":5,"href":"https:\/\/waterlat.org\/pt\/wp-json\/wp\/v2\/pages\/1770\/revisions"}],"predecessor-version":[{"id":1810,"href":"https:\/\/waterlat.org\/pt\/wp-json\/wp\/v2\/pages\/1770\/revisions\/1810"}],"up":[{"embeddable":true,"href":"https:\/\/waterlat.org\/pt\/wp-json\/wp\/v2\/pages\/1766"}],"wp:attachment":[{"href":"https:\/\/waterlat.org\/pt\/wp-json\/wp\/v2\/media?parent=1770"}],"curies":[{"name":"wp","href":"https:\/\/api.w.org\/{rel}","templated":true}]}}